{"id":5563,"date":"2024-11-14T03:05:41","date_gmt":"2024-11-14T03:05:41","guid":{"rendered":"https:\/\/www.ceramicbasin.com\/?post_type=product&#038;p=5563"},"modified":"2024-11-15T06:57:09","modified_gmt":"2024-11-15T06:57:09","slug":"wholesale-vanity-sink","status":"publish","type":"product","link":"https:\/\/www.ceramicbasin.com\/de\/produkt\/wholesale-vanity-sink\/","title":{"rendered":"Qualit\u00e4t Gro\u00dfhandel Eitelkeit Waschbecken, rechteckige Badezimmer Waschbecken"},"content":{"rendered":"<div class=\"wp-block-columns is-layout-flex wp-container-core-columns-is-layout-9d6595d7 wp-block-columns-is-layout-flex\">\n<div class=\"wp-block-column is-layout-flow wp-block-column-is-layout-flow\">\n<h2 class=\"wp-block-heading\">Premium Gro\u00dfhandel Eitelkeit Waschbecken Merkmale:<\/h2>\n\n\n\n<ul class=\"wp-block-list\">\n<li><strong>Realistisches Marmormuster: <\/strong>Diese Marmor Farbe Gro\u00dfhandel Eitelkeit Waschbecken verwendet fortschrittliche Wasser-Transfer-Technologie, um genau zu replizieren die nat\u00fcrliche Textur und Farbe des Marmors, bringt einen einzigartigen visuellen Charme, um das Becken.<\/li>\n\n\n\n<li><strong>Antifouling und leicht zu reinigen: <\/strong>Unsere Porzellansp\u00fcle f\u00fcr den Gro\u00dfhandel ist glatt und dicht an der Oberfl\u00e4che. Daher ist es nicht leicht, viel Wasser oder Schmutz zu absorbieren, was auch der Grund ist, warum die Keramiksp\u00fcle im t\u00e4glichen Gebrauch leicht zu reinigen ist. Normalerweise m\u00fcssen Sie nur sanft mit gew\u00f6hnlichem Reinigungsmittel abwischen, um das Waschbecken sauber und hell zu halten, um Ihren Komfort im Gebrauch zu erleichtern.<\/li>\n\n\n\n<li><strong>Hochwertige Materialien:<\/strong> Unsere Marmor Farbe Gro\u00dfhandel Eitelkeit Waschbecken verwendet hochwertige keramische Materialien, um sicherzustellen, dass das Becken hat eine stabile Struktur, glatte Oberfl\u00e4che, leicht zu reinigen, und langfristige Sch\u00f6nheit.<\/li>\n\n\n\n<li><strong>Sch\u00f6n und gro\u00dfz\u00fcgig:<\/strong>Die \u00e4u\u00dfere Form unseres Gro\u00dfhandels-Porzellanwaschbeckens ist einfach und elegant; es kann alle Arten von Dekorationsstilen erf\u00fcllen, wie moderne Einfachheit, klassische Einfachheit, klassischer Retro oder moderner Retro. Aufgrund der verschiedenen Designs der Keramik und Farboptionen k\u00f6nnen Kunden leicht eine \u00dcbereinstimmung zwischen dem Gesamtstil des Badezimmers und dem Keramikwaschbecken finden. Der wei\u00dfe und zarte Glanz unterstreicht das hohe Niveau des Badezimmers und sorgt f\u00fcr ein gepflegtes und komfortables Gef\u00fchl.<\/li>\n<\/ul>\n<\/div>\n\n\n\n<div class=\"wp-block-column is-layout-flow wp-block-column-is-layout-flow\">\n<figure class=\"wp-block-image size-full\"><img fetchpriority=\"high\" decoding=\"async\" width=\"1346\" height=\"1786\" src=\"https:\/\/www.ceramicbasin.com\/wp-content\/uploads\/2024\/11\/Wholesale-Factory-Rectangular-sinks-6.webp\" alt=\"Qualit\u00e4t Gro\u00dfhandel Eitelkeit Waschbecken, rechteckige Badezimmer Waschbecken-1\" class=\"wp-image-5564\" srcset=\"https:\/\/www.ceramicbasin.com\/wp-content\/uploads\/2024\/11\/Wholesale-Factory-Rectangular-sinks-6.webp 1346w, https:\/\/www.ceramicbasin.com\/wp-content\/uploads\/2024\/11\/Wholesale-Factory-Rectangular-sinks-6-226x300.webp 226w, https:\/\/www.ceramicbasin.com\/wp-content\/uploads\/2024\/11\/Wholesale-Factory-Rectangular-sinks-6-768x1019.webp 768w, https:\/\/www.ceramicbasin.com\/wp-content\/uploads\/2024\/11\/Wholesale-Factory-Rectangular-sinks-6-9x12.webp 9w, https:\/\/www.ceramicbasin.com\/wp-content\/uploads\/2024\/11\/Wholesale-Factory-Rectangular-sinks-6-285x378.webp 285w, https:\/\/www.ceramicbasin.com\/wp-content\/uploads\/2024\/11\/Wholesale-Factory-Rectangular-sinks-6-497x660.webp 497w, https:\/\/www.ceramicbasin.com\/wp-content\/uploads\/2024\/11\/Wholesale-Factory-Rectangular-sinks-6-113x150.webp 113w\" sizes=\"(max-width: 1346px) 100vw, 1346px\" \/><figcaption class=\"wp-element-caption\">Qualit\u00e4t Gro\u00dfhandel Eitelkeit Waschbecken, rechteckige Badezimmer Waschbecken-1<\/figcaption><\/figure>\n<\/div>\n<\/div>","protected":false},"excerpt":{"rendered":"<p>Willkommen im Gro\u00dfhandel Porzellan Waschbecken zu kaufen. Unsere Wasser-Transfer-Marmor Farbe Gro\u00dfhandel Eitelkeit Waschbecken reproduzieren die nat\u00fcrliche Sch\u00f6nheit des Marmors und bringen eine k\u00fcnstlerische Atmosph\u00e4re auf Arbeitsplatte Waschbecken. Es ist nicht leicht, viel Wasser oder Schmutz zu absorbieren, was auch der Grund ist, warum die Keramik-Sp\u00fcle ist leicht zu reinigen im t\u00e4glichen Gebrauch.<\/p>\n<table style=\"border-collapse: collapse; width: 311.02pt;\" border=\"0\" width=\"311\" cellspacing=\"0\" cellpadding=\"0\">\n<tbody>\n<tr style=\"height: 17.60pt;\">\n<td class=\"et3\" style=\"height: 17.60pt; width: 108.35pt;\" width=\"108\" height=\"17\">Hersteller<\/td>\n<td class=\"et3\" style=\"width: 202.95pt;\" width=\"202\">HanYu<\/td>\n<\/tr>\n<tr style=\"height: 17.60pt;\">\n<td class=\"et3\" style=\"height: 17.60pt;\" height=\"17\">Modell Nr.<\/td>\n<td class=\"et4\">HY-401D82<\/td>\n<\/tr>\n<tr style=\"height: 36.00pt;\">\n<td class=\"et3\" style=\"height: 36.00pt;\" height=\"36\">Typ<\/td>\n<td class=\"et5\" style=\"width: 202.95pt;\" width=\"202\">Becken in Marmorfarbe, Aufsatzbecken<\/td>\n<\/tr>\n<tr style=\"height: 17.60pt;\">\n<td class=\"et3\" style=\"height: 17.60pt;\" height=\"17\">Form<\/td>\n<td class=\"et3\">Rechteckige Form<\/td>\n<\/tr>\n<tr style=\"height: 18.00pt;\">\n<td class=\"et4\" style=\"height: 18.00pt;\" height=\"18\">Farbe<\/td>\n<td class=\"et5\" style=\"width: 202.95pt;\" width=\"202\">Wei\u00df<\/td>\n<\/tr>\n<tr style=\"height: 18.00pt;\">\n<td class=\"et3\" style=\"height: 18.00pt;\" height=\"18\">Dimension<\/td>\n<td class=\"et5\" style=\"width: 202.95pt;\" width=\"202\">47.5*37.5*13<\/td>\n<\/tr>\n<tr style=\"height: 17.60pt;\">\n<td class=\"et3\" style=\"height: 17.60pt;\" height=\"17\">N.W \/SET<\/td>\n<td class=\"et3\">8KGS\/PCS<\/td>\n<\/tr>\n<tr style=\"height: 17.60pt;\">\n<td class=\"et3\" style=\"height: 17.60pt;\" height=\"17\">MOQ<\/td>\n<td class=\"et3\">20St\u00fcck<\/td>\n<\/tr>\n<tr style=\"height: 17.60pt;\">\n<td class=\"et3\" style=\"height: 17.60pt;\" height=\"17\">Benutzerdefinierte Option<\/td>\n<td class=\"et3\">Farbe\/Muster\/Gr\u00f6\u00dfe\/Logo\/Verpackung<\/td>\n<\/tr>\n<\/tbody>\n<\/table>","protected":false},"featured_media":5566,"comment_status":"closed","ping_status":"closed","template":"","meta":{"_acf_changed":false},"product_brand":[],"product_cat":[54,50],"product_tag":[],"class_list":{"0":"post-5563","1":"product","2":"type-product","3":"status-publish","4":"has-post-thumbnail","6":"product_cat-wholesale-marble-sinks","7":"product_cat-wholesale-countertop-sinks","9":"first","10":"instock","11":"shipping-taxable","12":"product-type-simple"},"acf":[],"_links":{"self":[{"href":"https:\/\/www.ceramicbasin.com\/de\/wp-json\/wp\/v2\/product\/5563","targetHints":{"allow":["GET"]}}],"collection":[{"href":"https:\/\/www.ceramicbasin.com\/de\/wp-json\/wp\/v2\/product"}],"about":[{"href":"https:\/\/www.ceramicbasin.com\/de\/wp-json\/wp\/v2\/types\/product"}],"replies":[{"embeddable":true,"href":"https:\/\/www.ceramicbasin.com\/de\/wp-json\/wp\/v2\/comments?post=5563"}],"wp:featuredmedia":[{"embeddable":true,"href":"https:\/\/www.ceramicbasin.com\/de\/wp-json\/wp\/v2\/media\/5566"}],"wp:attachment":[{"href":"https:\/\/www.ceramicbasin.com\/de\/wp-json\/wp\/v2\/media?parent=5563"}],"wp:term":[{"taxonomy":"product_brand","embeddable":true,"href":"https:\/\/www.ceramicbasin.com\/de\/wp-json\/wp\/v2\/product_brand?post=5563"},{"taxonomy":"product_cat","embeddable":true,"href":"https:\/\/www.ceramicbasin.com\/de\/wp-json\/wp\/v2\/product_cat?post=5563"},{"taxonomy":"product_tag","embeddable":true,"href":"https:\/\/www.ceramicbasin.com\/de\/wp-json\/wp\/v2\/product_tag?post=5563"}],"curies":[{"name":"wp","href":"https:\/\/api.w.org\/{rel}","templated":true}]}}