{"id":5605,"date":"2024-11-21T03:07:39","date_gmt":"2024-11-21T03:07:39","guid":{"rendered":"https:\/\/www.ceramicbasin.com\/?post_type=product&#038;p=5605"},"modified":"2024-12-06T09:23:32","modified_gmt":"2024-12-06T09:23:32","slug":"wholesale-porcelain-sink","status":"publish","type":"product","link":"https:\/\/www.ceramicbasin.com\/de\/produkt\/wholesale-porcelain-sink\/","title":{"rendered":"Gro\u00dfhandel Porzellanwaschbecken, neuartige keramische Waschbecken f\u00fcr Badezimmer"},"content":{"rendered":"<div class=\"wp-block-columns is-layout-flex wp-container-core-columns-is-layout-9d6595d7 wp-block-columns-is-layout-flex\">\n<div class=\"wp-block-column is-layout-flow wp-block-column-is-layout-flow\">\n<h2 class=\"wp-block-heading\">Premium Gro\u00dfhandel Porzellan Waschbecken Eigenschaften:<\/h2>\n\n\n\n<ul class=\"wp-block-list\">\n<li><strong>Wassertransferdruckverfahren: <\/strong>Diese Porzellanwaschbecken f\u00fcr den Gro\u00dfhandel verwenden die Wassertransferdrucktechnologie, um die Textur und Farbe von nat\u00fcrlichem Marmor genau nachzubilden und Ihrem hochwertigen Projekt eine unvergleichliche Textur und Sch\u00f6nheit zu verleihen.<\/li>\n\n\n\n<li><strong>Vielf\u00e4ltige Auswahl:\u00a0<\/strong>Wir bieten eine Vielzahl von Stilen, Gr\u00f6\u00dfen und Farben von Gro\u00dfhandel Keramik Waschbecken zur Auswahl, die die Bed\u00fcrfnisse der verschiedenen Badezimmer Stile und leicht zu integrieren sie in verschiedenen Dekorationen Designs.<\/li>\n\n\n\n<li><strong>Ma\u00dfgeschneiderte L\u00f6sungen: <\/strong>Volle Gr\u00f6\u00dfe, Form, Farbe Anpassung ist f\u00fcr Gro\u00dfhandel Porzellan Waschbecken perfekt passen verschiedene Bad-Designs und erf\u00fcllen besondere Bed\u00fcrfnisse f\u00fcr kommerzielle oder private Projekte.<\/li>\n\n\n\n<li><strong>Elegantes Design:<\/strong> Unser Keramikwaschbecken f\u00fcr den Aufsatz f\u00fcgt jedem Badezimmer Eleganz und Modernit\u00e4t hinzu und macht dieses Waschbecken zu einem stilvollen Blickfang.<\/li>\n<\/ul>\n<\/div>\n\n\n\n<div class=\"wp-block-column is-layout-flow wp-block-column-is-layout-flow\">\n<figure class=\"wp-block-image size-full\"><img fetchpriority=\"high\" decoding=\"async\" width=\"800\" height=\"800\" src=\"https:\/\/www.ceramicbasin.com\/wp-content\/uploads\/2024\/11\/wholesale-ceramic-fancy-wash-basincustom-marble-sinkcustom-sink-countertop5.webp\" alt=\"Gro\u00dfhandel Porzellanwaschbecken, neuartige keramische Waschbecken f\u00fcr Badezimmer-1\" class=\"wp-image-5610\" srcset=\"https:\/\/www.ceramicbasin.com\/wp-content\/uploads\/2024\/11\/wholesale-ceramic-fancy-wash-basincustom-marble-sinkcustom-sink-countertop5.webp 800w, https:\/\/www.ceramicbasin.com\/wp-content\/uploads\/2024\/11\/wholesale-ceramic-fancy-wash-basincustom-marble-sinkcustom-sink-countertop5-300x300.webp 300w, https:\/\/www.ceramicbasin.com\/wp-content\/uploads\/2024\/11\/wholesale-ceramic-fancy-wash-basincustom-marble-sinkcustom-sink-countertop5-150x150.webp 150w, https:\/\/www.ceramicbasin.com\/wp-content\/uploads\/2024\/11\/wholesale-ceramic-fancy-wash-basincustom-marble-sinkcustom-sink-countertop5-768x768.webp 768w, https:\/\/www.ceramicbasin.com\/wp-content\/uploads\/2024\/11\/wholesale-ceramic-fancy-wash-basincustom-marble-sinkcustom-sink-countertop5-12x12.webp 12w, https:\/\/www.ceramicbasin.com\/wp-content\/uploads\/2024\/11\/wholesale-ceramic-fancy-wash-basincustom-marble-sinkcustom-sink-countertop5-285x285.webp 285w, https:\/\/www.ceramicbasin.com\/wp-content\/uploads\/2024\/11\/wholesale-ceramic-fancy-wash-basincustom-marble-sinkcustom-sink-countertop5-270x270.webp 270w, https:\/\/www.ceramicbasin.com\/wp-content\/uploads\/2024\/11\/wholesale-ceramic-fancy-wash-basincustom-marble-sinkcustom-sink-countertop5-540x540.webp 540w, https:\/\/www.ceramicbasin.com\/wp-content\/uploads\/2024\/11\/wholesale-ceramic-fancy-wash-basincustom-marble-sinkcustom-sink-countertop5-660x660.webp 660w\" sizes=\"(max-width: 800px) 100vw, 800px\" \/><\/figure>\n<\/div>\n<\/div>","protected":false},"excerpt":{"rendered":"<p>Wir bieten verschiedene Gro\u00dfhandelsporzellanwaschbecken in verschiedenen Stilen, Gr\u00f6\u00dfen und Farben, und bieten ma\u00dfgeschneiderte L\u00f6sungen, um sicherzustellen, perfekte \u00dcbereinstimmungen f\u00fcr verschiedene Bad-Designs und erf\u00fcllen spezifische Projektanforderungen.<\/p>\n<table style=\"border-collapse: collapse; width: 311.02pt;\" border=\"0\" width=\"311\" cellspacing=\"0\" cellpadding=\"0\">\n<tbody>\n<tr style=\"height: 17.60pt;\">\n<td class=\"et3\" style=\"height: 17.60pt; width: 108.35pt;\" width=\"108\" height=\"17\">Hersteller<\/td>\n<td class=\"et3\" style=\"width: 202.95pt;\" width=\"202\">HanYu<\/td>\n<\/tr>\n<tr style=\"height: 17.60pt;\">\n<td class=\"et3\" style=\"height: 17.60pt;\" height=\"17\">Modell Nr.<\/td>\n<td class=\"et4\">HY-8069D121<\/td>\n<\/tr>\n<tr style=\"height: 36.00pt;\">\n<td class=\"et3\" style=\"height: 36.00pt;\" height=\"36\">Typ<\/td>\n<td class=\"et5\" style=\"width: 202.95pt;\" width=\"202\">Becken in Marmorfarbe, Aufsatzbecken<\/td>\n<\/tr>\n<tr style=\"height: 17.60pt;\">\n<td class=\"et3\" style=\"height: 17.60pt;\" height=\"17\">Form<\/td>\n<td class=\"et3\">Runde Form<\/td>\n<\/tr>\n<tr style=\"height: 18.00pt;\">\n<td class=\"et4\" style=\"height: 18.00pt;\" height=\"18\">Farbe<\/td>\n<td class=\"et5\" style=\"width: 202.95pt;\" width=\"202\">Blau<\/td>\n<\/tr>\n<tr style=\"height: 18.00pt;\">\n<td class=\"et3\" style=\"height: 18.00pt;\" height=\"18\">Dimension<\/td>\n<td class=\"et5\" style=\"width: 202.95pt;\" width=\"202\">41.5*41.5*13.5<\/td>\n<\/tr>\n<tr style=\"height: 17.60pt;\">\n<td class=\"et3\" style=\"height: 17.60pt;\" height=\"17\">N.W \/SET<\/td>\n<td class=\"et3\">9.5KGS\/PCS<\/td>\n<\/tr>\n<tr style=\"height: 17.60pt;\">\n<td class=\"et3\" style=\"height: 17.60pt;\" height=\"17\">MOQ<\/td>\n<td class=\"et3\">20St\u00fcck<\/td>\n<\/tr>\n<tr style=\"height: 17.60pt;\">\n<td class=\"et3\" style=\"height: 17.60pt;\" height=\"17\">Benutzerdefinierte Option<\/td>\n<td class=\"et3\">Farbe\/Muster\/Gr\u00f6\u00dfe\/Logo\/Verpackung<\/td>\n<\/tr>\n<\/tbody>\n<\/table>","protected":false},"featured_media":5606,"comment_status":"closed","ping_status":"closed","template":"","meta":{"_acf_changed":false},"product_brand":[],"product_cat":[54,50,55],"product_tag":[],"class_list":{"0":"post-5605","1":"product","2":"type-product","3":"status-publish","4":"has-post-thumbnail","6":"product_cat-wholesale-marble-sinks","7":"product_cat-wholesale-countertop-sinks","8":"product_cat-wholesale-matte-sinks","10":"first","11":"instock","12":"shipping-taxable","13":"product-type-simple"},"acf":[],"_links":{"self":[{"href":"https:\/\/www.ceramicbasin.com\/de\/wp-json\/wp\/v2\/product\/5605","targetHints":{"allow":["GET"]}}],"collection":[{"href":"https:\/\/www.ceramicbasin.com\/de\/wp-json\/wp\/v2\/product"}],"about":[{"href":"https:\/\/www.ceramicbasin.com\/de\/wp-json\/wp\/v2\/types\/product"}],"replies":[{"embeddable":true,"href":"https:\/\/www.ceramicbasin.com\/de\/wp-json\/wp\/v2\/comments?post=5605"}],"wp:featuredmedia":[{"embeddable":true,"href":"https:\/\/www.ceramicbasin.com\/de\/wp-json\/wp\/v2\/media\/5606"}],"wp:attachment":[{"href":"https:\/\/www.ceramicbasin.com\/de\/wp-json\/wp\/v2\/media?parent=5605"}],"wp:term":[{"taxonomy":"product_brand","embeddable":true,"href":"https:\/\/www.ceramicbasin.com\/de\/wp-json\/wp\/v2\/product_brand?post=5605"},{"taxonomy":"product_cat","embeddable":true,"href":"https:\/\/www.ceramicbasin.com\/de\/wp-json\/wp\/v2\/product_cat?post=5605"},{"taxonomy":"product_tag","embeddable":true,"href":"https:\/\/www.ceramicbasin.com\/de\/wp-json\/wp\/v2\/product_tag?post=5605"}],"curies":[{"name":"wp","href":"https:\/\/api.w.org\/{rel}","templated":true}]}}