{"id":5612,"date":"2024-11-21T06:12:52","date_gmt":"2024-11-21T06:12:52","guid":{"rendered":"https:\/\/www.ceramicbasin.com\/?post_type=product&#038;p=5612"},"modified":"2024-12-06T09:23:32","modified_gmt":"2024-12-06T09:23:32","slug":"bathroom-vanity-sinks-wholesale","status":"publish","type":"product","link":"https:\/\/www.ceramicbasin.com\/de\/produkt\/bathroom-vanity-sinks-wholesale\/","title":{"rendered":"Blau matt Badezimmer Eitelkeit Waschbecken Gro\u00dfhandel, keramische Waschbecken"},"content":{"rendered":"<div class=\"wp-block-columns is-layout-flex wp-container-core-columns-is-layout-9d6595d7 wp-block-columns-is-layout-flex\">\n<div class=\"wp-block-column is-layout-flow wp-block-column-is-layout-flow\">\n<h2 class=\"wp-block-heading\">Premium Bad Eitelkeit Waschbecken Gro\u00dfhandel Features:<\/h2>\n\n\n\n<ul class=\"wp-block-list\">\n<li><strong>Einzigartiger visueller Effekt:<\/strong> Diese keramischen Waschbecken im Gro\u00dfhandel verwenden eine fortschrittliche Wassertransferdrucktechnologie, und die Oberfl\u00e4che pr\u00e4sentiert ein elegantes Blau mit geschichteten Partikelmustern, die ein unverwechselbares High-End-Design schaffen, um dem Badezimmer einen einzigartigen Charme zu verleihen.<\/li>\n\n\n\n<li><strong>Langlebigkeit und Praxistauglichkeit:<\/strong> Unser Gro\u00dfhandel Keramik Waschbecken ist aus hochwertigem keramischen Material mit ausgezeichneter Kratzfestigkeit und Anti-Fouling-Eigenschaften, langlebig zu widerstehen t\u00e4glichen Gebrauch, leicht abwaschbar, und kann f\u00fcr eine lange Zeit neu bleiben.<\/li>\n\n\n\n<li><strong>Einfache Installation: <\/strong>Aufgrund des Designs des Aufsatzbeckens ist die Installation unserer keramischen Badezimmerwaschbecken im Gro\u00dfhandel sehr bequem und kann ohne komplizierte Verfahren durchgef\u00fchrt werden. Es ist geeignet f\u00fcr verschiedene Situationen, wie z. B. Haus B\u00e4der, Hotels und kommerzielle Projekte.<\/li>\n\n\n\n<li><strong>Elegantes Aussehen und praktische Funktionen: <\/strong>Die blau gefrostete Oberfl\u00e4che dieser Gro\u00dfhandelskeramikwaschbecken bringt nicht nur eine moderne Atmosph\u00e4re in das Badezimmer, sondern auch ein rutschfestes Gef\u00fchl. Sie ist leicht zu reinigen und verbessert das Nutzungserlebnis, so dass die Nutzer in den doppelten Genuss von Sch\u00f6nheit und Zweckm\u00e4\u00dfigkeit kommen.<\/li>\n<\/ul>\n<\/div>\n\n\n\n<div class=\"wp-block-column is-layout-flow wp-block-column-is-layout-flow\">\n<figure class=\"wp-block-image size-full\"><img fetchpriority=\"high\" decoding=\"async\" width=\"800\" height=\"800\" src=\"https:\/\/www.ceramicbasin.com\/wp-content\/uploads\/2024\/11\/Counter-Top-Sinks-WholesaleFactory-Supply-Countertop-Sinkwholesale-marble-sinks5.webp\" alt=\"Blaue Matte Badezimmer Eitelkeit Waschbecken Gro\u00dfhandel, keramische Waschbecken-1\" class=\"wp-image-5617\" srcset=\"https:\/\/www.ceramicbasin.com\/wp-content\/uploads\/2024\/11\/Counter-Top-Sinks-WholesaleFactory-Supply-Countertop-Sinkwholesale-marble-sinks5.webp 800w, https:\/\/www.ceramicbasin.com\/wp-content\/uploads\/2024\/11\/Counter-Top-Sinks-WholesaleFactory-Supply-Countertop-Sinkwholesale-marble-sinks5-300x300.webp 300w, https:\/\/www.ceramicbasin.com\/wp-content\/uploads\/2024\/11\/Counter-Top-Sinks-WholesaleFactory-Supply-Countertop-Sinkwholesale-marble-sinks5-150x150.webp 150w, https:\/\/www.ceramicbasin.com\/wp-content\/uploads\/2024\/11\/Counter-Top-Sinks-WholesaleFactory-Supply-Countertop-Sinkwholesale-marble-sinks5-768x768.webp 768w, https:\/\/www.ceramicbasin.com\/wp-content\/uploads\/2024\/11\/Counter-Top-Sinks-WholesaleFactory-Supply-Countertop-Sinkwholesale-marble-sinks5-12x12.webp 12w, https:\/\/www.ceramicbasin.com\/wp-content\/uploads\/2024\/11\/Counter-Top-Sinks-WholesaleFactory-Supply-Countertop-Sinkwholesale-marble-sinks5-285x285.webp 285w, https:\/\/www.ceramicbasin.com\/wp-content\/uploads\/2024\/11\/Counter-Top-Sinks-WholesaleFactory-Supply-Countertop-Sinkwholesale-marble-sinks5-270x270.webp 270w, https:\/\/www.ceramicbasin.com\/wp-content\/uploads\/2024\/11\/Counter-Top-Sinks-WholesaleFactory-Supply-Countertop-Sinkwholesale-marble-sinks5-540x540.webp 540w, https:\/\/www.ceramicbasin.com\/wp-content\/uploads\/2024\/11\/Counter-Top-Sinks-WholesaleFactory-Supply-Countertop-Sinkwholesale-marble-sinks5-660x660.webp 660w\" sizes=\"(max-width: 800px) 100vw, 800px\" \/><\/figure>\n<\/div>\n<\/div>\n\n\n\n<p><\/p>","protected":false},"excerpt":{"rendered":"<p>Willkommen im Gro\u00dfhandel Keramik Waschbecken zu kaufen. Diese blau gefrostet Keramik Bad Eitelkeit Waschbecken Gro\u00dfhandel verwenden Wasser-Transfer-Druck-Technologie, um eine geschichtete Partikel-Muster, High-End-und exquisite pr\u00e4sentieren. Das Design des Waschbeckens \u00fcber der Theke sorgt daf\u00fcr, dass es einfach zu installieren und f\u00fcr alle Situationen geeignet ist. Es ist die beste Wahl f\u00fcr Haus und kommerzielle Badezimmer Dekoration.<\/p>\n<table style=\"border-collapse: collapse; width: 311.02pt;\" border=\"0\" width=\"311\" cellspacing=\"0\" cellpadding=\"0\">\n<tbody>\n<tr style=\"height: 17.60pt;\">\n<td class=\"et3\" style=\"height: 17.60pt; width: 108.35pt;\" width=\"108\" height=\"17\">Hersteller<\/td>\n<td class=\"et3\" style=\"width: 202.95pt;\" width=\"202\">HanYu<\/td>\n<\/tr>\n<tr style=\"height: 17.60pt;\">\n<td class=\"et3\" style=\"height: 17.60pt;\" height=\"17\">Modell Nr.<\/td>\n<td class=\"et4\">HY-8069D122<\/td>\n<\/tr>\n<tr style=\"height: 36.00pt;\">\n<td class=\"et3\" style=\"height: 36.00pt;\" height=\"36\">Typ<\/td>\n<td class=\"et5\" style=\"width: 202.95pt;\" width=\"202\">Becken in Marmorfarbe, Aufsatzbecken<\/td>\n<\/tr>\n<tr style=\"height: 17.60pt;\">\n<td class=\"et3\" style=\"height: 17.60pt;\" height=\"17\">Form<\/td>\n<td class=\"et3\">Runde Form<\/td>\n<\/tr>\n<tr style=\"height: 18.00pt;\">\n<td class=\"et4\" style=\"height: 18.00pt;\" height=\"18\">Farbe<\/td>\n<td class=\"et5\" style=\"width: 202.95pt;\" width=\"202\">Blau<\/td>\n<\/tr>\n<tr style=\"height: 18.00pt;\">\n<td class=\"et3\" style=\"height: 18.00pt;\" height=\"18\">Dimension<\/td>\n<td class=\"et5\" style=\"width: 202.95pt;\" width=\"202\">41.5*41.5*13.5<\/td>\n<\/tr>\n<tr style=\"height: 17.60pt;\">\n<td class=\"et3\" style=\"height: 17.60pt;\" height=\"17\">N.W \/SET<\/td>\n<td class=\"et3\">9.5KGS\/PCS<\/td>\n<\/tr>\n<tr style=\"height: 17.60pt;\">\n<td class=\"et3\" style=\"height: 17.60pt;\" height=\"17\">MOQ<\/td>\n<td class=\"et3\">20St\u00fcck<\/td>\n<\/tr>\n<tr style=\"height: 17.60pt;\">\n<td class=\"et3\" style=\"height: 17.60pt;\" height=\"17\">Benutzerdefinierte Option<\/td>\n<td class=\"et3\">Farbe\/Muster\/Gr\u00f6\u00dfe\/Logo\/Verpackung<\/td>\n<\/tr>\n<\/tbody>\n<\/table>","protected":false},"featured_media":5613,"comment_status":"closed","ping_status":"closed","template":"","meta":{"_acf_changed":false},"product_brand":[],"product_cat":[54,50,55],"product_tag":[],"class_list":{"0":"post-5612","1":"product","2":"type-product","3":"status-publish","4":"has-post-thumbnail","6":"product_cat-wholesale-marble-sinks","7":"product_cat-wholesale-countertop-sinks","8":"product_cat-wholesale-matte-sinks","10":"first","11":"instock","12":"shipping-taxable","13":"product-type-simple"},"acf":[],"_links":{"self":[{"href":"https:\/\/www.ceramicbasin.com\/de\/wp-json\/wp\/v2\/product\/5612","targetHints":{"allow":["GET"]}}],"collection":[{"href":"https:\/\/www.ceramicbasin.com\/de\/wp-json\/wp\/v2\/product"}],"about":[{"href":"https:\/\/www.ceramicbasin.com\/de\/wp-json\/wp\/v2\/types\/product"}],"replies":[{"embeddable":true,"href":"https:\/\/www.ceramicbasin.com\/de\/wp-json\/wp\/v2\/comments?post=5612"}],"wp:featuredmedia":[{"embeddable":true,"href":"https:\/\/www.ceramicbasin.com\/de\/wp-json\/wp\/v2\/media\/5613"}],"wp:attachment":[{"href":"https:\/\/www.ceramicbasin.com\/de\/wp-json\/wp\/v2\/media?parent=5612"}],"wp:term":[{"taxonomy":"product_brand","embeddable":true,"href":"https:\/\/www.ceramicbasin.com\/de\/wp-json\/wp\/v2\/product_brand?post=5612"},{"taxonomy":"product_cat","embeddable":true,"href":"https:\/\/www.ceramicbasin.com\/de\/wp-json\/wp\/v2\/product_cat?post=5612"},{"taxonomy":"product_tag","embeddable":true,"href":"https:\/\/www.ceramicbasin.com\/de\/wp-json\/wp\/v2\/product_tag?post=5612"}],"curies":[{"name":"wp","href":"https:\/\/api.w.org\/{rel}","templated":true}]}}