{"id":5626,"date":"2024-11-21T06:41:57","date_gmt":"2024-11-21T06:41:57","guid":{"rendered":"https:\/\/www.ceramicbasin.com\/?post_type=product&#038;p=5626"},"modified":"2024-12-06T09:23:31","modified_gmt":"2024-12-06T09:23:31","slug":"marble-bathroom-sinks-wholesale","status":"publish","type":"product","link":"https:\/\/www.ceramicbasin.com\/de\/produkt\/marble-bathroom-sinks-wholesale\/","title":{"rendered":"K\u00fcnstlicher Marmor Badezimmer Waschbecken Gro\u00dfhandel, moderne keramische Waschbecken"},"content":{"rendered":"<div class=\"wp-block-columns is-layout-flex wp-container-core-columns-is-layout-9d6595d7 wp-block-columns-is-layout-flex\">\n<div class=\"wp-block-column is-layout-flow wp-block-column-is-layout-flow\">\n<h2 class=\"wp-block-heading\">Premium Marmor Badezimmer Waschbecken Gro\u00dfhandel Eigenschaften:<\/h2>\n\n\n\n<ul class=\"wp-block-list\">\n<li><strong>Hochgradig simulierte Marmortextur, elegant und luxuri\u00f6s:<\/strong> Dieser Marmor Badezimmer Waschbecken Gro\u00dfhandel nimmt realistische Marmor Textur Design, mit nat\u00fcrlichen und glatten Textur, die die High-End-Atmosph\u00e4re des Badezimmers Raum verbessert und unterstreicht die moderne Mode und Luxus Sch\u00f6nheit.<\/li>\n\n\n\n<li><strong>Exquisite Wassertransfertechnologie, lang anhaltende und ausgepr\u00e4gte Textur: <\/strong>Unsere Gro\u00dfhandels-Keramikbecken verwenden eine fortschrittliche Wassertransfertechnologie, die daf\u00fcr sorgt, dass die Marmorstruktur fest mit der Keramikoberfl\u00e4che verbunden ist, was einen zarten visuellen Effekt ergibt und sicherstellt, dass sie auch nach langem Gebrauch so klar wie neu bleibt.<\/li>\n\n\n\n<li><strong>Hochwertiges Keramiksubstrat, langlebig und leicht zu reinigen: <\/strong>Unsere Marmor Badezimmer Waschbecken Gro\u00dfhandel verwendet hochwertige Keramik als Substrat, mit ausgezeichneten Anti-Fouling, Anti-Kratz-und dauerhafte Leistung, leicht zu reinigen, und erf\u00fcllen den t\u00e4glichen Gebrauch braucht.<\/li>\n\n\n\n<li><strong>Szenen\u00fcbergreifende Anpassung, die das moderne Design hervorhebt: <\/strong>Diese Gro\u00dfhandels-Keramikbecken haben sowohl eine Marmorstruktur als auch eine einfache Form und eignen sich f\u00fcr eine Vielzahl von Dekorationsstilen f\u00fcr Haus, Hotel oder Gesch\u00e4ftsr\u00e4ume und integrieren perfekt moderne und klassische Elemente.<\/li>\n<\/ul>\n<\/div>\n\n\n\n<div class=\"wp-block-column is-layout-flow wp-block-column-is-layout-flow\">\n<figure class=\"wp-block-image size-full\"><img fetchpriority=\"high\" decoding=\"async\" width=\"800\" height=\"800\" src=\"https:\/\/www.ceramicbasin.com\/wp-content\/uploads\/2024\/11\/custom-marble-vanity-tops-sinkAbove-Counter-Sinks-Wholesalecustom-bath-vanity-top5.webp\" alt=\"K\u00fcnstlicher Marmor Badezimmer Waschbecken Gro\u00dfhandel, moderne keramische Waschbecken-1\" class=\"wp-image-5631\" srcset=\"https:\/\/www.ceramicbasin.com\/wp-content\/uploads\/2024\/11\/custom-marble-vanity-tops-sinkAbove-Counter-Sinks-Wholesalecustom-bath-vanity-top5.webp 800w, https:\/\/www.ceramicbasin.com\/wp-content\/uploads\/2024\/11\/custom-marble-vanity-tops-sinkAbove-Counter-Sinks-Wholesalecustom-bath-vanity-top5-300x300.webp 300w, https:\/\/www.ceramicbasin.com\/wp-content\/uploads\/2024\/11\/custom-marble-vanity-tops-sinkAbove-Counter-Sinks-Wholesalecustom-bath-vanity-top5-150x150.webp 150w, https:\/\/www.ceramicbasin.com\/wp-content\/uploads\/2024\/11\/custom-marble-vanity-tops-sinkAbove-Counter-Sinks-Wholesalecustom-bath-vanity-top5-768x768.webp 768w, https:\/\/www.ceramicbasin.com\/wp-content\/uploads\/2024\/11\/custom-marble-vanity-tops-sinkAbove-Counter-Sinks-Wholesalecustom-bath-vanity-top5-12x12.webp 12w, https:\/\/www.ceramicbasin.com\/wp-content\/uploads\/2024\/11\/custom-marble-vanity-tops-sinkAbove-Counter-Sinks-Wholesalecustom-bath-vanity-top5-285x285.webp 285w, https:\/\/www.ceramicbasin.com\/wp-content\/uploads\/2024\/11\/custom-marble-vanity-tops-sinkAbove-Counter-Sinks-Wholesalecustom-bath-vanity-top5-270x270.webp 270w, https:\/\/www.ceramicbasin.com\/wp-content\/uploads\/2024\/11\/custom-marble-vanity-tops-sinkAbove-Counter-Sinks-Wholesalecustom-bath-vanity-top5-540x540.webp 540w, https:\/\/www.ceramicbasin.com\/wp-content\/uploads\/2024\/11\/custom-marble-vanity-tops-sinkAbove-Counter-Sinks-Wholesalecustom-bath-vanity-top5-660x660.webp 660w\" sizes=\"(max-width: 800px) 100vw, 800px\" \/><\/figure>\n<\/div>\n<\/div>\n\n\n\n<p><\/p>","protected":false},"excerpt":{"rendered":"<p>Willkommen im Gro\u00dfhandel Keramik Waschbecken zu kaufen. Diese modernen Marmor Badezimmer Waschbecken Gro\u00dfhandel Funktion realistische Marmor Textur Design und Wasser-Transfer-Technologie, mit nat\u00fcrlichen und deutlichen Textur und elegante Textur. Hochwertiges keramisches Substrat sorgt f\u00fcr seine Haltbarkeit und einfache Reinigung Leistung. Ob es ein Haus oder eine kommerzielle Szene ist, kann es modernen und klassischen Luxus in den Raum zu injizieren.<\/p>\n<table style=\"border-collapse: collapse; width: 311.02pt;\" border=\"0\" width=\"311\" cellspacing=\"0\" cellpadding=\"0\">\n<tbody>\n<tr style=\"height: 17.60pt;\">\n<td class=\"et3\" style=\"height: 17.60pt; width: 108.35pt;\" width=\"108\" height=\"17\">Hersteller<\/td>\n<td class=\"et3\" style=\"width: 202.95pt;\" width=\"202\">HanYu<\/td>\n<\/tr>\n<tr style=\"height: 17.60pt;\">\n<td class=\"et3\" style=\"height: 17.60pt;\" height=\"17\">Modell Nr.<\/td>\n<td class=\"et4\">HY-8069D124<\/td>\n<\/tr>\n<tr style=\"height: 36.00pt;\">\n<td class=\"et3\" style=\"height: 36.00pt;\" height=\"36\">Typ<\/td>\n<td class=\"et5\" style=\"width: 202.95pt;\" width=\"202\">Becken in Marmorfarbe, Aufsatzbecken<\/td>\n<\/tr>\n<tr style=\"height: 17.60pt;\">\n<td class=\"et3\" style=\"height: 17.60pt;\" height=\"17\">Form<\/td>\n<td class=\"et3\">Runde Form<\/td>\n<\/tr>\n<tr style=\"height: 18.00pt;\">\n<td class=\"et4\" style=\"height: 18.00pt;\" height=\"18\">Farbe<\/td>\n<td class=\"et5\" style=\"width: 202.95pt;\" width=\"202\">Blau<\/td>\n<\/tr>\n<tr style=\"height: 18.00pt;\">\n<td class=\"et3\" style=\"height: 18.00pt;\" height=\"18\">Dimension<\/td>\n<td class=\"et5\" style=\"width: 202.95pt;\" width=\"202\">41.5*41.5*13.5<\/td>\n<\/tr>\n<tr style=\"height: 17.60pt;\">\n<td class=\"et3\" style=\"height: 17.60pt;\" height=\"17\">N.W \/SET<\/td>\n<td class=\"et3\">9.5KGS\/PCS<\/td>\n<\/tr>\n<tr style=\"height: 17.60pt;\">\n<td class=\"et3\" style=\"height: 17.60pt;\" height=\"17\">MOQ<\/td>\n<td class=\"et3\">20St\u00fcck<\/td>\n<\/tr>\n<tr style=\"height: 17.60pt;\">\n<td class=\"et3\" style=\"height: 17.60pt;\" height=\"17\">Benutzerdefinierte Option<\/td>\n<td class=\"et3\">Farbe\/Muster\/Gr\u00f6\u00dfe\/Logo\/Verpackung<\/td>\n<\/tr>\n<\/tbody>\n<\/table>","protected":false},"featured_media":5627,"comment_status":"closed","ping_status":"closed","template":"","meta":{"_acf_changed":false},"product_brand":[],"product_cat":[54,50],"product_tag":[],"class_list":{"0":"post-5626","1":"product","2":"type-product","3":"status-publish","4":"has-post-thumbnail","6":"product_cat-wholesale-marble-sinks","7":"product_cat-wholesale-countertop-sinks","9":"first","10":"instock","11":"shipping-taxable","12":"product-type-simple"},"acf":[],"_links":{"self":[{"href":"https:\/\/www.ceramicbasin.com\/de\/wp-json\/wp\/v2\/product\/5626","targetHints":{"allow":["GET"]}}],"collection":[{"href":"https:\/\/www.ceramicbasin.com\/de\/wp-json\/wp\/v2\/product"}],"about":[{"href":"https:\/\/www.ceramicbasin.com\/de\/wp-json\/wp\/v2\/types\/product"}],"replies":[{"embeddable":true,"href":"https:\/\/www.ceramicbasin.com\/de\/wp-json\/wp\/v2\/comments?post=5626"}],"wp:featuredmedia":[{"embeddable":true,"href":"https:\/\/www.ceramicbasin.com\/de\/wp-json\/wp\/v2\/media\/5627"}],"wp:attachment":[{"href":"https:\/\/www.ceramicbasin.com\/de\/wp-json\/wp\/v2\/media?parent=5626"}],"wp:term":[{"taxonomy":"product_brand","embeddable":true,"href":"https:\/\/www.ceramicbasin.com\/de\/wp-json\/wp\/v2\/product_brand?post=5626"},{"taxonomy":"product_cat","embeddable":true,"href":"https:\/\/www.ceramicbasin.com\/de\/wp-json\/wp\/v2\/product_cat?post=5626"},{"taxonomy":"product_tag","embeddable":true,"href":"https:\/\/www.ceramicbasin.com\/de\/wp-json\/wp\/v2\/product_tag?post=5626"}],"curies":[{"name":"wp","href":"https:\/\/api.w.org\/{rel}","templated":true}]}}