{"id":5637,"date":"2024-11-28T08:44:33","date_gmt":"2024-11-28T08:44:33","guid":{"rendered":"https:\/\/www.ceramicbasin.com\/?post_type=product&#038;p=5637"},"modified":"2024-11-28T08:44:36","modified_gmt":"2024-11-28T08:44:36","slug":"wholesale-drop-in-sink","status":"publish","type":"product","link":"https:\/\/www.ceramicbasin.com\/de\/produkt\/wholesale-drop-in-sink\/","title":{"rendered":"Runder Gro\u00dfhandel Tropfen in Waschbecken, hei\u00dfer Verkauf keramischen Waschbecken im Bad"},"content":{"rendered":"<div class=\"wp-block-columns is-layout-flex wp-container-core-columns-is-layout-9d6595d7 wp-block-columns-is-layout-flex\">\n<div class=\"wp-block-column is-layout-flow wp-block-column-is-layout-flow\">\n<h2 class=\"wp-block-heading\">Premium-Gro\u00dfhandel Drop In Sink Features:<\/h2>\n\n\n\n<ul class=\"wp-block-list\">\n<li><strong>Exquisites Design:\u00a0<\/strong>Unser Gro\u00dfhandel Drop-in-Waschbecken nimmt exquisites modernes Design an. Jedes St\u00fcck ist eine Hommage an die \u00c4sthetik und zielt darauf ab, Eleganz und Geschmack in das Bad Raum hinzuzuf\u00fcgen.<\/li>\n\n\n\n<li><strong>Hochwertige Keramiken: <\/strong>Ausgew\u00e4hlte hochwertige keramische Rohstoffe, die bei hoher Temperatur gesintert werden, sorgen daf\u00fcr, dass unsere Gro\u00dfhandels-Badewaschbecken eine solide Struktur, eine zarte und glatte Oberfl\u00e4che haben, leicht zu reinigen sind und lange halten wie neu.<\/li>\n\n\n\n<li><strong>Direktverkauf ab Werk:\u00a0<\/strong>HanYus Gro\u00dfhandelssp\u00fclen werden direkt von der Fabrik verkauft, wodurch der Preisunterschied von Zwischenh\u00e4ndlern eliminiert wird, und der Gro\u00dfeinkauf von Badsp\u00fclen stellt sicher, dass Sie hochwertige Badsp\u00fclen in gro\u00dfen Mengen zu den niedrigsten Kosten kaufen.<\/li>\n\n\n\n<li><strong>Individuelles Design:\u00a0<\/strong>Unsere Drop-in-Waschbecken f\u00fcr den Gro\u00dfhandel sind in verschiedenen Arten von Stilen und Gr\u00f6\u00dfen f\u00fcr die individuelle Anpassung konzipiert, so dass wir die Bed\u00fcrfnisse der verschiedenen Kunden erf\u00fcllen k\u00f6nnen. Dies erm\u00f6glicht Anpassungen an Farbe, Form und Textur nach Ihren spezifischen Bed\u00fcrfnissen und Integration in eine Vielzahl von Bad-Designs.<\/li>\n<\/ul>\n<\/div>\n\n\n\n<div class=\"wp-block-column is-layout-flow wp-block-column-is-layout-flow\">\n<figure class=\"wp-block-image size-full\"><img fetchpriority=\"high\" decoding=\"async\" width=\"1000\" height=\"1000\" src=\"https:\/\/www.ceramicbasin.com\/wp-content\/uploads\/2024\/11\/Hot-Sale-Porcelain-Sink-Bathroom-Ceramic-Round-Shape-Drop-In-Sink-5.webp\" alt=\"Runder Gro\u00dfhandel Tropfen in Waschbecken, hei\u00dfer Verkauf keramisches Waschbecken f\u00fcr das Badezimmer-1\" class=\"wp-image-5643\" srcset=\"https:\/\/www.ceramicbasin.com\/wp-content\/uploads\/2024\/11\/Hot-Sale-Porcelain-Sink-Bathroom-Ceramic-Round-Shape-Drop-In-Sink-5.webp 1000w, https:\/\/www.ceramicbasin.com\/wp-content\/uploads\/2024\/11\/Hot-Sale-Porcelain-Sink-Bathroom-Ceramic-Round-Shape-Drop-In-Sink-5-300x300.webp 300w, https:\/\/www.ceramicbasin.com\/wp-content\/uploads\/2024\/11\/Hot-Sale-Porcelain-Sink-Bathroom-Ceramic-Round-Shape-Drop-In-Sink-5-150x150.webp 150w, https:\/\/www.ceramicbasin.com\/wp-content\/uploads\/2024\/11\/Hot-Sale-Porcelain-Sink-Bathroom-Ceramic-Round-Shape-Drop-In-Sink-5-768x768.webp 768w, https:\/\/www.ceramicbasin.com\/wp-content\/uploads\/2024\/11\/Hot-Sale-Porcelain-Sink-Bathroom-Ceramic-Round-Shape-Drop-In-Sink-5-12x12.webp 12w, https:\/\/www.ceramicbasin.com\/wp-content\/uploads\/2024\/11\/Hot-Sale-Porcelain-Sink-Bathroom-Ceramic-Round-Shape-Drop-In-Sink-5-285x285.webp 285w, https:\/\/www.ceramicbasin.com\/wp-content\/uploads\/2024\/11\/Hot-Sale-Porcelain-Sink-Bathroom-Ceramic-Round-Shape-Drop-In-Sink-5-270x270.webp 270w, https:\/\/www.ceramicbasin.com\/wp-content\/uploads\/2024\/11\/Hot-Sale-Porcelain-Sink-Bathroom-Ceramic-Round-Shape-Drop-In-Sink-5-540x540.webp 540w, https:\/\/www.ceramicbasin.com\/wp-content\/uploads\/2024\/11\/Hot-Sale-Porcelain-Sink-Bathroom-Ceramic-Round-Shape-Drop-In-Sink-5-660x660.webp 660w\" sizes=\"(max-width: 1000px) 100vw, 1000px\" \/><\/figure>\n<\/div>\n<\/div>\n\n\n\n<p><\/p>","protected":false},"excerpt":{"rendered":"<p>Dieser Gro\u00dfhandel Drop-in-Waschbecken zeichnet sich durch seine exquisite Design und hochwertige keramische Materialien, so dass es eine ideale Wahl f\u00fcr die Baddekoration. Die stromlinienf\u00f6rmige Erscheinung Design und abgerundeten Rand Behandlung zeigen au\u00dfergew\u00f6hnliche k\u00fcnstlerische Sch\u00f6nheit. Gro\u00dfeink\u00e4ufe k\u00f6nnen eine bessere Kosteneffizienz genie\u00dfen.<\/p>\n<table style=\"border-collapse: collapse; width: 311.02pt;\" border=\"0\" width=\"311\" cellspacing=\"0\" cellpadding=\"0\">\n<tbody>\n<tr style=\"height: 17.60pt;\">\n<td class=\"et3\" style=\"height: 17.60pt; width: 108.35pt;\" width=\"108\" height=\"17\">Hersteller<\/td>\n<td class=\"et3\" style=\"width: 202.95pt;\" width=\"202\">HanYu<\/td>\n<\/tr>\n<tr style=\"height: 17.60pt;\">\n<td class=\"et3\" style=\"height: 17.60pt;\" height=\"17\">Modell Nr.<\/td>\n<td class=\"et4\">HY-5009A<\/td>\n<\/tr>\n<tr style=\"height: 18.00pt;\">\n<td class=\"et3\" style=\"height: 18.00pt;\" height=\"18\">Typ<\/td>\n<td class=\"et5\" style=\"width: 202.95pt;\" width=\"202\">Drop-In-Becken<\/td>\n<\/tr>\n<tr style=\"height: 17.60pt;\">\n<td class=\"et3\" style=\"height: 17.60pt;\" height=\"17\">Form<\/td>\n<td class=\"et3\">Runde Form<\/td>\n<\/tr>\n<tr style=\"height: 18.00pt;\">\n<td class=\"et4\" style=\"height: 18.00pt;\" height=\"18\">Farbe<\/td>\n<td class=\"et5\" style=\"width: 202.95pt;\" width=\"202\">Wei\u00df<\/td>\n<\/tr>\n<tr style=\"height: 18.00pt;\">\n<td class=\"et3\" style=\"height: 18.00pt;\" height=\"18\">Dimension<\/td>\n<td class=\"et5\" style=\"width: 202.95pt;\" width=\"202\">41*41*17<\/td>\n<\/tr>\n<tr style=\"height: 17.60pt;\">\n<td class=\"et3\" style=\"height: 17.60pt;\" height=\"17\">N.W \/SET<\/td>\n<td class=\"et3\">9 KGS\/PCS<\/td>\n<\/tr>\n<tr style=\"height: 17.60pt;\">\n<td class=\"et3\" style=\"height: 17.60pt;\" height=\"17\">MOQ<\/td>\n<td class=\"et3\">20St\u00fcck<\/td>\n<\/tr>\n<tr style=\"height: 17.60pt;\">\n<td class=\"et3\" style=\"height: 17.60pt;\" height=\"17\">Benutzerdefinierte Option<\/td>\n<td class=\"et3\">Farbe\/Muster\/Gr\u00f6\u00dfe\/Logo\/Verpackung<\/td>\n<\/tr>\n<\/tbody>\n<\/table>","protected":false},"featured_media":5639,"comment_status":"closed","ping_status":"closed","template":"","meta":{"_acf_changed":false},"product_brand":[],"product_cat":[51],"product_tag":[],"class_list":{"0":"post-5637","1":"product","2":"type-product","3":"status-publish","4":"has-post-thumbnail","6":"product_cat-wholesale-drop-in-sinks","8":"first","9":"instock","10":"shipping-taxable","11":"product-type-simple"},"acf":[],"_links":{"self":[{"href":"https:\/\/www.ceramicbasin.com\/de\/wp-json\/wp\/v2\/product\/5637","targetHints":{"allow":["GET"]}}],"collection":[{"href":"https:\/\/www.ceramicbasin.com\/de\/wp-json\/wp\/v2\/product"}],"about":[{"href":"https:\/\/www.ceramicbasin.com\/de\/wp-json\/wp\/v2\/types\/product"}],"replies":[{"embeddable":true,"href":"https:\/\/www.ceramicbasin.com\/de\/wp-json\/wp\/v2\/comments?post=5637"}],"wp:featuredmedia":[{"embeddable":true,"href":"https:\/\/www.ceramicbasin.com\/de\/wp-json\/wp\/v2\/media\/5639"}],"wp:attachment":[{"href":"https:\/\/www.ceramicbasin.com\/de\/wp-json\/wp\/v2\/media?parent=5637"}],"wp:term":[{"taxonomy":"product_brand","embeddable":true,"href":"https:\/\/www.ceramicbasin.com\/de\/wp-json\/wp\/v2\/product_brand?post=5637"},{"taxonomy":"product_cat","embeddable":true,"href":"https:\/\/www.ceramicbasin.com\/de\/wp-json\/wp\/v2\/product_cat?post=5637"},{"taxonomy":"product_tag","embeddable":true,"href":"https:\/\/www.ceramicbasin.com\/de\/wp-json\/wp\/v2\/product_tag?post=5637"}],"curies":[{"name":"wp","href":"https:\/\/api.w.org\/{rel}","templated":true}]}}