{"id":5651,"date":"2024-11-28T08:52:57","date_gmt":"2024-11-28T08:52:57","guid":{"rendered":"https:\/\/www.ceramicbasin.com\/?post_type=product&#038;p=5651"},"modified":"2024-11-28T08:53:01","modified_gmt":"2024-11-28T08:53:01","slug":"wholesale-drop-in-sinks","status":"publish","type":"product","link":"https:\/\/www.ceramicbasin.com\/de\/produkt\/wholesale-drop-in-sinks\/","title":{"rendered":"Neue Gro\u00dfhandel Tropfen in Waschbecken, Rechteck Keramik Waschbecken"},"content":{"rendered":"<div class=\"wp-block-columns is-layout-flex wp-container-core-columns-is-layout-9d6595d7 wp-block-columns-is-layout-flex\">\n<div class=\"wp-block-column is-layout-flow wp-block-column-is-layout-flow\">\n<h2 class=\"wp-block-heading\">Premium-Gro\u00dfhandel Tropfen in Waschbecken Merkmale:<\/h2>\n\n\n\n<ul class=\"wp-block-list\">\n<li><strong>Modedesign: <\/strong>Unsere Porzellan-Gro\u00dfhandels-Waschbecken haben ein modernes und modisches Design mit glatten Linien, eignen sich f\u00fcr verschiedene Badezimmer-Layouts und verbessern die allgemeine Sch\u00f6nheit und Qualit\u00e4t des Raumes.<\/li>\n\n\n\n<li><strong>Hochwertiges keramisches Material: <\/strong>Diese benutzerdefinierten Waschbecken Gro\u00dfhandel in loser Sch\u00fcttung sind aus hochwertigem Glas mit hoher Transparenz und zarte Textur, die hervorragende visuelle Effekte und einen modernen Sinn hat, die Gew\u00e4hrleistung der Haltbarkeit und Sch\u00f6nheit des Produkts gemacht.<\/li>\n\n\n\n<li><strong>Vielf\u00e4ltige Auswahl:\u00a0<\/strong>Wir bieten eine Vielzahl von Stilen, Gr\u00f6\u00dfen und Farben von Gro\u00dfhandel Drop in Waschbecken zur Auswahl, die die Bed\u00fcrfnisse der verschiedenen Badezimmer Stile und leicht zu integrieren sie in verschiedenen Dekorationen Designs.<\/li>\n\n\n\n<li><strong>Gro\u00dfe Produktionskapazit\u00e4t: <\/strong>Unser gro\u00dfes Lager enth\u00e4lt verschiedene Arten von Porzellan-Arbeitsplatte Waschbecken Gro\u00dfhandel. W\u00e4hlen Sie die Elemente, die in der Produktion sind, haben wir genug wei\u00dfe Becken, Marmor Farbe Becken zu machen, so dass die Versandzeit w\u00e4re viel k\u00fcrzer.<\/li>\n<\/ul>\n<\/div>\n\n\n\n<div class=\"wp-block-column is-layout-flow wp-block-column-is-layout-flow\">\n<figure class=\"wp-block-image size-full\"><img fetchpriority=\"high\" decoding=\"async\" width=\"1000\" height=\"1000\" src=\"https:\/\/www.ceramicbasin.com\/wp-content\/uploads\/2024\/11\/Ceramic-Hand-Wash-Basin-Factory-Rectangle-Shape-Drop-In-Sink-7.webp\" alt=\"Neue Gro\u00dfhandel Tropfen in Waschbecken, Rechteck Keramik Waschbecken-1\" class=\"wp-image-5658\" srcset=\"https:\/\/www.ceramicbasin.com\/wp-content\/uploads\/2024\/11\/Ceramic-Hand-Wash-Basin-Factory-Rectangle-Shape-Drop-In-Sink-7.webp 1000w, https:\/\/www.ceramicbasin.com\/wp-content\/uploads\/2024\/11\/Ceramic-Hand-Wash-Basin-Factory-Rectangle-Shape-Drop-In-Sink-7-300x300.webp 300w, https:\/\/www.ceramicbasin.com\/wp-content\/uploads\/2024\/11\/Ceramic-Hand-Wash-Basin-Factory-Rectangle-Shape-Drop-In-Sink-7-150x150.webp 150w, https:\/\/www.ceramicbasin.com\/wp-content\/uploads\/2024\/11\/Ceramic-Hand-Wash-Basin-Factory-Rectangle-Shape-Drop-In-Sink-7-768x768.webp 768w, https:\/\/www.ceramicbasin.com\/wp-content\/uploads\/2024\/11\/Ceramic-Hand-Wash-Basin-Factory-Rectangle-Shape-Drop-In-Sink-7-12x12.webp 12w, https:\/\/www.ceramicbasin.com\/wp-content\/uploads\/2024\/11\/Ceramic-Hand-Wash-Basin-Factory-Rectangle-Shape-Drop-In-Sink-7-285x285.webp 285w, https:\/\/www.ceramicbasin.com\/wp-content\/uploads\/2024\/11\/Ceramic-Hand-Wash-Basin-Factory-Rectangle-Shape-Drop-In-Sink-7-270x270.webp 270w, https:\/\/www.ceramicbasin.com\/wp-content\/uploads\/2024\/11\/Ceramic-Hand-Wash-Basin-Factory-Rectangle-Shape-Drop-In-Sink-7-540x540.webp 540w, https:\/\/www.ceramicbasin.com\/wp-content\/uploads\/2024\/11\/Ceramic-Hand-Wash-Basin-Factory-Rectangle-Shape-Drop-In-Sink-7-660x660.webp 660w\" sizes=\"(max-width: 1000px) 100vw, 1000px\" \/><\/figure>\n<\/div>\n<\/div>","protected":false},"excerpt":{"rendered":"<p>Willkommen zum Kauf Waschbecken Gro\u00dfhandel. Unsere Gro\u00dfhandel Drop in Waschbecken verf\u00fcgen \u00fcber ein klassisches rechteckiges Design, geeignet f\u00fcr verschiedene Badezimmer styles.There ist eine gro\u00dfe Menge von Bad Waschbecken Inventar Vorbereitung, schnellen Lieferservice, um die dringenden Projektanforderungen zu erf\u00fcllen. Wir bieten auch ma\u00dfgeschneiderte Dienstleistungen, so dass Sie die Produkt-Details nach Projektanforderungen anpassen k\u00f6nnen, um eine perfekte \u00dcbereinstimmung im Design zu erreichen.<\/p>\n<table style=\"border-collapse: collapse; width: 311.02pt;\" border=\"0\" width=\"311\" cellspacing=\"0\" cellpadding=\"0\">\n<tbody>\n<tr style=\"height: 17.60pt;\">\n<td class=\"et3\" style=\"height: 17.60pt; width: 108.35pt;\" width=\"108\" height=\"17\">Hersteller<\/td>\n<td class=\"et3\" style=\"width: 202.95pt;\" width=\"202\">HanYu<\/td>\n<\/tr>\n<tr style=\"height: 17.60pt;\">\n<td class=\"et3\" style=\"height: 17.60pt;\" height=\"17\">Modell Nr.<\/td>\n<td class=\"et4\">HY-5081<\/td>\n<\/tr>\n<tr style=\"height: 18.00pt;\">\n<td class=\"et3\" style=\"height: 18.00pt;\" height=\"18\">Typ<\/td>\n<td class=\"et5\" style=\"width: 202.95pt;\" width=\"202\">Drop-In-Becken<\/td>\n<\/tr>\n<tr style=\"height: 17.60pt;\">\n<td class=\"et3\" style=\"height: 17.60pt;\" height=\"17\">Form<\/td>\n<td class=\"et3\">Rechteckige Form<\/td>\n<\/tr>\n<tr style=\"height: 18.00pt;\">\n<td class=\"et4\" style=\"height: 18.00pt;\" height=\"18\">Farbe<\/td>\n<td class=\"et5\" style=\"width: 202.95pt;\" width=\"202\">Wei\u00df<\/td>\n<\/tr>\n<tr style=\"height: 18.00pt;\">\n<td class=\"et3\" style=\"height: 18.00pt;\" height=\"18\">Dimension<\/td>\n<td class=\"et5\" style=\"width: 202.95pt;\" width=\"202\">60*45*16<\/td>\n<\/tr>\n<tr style=\"height: 17.60pt;\">\n<td class=\"et3\" style=\"height: 17.60pt;\" height=\"17\">N.W \/SET<\/td>\n<td class=\"et3\">14,35 KGS\/PCS<\/td>\n<\/tr>\n<tr style=\"height: 17.60pt;\">\n<td class=\"et3\" style=\"height: 17.60pt;\" height=\"17\">MOQ<\/td>\n<td class=\"et3\">20St\u00fcck<\/td>\n<\/tr>\n<tr style=\"height: 17.60pt;\">\n<td class=\"et3\" style=\"height: 17.60pt;\" height=\"17\">Benutzerdefinierte Option<\/td>\n<td class=\"et3\">Farbe\/Muster\/Gr\u00f6\u00dfe\/Logo\/Verpackung<\/td>\n<\/tr>\n<\/tbody>\n<\/table>","protected":false},"featured_media":5652,"comment_status":"closed","ping_status":"closed","template":"","meta":{"_acf_changed":false},"product_brand":[],"product_cat":[51],"product_tag":[],"class_list":{"0":"post-5651","1":"product","2":"type-product","3":"status-publish","4":"has-post-thumbnail","6":"product_cat-wholesale-drop-in-sinks","8":"first","9":"instock","10":"shipping-taxable","11":"product-type-simple"},"acf":[],"_links":{"self":[{"href":"https:\/\/www.ceramicbasin.com\/de\/wp-json\/wp\/v2\/product\/5651","targetHints":{"allow":["GET"]}}],"collection":[{"href":"https:\/\/www.ceramicbasin.com\/de\/wp-json\/wp\/v2\/product"}],"about":[{"href":"https:\/\/www.ceramicbasin.com\/de\/wp-json\/wp\/v2\/types\/product"}],"replies":[{"embeddable":true,"href":"https:\/\/www.ceramicbasin.com\/de\/wp-json\/wp\/v2\/comments?post=5651"}],"wp:featuredmedia":[{"embeddable":true,"href":"https:\/\/www.ceramicbasin.com\/de\/wp-json\/wp\/v2\/media\/5652"}],"wp:attachment":[{"href":"https:\/\/www.ceramicbasin.com\/de\/wp-json\/wp\/v2\/media?parent=5651"}],"wp:term":[{"taxonomy":"product_brand","embeddable":true,"href":"https:\/\/www.ceramicbasin.com\/de\/wp-json\/wp\/v2\/product_brand?post=5651"},{"taxonomy":"product_cat","embeddable":true,"href":"https:\/\/www.ceramicbasin.com\/de\/wp-json\/wp\/v2\/product_cat?post=5651"},{"taxonomy":"product_tag","embeddable":true,"href":"https:\/\/www.ceramicbasin.com\/de\/wp-json\/wp\/v2\/product_tag?post=5651"}],"curies":[{"name":"wp","href":"https:\/\/api.w.org\/{rel}","templated":true}]}}