{"id":5669,"date":"2024-11-28T01:41:38","date_gmt":"2024-11-28T01:41:38","guid":{"rendered":"https:\/\/www.ceramicbasin.com\/?post_type=product&#038;p=5669"},"modified":"2024-11-28T01:41:41","modified_gmt":"2024-11-28T01:41:41","slug":"wholesale-drop-in-basins","status":"publish","type":"product","link":"https:\/\/www.ceramicbasin.com\/de\/produkt\/wholesale-drop-in-basins\/","title":{"rendered":"Rechteckige Gro\u00dfhandel Drop-in-Becken, keramische Bad Waschbecken Factory Supply"},"content":{"rendered":"<div class=\"wp-block-columns is-layout-flex wp-container-core-columns-is-layout-9d6595d7 wp-block-columns-is-layout-flex\">\n<div class=\"wp-block-column is-layout-flow wp-block-column-is-layout-flow\">\n<h2 class=\"wp-block-heading\">Premium-Gro\u00dfhandel Drop-In-Becken Merkmale:<\/h2>\n\n\n\n<ul class=\"wp-block-list\">\n<li><strong>Klassisches rechteckiges Design, vielf\u00e4ltiger Badstil: <\/strong>Unser Gro\u00dfhandel Drop-in-Becken realisieren einen eleganten niedrigen Ton mit einfachen und glatten Linien, unabh\u00e4ngig davon, ob eine Mode minimalistischen Stil oder einem europ\u00e4ischen klassischen Stil Badezimmer, kann unser Bad Waschbecken mit beiden perfekt zu mischen, die Erh\u00f6hung raffinierte Gef\u00fchle und Luxus in ihm.<\/li>\n\n\n\n<li><strong>Hochwertiges Keramikmaterial, langlebig und leicht zu reinigen: <\/strong>Diese Gro\u00dfhandels-Badewannen werden aus hochwertigen keramischen Rohstoffen hergestellt und bei hoher Temperatur gebrannt. Die Oberfl\u00e4che ist fest und glatt, kratzfest und nicht leicht zu knacken. Die Glasur hat eine hervorragende Anti-Fouling-Leistung, Flecken und Skala sind nicht leicht zu haften, wischen Sie es sanft, um es sauber wie neu zu halten, so dass die t\u00e4gliche Reinigung einfacher und sorgenfrei.<\/li>\n\n\n\n<li><strong>Eingebettetes Installationsdesign, vereinfachter Bauprozess: <\/strong>Die einzigartige eingebettete Installationsmethode spart nicht nur Platz auf der Arbeitsplatte, sondern gew\u00e4hrleistet auch die Stabilit\u00e4t und Praktikabilit\u00e4t dieser Gro\u00dfhandelseinbaubecken. Seine einfache Struktur und einfache Bedienung reduzieren die Schwierigkeit der Installation, so dass es eine ideale Wahl f\u00fcr Heimdekoration und kommerzielle Projekte.<\/li>\n\n\n\n<li><strong>Direkter Lieferservice ab Werk, kosteng\u00fcnstig und Unterst\u00fctzung bei der Anpassung an Kundenw\u00fcnsche: <\/strong>Diese Gro\u00dfhandel Bad Waschbecken sind direkt von professionellen Keramik Bad Waschbecken Hersteller, so eine Art und Weise reduziert mittlere Links mit der Wettbewerbsf\u00e4higkeit in den Marktpreisen zur Verf\u00fcgung gestellt. Wir k\u00f6nnen diversifizierte benutzerdefinierte Dienstleistungen nach den Bed\u00fcrfnissen der Kunden, ob Gr\u00f6\u00dfe oder Farbe, oder das detaillierte Design, k\u00f6nnten wir immer die Bed\u00fcrfnisse der verschiedenen M\u00e4rkte und Projekte zu erf\u00fcllen.<\/li>\n<\/ul>\n<\/div>\n\n\n\n<div class=\"wp-block-column is-layout-flow wp-block-column-is-layout-flow\">\n<figure class=\"wp-block-image size-full\"><img fetchpriority=\"high\" decoding=\"async\" width=\"1000\" height=\"999\" src=\"https:\/\/www.ceramicbasin.com\/wp-content\/uploads\/2024\/11\/Wholesale-Bathroom-Wash-Basin-FactoryRectangle-Shape-Drop-In-Sink-5.webp\" alt=\"Rechteckige Gro\u00dfhandel Drop-in-Becken, keramische Bad Waschbecken Factory Supply-1\" class=\"wp-image-5675\" srcset=\"https:\/\/www.ceramicbasin.com\/wp-content\/uploads\/2024\/11\/Wholesale-Bathroom-Wash-Basin-FactoryRectangle-Shape-Drop-In-Sink-5.webp 1000w, https:\/\/www.ceramicbasin.com\/wp-content\/uploads\/2024\/11\/Wholesale-Bathroom-Wash-Basin-FactoryRectangle-Shape-Drop-In-Sink-5-300x300.webp 300w, https:\/\/www.ceramicbasin.com\/wp-content\/uploads\/2024\/11\/Wholesale-Bathroom-Wash-Basin-FactoryRectangle-Shape-Drop-In-Sink-5-150x150.webp 150w, https:\/\/www.ceramicbasin.com\/wp-content\/uploads\/2024\/11\/Wholesale-Bathroom-Wash-Basin-FactoryRectangle-Shape-Drop-In-Sink-5-768x767.webp 768w, https:\/\/www.ceramicbasin.com\/wp-content\/uploads\/2024\/11\/Wholesale-Bathroom-Wash-Basin-FactoryRectangle-Shape-Drop-In-Sink-5-12x12.webp 12w, https:\/\/www.ceramicbasin.com\/wp-content\/uploads\/2024\/11\/Wholesale-Bathroom-Wash-Basin-FactoryRectangle-Shape-Drop-In-Sink-5-285x285.webp 285w, https:\/\/www.ceramicbasin.com\/wp-content\/uploads\/2024\/11\/Wholesale-Bathroom-Wash-Basin-FactoryRectangle-Shape-Drop-In-Sink-5-270x270.webp 270w, https:\/\/www.ceramicbasin.com\/wp-content\/uploads\/2024\/11\/Wholesale-Bathroom-Wash-Basin-FactoryRectangle-Shape-Drop-In-Sink-5-540x540.webp 540w, https:\/\/www.ceramicbasin.com\/wp-content\/uploads\/2024\/11\/Wholesale-Bathroom-Wash-Basin-FactoryRectangle-Shape-Drop-In-Sink-5-660x660.webp 660w\" sizes=\"(max-width: 1000px) 100vw, 1000px\" \/><\/figure>\n<\/div>\n<\/div>","protected":false},"excerpt":{"rendered":"<p>Willkommen im Gro\u00dfhandel Bad Waschbecken zu kaufen. Unsere Gro\u00dfhandel Drop-in-Becken verf\u00fcgen \u00fcber ein klassisches rechteckiges Design, geeignet f\u00fcr verschiedene Badstile. Hochwertiges Keramikmaterial ist langlebig und leicht zu reinigen, und die eingebettete Installation Design vereinfacht den Bauprozess, ist stabil und spart Platz. Direkt von professionellen Fabriken geliefert, unterst\u00fctzt Gro\u00dfhandel und personalisierte Anpassung, ist es eine hochwertige Wahl f\u00fcr kommerzielle Projekte und Einzelhandelsm\u00e4rkte.<\/p>\n<table style=\"border-collapse: collapse; width: 311.02pt;\" border=\"0\" width=\"311\" cellspacing=\"0\" cellpadding=\"0\">\n<tbody>\n<tr style=\"height: 17.60pt;\">\n<td class=\"et3\" style=\"height: 17.60pt; width: 108.35pt;\" width=\"108\" height=\"17\">Hersteller<\/td>\n<td class=\"et3\" style=\"width: 202.95pt;\" width=\"202\">HanYu<\/td>\n<\/tr>\n<tr style=\"height: 17.60pt;\">\n<td class=\"et3\" style=\"height: 17.60pt;\" height=\"17\">Modell Nr.<\/td>\n<td class=\"et4\">HY-8066<\/td>\n<\/tr>\n<tr style=\"height: 18.00pt;\">\n<td class=\"et3\" style=\"height: 18.00pt;\" height=\"18\">Typ<\/td>\n<td class=\"et5\" style=\"width: 202.95pt;\" width=\"202\">Drop-In-Becken<\/td>\n<\/tr>\n<tr style=\"height: 17.60pt;\">\n<td class=\"et3\" style=\"height: 17.60pt;\" height=\"17\">Form<\/td>\n<td class=\"et3\">Rechteckige Form<\/td>\n<\/tr>\n<tr style=\"height: 18.00pt;\">\n<td class=\"et4\" style=\"height: 18.00pt;\" height=\"18\">Farbe<\/td>\n<td class=\"et5\" style=\"width: 202.95pt;\" width=\"202\">Wei\u00df<\/td>\n<\/tr>\n<tr style=\"height: 18.00pt;\">\n<td class=\"et3\" style=\"height: 18.00pt;\" height=\"18\">Dimension<\/td>\n<td class=\"et5\" style=\"width: 202.95pt;\" width=\"202\">48*29.5*12.5<\/td>\n<\/tr>\n<tr style=\"height: 17.60pt;\">\n<td class=\"et3\" style=\"height: 17.60pt;\" height=\"17\">N.W \/SET<\/td>\n<td class=\"et3\">8,2 KGS\/PCS<\/td>\n<\/tr>\n<tr style=\"height: 17.60pt;\">\n<td class=\"et3\" style=\"height: 17.60pt;\" height=\"17\">MOQ<\/td>\n<td class=\"et3\">20St\u00fcck<\/td>\n<\/tr>\n<tr style=\"height: 17.60pt;\">\n<td class=\"et3\" style=\"height: 17.60pt;\" height=\"17\">Benutzerdefinierte Option<\/td>\n<td class=\"et3\">Farbe\/Muster\/Gr\u00f6\u00dfe\/Logo\/Verpackung<\/td>\n<\/tr>\n<\/tbody>\n<\/table>","protected":false},"featured_media":5674,"comment_status":"closed","ping_status":"closed","template":"","meta":{"_acf_changed":false},"product_brand":[],"product_cat":[51],"product_tag":[],"class_list":{"0":"post-5669","1":"product","2":"type-product","3":"status-publish","4":"has-post-thumbnail","6":"product_cat-wholesale-drop-in-sinks","8":"first","9":"instock","10":"shipping-taxable","11":"product-type-simple"},"acf":[],"_links":{"self":[{"href":"https:\/\/www.ceramicbasin.com\/de\/wp-json\/wp\/v2\/product\/5669","targetHints":{"allow":["GET"]}}],"collection":[{"href":"https:\/\/www.ceramicbasin.com\/de\/wp-json\/wp\/v2\/product"}],"about":[{"href":"https:\/\/www.ceramicbasin.com\/de\/wp-json\/wp\/v2\/types\/product"}],"replies":[{"embeddable":true,"href":"https:\/\/www.ceramicbasin.com\/de\/wp-json\/wp\/v2\/comments?post=5669"}],"wp:featuredmedia":[{"embeddable":true,"href":"https:\/\/www.ceramicbasin.com\/de\/wp-json\/wp\/v2\/media\/5674"}],"wp:attachment":[{"href":"https:\/\/www.ceramicbasin.com\/de\/wp-json\/wp\/v2\/media?parent=5669"}],"wp:term":[{"taxonomy":"product_brand","embeddable":true,"href":"https:\/\/www.ceramicbasin.com\/de\/wp-json\/wp\/v2\/product_brand?post=5669"},{"taxonomy":"product_cat","embeddable":true,"href":"https:\/\/www.ceramicbasin.com\/de\/wp-json\/wp\/v2\/product_cat?post=5669"},{"taxonomy":"product_tag","embeddable":true,"href":"https:\/\/www.ceramicbasin.com\/de\/wp-json\/wp\/v2\/product_tag?post=5669"}],"curies":[{"name":"wp","href":"https:\/\/api.w.org\/{rel}","templated":true}]}}