{"id":5739,"date":"2024-12-06T09:21:20","date_gmt":"2024-12-06T09:21:20","guid":{"rendered":"https:\/\/www.ceramicbasin.com\/?post_type=product&#038;p=5739"},"modified":"2024-12-06T09:21:22","modified_gmt":"2024-12-06T09:21:22","slug":"custom-vanity-sink","status":"publish","type":"product","link":"https:\/\/www.ceramicbasin.com\/de\/produkt\/custom-vanity-sink\/","title":{"rendered":"Benutzerdefinierte Eitelkeit Waschbecken, Arbeitsplatte Gold Keramik-Becken Gro\u00dfhandel"},"content":{"rendered":"<div class=\"wp-block-columns is-layout-flex wp-container-core-columns-is-layout-9d6595d7 wp-block-columns-is-layout-flex\">\n<div class=\"wp-block-column is-layout-flow wp-block-column-is-layout-flow\">\n<h2 class=\"wp-block-heading\">Premium Custom Vanity Sink Merkmale:<\/h2>\n\n\n\n<ul class=\"wp-block-list\">\n<li><strong>Modernes Design:<\/strong>\u00a0Dieser goldfarbene Waschtisch hat ein modernes Design, und die geschickte Kombination von Gold und Wei\u00df unterstreicht den Gesamtstil des Badezimmers.<\/li>\n\n\n\n<li><strong>Langlebig und zuverl\u00e4ssig:\u00a0<\/strong>Unsere Gold-Keramik-Becken Gro\u00dfhandel sind aus hochwertigen keramischen Materialien, um die Festigkeit und Haltbarkeit der Sp\u00fcle, resistent gegen Flecken und Kratzer, die Aufrechterhaltung ihrer urspr\u00fcnglichen Sch\u00f6nheit nach langfristigen Gebrauch.<\/li>\n\n\n\n<li><strong>Hochwertige Materialien:\u00a0<\/strong>Dieses goldene Waschbecken wird aus erstklassigem Keramikmaterial hergestellt, um zu garantieren, dass das Becken hart und haltbar ist, w\u00e4hrend die Oberfl\u00e4che der goldenen Galvanisierung gleichm\u00e4\u00dfig und glatt ist und jeden Tag gereinigt und gepflegt werden kann.<\/li>\n\n\n\n<li><strong>Zolldienst:\u00a0<\/strong>Wir k\u00f6nnen kundenspezifische Waschbecken in allen Aspekten anbieten, einschlie\u00dflich kundenspezifischer Logos, Muster, Farben oder Verpackungen usw., um die Anforderungen gro\u00dfer technischer Auftr\u00e4ge zu erf\u00fcllen.<\/li>\n<\/ul>\n<\/div>\n\n\n\n<div class=\"wp-block-column is-layout-flow wp-block-column-is-layout-flow\">\n<figure class=\"wp-block-image size-full is-resized\"><img fetchpriority=\"high\" decoding=\"async\" width=\"800\" height=\"1188\" src=\"https:\/\/www.ceramicbasin.com\/wp-content\/uploads\/2024\/12\/Electroplated-Basin-factory-gold-color-bathroom-sink-5.webp\" alt=\"Benutzerdefinierte Eitelkeit Waschbecken, Arbeitsplatte Gold Keramik-Becken Gro\u00dfhandel-1\" class=\"wp-image-5735\" style=\"width:338px;height:auto\" srcset=\"https:\/\/www.ceramicbasin.com\/wp-content\/uploads\/2024\/12\/Electroplated-Basin-factory-gold-color-bathroom-sink-5.webp 800w, https:\/\/www.ceramicbasin.com\/wp-content\/uploads\/2024\/12\/Electroplated-Basin-factory-gold-color-bathroom-sink-5-202x300.webp 202w, https:\/\/www.ceramicbasin.com\/wp-content\/uploads\/2024\/12\/Electroplated-Basin-factory-gold-color-bathroom-sink-5-768x1140.webp 768w, https:\/\/www.ceramicbasin.com\/wp-content\/uploads\/2024\/12\/Electroplated-Basin-factory-gold-color-bathroom-sink-5-8x12.webp 8w, https:\/\/www.ceramicbasin.com\/wp-content\/uploads\/2024\/12\/Electroplated-Basin-factory-gold-color-bathroom-sink-5-285x423.webp 285w, https:\/\/www.ceramicbasin.com\/wp-content\/uploads\/2024\/12\/Electroplated-Basin-factory-gold-color-bathroom-sink-5-444x660.webp 444w, https:\/\/www.ceramicbasin.com\/wp-content\/uploads\/2024\/12\/Electroplated-Basin-factory-gold-color-bathroom-sink-5-101x150.webp 101w\" sizes=\"(max-width: 800px) 100vw, 800px\" \/><\/figure>\n<\/div>\n<\/div>\n\n\n\n<p><\/p>","protected":false},"excerpt":{"rendered":"<p>Willkommen auf benutzerdefinierte Eitelkeit Waschbecken. Unsere keramischen Waschbecken Gro\u00dfhandel haben ein modernes Design, das Gold galvanisiert Oberfl\u00e4che ist glatt und leicht zu reinigen und zu pflegen t\u00e4glich. Wir k\u00f6nnen benutzerdefinierte Bad Waschbecken Dienstleistungen in allen Aspekten, einschlie\u00dflich kundenspezifischer Logo, Muster, Farbe oder Verpackung, etc.<\/p>\n<table style=\"border-collapse: collapse; width: 358.52pt;\" border=\"0\" width=\"478\" cellspacing=\"0\" cellpadding=\"0\">\n<tbody>\n<tr style=\"height: 17.25pt;\">\n<td class=\"et3\" style=\"height: 17.25pt; width: 125.00pt;\" width=\"166\" height=\"23\">Hersteller<\/td>\n<td class=\"et3\" style=\"width: 234.15pt;\" width=\"312\">HanYu<\/td>\n<\/tr>\n<tr style=\"height: 17.25pt;\">\n<td class=\"et3\" style=\"height: 17.25pt;\" height=\"23\">Modell Nr.<\/td>\n<td class=\"et4\">HY-5038J7<\/td>\n<\/tr>\n<tr style=\"height: 17.25pt;\">\n<td class=\"et3\" style=\"height: 17.25pt;\" height=\"23\">Typ<\/td>\n<td class=\"et5\" style=\"width: 234.15pt;\" width=\"312\">Galvanische Sp\u00fcle<\/td>\n<\/tr>\n<tr style=\"height: 18.00pt;\">\n<td class=\"et3\" style=\"height: 18.00pt;\" height=\"24\">Form<\/td>\n<td class=\"et3\">Ovale Form<\/td>\n<\/tr>\n<tr style=\"height: 34.50pt;\">\n<td class=\"et4\" style=\"height: 34.50pt;\" height=\"46\">Farbe<\/td>\n<td class=\"et5\" style=\"width: 234.15pt;\" width=\"312\">schwarz\/wei\u00df\/blau\/grau\/rosa\/gr\u00fcn\/braun\/khaki<\/td>\n<\/tr>\n<tr style=\"height: 18.00pt;\">\n<td class=\"et3\" style=\"height: 18.00pt;\" height=\"24\">Dimension<\/td>\n<td class=\"et5\" style=\"width: 234.15pt;\" width=\"312\">60*40.5*15.5<\/td>\n<\/tr>\n<tr style=\"height: 17.25pt;\">\n<td class=\"et3\" style=\"height: 17.25pt;\" height=\"23\">N.W \/SET<\/td>\n<td class=\"et3\">11KGS\/PCS<\/td>\n<\/tr>\n<tr style=\"height: 17.25pt;\">\n<td class=\"et3\" style=\"height: 17.25pt;\" height=\"23\">MOQ<\/td>\n<td class=\"et3\">20St\u00fcck<\/td>\n<\/tr>\n<tr style=\"height: 17.25pt;\">\n<td class=\"et3\" style=\"height: 17.25pt;\" height=\"23\">Benutzerdefinierte Option<\/td>\n<td class=\"et3\">Farbe\/Muster\/Gr\u00f6\u00dfe\/Logo\/Verpackung<\/td>\n<\/tr>\n<\/tbody>\n<\/table>","protected":false},"featured_media":5731,"comment_status":"closed","ping_status":"closed","template":"","meta":{"_acf_changed":false},"product_brand":[],"product_cat":[53,50],"product_tag":[],"class_list":{"0":"post-5739","1":"product","2":"type-product","3":"status-publish","4":"has-post-thumbnail","6":"product_cat-electroplated-bathroom-sinks","7":"product_cat-wholesale-countertop-sinks","9":"first","10":"instock","11":"shipping-taxable","12":"product-type-simple"},"acf":[],"_links":{"self":[{"href":"https:\/\/www.ceramicbasin.com\/de\/wp-json\/wp\/v2\/product\/5739","targetHints":{"allow":["GET"]}}],"collection":[{"href":"https:\/\/www.ceramicbasin.com\/de\/wp-json\/wp\/v2\/product"}],"about":[{"href":"https:\/\/www.ceramicbasin.com\/de\/wp-json\/wp\/v2\/types\/product"}],"replies":[{"embeddable":true,"href":"https:\/\/www.ceramicbasin.com\/de\/wp-json\/wp\/v2\/comments?post=5739"}],"wp:featuredmedia":[{"embeddable":true,"href":"https:\/\/www.ceramicbasin.com\/de\/wp-json\/wp\/v2\/media\/5731"}],"wp:attachment":[{"href":"https:\/\/www.ceramicbasin.com\/de\/wp-json\/wp\/v2\/media?parent=5739"}],"wp:term":[{"taxonomy":"product_brand","embeddable":true,"href":"https:\/\/www.ceramicbasin.com\/de\/wp-json\/wp\/v2\/product_brand?post=5739"},{"taxonomy":"product_cat","embeddable":true,"href":"https:\/\/www.ceramicbasin.com\/de\/wp-json\/wp\/v2\/product_cat?post=5739"},{"taxonomy":"product_tag","embeddable":true,"href":"https:\/\/www.ceramicbasin.com\/de\/wp-json\/wp\/v2\/product_tag?post=5739"}],"curies":[{"name":"wp","href":"https:\/\/api.w.org\/{rel}","templated":true}]}}