{"id":5759,"date":"2024-12-06T09:14:23","date_gmt":"2024-12-06T09:14:23","guid":{"rendered":"https:\/\/www.ceramicbasin.com\/?post_type=product&#038;p=5759"},"modified":"2024-12-06T09:22:15","modified_gmt":"2024-12-06T09:22:15","slug":"custom-made-bathroom-sinks","status":"publish","type":"product","link":"https:\/\/www.ceramicbasin.com\/de\/produkt\/custom-made-bathroom-sinks\/","title":{"rendered":"Hei\u00dfer Verkauf benutzerdefinierte Bad Waschbecken, Gold Countertop Becken Gro\u00dfhandel"},"content":{"rendered":"<div class=\"wp-block-columns is-layout-flex wp-container-core-columns-is-layout-9d6595d7 wp-block-columns-is-layout-flex\">\n<div class=\"wp-block-column is-layout-flow wp-block-column-is-layout-flow\">\n<h2 class=\"wp-block-heading\">Premium Custom Made Badezimmer Waschbecken Merkmale:<\/h2>\n\n\n\n<ul class=\"wp-block-list\">\n<li><strong>Arbeitsplatteninstallation Design:\u00a0<\/strong>Diese hei\u00df begehrten, ma\u00dfgefertigten Waschbecken sind so konzipiert, dass sie auf der Arbeitsplatte installiert werden k\u00f6nnen, was Platz spart und den t\u00e4glichen Gebrauch, die Reinigung sowie die Zweckm\u00e4\u00dfigkeit und Sch\u00f6nheit des gesamten Badezimmers erleichtert.<\/li>\n\n\n\n<li><strong>Modernes Design:\u00a0<\/strong>Diese goldenen Aufsatzwaschbecken im Gro\u00dfhandel sind modern im Design. Das geschickte Zusammenspiel von Gold und Wei\u00df unterstreicht den Stil des gesamten Badezimmers.<\/li>\n\n\n\n<li><strong>Schnelle Versorgung:\u00a0<\/strong>Als Hersteller von Waschbecken nach Ma\u00df verf\u00fcgen wir \u00fcber ein leistungsf\u00e4higes Produktions- und Logistiknetzwerk f\u00fcr Gro\u00dfhandelswaschbecken, das schnell auf Bestellungen reagieren und eine schnelle Produktlieferung f\u00fcr dringende Projektanforderungen gew\u00e4hrleisten kann.<\/li>\n\n\n\n<li><strong>Stabile Versorgung:\u00a0<\/strong>mit jahrelanger Erfahrung als Hersteller von keramischen Waschbecken, bietet HanYu wettbewerbsf\u00e4hige Preise und schnelle Lieferung f\u00fcr goldene Waschbecken im Gro\u00dfhandel, geeignet f\u00fcr gro\u00dfe Projekte wie Hotels und Gewerbebauten.<\/li>\n<\/ul>\n<\/div>\n\n\n\n<div class=\"wp-block-column is-layout-flow wp-block-column-is-layout-flow\">\n<figure class=\"wp-block-image size-full is-resized\"><img fetchpriority=\"high\" decoding=\"async\" width=\"800\" height=\"1184\" src=\"https:\/\/www.ceramicbasin.com\/wp-content\/uploads\/2024\/12\/Wholesale-ceramic-basin-factory-Electroplated-Sinks-6.webp\" alt=\"Hei\u00dfer Verkauf benutzerdefinierte Badezimmer Waschbecken, Gold Countertop Becken Gro\u00dfhandel-1\" class=\"wp-image-5730\" style=\"width:336px;height:auto\" srcset=\"https:\/\/www.ceramicbasin.com\/wp-content\/uploads\/2024\/12\/Wholesale-ceramic-basin-factory-Electroplated-Sinks-6.webp 800w, https:\/\/www.ceramicbasin.com\/wp-content\/uploads\/2024\/12\/Wholesale-ceramic-basin-factory-Electroplated-Sinks-6-203x300.webp 203w, https:\/\/www.ceramicbasin.com\/wp-content\/uploads\/2024\/12\/Wholesale-ceramic-basin-factory-Electroplated-Sinks-6-768x1137.webp 768w, https:\/\/www.ceramicbasin.com\/wp-content\/uploads\/2024\/12\/Wholesale-ceramic-basin-factory-Electroplated-Sinks-6-8x12.webp 8w, https:\/\/www.ceramicbasin.com\/wp-content\/uploads\/2024\/12\/Wholesale-ceramic-basin-factory-Electroplated-Sinks-6-285x422.webp 285w, https:\/\/www.ceramicbasin.com\/wp-content\/uploads\/2024\/12\/Wholesale-ceramic-basin-factory-Electroplated-Sinks-6-446x660.webp 446w, https:\/\/www.ceramicbasin.com\/wp-content\/uploads\/2024\/12\/Wholesale-ceramic-basin-factory-Electroplated-Sinks-6-101x150.webp 101w\" sizes=\"(max-width: 800px) 100vw, 800px\" \/><\/figure>\n<\/div>\n<\/div>\n\n\n\n<p><\/p>","protected":false},"excerpt":{"rendered":"<p>Willkommen zu kaufen ma\u00dfgeschneiderte Bad Waschbecken. Diese hei\u00dfen Verkauf Gold Aufsatzbecken Gro\u00dfhandel sind entworfen, um auf der Arbeitsplatte installiert werden, Platz zu sparen und den t\u00e4glichen Gebrauch zu erleichtern, die clevere Kollokation von Gold und Wei\u00df verbessert den Stil des gesamten Bades.<\/p>\n<table style=\"border-collapse: collapse; width: 358.52pt;\" border=\"0\" width=\"478\" cellspacing=\"0\" cellpadding=\"0\">\n<tbody>\n<tr style=\"height: 17.25pt;\">\n<td class=\"et3\" style=\"height: 17.25pt; width: 125.00pt;\" width=\"166\" height=\"23\">Hersteller<\/td>\n<td class=\"et3\" style=\"width: 234.15pt;\" width=\"312\">HanYu<\/td>\n<\/tr>\n<tr style=\"height: 17.25pt;\">\n<td class=\"et3\" style=\"height: 17.25pt;\" height=\"23\">Modell Nr.<\/td>\n<td class=\"et4\">HY-8184GY<\/td>\n<\/tr>\n<tr style=\"height: 17.25pt;\">\n<td class=\"et3\" style=\"height: 17.25pt;\" height=\"23\">Typ<\/td>\n<td class=\"et5\" style=\"width: 234.15pt;\" width=\"312\">Galvanisierte Sp\u00fclen<\/td>\n<\/tr>\n<tr style=\"height: 18.00pt;\">\n<td class=\"et3\" style=\"height: 18.00pt;\" height=\"24\">Form<\/td>\n<td class=\"et3\">Sechseckige Form<\/td>\n<\/tr>\n<tr style=\"height: 34.50pt;\">\n<td class=\"et4\" style=\"height: 34.50pt;\" height=\"46\">Farbe<\/td>\n<td class=\"et5\" style=\"width: 234.15pt;\" width=\"312\">schwarz\/wei\u00df\/blau\/grau\/rosa\/gr\u00fcn\/braun\/khaki<\/td>\n<\/tr>\n<tr style=\"height: 18.00pt;\">\n<td class=\"et3\" style=\"height: 18.00pt;\" height=\"24\">Dimension<\/td>\n<td class=\"et5\" style=\"width: 234.15pt;\" width=\"312\">47*35.5*11.5<\/td>\n<\/tr>\n<tr style=\"height: 17.25pt;\">\n<td class=\"et3\" style=\"height: 17.25pt;\" height=\"23\">N.W \/SET<\/td>\n<td class=\"et3\">7KGS\/PCS<\/td>\n<\/tr>\n<tr style=\"height: 17.25pt;\">\n<td class=\"et3\" style=\"height: 17.25pt;\" height=\"23\">MOQ<\/td>\n<td class=\"et3\">20St\u00fcck<\/td>\n<\/tr>\n<tr style=\"height: 17.25pt;\">\n<td class=\"et3\" style=\"height: 17.25pt;\" height=\"23\">Benutzerdefinierte Option<\/td>\n<td class=\"et3\">Farbe\/Muster\/Gr\u00f6\u00dfe\/Logo\/Verpackung<\/td>\n<\/tr>\n<\/tbody>\n<\/table>","protected":false},"featured_media":5728,"comment_status":"closed","ping_status":"closed","template":"","meta":{"_acf_changed":false},"product_brand":[],"product_cat":[53,50],"product_tag":[],"class_list":{"0":"post-5759","1":"product","2":"type-product","3":"status-publish","4":"has-post-thumbnail","6":"product_cat-electroplated-bathroom-sinks","7":"product_cat-wholesale-countertop-sinks","9":"first","10":"instock","11":"shipping-taxable","12":"product-type-simple"},"acf":[],"_links":{"self":[{"href":"https:\/\/www.ceramicbasin.com\/de\/wp-json\/wp\/v2\/product\/5759","targetHints":{"allow":["GET"]}}],"collection":[{"href":"https:\/\/www.ceramicbasin.com\/de\/wp-json\/wp\/v2\/product"}],"about":[{"href":"https:\/\/www.ceramicbasin.com\/de\/wp-json\/wp\/v2\/types\/product"}],"replies":[{"embeddable":true,"href":"https:\/\/www.ceramicbasin.com\/de\/wp-json\/wp\/v2\/comments?post=5759"}],"wp:featuredmedia":[{"embeddable":true,"href":"https:\/\/www.ceramicbasin.com\/de\/wp-json\/wp\/v2\/media\/5728"}],"wp:attachment":[{"href":"https:\/\/www.ceramicbasin.com\/de\/wp-json\/wp\/v2\/media?parent=5759"}],"wp:term":[{"taxonomy":"product_brand","embeddable":true,"href":"https:\/\/www.ceramicbasin.com\/de\/wp-json\/wp\/v2\/product_brand?post=5759"},{"taxonomy":"product_cat","embeddable":true,"href":"https:\/\/www.ceramicbasin.com\/de\/wp-json\/wp\/v2\/product_cat?post=5759"},{"taxonomy":"product_tag","embeddable":true,"href":"https:\/\/www.ceramicbasin.com\/de\/wp-json\/wp\/v2\/product_tag?post=5759"}],"curies":[{"name":"wp","href":"https:\/\/api.w.org\/{rel}","templated":true}]}}