{"id":5761,"date":"2024-12-06T08:55:42","date_gmt":"2024-12-06T08:55:42","guid":{"rendered":"https:\/\/www.ceramicbasin.com\/?post_type=product&#038;p=5761"},"modified":"2024-12-06T08:55:44","modified_gmt":"2024-12-06T08:55:44","slug":"wholesale-vanity-basins","status":"publish","type":"product","link":"https:\/\/www.ceramicbasin.com\/de\/produkt\/wholesale-vanity-basins\/","title":{"rendered":"Gro\u00dfhandel Eitelkeit Becken, Gold Farbe Waschbecken f\u00fcr Badezimmer"},"content":{"rendered":"<div class=\"wp-block-columns is-layout-flex wp-container-core-columns-is-layout-9d6595d7 wp-block-columns-is-layout-flex\">\n<div class=\"wp-block-column is-layout-flow wp-block-column-is-layout-flow\">\n<h2 class=\"wp-block-heading\">Premium Gro\u00dfhandel Eitelkeit Becken Features:<\/h2>\n\n\n\n<ul class=\"wp-block-list\">\n<li><strong>Luxuri\u00f6se Farbabstimmung:\u00a0<\/strong>Diese traditionelle Farbkombination von Gold und Wei\u00df wird in diesen Gro\u00dfhandelswaschbecken verwendet. Der goldene Teil ist gl\u00e4nzend mit Linien, w\u00e4hrend der wei\u00dfe Teil rein und elegant ist. Es schafft eine luxuri\u00f6se und elegante Atmosph\u00e4re.<\/li>\n\n\n\n<li><strong>Modernes Design:\u00a0<\/strong>Diese goldene Farbe Waschbecken Gro\u00dfhandel ist modern im Design. Das geschickte Zusammenspiel von Gold und Wei\u00df unterstreicht den Stil des gesamten Badezimmers.<\/li>\n\n\n\n<li><strong>Kosteneinsparung:<\/strong>\u00a0Unsere Waschbecken im Gro\u00dfhandel vereinen schlichtes Design mit praktischer Funktionalit\u00e4t und sind die ideale Wahl f\u00fcr stilvolle B\u00e4der. Gro\u00dfhandel Bad Waschbecken zu g\u00fcnstigen Preisen und schnelle Lieferung, um die gro\u00dfen Auftr\u00e4ge \"Bed\u00fcrfnisse zu erf\u00fcllen und gleichzeitig die Produktqualit\u00e4t.<\/li>\n\n\n\n<li><strong>Beschaffung in gro\u00dfen Mengen, kosteng\u00fcnstig:\u00a0<\/strong>Wir bieten bevorzugte Beschaffungspreise f\u00fcr diese goldene Farbe Waschbecken Gro\u00dfhandel, sicherzustellen, dass Sie qualitativ hochwertige Produkte genie\u00dfen, w\u00e4hrend Ihr Projekt Budget zu halten.<\/li>\n<\/ul>\n<\/div>\n\n\n\n<div class=\"wp-block-column is-layout-flow wp-block-column-is-layout-flow\">\n<figure class=\"wp-block-image size-full is-resized\"><img fetchpriority=\"high\" decoding=\"async\" width=\"800\" height=\"1214\" src=\"https:\/\/www.ceramicbasin.com\/wp-content\/uploads\/2024\/12\/Countertop-basin-manufacturer-Electroplated-Gold-Sinks-6.webp\" alt=\"Gro\u00dfhandel Eitelkeit Becken, Gold Farbe Waschbecken f\u00fcr Bad-1\" class=\"wp-image-5718\" style=\"width:352px;height:auto\" srcset=\"https:\/\/www.ceramicbasin.com\/wp-content\/uploads\/2024\/12\/Countertop-basin-manufacturer-Electroplated-Gold-Sinks-6.webp 800w, https:\/\/www.ceramicbasin.com\/wp-content\/uploads\/2024\/12\/Countertop-basin-manufacturer-Electroplated-Gold-Sinks-6-198x300.webp 198w, https:\/\/www.ceramicbasin.com\/wp-content\/uploads\/2024\/12\/Countertop-basin-manufacturer-Electroplated-Gold-Sinks-6-768x1165.webp 768w, https:\/\/www.ceramicbasin.com\/wp-content\/uploads\/2024\/12\/Countertop-basin-manufacturer-Electroplated-Gold-Sinks-6-8x12.webp 8w, https:\/\/www.ceramicbasin.com\/wp-content\/uploads\/2024\/12\/Countertop-basin-manufacturer-Electroplated-Gold-Sinks-6-285x432.webp 285w, https:\/\/www.ceramicbasin.com\/wp-content\/uploads\/2024\/12\/Countertop-basin-manufacturer-Electroplated-Gold-Sinks-6-435x660.webp 435w, https:\/\/www.ceramicbasin.com\/wp-content\/uploads\/2024\/12\/Countertop-basin-manufacturer-Electroplated-Gold-Sinks-6-99x150.webp 99w\" sizes=\"(max-width: 800px) 100vw, 800px\" \/><\/figure>\n<\/div>\n<\/div>","protected":false},"excerpt":{"rendered":"<p>Willkommen zum Kauf Gro\u00dfhandel Eitelkeit Waschbecken. Unsere Arbeitsplatte Gold Farbe Waschbecken Gro\u00dfhandel verbindet eine einfache Design-\u00c4sthetik mit praktischer Funktionalit\u00e4t, eine ideale Wahl f\u00fcr stilvolle Badezimmer. Gro\u00dfhandel Bad Waschbecken zu g\u00fcnstigen Preisen und schnelle Lieferung, um die gro\u00dfen Auftr\u00e4ge \"Bed\u00fcrfnisse zu erf\u00fcllen und gleichzeitig die Produktqualit\u00e4t.<\/p>\n<table style=\"border-collapse: collapse; width: 358.52pt;\" border=\"0\" width=\"478\" cellspacing=\"0\" cellpadding=\"0\">\n<tbody>\n<tr style=\"height: 17.25pt;\">\n<td class=\"et3\" style=\"height: 17.25pt; width: 125.00pt;\" width=\"166\" height=\"23\">Hersteller<\/td>\n<td class=\"et3\" style=\"width: 234.15pt;\" width=\"312\">HanYu<\/td>\n<\/tr>\n<tr style=\"height: 17.25pt;\">\n<td class=\"et3\" style=\"height: 17.25pt;\" height=\"23\">Modell Nr.<\/td>\n<td class=\"et4\">HY-8186GS<\/td>\n<\/tr>\n<tr style=\"height: 17.25pt;\">\n<td class=\"et3\" style=\"height: 17.25pt;\" height=\"23\">Typ<\/td>\n<td class=\"et5\" style=\"width: 234.15pt;\" width=\"312\">Galvanisierte Sp\u00fclen<\/td>\n<\/tr>\n<tr style=\"height: 18.00pt;\">\n<td class=\"et3\" style=\"height: 18.00pt;\" height=\"24\">Form<\/td>\n<td class=\"et3\">Ovale Form<\/td>\n<\/tr>\n<tr style=\"height: 34.50pt;\">\n<td class=\"et4\" style=\"height: 34.50pt;\" height=\"46\">Farbe<\/td>\n<td class=\"et5\" style=\"width: 234.15pt;\" width=\"312\">schwarz\/wei\u00df\/blau\/grau\/rosa\/gr\u00fcn\/braun\/khaki<\/td>\n<\/tr>\n<tr style=\"height: 18.00pt;\">\n<td class=\"et3\" style=\"height: 18.00pt;\" height=\"24\">Dimension<\/td>\n<td class=\"et5\" style=\"width: 234.15pt;\" width=\"312\">52*37*13<\/td>\n<\/tr>\n<tr style=\"height: 17.25pt;\">\n<td class=\"et3\" style=\"height: 17.25pt;\" height=\"23\">N.W \/SET<\/td>\n<td class=\"et3\">9KGS\/PCS<\/td>\n<\/tr>\n<tr style=\"height: 17.25pt;\">\n<td class=\"et3\" style=\"height: 17.25pt;\" height=\"23\">MOQ<\/td>\n<td class=\"et3\">20St\u00fcck<\/td>\n<\/tr>\n<tr style=\"height: 17.25pt;\">\n<td class=\"et3\" style=\"height: 17.25pt;\" height=\"23\">Benutzerdefinierte Option<\/td>\n<td class=\"et3\">Farbe\/Muster\/Gr\u00f6\u00dfe\/Logo\/Verpackung<\/td>\n<\/tr>\n<\/tbody>\n<\/table>","protected":false},"featured_media":5713,"comment_status":"closed","ping_status":"closed","template":"","meta":{"_acf_changed":false},"product_brand":[],"product_cat":[53,50],"product_tag":[],"class_list":{"0":"post-5761","1":"product","2":"type-product","3":"status-publish","4":"has-post-thumbnail","6":"product_cat-electroplated-bathroom-sinks","7":"product_cat-wholesale-countertop-sinks","9":"first","10":"instock","11":"shipping-taxable","12":"product-type-simple"},"acf":[],"_links":{"self":[{"href":"https:\/\/www.ceramicbasin.com\/de\/wp-json\/wp\/v2\/product\/5761","targetHints":{"allow":["GET"]}}],"collection":[{"href":"https:\/\/www.ceramicbasin.com\/de\/wp-json\/wp\/v2\/product"}],"about":[{"href":"https:\/\/www.ceramicbasin.com\/de\/wp-json\/wp\/v2\/types\/product"}],"replies":[{"embeddable":true,"href":"https:\/\/www.ceramicbasin.com\/de\/wp-json\/wp\/v2\/comments?post=5761"}],"wp:featuredmedia":[{"embeddable":true,"href":"https:\/\/www.ceramicbasin.com\/de\/wp-json\/wp\/v2\/media\/5713"}],"wp:attachment":[{"href":"https:\/\/www.ceramicbasin.com\/de\/wp-json\/wp\/v2\/media?parent=5761"}],"wp:term":[{"taxonomy":"product_brand","embeddable":true,"href":"https:\/\/www.ceramicbasin.com\/de\/wp-json\/wp\/v2\/product_brand?post=5761"},{"taxonomy":"product_cat","embeddable":true,"href":"https:\/\/www.ceramicbasin.com\/de\/wp-json\/wp\/v2\/product_cat?post=5761"},{"taxonomy":"product_tag","embeddable":true,"href":"https:\/\/www.ceramicbasin.com\/de\/wp-json\/wp\/v2\/product_tag?post=5761"}],"curies":[{"name":"wp","href":"https:\/\/api.w.org\/{rel}","templated":true}]}}