{"id":5767,"date":"2024-12-12T07:46:44","date_gmt":"2024-12-12T07:46:44","guid":{"rendered":"https:\/\/www.ceramicbasin.com\/?post_type=product&#038;p=5767"},"modified":"2025-10-23T09:58:00","modified_gmt":"2025-10-23T09:58:00","slug":"custom-vanity-sinks","status":"publish","type":"product","link":"https:\/\/www.ceramicbasin.com\/de\/produkt\/custom-vanity-sinks\/","title":{"rendered":"Benutzerdefinierte Eitelkeit Waschbecken f\u00fcr Projekte, Gro\u00dfhandel Keramik-Becken"},"content":{"rendered":"<div class=\"wp-block-columns is-layout-flex wp-container-core-columns-is-layout-9d6595d7 wp-block-columns-is-layout-flex\">\n<div class=\"wp-block-column is-layout-flow wp-block-column-is-layout-flow\">\n<h2 class=\"wp-block-heading\">Premium Custom Vanity Sp\u00fclen Merkmale:<\/h2>\n\n\n\n<ul class=\"wp-block-list\">\n<li><strong>Wassertransferdruckverfahren: <\/strong>Unsere ma\u00dfgefertigten Waschbecken nutzen die fortschrittliche Wassertransferdrucktechnologie. Das Oberfl\u00e4chenmuster jedes Waschbeckens ist einheitlich und exquisit, was einen komplexen Textureffekt erzeugen kann, der sicherstellt, dass jedes Produkt einzigartig und k\u00fcnstlerisch ist und perfekt zu den Bed\u00fcrfnissen der modernen Wohnkultur passt.<\/li>\n\n\n\n<li><strong>Design mit Marmorstruktur: <\/strong>Die bis ins kleinste Detail durchdachte Textur des Marmors in unserem Keramik-Waschtisch-Gro\u00dfhandel strahlt Luxus bis zum Schluss aus. Die Eignung reicht von traditionellen B\u00e4dern bis hin zu modernen B\u00e4dern. So perfekt, dass es in Verbindung mit einer hochwertigen Atmosph\u00e4re und Mode eine andere Welt zu neuen visuellen Erfahrungen in Ihren B\u00e4dern er\u00f6ffnet.<\/li>\n\n\n\n<li><strong>Hochwertige Materialien: <\/strong>Diese ma\u00dfgefertigten Waschbecken werden aus hochwertigen keramischen Materialien hergestellt und einer strengen Prozessbehandlung unterzogen, um sicherzustellen, dass die Produkte robust und langlebig sind und eine hohe Flecken- und Verschlei\u00dfbest\u00e4ndigkeit aufweisen. Sie sind auch nach l\u00e4ngerem Gebrauch nicht leicht zu besch\u00e4digen und bleiben hell und sauber wie neu und erf\u00fcllen die Qualit\u00e4tsanforderungen des High-End-Marktes.<\/li>\n\n\n\n<li><strong>Schnelle Lieferung: <\/strong>Wir verf\u00fcgen \u00fcber ein komplettes Produktionsmanagementsystem und eine effiziente Produktionslinie, die sicherstellen, dass unsere keramischen Waschbecken im Gro\u00dfhandel p\u00fcnktlich geliefert werden, den dringenden Bedarf der Kunden erf\u00fcllen und eine starke Unterst\u00fctzung f\u00fcr Ihre Bauprojekte und Dekorationspl\u00e4ne bieten.<\/li>\n<\/ul>\n<\/div>\n\n\n\n<div class=\"wp-block-column is-layout-flow wp-block-column-is-layout-flow\">\n<figure class=\"wp-block-image size-full\"><img fetchpriority=\"high\" decoding=\"async\" width=\"1345\" height=\"1787\" src=\"https:\/\/www.ceramicbasin.com\/wp-content\/uploads\/2024\/12\/ceramic-wash-basin-factory-6.jpg\" alt=\"Benutzerdefinierte Eitelkeit Waschbecken, Z\u00e4hler oben keramischen Waschbecken Gro\u00dfhandel-1\" class=\"wp-image-5768\" srcset=\"https:\/\/www.ceramicbasin.com\/wp-content\/uploads\/2024\/12\/ceramic-wash-basin-factory-6.jpg 1345w, https:\/\/www.ceramicbasin.com\/wp-content\/uploads\/2024\/12\/ceramic-wash-basin-factory-6-226x300.jpg 226w, https:\/\/www.ceramicbasin.com\/wp-content\/uploads\/2024\/12\/ceramic-wash-basin-factory-6-768x1020.jpg 768w, https:\/\/www.ceramicbasin.com\/wp-content\/uploads\/2024\/12\/ceramic-wash-basin-factory-6-9x12.jpg 9w, https:\/\/www.ceramicbasin.com\/wp-content\/uploads\/2024\/12\/ceramic-wash-basin-factory-6-285x379.jpg 285w, https:\/\/www.ceramicbasin.com\/wp-content\/uploads\/2024\/12\/ceramic-wash-basin-factory-6-497x660.jpg 497w, https:\/\/www.ceramicbasin.com\/wp-content\/uploads\/2024\/12\/ceramic-wash-basin-factory-6-113x150.jpg 113w\" sizes=\"(max-width: 1345px) 100vw, 1345px\" \/><\/figure>\n<\/div>\n<\/div>\n\n\n\n<p><\/p>","protected":false},"excerpt":{"rendered":"<p>Willkommen zum Kauf Keramik Waschbecken Gro\u00dfhandel. Unsere benutzerdefinierten Waschbecken verwenden fortschrittliche Wassertransferdruck-Technologie, um exquisite Marmor Textur Designs zu pr\u00e4sentieren, kombiniert mit hochwertigen keramischen Materialien, um hohe Qualit\u00e4t und lange Haltbarkeit zu gew\u00e4hrleisten. Ob f\u00fcr den privaten oder kommerziellen Gebrauch, k\u00f6nnen sie hochwertige und modische Badl\u00f6sungen bieten. Wir versprechen eine schnelle Lieferung und bieten zeitnahe und zuverl\u00e4ssige Unterst\u00fctzung f\u00fcr Ihr Projekt.<\/p>\n<table style=\"border-collapse: collapse; width: 311.02pt;\" border=\"0\" width=\"311\" cellspacing=\"0\" cellpadding=\"0\">\n<tbody>\n<tr style=\"height: 17.60pt;\">\n<td class=\"et3\" style=\"height: 17.60pt; width: 108.35pt;\" width=\"108\" height=\"17\">Hersteller<\/td>\n<td class=\"et3\" style=\"width: 202.95pt;\" width=\"202\">HanYu<\/td>\n<\/tr>\n<tr style=\"height: 17.60pt;\">\n<td class=\"et3\" style=\"height: 17.60pt;\" height=\"17\">Modell Nr.<\/td>\n<td class=\"et4\">HY-8018AD71<\/td>\n<\/tr>\n<tr style=\"height: 36.00pt;\">\n<td class=\"et3\" style=\"height: 36.00pt;\" height=\"36\">Typ<\/td>\n<td class=\"et5\" style=\"width: 202.95pt;\" width=\"202\">Becken in Marmorfarbe, Aufsatzbecken<\/td>\n<\/tr>\n<tr style=\"height: 17.60pt;\">\n<td class=\"et3\" style=\"height: 17.60pt;\" height=\"17\">Form<\/td>\n<td class=\"et3\">Rechteckige Form<\/td>\n<\/tr>\n<tr style=\"height: 18.00pt;\">\n<td class=\"et4\" style=\"height: 18.00pt;\" height=\"18\">Farbe<\/td>\n<td class=\"et5\" style=\"width: 202.95pt;\" width=\"202\">Braun<\/td>\n<\/tr>\n<tr style=\"height: 18.00pt;\">\n<td class=\"et3\" style=\"height: 18.00pt;\" height=\"18\">Dimension<\/td>\n<td class=\"et5\" style=\"width: 202.95pt;\" width=\"202\">46*32*13.5<\/td>\n<\/tr>\n<tr style=\"height: 17.60pt;\">\n<td class=\"et3\" style=\"height: 17.60pt;\" height=\"17\">N.W \/SET<\/td>\n<td class=\"et3\">7 KGS\/PCS<\/td>\n<\/tr>\n<tr style=\"height: 17.60pt;\">\n<td class=\"et3\" style=\"height: 17.60pt;\" height=\"17\">MOQ<\/td>\n<td class=\"et3\">20St\u00fcck<\/td>\n<\/tr>\n<tr style=\"height: 17.60pt;\">\n<td class=\"et3\" style=\"height: 17.60pt;\" height=\"17\">Benutzerdefinierte Option<\/td>\n<td class=\"et3\">Farbe\/Muster\/Gr\u00f6\u00dfe\/Logo\/Verpackung<\/td>\n<\/tr>\n<\/tbody>\n<\/table>","protected":false},"featured_media":5769,"comment_status":"closed","ping_status":"closed","template":"","meta":{"_acf_changed":false},"product_brand":[],"product_cat":[54,50],"product_tag":[],"class_list":{"0":"post-5767","1":"product","2":"type-product","3":"status-publish","4":"has-post-thumbnail","6":"product_cat-wholesale-marble-sinks","7":"product_cat-wholesale-countertop-sinks","9":"first","10":"instock","11":"shipping-taxable","12":"product-type-simple"},"acf":[],"_links":{"self":[{"href":"https:\/\/www.ceramicbasin.com\/de\/wp-json\/wp\/v2\/product\/5767","targetHints":{"allow":["GET"]}}],"collection":[{"href":"https:\/\/www.ceramicbasin.com\/de\/wp-json\/wp\/v2\/product"}],"about":[{"href":"https:\/\/www.ceramicbasin.com\/de\/wp-json\/wp\/v2\/types\/product"}],"replies":[{"embeddable":true,"href":"https:\/\/www.ceramicbasin.com\/de\/wp-json\/wp\/v2\/comments?post=5767"}],"wp:featuredmedia":[{"embeddable":true,"href":"https:\/\/www.ceramicbasin.com\/de\/wp-json\/wp\/v2\/media\/5769"}],"wp:attachment":[{"href":"https:\/\/www.ceramicbasin.com\/de\/wp-json\/wp\/v2\/media?parent=5767"}],"wp:term":[{"taxonomy":"product_brand","embeddable":true,"href":"https:\/\/www.ceramicbasin.com\/de\/wp-json\/wp\/v2\/product_brand?post=5767"},{"taxonomy":"product_cat","embeddable":true,"href":"https:\/\/www.ceramicbasin.com\/de\/wp-json\/wp\/v2\/product_cat?post=5767"},{"taxonomy":"product_tag","embeddable":true,"href":"https:\/\/www.ceramicbasin.com\/de\/wp-json\/wp\/v2\/product_tag?post=5767"}],"curies":[{"name":"wp","href":"https:\/\/api.w.org\/{rel}","templated":true}]}}