{"id":5775,"date":"2024-12-12T08:18:51","date_gmt":"2024-12-12T08:18:51","guid":{"rendered":"https:\/\/www.ceramicbasin.com\/?post_type=product&#038;p=5775"},"modified":"2024-12-13T09:20:29","modified_gmt":"2024-12-13T09:20:29","slug":"custom-made-washbasin","status":"publish","type":"product","link":"https:\/\/www.ceramicbasin.com\/de\/produkt\/custom-made-washbasin\/","title":{"rendered":"Neue Farbe benutzerdefinierte Waschbecken, keramische k\u00fcnstliche Marmor Waschbecken Gro\u00dfhandel"},"content":{"rendered":"<div class=\"wp-block-columns is-layout-flex wp-container-core-columns-is-layout-9d6595d7 wp-block-columns-is-layout-flex\">\n<div class=\"wp-block-column is-layout-flow wp-block-column-is-layout-flow\">\n<h2 class=\"wp-block-heading\">Premium-Waschtisch nach Ma\u00df Merkmale:<\/h2>\n\n\n\n<ul class=\"wp-block-list\">\n<li><strong>Wassertransferdruckverfahren: <\/strong>Dieses ma\u00dfgefertigte Waschbecken nutzt die fortschrittliche Wassertransferdrucktechnologie, um sicherzustellen, dass das Oberfl\u00e4chenmuster jedes Waschbeckens fein und gleichm\u00e4\u00dfig ist und einen zarten Textureffekt aufweist, der dem Badezimmer einen modernen k\u00fcnstlerischen Sinn verleiht.<\/li>\n\n\n\n<li><strong>Neues Design mit Marmortextur: <\/strong>Unsere Gro\u00dfhandel Keramik Waschbecken nehmen eine neu gestaltete Marmor Textur mit nat\u00fcrlichen und glatten Textur und reiche Farben, die Luxus und Mode zu bringen, um Badezimmer von verschiedenen Stilen und perfekt integrieren modernen Wohnkultur.<\/li>\n\n\n\n<li><strong>Individuelle Farbauswahl: <\/strong>Dieses ma\u00dfgefertigte Waschbecken kommt mit einer Vielzahl von personalisierten Farboptionen, um Ihre Bed\u00fcrfnisse bei der Mischung der perfekten Farbe zu erf\u00fcllen, so dass Ihr Badezimmer Waschbecken kann perfekt mit dem gesamten Stil Ihres Hauses zu mischen und reflektieren pers\u00f6nlichen Eigenschaften.<\/li>\n\n\n\n<li><strong>Hochwertiges keramisches Material: <\/strong>Dieser Gro\u00dfhandel Keramik Waschbecken nimmt hochwertige keramische Materialien, und nach der feinen Verarbeitung, kann die Oberfl\u00e4che glatt genug, um Verschlei\u00dffestigkeit, Antifouling, leicht zu reinigen, und halten Sie neue in seiner langfristigen Service.<\/li>\n<\/ul>\n<\/div>\n\n\n\n<div class=\"wp-block-column is-layout-flow wp-block-column-is-layout-flow\">\n<figure class=\"wp-block-image size-full\"><img fetchpriority=\"high\" decoding=\"async\" width=\"1345\" height=\"1787\" src=\"https:\/\/www.ceramicbasin.com\/wp-content\/uploads\/2024\/12\/wholesale-counter-bathroom-sink-6-1.jpg\" alt=\"Neue Farbe benutzerdefinierte Waschbecken, keramische k\u00fcnstliche Marmor Waschbecken Gro\u00dfhandel-1\" class=\"wp-image-5782\" srcset=\"https:\/\/www.ceramicbasin.com\/wp-content\/uploads\/2024\/12\/wholesale-counter-bathroom-sink-6-1.jpg 1345w, https:\/\/www.ceramicbasin.com\/wp-content\/uploads\/2024\/12\/wholesale-counter-bathroom-sink-6-1-226x300.jpg 226w, https:\/\/www.ceramicbasin.com\/wp-content\/uploads\/2024\/12\/wholesale-counter-bathroom-sink-6-1-768x1020.jpg 768w, https:\/\/www.ceramicbasin.com\/wp-content\/uploads\/2024\/12\/wholesale-counter-bathroom-sink-6-1-9x12.jpg 9w, https:\/\/www.ceramicbasin.com\/wp-content\/uploads\/2024\/12\/wholesale-counter-bathroom-sink-6-1-285x379.jpg 285w, https:\/\/www.ceramicbasin.com\/wp-content\/uploads\/2024\/12\/wholesale-counter-bathroom-sink-6-1-497x660.jpg 497w, https:\/\/www.ceramicbasin.com\/wp-content\/uploads\/2024\/12\/wholesale-counter-bathroom-sink-6-1-113x150.jpg 113w\" sizes=\"(max-width: 1345px) 100vw, 1345px\" \/><\/figure>\n<\/div>\n<\/div>\n\n\n\n<p><\/p>","protected":false},"excerpt":{"rendered":"<p>Willkommen im Gro\u00dfhandel Keramik Waschbecken zu kaufen. Diese ma\u00dfgeschneiderte Waschbecken nimmt fortschrittliche Wassertransferdrucktechnologie, um eine neue Marmor Textur zu zeigen, kombiniert mit hochwertigen keramischen Materialien, mit verschiedenen kundenspezifischen Farboptionen, perfekt f\u00fcr verschiedene Wohnstile. Sein exquisites Design und hervorragende Qualit\u00e4t machen es sowohl modern und luxuri\u00f6s, die eine ideale Wahl f\u00fcr Ihr Badezimmer Dekoration sein wird.<\/p>\n<table style=\"border-collapse: collapse; width: 311.02pt;\" border=\"0\" width=\"311\" cellspacing=\"0\" cellpadding=\"0\">\n<tbody>\n<tr style=\"height: 17.60pt;\">\n<td class=\"et3\" style=\"height: 17.60pt; width: 108.35pt;\" width=\"108\" height=\"17\">Hersteller<\/td>\n<td class=\"et3\" style=\"width: 202.95pt;\" width=\"202\">HanYu<\/td>\n<\/tr>\n<tr style=\"height: 17.60pt;\">\n<td class=\"et3\" style=\"height: 17.60pt;\" height=\"17\">Modell Nr.<\/td>\n<td class=\"et4\">HY-8015D78<\/td>\n<\/tr>\n<tr style=\"height: 36.00pt;\">\n<td class=\"et3\" style=\"height: 36.00pt;\" height=\"36\">Typ<\/td>\n<td class=\"et5\" style=\"width: 202.95pt;\" width=\"202\">Becken in Marmorfarbe, Aufsatzbecken<\/td>\n<\/tr>\n<tr style=\"height: 17.60pt;\">\n<td class=\"et3\" style=\"height: 17.60pt;\" height=\"17\">Form<\/td>\n<td class=\"et3\">Ovale Form<\/td>\n<\/tr>\n<tr style=\"height: 18.00pt;\">\n<td class=\"et4\" style=\"height: 18.00pt;\" height=\"18\">Farbe<\/td>\n<td class=\"et5\" style=\"width: 202.95pt;\" width=\"202\">Schwarz und wei\u00df<\/td>\n<\/tr>\n<tr style=\"height: 18.00pt;\">\n<td class=\"et3\" style=\"height: 18.00pt;\" height=\"18\">Dimension<\/td>\n<td class=\"et5\" style=\"width: 202.95pt;\" width=\"202\">49*35.5*13<\/td>\n<\/tr>\n<tr style=\"height: 17.60pt;\">\n<td class=\"et3\" style=\"height: 17.60pt;\" height=\"17\">N.W \/SET<\/td>\n<td class=\"et3\">7 KGS\/PCS<\/td>\n<\/tr>\n<tr style=\"height: 17.60pt;\">\n<td class=\"et3\" style=\"height: 17.60pt;\" height=\"17\">MOQ<\/td>\n<td class=\"et3\">20St\u00fcck<\/td>\n<\/tr>\n<tr style=\"height: 17.60pt;\">\n<td class=\"et3\" style=\"height: 17.60pt;\" height=\"17\">Benutzerdefinierte Option<\/td>\n<td class=\"et3\">Farbe\/Muster\/Gr\u00f6\u00dfe\/Logo\/Verpackung<\/td>\n<\/tr>\n<\/tbody>\n<\/table>","protected":false},"featured_media":5776,"comment_status":"closed","ping_status":"closed","template":"","meta":{"_acf_changed":false},"product_brand":[],"product_cat":[54,50],"product_tag":[],"class_list":{"0":"post-5775","1":"product","2":"type-product","3":"status-publish","4":"has-post-thumbnail","6":"product_cat-wholesale-marble-sinks","7":"product_cat-wholesale-countertop-sinks","9":"first","10":"instock","11":"shipping-taxable","12":"product-type-simple"},"acf":[],"_links":{"self":[{"href":"https:\/\/www.ceramicbasin.com\/de\/wp-json\/wp\/v2\/product\/5775","targetHints":{"allow":["GET"]}}],"collection":[{"href":"https:\/\/www.ceramicbasin.com\/de\/wp-json\/wp\/v2\/product"}],"about":[{"href":"https:\/\/www.ceramicbasin.com\/de\/wp-json\/wp\/v2\/types\/product"}],"replies":[{"embeddable":true,"href":"https:\/\/www.ceramicbasin.com\/de\/wp-json\/wp\/v2\/comments?post=5775"}],"wp:featuredmedia":[{"embeddable":true,"href":"https:\/\/www.ceramicbasin.com\/de\/wp-json\/wp\/v2\/media\/5776"}],"wp:attachment":[{"href":"https:\/\/www.ceramicbasin.com\/de\/wp-json\/wp\/v2\/media?parent=5775"}],"wp:term":[{"taxonomy":"product_brand","embeddable":true,"href":"https:\/\/www.ceramicbasin.com\/de\/wp-json\/wp\/v2\/product_brand?post=5775"},{"taxonomy":"product_cat","embeddable":true,"href":"https:\/\/www.ceramicbasin.com\/de\/wp-json\/wp\/v2\/product_cat?post=5775"},{"taxonomy":"product_tag","embeddable":true,"href":"https:\/\/www.ceramicbasin.com\/de\/wp-json\/wp\/v2\/product_tag?post=5775"}],"curies":[{"name":"wp","href":"https:\/\/api.w.org\/{rel}","templated":true}]}}