{"id":5783,"date":"2024-12-12T08:31:33","date_gmt":"2024-12-12T08:31:33","guid":{"rendered":"https:\/\/www.ceramicbasin.com\/?post_type=product&#038;p=5783"},"modified":"2024-12-13T09:33:10","modified_gmt":"2024-12-13T09:33:10","slug":"bespoke-bathroom-sink","status":"publish","type":"product","link":"https:\/\/www.ceramicbasin.com\/de\/produkt\/bespoke-bathroom-sink\/","title":{"rendered":"Keramik Bespoke Badezimmer Waschbecken Gro\u00dfhandel, Marmor Textur WashBasin"},"content":{"rendered":"<div class=\"wp-block-columns is-layout-flex wp-container-core-columns-is-layout-9d6595d7 wp-block-columns-is-layout-flex\">\n<div class=\"wp-block-column is-layout-flow wp-block-column-is-layout-flow\">\n<h2 class=\"wp-block-heading\">Premium-Bespoke-Badewanne Merkmale:<\/h2>\n\n\n\n<ul class=\"wp-block-list\">\n<li><strong>Fortschrittliche Wassertransferdrucktechnik:<\/strong> Diese ma\u00dfgeschneiderte Bad Waschbecken Gro\u00dfhandel verwendet fortschrittliche Wasser-Transfer-Druck-Technologie, um die dunkelgraue Marmor Textur auf der Oberfl\u00e4che jedes Waschbecken nat\u00fcrlich \u00dcbergang, fein und realistisch, sicherzustellen, dass jedes Produkt ist einzigartig.<\/li>\n\n\n\n<li><strong>Dunkelgrauer Marmor mit Textur: <\/strong>Dieses ma\u00dfgefertigte Porzellanwaschbecken zeigt eine dunkelgraue Marmorstruktur, elegant und modern, mit gro\u00dfem visuellen Effekt, der dem Badezimmer eine hochwertige und modische Atmosph\u00e4re verleiht.<\/li>\n\n\n\n<li><strong>Ma\u00dfgeschneiderter Service: <\/strong>Wir bieten flexible Anpassungsm\u00f6glichkeiten f\u00fcr Porzellanwaschbecken im Gro\u00dfhandel, und Sie k\u00f6nnen die geeignete Gr\u00f6\u00dfe, Form und Farbe w\u00e4hlen, um Ihr eigenes personalisiertes Waschbecken entsprechend den spezifischen Badezimmerbed\u00fcrfnissen zu schaffen.<\/li>\n\n\n\n<li><strong>Hochwertiges keramisches Material: <\/strong>Unser ma\u00dfgeschneidertes Badezimmer Waschbecken Gro\u00dfhandel w\u00e4hlt High-End-Keramik-Rohstoffe. Die Oberfl\u00e4che ist glatt, verschlei\u00dffest, Anti-Fouling, leicht zu reinigen und neu nach einer langen Zeit, und ist langlebig und sch\u00f6n.<\/li>\n<\/ul>\n<\/div>\n\n\n\n<div class=\"wp-block-column is-layout-flow wp-block-column-is-layout-flow\">\n<figure class=\"wp-block-image size-full\"><img fetchpriority=\"high\" decoding=\"async\" width=\"913\" height=\"1219\" src=\"https:\/\/www.ceramicbasin.com\/wp-content\/uploads\/2024\/12\/customized-marble-basin-6.jpg\" alt=\"Keramik Bespoke Badezimmer Waschbecken Gro\u00dfhandel, Marmor Textur WashBasin-1\" class=\"wp-image-5784\" srcset=\"https:\/\/www.ceramicbasin.com\/wp-content\/uploads\/2024\/12\/customized-marble-basin-6.jpg 913w, https:\/\/www.ceramicbasin.com\/wp-content\/uploads\/2024\/12\/customized-marble-basin-6-225x300.jpg 225w, https:\/\/www.ceramicbasin.com\/wp-content\/uploads\/2024\/12\/customized-marble-basin-6-768x1025.jpg 768w, https:\/\/www.ceramicbasin.com\/wp-content\/uploads\/2024\/12\/customized-marble-basin-6-9x12.jpg 9w, https:\/\/www.ceramicbasin.com\/wp-content\/uploads\/2024\/12\/customized-marble-basin-6-285x381.jpg 285w, https:\/\/www.ceramicbasin.com\/wp-content\/uploads\/2024\/12\/customized-marble-basin-6-494x660.jpg 494w, https:\/\/www.ceramicbasin.com\/wp-content\/uploads\/2024\/12\/customized-marble-basin-6-112x150.jpg 112w\" sizes=\"(max-width: 913px) 100vw, 913px\" \/><\/figure>\n<\/div>\n<\/div>\n\n\n\n<p><\/p>","protected":false},"excerpt":{"rendered":"<p>Willkommen im Gro\u00dfhandel Porzellanwaschbecken zu kaufen. Diese ma\u00dfgeschneiderte Bad Waschbecken Gro\u00dfhandel zeigt eine dunkelgraue Marmor Textur, elegant und modernes Design, perfekt f\u00fcr eine Vielzahl von Badstilen. Mit hochwertigen keramischen Materialien, ist es nicht nur langlebig und leicht zu reinigen, sondern auch bleibt wie neu nach langfristigen Einsatz.<\/p>\n<table style=\"border-collapse: collapse; width: 358.52pt;\" border=\"0\" width=\"478\" cellspacing=\"0\" cellpadding=\"0\">\n<tbody>\n<tr style=\"height: 17.25pt;\">\n<td class=\"et3\" style=\"height: 17.25pt; width: 125.00pt;\" width=\"166\" height=\"23\">Hersteller<\/td>\n<td class=\"et3\" style=\"width: 234.15pt;\" width=\"312\">HanYu<\/td>\n<\/tr>\n<tr style=\"height: 17.25pt;\">\n<td class=\"et3\" style=\"height: 17.25pt;\" height=\"23\">Modell Nr.<\/td>\n<td class=\"et4\">HY-8064-45D100<\/td>\n<\/tr>\n<tr style=\"height: 17.25pt;\">\n<td class=\"et3\" style=\"height: 17.25pt;\" height=\"23\">Typ<\/td>\n<td class=\"et5\" style=\"width: 234.15pt;\" width=\"312\">Marmorsp\u00fclen<\/td>\n<\/tr>\n<tr style=\"height: 18.00pt;\">\n<td class=\"et3\" style=\"height: 18.00pt;\" height=\"24\">Form<\/td>\n<td class=\"et3\">Quadratische Form<\/td>\n<\/tr>\n<tr style=\"height: 34.50pt;\">\n<td class=\"et4\" style=\"height: 34.50pt;\" height=\"46\">Farbe<\/td>\n<td class=\"et5\" style=\"width: 234.15pt;\" width=\"312\">Gr\u00fcn<\/td>\n<\/tr>\n<tr style=\"height: 18.00pt;\">\n<td class=\"et3\" style=\"height: 18.00pt;\" height=\"24\">Dimension<\/td>\n<td class=\"et5\" style=\"width: 234.15pt;\" width=\"312\">45*38*11<\/td>\n<\/tr>\n<tr style=\"height: 17.25pt;\">\n<td class=\"et3\" style=\"height: 17.25pt;\" height=\"23\">N.W \/SET<\/td>\n<td class=\"et3\">10KGS\/PCS<\/td>\n<\/tr>\n<tr style=\"height: 17.25pt;\">\n<td class=\"et3\" style=\"height: 17.25pt;\" height=\"23\">MOQ<\/td>\n<td class=\"et3\">20St\u00fcck<\/td>\n<\/tr>\n<tr style=\"height: 17.25pt;\">\n<td class=\"et3\" style=\"height: 17.25pt;\" height=\"23\">Benutzerdefinierte Option<\/td>\n<td class=\"et3\">Farbe\/Muster\/Gr\u00f6\u00dfe\/Logo\/Verpackung<\/td>\n<\/tr>\n<\/tbody>\n<\/table>","protected":false},"featured_media":5785,"comment_status":"closed","ping_status":"closed","template":"","meta":{"_acf_changed":false},"product_brand":[],"product_cat":[54,50],"product_tag":[],"class_list":{"0":"post-5783","1":"product","2":"type-product","3":"status-publish","4":"has-post-thumbnail","6":"product_cat-wholesale-marble-sinks","7":"product_cat-wholesale-countertop-sinks","9":"first","10":"instock","11":"shipping-taxable","12":"product-type-simple"},"acf":[],"_links":{"self":[{"href":"https:\/\/www.ceramicbasin.com\/de\/wp-json\/wp\/v2\/product\/5783","targetHints":{"allow":["GET"]}}],"collection":[{"href":"https:\/\/www.ceramicbasin.com\/de\/wp-json\/wp\/v2\/product"}],"about":[{"href":"https:\/\/www.ceramicbasin.com\/de\/wp-json\/wp\/v2\/types\/product"}],"replies":[{"embeddable":true,"href":"https:\/\/www.ceramicbasin.com\/de\/wp-json\/wp\/v2\/comments?post=5783"}],"wp:featuredmedia":[{"embeddable":true,"href":"https:\/\/www.ceramicbasin.com\/de\/wp-json\/wp\/v2\/media\/5785"}],"wp:attachment":[{"href":"https:\/\/www.ceramicbasin.com\/de\/wp-json\/wp\/v2\/media?parent=5783"}],"wp:term":[{"taxonomy":"product_brand","embeddable":true,"href":"https:\/\/www.ceramicbasin.com\/de\/wp-json\/wp\/v2\/product_brand?post=5783"},{"taxonomy":"product_cat","embeddable":true,"href":"https:\/\/www.ceramicbasin.com\/de\/wp-json\/wp\/v2\/product_cat?post=5783"},{"taxonomy":"product_tag","embeddable":true,"href":"https:\/\/www.ceramicbasin.com\/de\/wp-json\/wp\/v2\/product_tag?post=5783"}],"curies":[{"name":"wp","href":"https:\/\/api.w.org\/{rel}","templated":true}]}}