{"id":5792,"date":"2024-12-12T09:05:35","date_gmt":"2024-12-12T09:05:35","guid":{"rendered":"https:\/\/www.ceramicbasin.com\/?post_type=product&#038;p=5792"},"modified":"2025-10-23T10:02:46","modified_gmt":"2025-10-23T10:02:46","slug":"wholesale-ceramic-washbasins","status":"publish","type":"product","link":"https:\/\/www.ceramicbasin.com\/de\/produkt\/wholesale-ceramic-washbasins\/","title":{"rendered":"Gro\u00dfhandel keramische Waschbecken, Marmor-Look Eitelkeit Waschbecken"},"content":{"rendered":"<div class=\"wp-block-columns is-layout-flex wp-container-core-columns-is-layout-9d6595d7 wp-block-columns-is-layout-flex\">\n<div class=\"wp-block-column is-layout-flow wp-block-column-is-layout-flow\">\n<h2 class=\"wp-block-heading\">Premium Gro\u00dfhandel Keramik Waschbecken Merkmale:<\/h2>\n\n\n\n<ul class=\"wp-block-list\">\n<li><strong>Breiter Anwendungsbereich: <\/strong>Unsere Gro\u00dfhandels-Keramikwaschbecken eignen sich nicht mehr nur f\u00fcr private Badezimmer, sondern auch f\u00fcr Hochgeschwindigkeits-Bahnh\u00f6fe, U-Bahn-Stationen sowie Einkaufszentren, Restaurantb\u00e4der, Krankenh\u00e4user und andere Orte.<\/li>\n\n\n\n<li><strong>Farbenfroh: <\/strong>Die Textur unserer Marmor-Look Gro\u00dfhandel Eitelkeit Waschbecken wird durch Wasser-Transfer-Prozess auf der Grundlage einer gew\u00f6hnlichen hellen wei\u00dfen Becken, die sch\u00f6n und langlebig ist gemacht. Wir haben mehr als 100 Farben und Muster f\u00fcr Ihre Auswahl. Und alle Waschbecken Gro\u00dfhandel Modelle k\u00f6nnen in Farbe und Textur angepasst werden.<\/li>\n\n\n\n<li><strong>Einfache Installation: <\/strong>Das Design f\u00fcr die Montage \u00fcber der Theke sorgt daf\u00fcr, dass diese Gro\u00dfhandelskeramik-Waschtische einfach und problemlos sowohl bei Neubauten als auch bei Badrenovierungen installiert werden k\u00f6nnen.<\/li>\n\n\n\n<li><strong>Gro\u00dfe Produktionskapazit\u00e4t: <\/strong>Unser gro\u00dfes Lager enth\u00e4lt verschiedene Arten von Marmor Textur Gro\u00dfhandel Eitelkeit Waschbecken. W\u00e4hlen Sie die Elemente, die in der Produktion sind, haben wir genug wei\u00dfe Becken, Marmor Farbe Becken zu machen, w\u00fcrde die Versandzeit viel k\u00fcrzer sein.<\/li>\n<\/ul>\n<\/div>\n\n\n\n<div class=\"wp-block-column is-layout-flow wp-block-column-is-layout-flow\">\n<figure class=\"wp-block-image size-full\"><img fetchpriority=\"high\" decoding=\"async\" width=\"980\" height=\"1351\" src=\"https:\/\/www.ceramicbasin.com\/wp-content\/uploads\/2024\/12\/Cabinet-Ceramic-Basin-6.jpg\" alt=\"Gro\u00dfhandel keramische Waschbecken, Marmor Badezimmer Eitelkeit Waschbecken-1\" class=\"wp-image-5793\" srcset=\"https:\/\/www.ceramicbasin.com\/wp-content\/uploads\/2024\/12\/Cabinet-Ceramic-Basin-6.jpg 980w, https:\/\/www.ceramicbasin.com\/wp-content\/uploads\/2024\/12\/Cabinet-Ceramic-Basin-6-218x300.jpg 218w, https:\/\/www.ceramicbasin.com\/wp-content\/uploads\/2024\/12\/Cabinet-Ceramic-Basin-6-768x1059.jpg 768w, https:\/\/www.ceramicbasin.com\/wp-content\/uploads\/2024\/12\/Cabinet-Ceramic-Basin-6-9x12.jpg 9w, https:\/\/www.ceramicbasin.com\/wp-content\/uploads\/2024\/12\/Cabinet-Ceramic-Basin-6-285x393.jpg 285w, https:\/\/www.ceramicbasin.com\/wp-content\/uploads\/2024\/12\/Cabinet-Ceramic-Basin-6-479x660.jpg 479w, https:\/\/www.ceramicbasin.com\/wp-content\/uploads\/2024\/12\/Cabinet-Ceramic-Basin-6-109x150.jpg 109w\" sizes=\"(max-width: 980px) 100vw, 980px\" \/><\/figure>\n<\/div>\n<\/div>\n\n\n\n<p><\/p>","protected":false},"excerpt":{"rendered":"<p>Willkommen im Gro\u00dfhandel Keramik Waschbecken zu kaufen. Unsere Marmor Textur Gro\u00dfhandel Waschbecken sind geeignet f\u00fcr Hochgeschwindigkeits-Bahnh\u00f6fe, U-Bahn-Stationen und Einkaufszentren, Restaurant B\u00e4der und Krankenh\u00e4user. Die Gro\u00dfhandel Badezimmer Waschbecken sind einfach zu installieren, ohne \u00c4rger f\u00fcr neue Konstruktionen oder Bad Renovierungen.<\/p>\n<table style=\"border-collapse: collapse; width: 358.52pt;\" border=\"0\" width=\"478\" cellspacing=\"0\" cellpadding=\"0\">\n<tbody>\n<tr style=\"height: 17.25pt;\">\n<td class=\"et3\" style=\"height: 17.25pt; width: 125.00pt;\" width=\"166\" height=\"23\">Hersteller<\/td>\n<td class=\"et3\" style=\"width: 234.15pt;\" width=\"312\">HanYu<\/td>\n<\/tr>\n<tr style=\"height: 17.25pt;\">\n<td class=\"et3\" style=\"height: 17.25pt;\" height=\"23\">Modell Nr.<\/td>\n<td class=\"et4\">HY-8065-55D136<\/td>\n<\/tr>\n<tr style=\"height: 17.25pt;\">\n<td class=\"et3\" style=\"height: 17.25pt;\" height=\"23\">Typ<\/td>\n<td class=\"et5\" style=\"width: 234.15pt;\" width=\"312\">Marmorsp\u00fcle, Aufsatzsp\u00fcle<\/td>\n<\/tr>\n<tr style=\"height: 18.00pt;\">\n<td class=\"et3\" style=\"height: 18.00pt;\" height=\"24\">Form<\/td>\n<td class=\"et3\">Rechteckige Form<\/td>\n<\/tr>\n<tr style=\"height: 34.50pt;\">\n<td class=\"et4\" style=\"height: 34.50pt;\" height=\"46\">Farbe<\/td>\n<td class=\"et5\" style=\"width: 234.15pt;\" width=\"312\">Marmor Schwarz<\/td>\n<\/tr>\n<tr style=\"height: 18.00pt;\">\n<td class=\"et3\" style=\"height: 18.00pt;\" height=\"24\">Dimension<\/td>\n<td class=\"et5\" style=\"width: 234.15pt;\" width=\"312\">55*45*11<\/td>\n<\/tr>\n<tr style=\"height: 17.25pt;\">\n<td class=\"et3\" style=\"height: 17.25pt;\" height=\"23\">N.W \/SET<\/td>\n<td class=\"et3\">13 KGS\/PCS<\/td>\n<\/tr>\n<tr style=\"height: 17.25pt;\">\n<td class=\"et3\" style=\"height: 17.25pt;\" height=\"23\">MOQ<\/td>\n<td class=\"et3\">20St\u00fcck<\/td>\n<\/tr>\n<tr style=\"height: 17.25pt;\">\n<td class=\"et3\" style=\"height: 17.25pt;\" height=\"23\">Benutzerdefinierte Option<\/td>\n<td class=\"et3\">Farbe\/Muster\/Gr\u00f6\u00dfe\/Logo\/Verpackung<\/td>\n<\/tr>\n<\/tbody>\n<\/table>","protected":false},"featured_media":5794,"comment_status":"closed","ping_status":"closed","template":"","meta":{"_acf_changed":false},"product_brand":[],"product_cat":[50,54],"product_tag":[],"class_list":{"0":"post-5792","1":"product","2":"type-product","3":"status-publish","4":"has-post-thumbnail","6":"product_cat-wholesale-countertop-sinks","7":"product_cat-wholesale-marble-sinks","9":"first","10":"instock","11":"shipping-taxable","12":"product-type-simple"},"acf":[],"_links":{"self":[{"href":"https:\/\/www.ceramicbasin.com\/de\/wp-json\/wp\/v2\/product\/5792","targetHints":{"allow":["GET"]}}],"collection":[{"href":"https:\/\/www.ceramicbasin.com\/de\/wp-json\/wp\/v2\/product"}],"about":[{"href":"https:\/\/www.ceramicbasin.com\/de\/wp-json\/wp\/v2\/types\/product"}],"replies":[{"embeddable":true,"href":"https:\/\/www.ceramicbasin.com\/de\/wp-json\/wp\/v2\/comments?post=5792"}],"wp:featuredmedia":[{"embeddable":true,"href":"https:\/\/www.ceramicbasin.com\/de\/wp-json\/wp\/v2\/media\/5794"}],"wp:attachment":[{"href":"https:\/\/www.ceramicbasin.com\/de\/wp-json\/wp\/v2\/media?parent=5792"}],"wp:term":[{"taxonomy":"product_brand","embeddable":true,"href":"https:\/\/www.ceramicbasin.com\/de\/wp-json\/wp\/v2\/product_brand?post=5792"},{"taxonomy":"product_cat","embeddable":true,"href":"https:\/\/www.ceramicbasin.com\/de\/wp-json\/wp\/v2\/product_cat?post=5792"},{"taxonomy":"product_tag","embeddable":true,"href":"https:\/\/www.ceramicbasin.com\/de\/wp-json\/wp\/v2\/product_tag?post=5792"}],"curies":[{"name":"wp","href":"https:\/\/api.w.org\/{rel}","templated":true}]}}