{"id":5824,"date":"2024-12-19T07:25:22","date_gmt":"2024-12-19T07:25:22","guid":{"rendered":"https:\/\/www.ceramicbasin.com\/?post_type=product&#038;p=5824"},"modified":"2024-12-20T09:56:51","modified_gmt":"2024-12-20T09:56:51","slug":"wholesale-small-bathroom-sinks","status":"publish","type":"product","link":"https:\/\/www.ceramicbasin.com\/de\/produkt\/wholesale-small-bathroom-sinks\/","title":{"rendered":"Nordic Wholesale Kleine Badezimmer Waschbecken, Wandh\u00e4ngende Waschbecken"},"content":{"rendered":"<div class=\"wp-block-columns is-layout-flex wp-container-core-columns-is-layout-9d6595d7 wp-block-columns-is-layout-flex\">\n<div class=\"wp-block-column is-layout-flow wp-block-column-is-layout-flow\">\n<h2 class=\"wp-block-heading\">Premium Gro\u00dfhandel kleine Badezimmer Waschbecken Merkmale<\/h2>\n\n\n\n<ul class=\"wp-block-list\">\n<li><strong>Nordisches minimalistisches Design: <\/strong>Unsere kleinen Waschbecken im Gro\u00dfhandel sind im nordischen minimalistischen Design gehalten, frisch und modern, und bringen Mode und Geschmack in Ihr Badezimmer.<\/li>\n\n\n\n<li><strong>Platzsparend: <\/strong>Aufgrund seiner kompakten Gr\u00f6\u00dfe und Wandmontage Design, Gro\u00dfhandel Eitelkeit Waschbecken k\u00f6nnen mehr Platz zu sparen. Es eignet sich f\u00fcr kleine B\u00e4der, um das Badezimmer-Layout zu optimieren und die Gesamtnutzung zu verbessern.<\/li>\n\n\n\n<li><strong>Hochwertiges keramisches Material: <\/strong>Unsere Gro\u00dfhandel kleinen Bad Waschbecken sind mit hochwertigen keramischen Material in Gl\u00e4tte, Kratzfestigkeit, und Leichtigkeit zu reinigen, um zu garantieren, dass das Waschbecken nicht verformt oder verblasst nach einer langen Zeit verwenden, aber es bleibt stark genug und leicht zu pflegen.<\/li>\n\n\n\n<li><strong>Anwendbar f\u00fcr mehrere Orte: <\/strong>Unsere Gro\u00dfhandelswaschbecken k\u00f6nnen nicht nur in Haushaltsb\u00e4dern, sondern auch in \u00f6ffentlichen B\u00e4dern in Hotels oder Gewerbebetrieben installiert werden, um den Raum effektiv zu nutzen und ein komfortables Baden zu erm\u00f6glichen.<\/li>\n<\/ul>\n<\/div>\n\n\n\n<div class=\"wp-block-column is-layout-flow wp-block-column-is-layout-flow\">\n<figure class=\"wp-block-image size-full\"><img fetchpriority=\"high\" decoding=\"async\" width=\"800\" height=\"800\" src=\"https:\/\/www.ceramicbasin.com\/wp-content\/uploads\/2024\/12\/wall-hung-bathroom-sinkwall-mount-vanitysinks-for-bathroom1.webp\" alt=\"Nordic Wholesale Kleine Waschbecken f\u00fcr Badezimmer, Wandh\u00e4ngende Waschbecken-1\" class=\"wp-image-5825\" srcset=\"https:\/\/www.ceramicbasin.com\/wp-content\/uploads\/2024\/12\/wall-hung-bathroom-sinkwall-mount-vanitysinks-for-bathroom1.webp 800w, https:\/\/www.ceramicbasin.com\/wp-content\/uploads\/2024\/12\/wall-hung-bathroom-sinkwall-mount-vanitysinks-for-bathroom1-300x300.webp 300w, https:\/\/www.ceramicbasin.com\/wp-content\/uploads\/2024\/12\/wall-hung-bathroom-sinkwall-mount-vanitysinks-for-bathroom1-150x150.webp 150w, https:\/\/www.ceramicbasin.com\/wp-content\/uploads\/2024\/12\/wall-hung-bathroom-sinkwall-mount-vanitysinks-for-bathroom1-768x768.webp 768w, https:\/\/www.ceramicbasin.com\/wp-content\/uploads\/2024\/12\/wall-hung-bathroom-sinkwall-mount-vanitysinks-for-bathroom1-12x12.webp 12w, https:\/\/www.ceramicbasin.com\/wp-content\/uploads\/2024\/12\/wall-hung-bathroom-sinkwall-mount-vanitysinks-for-bathroom1-285x285.webp 285w, https:\/\/www.ceramicbasin.com\/wp-content\/uploads\/2024\/12\/wall-hung-bathroom-sinkwall-mount-vanitysinks-for-bathroom1-270x270.webp 270w, https:\/\/www.ceramicbasin.com\/wp-content\/uploads\/2024\/12\/wall-hung-bathroom-sinkwall-mount-vanitysinks-for-bathroom1-540x540.webp 540w, https:\/\/www.ceramicbasin.com\/wp-content\/uploads\/2024\/12\/wall-hung-bathroom-sinkwall-mount-vanitysinks-for-bathroom1-660x660.webp 660w\" sizes=\"(max-width: 800px) 100vw, 800px\" \/><\/figure>\n<\/div>\n<\/div>","protected":false},"excerpt":{"rendered":"<p>Willkommen zum Kauf Gro\u00dfhandel Eitelkeit Waschbecken. Unser Gro\u00dfhandel kleine Bad Waschbecken nehmen eine einfache nordische Design, die Integration von modernen \u00e4sthetischen Gef\u00fchl und Funktionalit\u00e4t, und ist geeignet f\u00fcr kleine B\u00e4der. Das wandmontierte Design spart Platz und bietet eine bequeme Reinigung und Verwendung Erfahrung.<\/p>\n<table style=\"border-collapse: collapse; width: 358.52pt;\" border=\"0\" width=\"478\" cellspacing=\"0\" cellpadding=\"0\">\n<tbody>\n<tr style=\"height: 17.25pt;\">\n<td class=\"et3\" style=\"height: 17.25pt; width: 125.00pt;\" width=\"166\" height=\"23\">Hersteller<\/td>\n<td class=\"et3\" style=\"width: 234.15pt;\" width=\"312\">HanYu<\/td>\n<\/tr>\n<tr style=\"height: 17.25pt;\">\n<td class=\"et3\" style=\"height: 17.25pt;\" height=\"23\">Modell Nr.<\/td>\n<td class=\"et4\">HY-3041L<\/td>\n<\/tr>\n<tr style=\"height: 17.25pt;\">\n<td class=\"et3\" style=\"height: 17.25pt;\" height=\"23\">Typ<\/td>\n<td class=\"et5\" style=\"width: 234.15pt;\" width=\"312\">Wandmontierte Waschbecken<\/td>\n<\/tr>\n<tr style=\"height: 18.00pt;\">\n<td class=\"et3\" style=\"height: 18.00pt;\" height=\"24\">Form<\/td>\n<td class=\"et3\">Unregelm\u00e4\u00dfige Form<\/td>\n<\/tr>\n<tr style=\"height: 34.50pt;\">\n<td class=\"et4\" style=\"height: 34.50pt;\" height=\"46\">Farbe<\/td>\n<td class=\"et5\" style=\"width: 234.15pt;\" width=\"312\">schwarz\/wei\u00df\/blau\/grau\/rosa\/gr\u00fcn\/braun\/khaki<\/td>\n<\/tr>\n<tr style=\"height: 18.00pt;\">\n<td class=\"et3\" style=\"height: 18.00pt;\" height=\"24\">Dimension<\/td>\n<td class=\"et5\" style=\"width: 234.15pt;\" width=\"312\">41*27*14<\/td>\n<\/tr>\n<tr style=\"height: 17.25pt;\">\n<td class=\"et3\" style=\"height: 17.25pt;\" height=\"23\">N.W \/SET<\/td>\n<td class=\"et3\">9KGS\/PCS<\/td>\n<\/tr>\n<tr style=\"height: 17.25pt;\">\n<td class=\"et3\" style=\"height: 17.25pt;\" height=\"23\">MOQ<\/td>\n<td class=\"et3\">20St\u00fcck<\/td>\n<\/tr>\n<tr style=\"height: 17.25pt;\">\n<td class=\"et3\" style=\"height: 17.25pt;\" height=\"23\">Benutzerdefinierte Option<\/td>\n<td class=\"et3\">Farbe\/Muster\/Gr\u00f6\u00dfe\/Logo\/Verpackung<\/td>\n<\/tr>\n<\/tbody>\n<\/table>","protected":false},"featured_media":5828,"comment_status":"closed","ping_status":"closed","template":"","meta":{"_acf_changed":false},"product_brand":[],"product_cat":[57,56],"product_tag":[],"class_list":{"0":"post-5824","1":"product","2":"type-product","3":"status-publish","4":"has-post-thumbnail","6":"product_cat-wholesale-wall-mounted-sinks","7":"product_cat-wholesale-small-bathroom-sinks","9":"first","10":"instock","11":"shipping-taxable","12":"product-type-simple"},"acf":[],"_links":{"self":[{"href":"https:\/\/www.ceramicbasin.com\/de\/wp-json\/wp\/v2\/product\/5824","targetHints":{"allow":["GET"]}}],"collection":[{"href":"https:\/\/www.ceramicbasin.com\/de\/wp-json\/wp\/v2\/product"}],"about":[{"href":"https:\/\/www.ceramicbasin.com\/de\/wp-json\/wp\/v2\/types\/product"}],"replies":[{"embeddable":true,"href":"https:\/\/www.ceramicbasin.com\/de\/wp-json\/wp\/v2\/comments?post=5824"}],"wp:featuredmedia":[{"embeddable":true,"href":"https:\/\/www.ceramicbasin.com\/de\/wp-json\/wp\/v2\/media\/5828"}],"wp:attachment":[{"href":"https:\/\/www.ceramicbasin.com\/de\/wp-json\/wp\/v2\/media?parent=5824"}],"wp:term":[{"taxonomy":"product_brand","embeddable":true,"href":"https:\/\/www.ceramicbasin.com\/de\/wp-json\/wp\/v2\/product_brand?post=5824"},{"taxonomy":"product_cat","embeddable":true,"href":"https:\/\/www.ceramicbasin.com\/de\/wp-json\/wp\/v2\/product_cat?post=5824"},{"taxonomy":"product_tag","embeddable":true,"href":"https:\/\/www.ceramicbasin.com\/de\/wp-json\/wp\/v2\/product_tag?post=5824"}],"curies":[{"name":"wp","href":"https:\/\/api.w.org\/{rel}","templated":true}]}}