{"id":5838,"date":"2024-12-19T08:43:11","date_gmt":"2024-12-19T08:43:11","guid":{"rendered":"https:\/\/www.ceramicbasin.com\/?post_type=product&#038;p=5838"},"modified":"2024-12-20T09:23:07","modified_gmt":"2024-12-20T09:23:07","slug":"wholesale-modern-wall-mount-sinks","status":"publish","type":"product","link":"https:\/\/www.ceramicbasin.com\/de\/produkt\/wholesale-modern-wall-mount-sinks\/","title":{"rendered":"Gro\u00dfhandel moderne Wandmontage Waschbecken, dekorative keramische Waschbecken"},"content":{"rendered":"<div class=\"wp-block-columns is-layout-flex wp-container-core-columns-is-layout-9d6595d7 wp-block-columns-is-layout-flex\">\n<div class=\"wp-block-column is-layout-flow wp-block-column-is-layout-flow\">\n<h2 class=\"wp-block-heading\">Premium Gro\u00dfhandel Moderne Wandmontage Waschbecken Merkmale<\/h2>\n\n\n\n<ul class=\"wp-block-list\">\n<li><strong>Gro\u00dfe Produktionskapazit\u00e4t: <\/strong>Unser gro\u00dfes Lager enth\u00e4lt verschiedene Arten von Gro\u00dfhandel moderne Wandmontage Waschbecken. W\u00e4hlen Sie die Artikel, die auf Produktion sind, haben wir genug wei\u00dfe Becken, Marmor Farbe Becken zu machen, w\u00fcrde die Versandzeit viel k\u00fcrzer sein.<\/li>\n\n\n\n<li><strong>Einfache Installation: <\/strong>Diese f\u00fcr die Wandmontage konzipierten Keramikwaschbecken sind einfach zu installieren und bieten eine problemlose L\u00f6sung sowohl f\u00fcr Neubauten als auch f\u00fcr Badrenovierungen.<\/li>\n\n\n\n<li><strong>Preisvorteil:<\/strong> Wir bieten Gro\u00dfhandelsbestellungen f\u00fcr moderne Wandsp\u00fclen, die nicht nur erschwinglich sind, sondern auch schnell geliefert werden k\u00f6nnen. Sie eignen sich f\u00fcr kommerzielle Projekte und gro\u00df angelegte Wohndekorationen und erf\u00fcllen die Anforderungen an hohe Effizienz und niedrige Kosten.<\/li>\n\n\n\n<li><strong>Hei\u00dfer Verkauf:<\/strong> Dieses keramische Waschbecken im Gro\u00dfhandel wird vom Markt wegen seiner Langlebigkeit, der einheitlichen Farbe, der einfachen Reinigung und Pflege und der hohen Kostenleistung gut angenommen.<\/li>\n<\/ul>\n<\/div>\n\n\n\n<div class=\"wp-block-column is-layout-flow wp-block-column-is-layout-flow\">\n<figure class=\"wp-block-image size-full\"><img fetchpriority=\"high\" decoding=\"async\" width=\"800\" height=\"800\" src=\"https:\/\/www.ceramicbasin.com\/wp-content\/uploads\/2024\/12\/ceramic-wall-hung-wash-basinwall-mount-bathroom-basinvanity-sinks-for-bathroom1.webp\" alt=\"Gro\u00dfhandel Moderne Wandmontage Waschbecken, dekorative Keramik Waschbecken-1\" class=\"wp-image-5839\" srcset=\"https:\/\/www.ceramicbasin.com\/wp-content\/uploads\/2024\/12\/ceramic-wall-hung-wash-basinwall-mount-bathroom-basinvanity-sinks-for-bathroom1.webp 800w, https:\/\/www.ceramicbasin.com\/wp-content\/uploads\/2024\/12\/ceramic-wall-hung-wash-basinwall-mount-bathroom-basinvanity-sinks-for-bathroom1-300x300.webp 300w, https:\/\/www.ceramicbasin.com\/wp-content\/uploads\/2024\/12\/ceramic-wall-hung-wash-basinwall-mount-bathroom-basinvanity-sinks-for-bathroom1-150x150.webp 150w, https:\/\/www.ceramicbasin.com\/wp-content\/uploads\/2024\/12\/ceramic-wall-hung-wash-basinwall-mount-bathroom-basinvanity-sinks-for-bathroom1-768x768.webp 768w, https:\/\/www.ceramicbasin.com\/wp-content\/uploads\/2024\/12\/ceramic-wall-hung-wash-basinwall-mount-bathroom-basinvanity-sinks-for-bathroom1-12x12.webp 12w, https:\/\/www.ceramicbasin.com\/wp-content\/uploads\/2024\/12\/ceramic-wall-hung-wash-basinwall-mount-bathroom-basinvanity-sinks-for-bathroom1-285x285.webp 285w, https:\/\/www.ceramicbasin.com\/wp-content\/uploads\/2024\/12\/ceramic-wall-hung-wash-basinwall-mount-bathroom-basinvanity-sinks-for-bathroom1-270x270.webp 270w, https:\/\/www.ceramicbasin.com\/wp-content\/uploads\/2024\/12\/ceramic-wall-hung-wash-basinwall-mount-bathroom-basinvanity-sinks-for-bathroom1-540x540.webp 540w, https:\/\/www.ceramicbasin.com\/wp-content\/uploads\/2024\/12\/ceramic-wall-hung-wash-basinwall-mount-bathroom-basinvanity-sinks-for-bathroom1-660x660.webp 660w\" sizes=\"(max-width: 800px) 100vw, 800px\" \/><\/figure>\n<\/div>\n<\/div>\n\n\n\n<p><\/p>","protected":false},"excerpt":{"rendered":"<p>Willkommen zum Kauf Waschbecken Gro\u00dfhandel. Unsere modernen Wandwaschbecken f\u00fcr den Gro\u00dfhandel sind einfach zu installieren und eignen sich f\u00fcr Neubauten und Renovierungen. Gro\u00dfbestellungen sind erschwinglich, schnell und ideal f\u00fcr kommerzielle und gro\u00dfe Wohnprojekte, die hohe Effizienz und niedrige Kosten gew\u00e4hrleisten.<\/p>\n<table style=\"border-collapse: collapse; width: 358.52pt;\" border=\"0\" width=\"478\" cellspacing=\"0\" cellpadding=\"0\">\n<tbody>\n<tr style=\"height: 17.25pt;\">\n<td class=\"et3\" style=\"height: 17.25pt; width: 125.00pt;\" width=\"166\" height=\"23\">Hersteller<\/td>\n<td class=\"et3\" style=\"width: 234.15pt;\" width=\"312\">HanYu<\/td>\n<\/tr>\n<tr style=\"height: 17.25pt;\">\n<td class=\"et3\" style=\"height: 17.25pt;\" height=\"23\">Modell Nr.<\/td>\n<td class=\"et4\">HY-3046<\/td>\n<\/tr>\n<tr style=\"height: 17.25pt;\">\n<td class=\"et3\" style=\"height: 17.25pt;\" height=\"23\">Typ<\/td>\n<td class=\"et5\" style=\"width: 234.15pt;\" width=\"312\">Waschbecken f\u00fcr die Wandmontage\uff0cKleine Waschbecken f\u00fcr das Badezimmer<\/td>\n<\/tr>\n<tr style=\"height: 18.00pt;\">\n<td class=\"et3\" style=\"height: 18.00pt;\" height=\"24\">Form<\/td>\n<td class=\"et3\">Unregelm\u00e4\u00dfige Form<\/td>\n<\/tr>\n<tr style=\"height: 34.50pt;\">\n<td class=\"et4\" style=\"height: 34.50pt;\" height=\"46\">Farbe<\/td>\n<td class=\"et5\" style=\"width: 234.15pt;\" width=\"312\">schwarz\/wei\u00df\/blau\/grau\/rosa\/gr\u00fcn\/braun\/khaki<\/td>\n<\/tr>\n<tr style=\"height: 18.00pt;\">\n<td class=\"et3\" style=\"height: 18.00pt;\" height=\"24\">Dimension<\/td>\n<td class=\"et5\" style=\"width: 234.15pt;\" width=\"312\">41.5*29*14.5<\/td>\n<\/tr>\n<tr style=\"height: 17.25pt;\">\n<td class=\"et3\" style=\"height: 17.25pt;\" height=\"23\">N.W \/SET<\/td>\n<td class=\"et3\">10KGS\/PCS<\/td>\n<\/tr>\n<tr style=\"height: 17.25pt;\">\n<td class=\"et3\" style=\"height: 17.25pt;\" height=\"23\">MOQ<\/td>\n<td class=\"et3\">20St\u00fcck<\/td>\n<\/tr>\n<tr style=\"height: 17.25pt;\">\n<td class=\"et3\" style=\"height: 17.25pt;\" height=\"23\">Benutzerdefinierte Option<\/td>\n<td class=\"et3\">Farbe\/Muster\/Gr\u00f6\u00dfe\/Logo\/Verpackung<\/td>\n<\/tr>\n<\/tbody>\n<\/table>","protected":false},"featured_media":5842,"comment_status":"closed","ping_status":"closed","template":"","meta":{"_acf_changed":false},"product_brand":[],"product_cat":[57],"product_tag":[],"class_list":{"0":"post-5838","1":"product","2":"type-product","3":"status-publish","4":"has-post-thumbnail","6":"product_cat-wholesale-wall-mounted-sinks","8":"first","9":"instock","10":"shipping-taxable","11":"product-type-simple"},"acf":[],"_links":{"self":[{"href":"https:\/\/www.ceramicbasin.com\/de\/wp-json\/wp\/v2\/product\/5838","targetHints":{"allow":["GET"]}}],"collection":[{"href":"https:\/\/www.ceramicbasin.com\/de\/wp-json\/wp\/v2\/product"}],"about":[{"href":"https:\/\/www.ceramicbasin.com\/de\/wp-json\/wp\/v2\/types\/product"}],"replies":[{"embeddable":true,"href":"https:\/\/www.ceramicbasin.com\/de\/wp-json\/wp\/v2\/comments?post=5838"}],"wp:featuredmedia":[{"embeddable":true,"href":"https:\/\/www.ceramicbasin.com\/de\/wp-json\/wp\/v2\/media\/5842"}],"wp:attachment":[{"href":"https:\/\/www.ceramicbasin.com\/de\/wp-json\/wp\/v2\/media?parent=5838"}],"wp:term":[{"taxonomy":"product_brand","embeddable":true,"href":"https:\/\/www.ceramicbasin.com\/de\/wp-json\/wp\/v2\/product_brand?post=5838"},{"taxonomy":"product_cat","embeddable":true,"href":"https:\/\/www.ceramicbasin.com\/de\/wp-json\/wp\/v2\/product_cat?post=5838"},{"taxonomy":"product_tag","embeddable":true,"href":"https:\/\/www.ceramicbasin.com\/de\/wp-json\/wp\/v2\/product_tag?post=5838"}],"curies":[{"name":"wp","href":"https:\/\/api.w.org\/{rel}","templated":true}]}}