{"id":5845,"date":"2024-12-19T08:48:16","date_gmt":"2024-12-19T08:48:16","guid":{"rendered":"https:\/\/www.ceramicbasin.com\/?post_type=product&#038;p=5845"},"modified":"2024-12-20T09:13:38","modified_gmt":"2024-12-20T09:13:38","slug":"wholesale-wall-mount-bathroom-sink","status":"publish","type":"product","link":"https:\/\/www.ceramicbasin.com\/de\/produkt\/wholesale-wall-mount-bathroom-sink\/","title":{"rendered":"Kleine Gro\u00dfhandel Wandmontage Badezimmer Waschbecken, Wand geh\u00e4ngt keramischen Becken"},"content":{"rendered":"<div class=\"wp-block-columns is-layout-flex wp-container-core-columns-is-layout-9d6595d7 wp-block-columns-is-layout-flex\">\n<div class=\"wp-block-column is-layout-flow wp-block-column-is-layout-flow\">\n<h2 class=\"wp-block-heading\">Premium Gro\u00dfhandel Wandmontage Waschbecken Eigenschaften<\/h2>\n\n\n\n<ul class=\"wp-block-list\">\n<li><strong>Gro\u00dfe Produktionskapazit\u00e4t: <\/strong>Unser gro\u00dfes Lager enth\u00e4lt verschiedene Arten von Gro\u00dfhandel Wandhalterung Bad Waschbecken. W\u00e4hlen Sie die Elemente, die auf Produktion sind, haben wir genug wei\u00dfe Becken, Marmor Farbe Becken zu machen, w\u00fcrde die Versandzeit viel k\u00fcrzer sein.<\/li>\n\n\n\n<li><strong>Weich und zart: <\/strong>Unsere Waschbecken im Gro\u00dfhandel haben eine glatte, empfindliche Oberfl\u00e4che, die sich leicht reinigen l\u00e4sst, und sind widerstandsf\u00e4hig gegen Abnutzung und Flecken, die bei t\u00e4glichem Gebrauch entstehen, so dass sie lange wie neu aussehen.<\/li>\n\n\n\n<li><strong>Wandmontierte Installation: <\/strong>Das wandmontierte Design macht unser Gro\u00dfhandels-Wandwaschbecken nicht nur platzsparend, sondern erm\u00f6glicht auch eine einfache Reinigung des Bodens darunter, so dass es sauber bleibt und die Umgebung erfrischt.<\/li>\n\n\n\n<li>Hei\u00dfe Verk\u00e4ufe: Wegen seiner Haltbarkeit, einheitliche Farbe, und einfache Wartung und Reinigung, diese Keramik Waschbecken Gro\u00dfhandel ist gut auf dem Markt neben mit einem hohen Kosten Leistung.<\/li>\n<\/ul>\n<\/div>\n\n\n\n<div class=\"wp-block-column is-layout-flow wp-block-column-is-layout-flow\">\n<figure class=\"wp-block-image size-full\"><img fetchpriority=\"high\" decoding=\"async\" width=\"800\" height=\"800\" src=\"https:\/\/www.ceramicbasin.com\/wp-content\/uploads\/2024\/12\/basin-bathroom-sinkwall-mounted-vanitywall-mounted-wash-hand-basin1.webp\" alt=\"Kleine Gro\u00dfhandel Wandmontage Badezimmer Waschbecken, Wand geh\u00e4ngt keramischen Basin-1\" class=\"wp-image-5846\" srcset=\"https:\/\/www.ceramicbasin.com\/wp-content\/uploads\/2024\/12\/basin-bathroom-sinkwall-mounted-vanitywall-mounted-wash-hand-basin1.webp 800w, https:\/\/www.ceramicbasin.com\/wp-content\/uploads\/2024\/12\/basin-bathroom-sinkwall-mounted-vanitywall-mounted-wash-hand-basin1-300x300.webp 300w, https:\/\/www.ceramicbasin.com\/wp-content\/uploads\/2024\/12\/basin-bathroom-sinkwall-mounted-vanitywall-mounted-wash-hand-basin1-150x150.webp 150w, https:\/\/www.ceramicbasin.com\/wp-content\/uploads\/2024\/12\/basin-bathroom-sinkwall-mounted-vanitywall-mounted-wash-hand-basin1-768x768.webp 768w, https:\/\/www.ceramicbasin.com\/wp-content\/uploads\/2024\/12\/basin-bathroom-sinkwall-mounted-vanitywall-mounted-wash-hand-basin1-12x12.webp 12w, https:\/\/www.ceramicbasin.com\/wp-content\/uploads\/2024\/12\/basin-bathroom-sinkwall-mounted-vanitywall-mounted-wash-hand-basin1-285x285.webp 285w, https:\/\/www.ceramicbasin.com\/wp-content\/uploads\/2024\/12\/basin-bathroom-sinkwall-mounted-vanitywall-mounted-wash-hand-basin1-270x270.webp 270w, https:\/\/www.ceramicbasin.com\/wp-content\/uploads\/2024\/12\/basin-bathroom-sinkwall-mounted-vanitywall-mounted-wash-hand-basin1-540x540.webp 540w, https:\/\/www.ceramicbasin.com\/wp-content\/uploads\/2024\/12\/basin-bathroom-sinkwall-mounted-vanitywall-mounted-wash-hand-basin1-660x660.webp 660w\" sizes=\"(max-width: 800px) 100vw, 800px\" \/><\/figure>\n<\/div>\n<\/div>\n\n\n\n<p><\/p>","protected":false},"excerpt":{"rendered":"<p>Willkommen zum Kauf Waschbecken Gro\u00dfhandel. Unser Gro\u00dfhandel Wandmontage Bad Waschbecken verf\u00fcgt \u00fcber eine glatte, zarte Oberfl\u00e4che f\u00fcr einfache Reinigung, und es ist resistent gegen Verschlei\u00df und Flecken. Das wandmontierte Design spart Platz, hilft bei der Bodenreinigung und schafft eine aufger\u00e4umte, erfrischende Umgebung. \u00c4u\u00dferst langlebig, einheitlich in der Farbe und kosteng\u00fcnstig, sind diese Gro\u00dfhandelskeramikbecken der Renner auf dem Markt.<\/p>\n<table style=\"border-collapse: collapse; width: 358.52pt;\" border=\"0\" width=\"478\" cellspacing=\"0\" cellpadding=\"0\">\n<tbody>\n<tr style=\"height: 17.25pt;\">\n<td class=\"et3\" style=\"height: 17.25pt; width: 125.00pt;\" width=\"166\" height=\"23\">Hersteller<\/td>\n<td class=\"et3\" style=\"width: 234.15pt;\" width=\"312\">HanYu<\/td>\n<\/tr>\n<tr style=\"height: 17.25pt;\">\n<td class=\"et3\" style=\"height: 17.25pt;\" height=\"23\">Modell Nr.<\/td>\n<td class=\"et4\">HY-3054L<\/td>\n<\/tr>\n<tr style=\"height: 17.25pt;\">\n<td class=\"et3\" style=\"height: 17.25pt;\" height=\"23\">Typ<\/td>\n<td class=\"et5\" style=\"width: 234.15pt;\" width=\"312\">Wandmontierte Waschbecken<\/td>\n<\/tr>\n<tr style=\"height: 18.00pt;\">\n<td class=\"et3\" style=\"height: 18.00pt;\" height=\"24\">Form<\/td>\n<td class=\"et3\">Unregelm\u00e4\u00dfige Form<\/td>\n<\/tr>\n<tr style=\"height: 34.50pt;\">\n<td class=\"et4\" style=\"height: 34.50pt;\" height=\"46\">Farbe<\/td>\n<td class=\"et5\" style=\"width: 234.15pt;\" width=\"312\">schwarz\/wei\u00df\/blau\/grau\/rosa\/gr\u00fcn\/braun\/khaki<\/td>\n<\/tr>\n<tr style=\"height: 18.00pt;\">\n<td class=\"et3\" style=\"height: 18.00pt;\" height=\"24\">Dimension<\/td>\n<td class=\"et5\" style=\"width: 234.15pt;\" width=\"312\">45*27.5*15<\/td>\n<\/tr>\n<tr style=\"height: 17.25pt;\">\n<td class=\"et3\" style=\"height: 17.25pt;\" height=\"23\">N.W \/SET<\/td>\n<td class=\"et3\">10KGS\/PCS<\/td>\n<\/tr>\n<tr style=\"height: 17.25pt;\">\n<td class=\"et3\" style=\"height: 17.25pt;\" height=\"23\">MOQ<\/td>\n<td class=\"et3\">20St\u00fcck<\/td>\n<\/tr>\n<tr style=\"height: 17.25pt;\">\n<td class=\"et3\" style=\"height: 17.25pt;\" height=\"23\">Benutzerdefinierte Option<\/td>\n<td class=\"et3\">Farbe\/Muster\/Gr\u00f6\u00dfe\/Logo\/Verpackung<\/td>\n<\/tr>\n<\/tbody>\n<\/table>","protected":false},"featured_media":5848,"comment_status":"closed","ping_status":"closed","template":"","meta":{"_acf_changed":false},"product_brand":[],"product_cat":[57,56],"product_tag":[],"class_list":{"0":"post-5845","1":"product","2":"type-product","3":"status-publish","4":"has-post-thumbnail","6":"product_cat-wholesale-wall-mounted-sinks","7":"product_cat-wholesale-small-bathroom-sinks","9":"first","10":"instock","11":"shipping-taxable","12":"product-type-simple"},"acf":[],"_links":{"self":[{"href":"https:\/\/www.ceramicbasin.com\/de\/wp-json\/wp\/v2\/product\/5845","targetHints":{"allow":["GET"]}}],"collection":[{"href":"https:\/\/www.ceramicbasin.com\/de\/wp-json\/wp\/v2\/product"}],"about":[{"href":"https:\/\/www.ceramicbasin.com\/de\/wp-json\/wp\/v2\/types\/product"}],"replies":[{"embeddable":true,"href":"https:\/\/www.ceramicbasin.com\/de\/wp-json\/wp\/v2\/comments?post=5845"}],"wp:featuredmedia":[{"embeddable":true,"href":"https:\/\/www.ceramicbasin.com\/de\/wp-json\/wp\/v2\/media\/5848"}],"wp:attachment":[{"href":"https:\/\/www.ceramicbasin.com\/de\/wp-json\/wp\/v2\/media?parent=5845"}],"wp:term":[{"taxonomy":"product_brand","embeddable":true,"href":"https:\/\/www.ceramicbasin.com\/de\/wp-json\/wp\/v2\/product_brand?post=5845"},{"taxonomy":"product_cat","embeddable":true,"href":"https:\/\/www.ceramicbasin.com\/de\/wp-json\/wp\/v2\/product_cat?post=5845"},{"taxonomy":"product_tag","embeddable":true,"href":"https:\/\/www.ceramicbasin.com\/de\/wp-json\/wp\/v2\/product_tag?post=5845"}],"curies":[{"name":"wp","href":"https:\/\/api.w.org\/{rel}","templated":true}]}}