{"id":5865,"date":"2024-12-27T04:12:09","date_gmt":"2024-12-27T04:12:09","guid":{"rendered":"https:\/\/www.ceramicbasin.com\/?post_type=product&#038;p=5865"},"modified":"2025-10-24T02:31:06","modified_gmt":"2025-10-24T02:31:06","slug":"custom-countertop-sinks","status":"publish","type":"product","link":"https:\/\/www.ceramicbasin.com\/de\/produkt\/custom-countertop-sinks\/","title":{"rendered":"Benutzerdefinierte Arbeitsplatte Waschbecken, Mattschwarz Gef\u00e4\u00df Waschbecken Gro\u00dfhandel"},"content":{"rendered":"<div class=\"wp-block-columns is-layout-flex wp-container-core-columns-is-layout-9d6595d7 wp-block-columns-is-layout-flex\">\n<div class=\"wp-block-column is-layout-flow wp-block-column-is-layout-flow\">\n<h2 class=\"wp-block-heading\">Premium Custom Countertop Sp\u00fclen Merkmale<\/h2>\n\n\n\n<ul class=\"wp-block-list\">\n<li><strong>Modedesign: <\/strong>Unsere ma\u00dfgefertigten Porzellanwaschbecken haben ein modernes und modisches Design mit glatten Linien, eignen sich f\u00fcr verschiedene Badezimmergrundrisse und werten den Raum insgesamt auf.<\/li>\n\n\n\n<li><strong>Hochwertiges keramisches Material: <\/strong>Dieses keramische Gef\u00e4\u00df Waschbecken Gro\u00dfhandel ist aus hochwertigem Glas mit hoher Transparenz und zarte Textur, die hervorragende visuelle Effekte und ein modernes Gef\u00fchl, die Gew\u00e4hrleistung der Haltbarkeit und Sch\u00f6nheit des Produkts gemacht.<\/li>\n\n\n\n<li><strong>Preisvorteil im Gro\u00dfhandel:<\/strong>\u00a0Als Hersteller von Waschbecken nach Ma\u00df bietet HanYu sehr wettbewerbsf\u00e4hige Gro\u00dfhandelspreise an, und bei Gro\u00dfeink\u00e4ufen gibt es weitere Rabatte, so dass hochwertige Badaccessoires Ihre ideale Wahl unter Kostenkontrolle sind.<\/li>\n\n\n\n<li><strong>Ma\u00dfgeschneiderter High-End-Service:\u00a0<\/strong>Geben Sie benutzerdefinierte Keramik Gef\u00e4\u00df Waschbecken Gro\u00dfhandel Service, um sicherzustellen, dass jedes Bad Waschbecken entspricht Ihrem Bad Design und schafft einen exklusiven Stil.<\/li>\n<\/ul>\n<\/div>\n\n\n\n<div class=\"wp-block-column is-layout-flow wp-block-column-is-layout-flow\">\n<figure class=\"wp-block-image size-full\"><img fetchpriority=\"high\" decoding=\"async\" width=\"1000\" height=\"1000\" src=\"https:\/\/www.ceramicbasin.com\/wp-content\/uploads\/2024\/12\/Oval-Vessel-Sink-Matt-Black-Counter-Top-Ceramic-Basin-6.webp\" alt=\"Benutzerdefinierte Arbeitsplatte Waschbecken, Oval Matt Schwarz Vessel Waschbecken Gro\u00dfhandel-1\" class=\"wp-image-5886\" srcset=\"https:\/\/www.ceramicbasin.com\/wp-content\/uploads\/2024\/12\/Oval-Vessel-Sink-Matt-Black-Counter-Top-Ceramic-Basin-6.webp 1000w, https:\/\/www.ceramicbasin.com\/wp-content\/uploads\/2024\/12\/Oval-Vessel-Sink-Matt-Black-Counter-Top-Ceramic-Basin-6-300x300.webp 300w, https:\/\/www.ceramicbasin.com\/wp-content\/uploads\/2024\/12\/Oval-Vessel-Sink-Matt-Black-Counter-Top-Ceramic-Basin-6-150x150.webp 150w, https:\/\/www.ceramicbasin.com\/wp-content\/uploads\/2024\/12\/Oval-Vessel-Sink-Matt-Black-Counter-Top-Ceramic-Basin-6-768x768.webp 768w, https:\/\/www.ceramicbasin.com\/wp-content\/uploads\/2024\/12\/Oval-Vessel-Sink-Matt-Black-Counter-Top-Ceramic-Basin-6-12x12.webp 12w, https:\/\/www.ceramicbasin.com\/wp-content\/uploads\/2024\/12\/Oval-Vessel-Sink-Matt-Black-Counter-Top-Ceramic-Basin-6-285x285.webp 285w, https:\/\/www.ceramicbasin.com\/wp-content\/uploads\/2024\/12\/Oval-Vessel-Sink-Matt-Black-Counter-Top-Ceramic-Basin-6-270x270.webp 270w, https:\/\/www.ceramicbasin.com\/wp-content\/uploads\/2024\/12\/Oval-Vessel-Sink-Matt-Black-Counter-Top-Ceramic-Basin-6-540x540.webp 540w, https:\/\/www.ceramicbasin.com\/wp-content\/uploads\/2024\/12\/Oval-Vessel-Sink-Matt-Black-Counter-Top-Ceramic-Basin-6-660x660.webp 660w\" sizes=\"(max-width: 1000px) 100vw, 1000px\" \/><\/figure>\n<\/div>\n<\/div>","protected":false},"excerpt":{"rendered":"<p>Willkommen auf benutzerdefinierte Arbeitsplatte Waschbecken zu kaufen. Unsere Keramikgef\u00e4\u00df Waschbecken Gro\u00dfhandel zeichnet sich durch seine exquisite Design und hochwertige Keramik-Materialien, so dass es eine ideale Wahl f\u00fcr die Dekoration des Badezimmers. Wir bieten auch kundenspezifische Dienstleistungen an, so dass Sie die Produktdetails entsprechend den Projektanforderungen anpassen k\u00f6nnen, um eine perfekte \u00dcbereinstimmung im Design zu erreichen.<\/p>\n<table style=\"border-collapse: collapse; width: 311.02pt;\" border=\"0\" width=\"311\" cellspacing=\"0\" cellpadding=\"0\">\n<tbody>\n<tr style=\"height: 17.60pt;\">\n<td class=\"et3\" style=\"height: 17.60pt; width: 108.35pt;\" width=\"108\" height=\"17\">Hersteller<\/td>\n<td class=\"et3\" style=\"width: 202.95pt;\" width=\"202\">HanYu<\/td>\n<\/tr>\n<tr style=\"height: 17.60pt;\">\n<td class=\"et3\" style=\"height: 17.60pt;\" height=\"17\">Modell Nr.<\/td>\n<td class=\"et4\">HY3020MB<\/td>\n<\/tr>\n<tr style=\"height: 36.00pt;\">\n<td class=\"et3\" style=\"height: 36.00pt;\" height=\"36\">Typ<\/td>\n<td class=\"et5\" style=\"width: 202.95pt;\" width=\"202\">\u00a0Mattes Waschbecken, Aufsatzbecken<\/td>\n<\/tr>\n<tr style=\"height: 17.60pt;\">\n<td class=\"et3\" style=\"height: 17.60pt;\" height=\"17\">Form<\/td>\n<td class=\"et3\">Ovale Form<\/td>\n<\/tr>\n<tr style=\"height: 18.00pt;\">\n<td class=\"et4\" style=\"height: 18.00pt;\" height=\"18\">Farbe<\/td>\n<td class=\"et5\" style=\"width: 202.95pt;\" width=\"202\">Mattschwarz<\/td>\n<\/tr>\n<tr style=\"height: 18.00pt;\">\n<td class=\"et3\" style=\"height: 18.00pt;\" height=\"18\">Dimension<\/td>\n<td class=\"et5\" style=\"width: 202.95pt;\" width=\"202\">40*33*14.5<\/td>\n<\/tr>\n<tr style=\"height: 17.60pt;\">\n<td class=\"et3\" style=\"height: 17.60pt;\" height=\"17\">N.W \/SET<\/td>\n<td class=\"et3\">6KGS\/PCS<\/td>\n<\/tr>\n<tr style=\"height: 17.60pt;\">\n<td class=\"et3\" style=\"height: 17.60pt;\" height=\"17\">MOQ<\/td>\n<td class=\"et3\">20St\u00fcck<\/td>\n<\/tr>\n<tr style=\"height: 17.60pt;\">\n<td class=\"et3\" style=\"height: 17.60pt;\" height=\"17\">Benutzerdefinierte Option<\/td>\n<td class=\"et3\">Farbe\/Muster\/Gr\u00f6\u00dfe\/Logo\/Verpackung<\/td>\n<\/tr>\n<\/tbody>\n<\/table>","protected":false},"featured_media":5881,"comment_status":"closed","ping_status":"closed","template":"","meta":{"_acf_changed":false},"product_brand":[],"product_cat":[50,55],"product_tag":[],"class_list":{"0":"post-5865","1":"product","2":"type-product","3":"status-publish","4":"has-post-thumbnail","6":"product_cat-wholesale-countertop-sinks","7":"product_cat-wholesale-matte-sinks","9":"first","10":"instock","11":"shipping-taxable","12":"product-type-simple"},"acf":[],"_links":{"self":[{"href":"https:\/\/www.ceramicbasin.com\/de\/wp-json\/wp\/v2\/product\/5865","targetHints":{"allow":["GET"]}}],"collection":[{"href":"https:\/\/www.ceramicbasin.com\/de\/wp-json\/wp\/v2\/product"}],"about":[{"href":"https:\/\/www.ceramicbasin.com\/de\/wp-json\/wp\/v2\/types\/product"}],"replies":[{"embeddable":true,"href":"https:\/\/www.ceramicbasin.com\/de\/wp-json\/wp\/v2\/comments?post=5865"}],"wp:featuredmedia":[{"embeddable":true,"href":"https:\/\/www.ceramicbasin.com\/de\/wp-json\/wp\/v2\/media\/5881"}],"wp:attachment":[{"href":"https:\/\/www.ceramicbasin.com\/de\/wp-json\/wp\/v2\/media?parent=5865"}],"wp:term":[{"taxonomy":"product_brand","embeddable":true,"href":"https:\/\/www.ceramicbasin.com\/de\/wp-json\/wp\/v2\/product_brand?post=5865"},{"taxonomy":"product_cat","embeddable":true,"href":"https:\/\/www.ceramicbasin.com\/de\/wp-json\/wp\/v2\/product_cat?post=5865"},{"taxonomy":"product_tag","embeddable":true,"href":"https:\/\/www.ceramicbasin.com\/de\/wp-json\/wp\/v2\/product_tag?post=5865"}],"curies":[{"name":"wp","href":"https:\/\/api.w.org\/{rel}","templated":true}]}}