{"id":5874,"date":"2024-12-27T04:17:36","date_gmt":"2024-12-27T04:17:36","guid":{"rendered":"https:\/\/www.ceramicbasin.com\/?post_type=product&#038;p=5874"},"modified":"2024-12-27T04:17:38","modified_gmt":"2024-12-27T04:17:38","slug":"custom-commercial-sinks","status":"publish","type":"product","link":"https:\/\/www.ceramicbasin.com\/de\/produkt\/custom-commercial-sinks\/","title":{"rendered":"Kundenspezifische kommerzielle Waschbecken, stilvolle mattschwarze Waschbecken Gro\u00dfhandel"},"content":{"rendered":"<div class=\"wp-block-columns is-layout-flex wp-container-core-columns-is-layout-9d6595d7 wp-block-columns-is-layout-flex\">\n<div class=\"wp-block-column is-layout-flow wp-block-column-is-layout-flow\">\n<h2 class=\"wp-block-heading\">Premium Custom Commercial Sinks Merkmale:<\/h2>\n\n\n\n<ul class=\"wp-block-list\">\n<li><strong>Hochwertiges keramisches Material: <\/strong>Unsere mattschwarzen Gewerbesp\u00fclen werden aus ausgew\u00e4hlten, hochwertigen keramischen Materialien hergestellt, die daf\u00fcr sorgen, dass das Becken so sch\u00f6n ist, wie es sein sollte, und dabei sehr langlebig und fleckenbest\u00e4ndig.<\/li>\n\n\n\n<li><strong>Matte Oberfl\u00e4chenbehandlung:<\/strong> Es ist die einzigartige matte Oberfl\u00e4chenbehandlung, die diesem mattschwarzen Waschbecken-Gro\u00dfhandel Weichheit in der Ber\u00fchrung und zur\u00fcckhaltenden Luxus verleiht.<\/li>\n\n\n\n<li><strong>Langlebig und leicht zu reinigen: <\/strong>F\u00fcr unsere matten Gewerbesp\u00fclen wird hochwertige Keramik verwendet, um sicherzustellen, dass die Sp\u00fcle robust und langlebig ist, w\u00e4hrend die matte Oberfl\u00e4che leicht zu reinigen ist und eine lang anhaltende Sch\u00f6nheit bewahrt.<\/li>\n\n\n\n<li><strong>Rabatt bei Gro\u00dfeinkauf: <\/strong>Wir laden Sie ein, unsere mattschwarzen Waschbecken im Gro\u00dfhandel zu kaufen, um sicherzustellen, dass Sie qualitativ hochwertige Produkte zu einem wettbewerbsf\u00e4higen Preis erhalten, die f\u00fcr gro\u00dfe Projekte oder Ketteneinrichtungen geeignet sind.<\/li>\n<\/ul>\n<\/div>\n\n\n\n<div class=\"wp-block-column is-layout-flow wp-block-column-is-layout-flow\">\n<figure class=\"wp-block-image size-full\"><img fetchpriority=\"high\" decoding=\"async\" width=\"1000\" height=\"1000\" src=\"https:\/\/www.ceramicbasin.com\/wp-content\/uploads\/2024\/12\/Rectangular-Shape-Matt-Black-Custom-Wholesale-Above-Counter-Sink-5.webp\" alt=\"Benutzerdefinierte kommerzielle Sp\u00fclen, stilvolle mattschwarze Sp\u00fcle Gro\u00dfhandel-1\" class=\"wp-image-5879\" srcset=\"https:\/\/www.ceramicbasin.com\/wp-content\/uploads\/2024\/12\/Rectangular-Shape-Matt-Black-Custom-Wholesale-Above-Counter-Sink-5.webp 1000w, https:\/\/www.ceramicbasin.com\/wp-content\/uploads\/2024\/12\/Rectangular-Shape-Matt-Black-Custom-Wholesale-Above-Counter-Sink-5-300x300.webp 300w, https:\/\/www.ceramicbasin.com\/wp-content\/uploads\/2024\/12\/Rectangular-Shape-Matt-Black-Custom-Wholesale-Above-Counter-Sink-5-150x150.webp 150w, https:\/\/www.ceramicbasin.com\/wp-content\/uploads\/2024\/12\/Rectangular-Shape-Matt-Black-Custom-Wholesale-Above-Counter-Sink-5-768x768.webp 768w, https:\/\/www.ceramicbasin.com\/wp-content\/uploads\/2024\/12\/Rectangular-Shape-Matt-Black-Custom-Wholesale-Above-Counter-Sink-5-12x12.webp 12w, https:\/\/www.ceramicbasin.com\/wp-content\/uploads\/2024\/12\/Rectangular-Shape-Matt-Black-Custom-Wholesale-Above-Counter-Sink-5-285x285.webp 285w, https:\/\/www.ceramicbasin.com\/wp-content\/uploads\/2024\/12\/Rectangular-Shape-Matt-Black-Custom-Wholesale-Above-Counter-Sink-5-270x270.webp 270w, https:\/\/www.ceramicbasin.com\/wp-content\/uploads\/2024\/12\/Rectangular-Shape-Matt-Black-Custom-Wholesale-Above-Counter-Sink-5-540x540.webp 540w, https:\/\/www.ceramicbasin.com\/wp-content\/uploads\/2024\/12\/Rectangular-Shape-Matt-Black-Custom-Wholesale-Above-Counter-Sink-5-660x660.webp 660w\" sizes=\"(max-width: 1000px) 100vw, 1000px\" \/><\/figure>\n<\/div>\n<\/div>","protected":false},"excerpt":{"rendered":"<p>Willkommen zu kaufen benutzerdefinierte kommerzielle Waschbecken. Diese keramischen mattschwarzen Waschbecken Gro\u00dfhandel sind direkt von unserer Fabrik geliefert, stark reduziert Ihre Einkaufskosten. Unsere Gro\u00dfhandel Keramikbecken sind aus hochwertigem Ton gefertigt und bei hohen Temperaturen gebrannt. Wir bieten Gro\u00dfhandelsrabatte auf dieses beliebte Design, um die Bed\u00fcrfnisse von kommerziellen Projekten oder gro\u00dfen Wohn-Renovierungen zu erf\u00fcllen.<\/p>\n<table style=\"border-collapse: collapse; width: 311.02pt;\" border=\"0\" width=\"311\" cellspacing=\"0\" cellpadding=\"0\">\n<tbody>\n<tr style=\"height: 17.60pt;\">\n<td class=\"et3\" style=\"height: 17.60pt; width: 108.35pt;\" width=\"108\" height=\"17\">Hersteller<\/td>\n<td class=\"et3\" style=\"width: 202.95pt;\" width=\"202\">HanYu<\/td>\n<\/tr>\n<tr style=\"height: 17.60pt;\">\n<td class=\"et3\" style=\"height: 17.60pt;\" height=\"17\">Modell Nr.<\/td>\n<td class=\"et4\">HY-4005MB<\/td>\n<\/tr>\n<tr style=\"height: 17.60pt;\">\n<td class=\"et3\" style=\"height: 17.60pt;\" height=\"17\">Typ<\/td>\n<td class=\"et3\">Mattes Waschbecken, Aufsatzbecken<\/td>\n<\/tr>\n<tr style=\"height: 17.60pt;\">\n<td class=\"et3\" style=\"height: 17.60pt;\" height=\"17\">Form<\/td>\n<td class=\"et3\">Rechteckige Form<\/td>\n<\/tr>\n<tr style=\"height: 36.00pt;\">\n<td class=\"et4\" style=\"height: 36.00pt;\" height=\"36\">Farbe<\/td>\n<td class=\"et5\" style=\"width: 202.95pt;\" width=\"202\">Schwarz\/Wei\u00df\/Blau\/Grau\/Rosa\/Gr\u00fcn\/Braun\/Khaki......<\/td>\n<\/tr>\n<tr style=\"height: 18.00pt;\">\n<td class=\"et3\" style=\"height: 18.00pt;\" height=\"18\">Dimension<\/td>\n<td class=\"et5\" style=\"width: 202.95pt;\" width=\"202\">58*37*12<\/td>\n<\/tr>\n<tr style=\"height: 17.60pt;\">\n<td class=\"et3\" style=\"height: 17.60pt;\" height=\"17\">N.W \/SET<\/td>\n<td class=\"et3\">9KGS\/PCS<\/td>\n<\/tr>\n<tr style=\"height: 17.60pt;\">\n<td class=\"et3\" style=\"height: 17.60pt;\" height=\"17\">MOQ<\/td>\n<td class=\"et3\">20St\u00fcck<\/td>\n<\/tr>\n<tr style=\"height: 17.60pt;\">\n<td class=\"et3\" style=\"height: 17.60pt;\" height=\"17\">Benutzerdefinierte Option<\/td>\n<td class=\"et3\">Farbe\/Muster\/Gr\u00f6\u00dfe\/Logo\/Verpackung<\/td>\n<\/tr>\n<\/tbody>\n<\/table>\n<p>&nbsp;<\/p>","protected":false},"featured_media":5875,"comment_status":"closed","ping_status":"closed","template":"","meta":{"_acf_changed":false},"product_brand":[],"product_cat":[50,55],"product_tag":[],"class_list":{"0":"post-5874","1":"product","2":"type-product","3":"status-publish","4":"has-post-thumbnail","6":"product_cat-wholesale-countertop-sinks","7":"product_cat-wholesale-matte-sinks","9":"first","10":"instock","11":"shipping-taxable","12":"product-type-simple"},"acf":[],"_links":{"self":[{"href":"https:\/\/www.ceramicbasin.com\/de\/wp-json\/wp\/v2\/product\/5874","targetHints":{"allow":["GET"]}}],"collection":[{"href":"https:\/\/www.ceramicbasin.com\/de\/wp-json\/wp\/v2\/product"}],"about":[{"href":"https:\/\/www.ceramicbasin.com\/de\/wp-json\/wp\/v2\/types\/product"}],"replies":[{"embeddable":true,"href":"https:\/\/www.ceramicbasin.com\/de\/wp-json\/wp\/v2\/comments?post=5874"}],"wp:featuredmedia":[{"embeddable":true,"href":"https:\/\/www.ceramicbasin.com\/de\/wp-json\/wp\/v2\/media\/5875"}],"wp:attachment":[{"href":"https:\/\/www.ceramicbasin.com\/de\/wp-json\/wp\/v2\/media?parent=5874"}],"wp:term":[{"taxonomy":"product_brand","embeddable":true,"href":"https:\/\/www.ceramicbasin.com\/de\/wp-json\/wp\/v2\/product_brand?post=5874"},{"taxonomy":"product_cat","embeddable":true,"href":"https:\/\/www.ceramicbasin.com\/de\/wp-json\/wp\/v2\/product_cat?post=5874"},{"taxonomy":"product_tag","embeddable":true,"href":"https:\/\/www.ceramicbasin.com\/de\/wp-json\/wp\/v2\/product_tag?post=5874"}],"curies":[{"name":"wp","href":"https:\/\/api.w.org\/{rel}","templated":true}]}}