{"id":5894,"date":"2024-12-27T04:00:32","date_gmt":"2024-12-27T04:00:32","guid":{"rendered":"https:\/\/www.ceramicbasin.com\/?post_type=product&#038;p=5894"},"modified":"2024-12-27T04:00:50","modified_gmt":"2024-12-27T04:00:50","slug":"custom-sink-countertop","status":"publish","type":"product","link":"https:\/\/www.ceramicbasin.com\/de\/produkt\/custom-sink-countertop\/","title":{"rendered":"Benutzerdefinierte Waschbecken-Arbeitsplatte, runde Keramik-Badewanne Gro\u00dfhandel"},"content":{"rendered":"<div class=\"wp-block-columns is-layout-flex wp-container-core-columns-is-layout-9d6595d7 wp-block-columns-is-layout-flex\">\n<div class=\"wp-block-column is-layout-flow wp-block-column-is-layout-flow\">\n<h2 class=\"wp-block-heading\">Premium Custom Sink Countertop Features:<\/h2>\n\n\n\n<ul class=\"wp-block-list\">\n<li><strong>Matte Textur:<\/strong> Die matte Oberfl\u00e4chenbehandlung dieses ma\u00dfgefertigten Waschbeckens verleiht dem Becken eine zur\u00fcckhaltende moderne Ausstrahlung und einen zarten Touch. Es ist leicht zu reinigen und eignet sich f\u00fcr moderne Familien, die einen minimalistischen Stil verfolgen.<\/li>\n\n\n\n<li><strong>Hochwertige keramische Materialien: <\/strong>Unsere runden, matten Keramik-Badewannen im Gro\u00dfhandel sind aus hochwertigen Keramikmaterialien hergestellt, um sicherzustellen, dass die Wanne eine ausgezeichnete Haltbarkeit und Fleckenbest\u00e4ndigkeit aufweist.<\/li>\n\n\n\n<li><strong>Rabatt bei Gro\u00dfeinkauf: <\/strong>Als Hersteller von Waschbecken f\u00fcr Badezimmer bietet HanYu seinen Kunden qualitativ hochwertige und preisg\u00fcnstige Waschbecken an, die Ihnen helfen, die Beschaffungskosten zu senken.<\/li>\n\n\n\n<li><strong>Einfache Installation: <\/strong>Diese f\u00fcr die Aufbaumontage konzipierten keramischen Waschbecken aus dem Gro\u00dfhandel sind einfach zu installieren und bieten eine problemlose L\u00f6sung sowohl f\u00fcr Neubauten als auch f\u00fcr Badrenovierungen.<\/li>\n<\/ul>\n<\/div>\n\n\n\n<div class=\"wp-block-column is-layout-flow wp-block-column-is-layout-flow\">\n<figure class=\"wp-block-image size-full\"><img fetchpriority=\"high\" decoding=\"async\" width=\"1000\" height=\"1000\" src=\"https:\/\/www.ceramicbasin.com\/wp-content\/uploads\/2024\/12\/Round-Shape-Hot-Sale-Counter-Top-Bathroom-Ceramic-Basin-5.webp\" alt=\"Benutzerdefinierte Waschbecken-Arbeitsplatte, runde Keramik-Badewanne Gro\u00dfhandel-1\" class=\"wp-image-5899\" srcset=\"https:\/\/www.ceramicbasin.com\/wp-content\/uploads\/2024\/12\/Round-Shape-Hot-Sale-Counter-Top-Bathroom-Ceramic-Basin-5.webp 1000w, https:\/\/www.ceramicbasin.com\/wp-content\/uploads\/2024\/12\/Round-Shape-Hot-Sale-Counter-Top-Bathroom-Ceramic-Basin-5-300x300.webp 300w, https:\/\/www.ceramicbasin.com\/wp-content\/uploads\/2024\/12\/Round-Shape-Hot-Sale-Counter-Top-Bathroom-Ceramic-Basin-5-150x150.webp 150w, https:\/\/www.ceramicbasin.com\/wp-content\/uploads\/2024\/12\/Round-Shape-Hot-Sale-Counter-Top-Bathroom-Ceramic-Basin-5-768x768.webp 768w, https:\/\/www.ceramicbasin.com\/wp-content\/uploads\/2024\/12\/Round-Shape-Hot-Sale-Counter-Top-Bathroom-Ceramic-Basin-5-12x12.webp 12w, https:\/\/www.ceramicbasin.com\/wp-content\/uploads\/2024\/12\/Round-Shape-Hot-Sale-Counter-Top-Bathroom-Ceramic-Basin-5-285x285.webp 285w, https:\/\/www.ceramicbasin.com\/wp-content\/uploads\/2024\/12\/Round-Shape-Hot-Sale-Counter-Top-Bathroom-Ceramic-Basin-5-270x270.webp 270w, https:\/\/www.ceramicbasin.com\/wp-content\/uploads\/2024\/12\/Round-Shape-Hot-Sale-Counter-Top-Bathroom-Ceramic-Basin-5-540x540.webp 540w, https:\/\/www.ceramicbasin.com\/wp-content\/uploads\/2024\/12\/Round-Shape-Hot-Sale-Counter-Top-Bathroom-Ceramic-Basin-5-660x660.webp 660w\" sizes=\"(max-width: 1000px) 100vw, 1000px\" \/><\/figure>\n<\/div>\n<\/div>","protected":false},"excerpt":{"rendered":"<p>Willkommen zum Kauf Bad Waschbecken Gro\u00dfhandel. Das stromlinienf\u00f6rmige Aussehen Design und abgerundete Kanten Behandlung unserer benutzerdefinierten Waschbecken Arbeitsplatte zeigen au\u00dfergew\u00f6hnliche k\u00fcnstlerische Sch\u00f6nheit. Diese Gro\u00dfhandel Bad Waschbecken sind einfach zu installieren, bietet eine problemlose L\u00f6sung f\u00fcr beide neue Konstruktionen und Bad renoviert.Willkommen in unserem Bad Keramikbecken kauft.<\/p>\n<table style=\"border-collapse: collapse; width: 311.02pt;\" border=\"0\" width=\"311\" cellspacing=\"0\" cellpadding=\"0\">\n<tbody>\n<tr style=\"height: 17.60pt;\">\n<td class=\"et3\" style=\"height: 17.60pt; width: 108.35pt;\" width=\"108\" height=\"17\">Hersteller<\/td>\n<td class=\"et3\" style=\"width: 202.95pt;\" width=\"202\">HanYu<\/td>\n<\/tr>\n<tr style=\"height: 17.60pt;\">\n<td class=\"et3\" style=\"height: 17.60pt;\" height=\"17\">Modell Nr.<\/td>\n<td class=\"et4\">HY-8158MB<\/td>\n<\/tr>\n<tr style=\"height: 17.60pt;\">\n<td class=\"et3\" style=\"height: 17.60pt;\" height=\"17\">Typ<\/td>\n<td class=\"et3\">Mattes Waschbecken, Aufsatzbecken<\/td>\n<\/tr>\n<tr style=\"height: 17.60pt;\">\n<td class=\"et3\" style=\"height: 17.60pt;\" height=\"17\">Form<\/td>\n<td class=\"et3\">Runde Form<\/td>\n<\/tr>\n<tr style=\"height: 36.00pt;\">\n<td class=\"et4\" style=\"height: 36.00pt;\" height=\"36\">Farbe<\/td>\n<td class=\"et5\" style=\"width: 202.95pt;\" width=\"202\">Schwarz\/Wei\u00df\/Blau\/Grau\/Rosa\/Gr\u00fcn\/Braun\/Khaki......<\/td>\n<\/tr>\n<tr style=\"height: 18.00pt;\">\n<td class=\"et3\" style=\"height: 18.00pt;\" height=\"18\">Dimension<\/td>\n<td class=\"et5\" style=\"width: 202.95pt;\" width=\"202\">36*36*12<\/td>\n<\/tr>\n<tr style=\"height: 17.60pt;\">\n<td class=\"et3\" style=\"height: 17.60pt;\" height=\"17\">N.W \/SET<\/td>\n<td class=\"et3\">8KGS\/PCS<\/td>\n<\/tr>\n<tr style=\"height: 17.60pt;\">\n<td class=\"et3\" style=\"height: 17.60pt;\" height=\"17\">MOQ<\/td>\n<td class=\"et3\">20St\u00fcck<\/td>\n<\/tr>\n<tr style=\"height: 17.60pt;\">\n<td class=\"et3\" style=\"height: 17.60pt;\" height=\"17\">Benutzerdefinierte Option<\/td>\n<td class=\"et3\">Farbe\/Muster\/Gr\u00f6\u00dfe\/Logo\/Verpackung<\/td>\n<\/tr>\n<\/tbody>\n<\/table>","protected":false},"featured_media":5896,"comment_status":"closed","ping_status":"closed","template":"","meta":{"_acf_changed":false},"product_brand":[],"product_cat":[50,55],"product_tag":[],"class_list":{"0":"post-5894","1":"product","2":"type-product","3":"status-publish","4":"has-post-thumbnail","6":"product_cat-wholesale-countertop-sinks","7":"product_cat-wholesale-matte-sinks","9":"first","10":"instock","11":"shipping-taxable","12":"product-type-simple"},"acf":[],"_links":{"self":[{"href":"https:\/\/www.ceramicbasin.com\/de\/wp-json\/wp\/v2\/product\/5894","targetHints":{"allow":["GET"]}}],"collection":[{"href":"https:\/\/www.ceramicbasin.com\/de\/wp-json\/wp\/v2\/product"}],"about":[{"href":"https:\/\/www.ceramicbasin.com\/de\/wp-json\/wp\/v2\/types\/product"}],"replies":[{"embeddable":true,"href":"https:\/\/www.ceramicbasin.com\/de\/wp-json\/wp\/v2\/comments?post=5894"}],"wp:featuredmedia":[{"embeddable":true,"href":"https:\/\/www.ceramicbasin.com\/de\/wp-json\/wp\/v2\/media\/5896"}],"wp:attachment":[{"href":"https:\/\/www.ceramicbasin.com\/de\/wp-json\/wp\/v2\/media?parent=5894"}],"wp:term":[{"taxonomy":"product_brand","embeddable":true,"href":"https:\/\/www.ceramicbasin.com\/de\/wp-json\/wp\/v2\/product_brand?post=5894"},{"taxonomy":"product_cat","embeddable":true,"href":"https:\/\/www.ceramicbasin.com\/de\/wp-json\/wp\/v2\/product_cat?post=5894"},{"taxonomy":"product_tag","embeddable":true,"href":"https:\/\/www.ceramicbasin.com\/de\/wp-json\/wp\/v2\/product_tag?post=5894"}],"curies":[{"name":"wp","href":"https:\/\/api.w.org\/{rel}","templated":true}]}}