{"id":5944,"date":"2025-01-04T03:37:10","date_gmt":"2025-01-04T03:37:10","guid":{"rendered":"https:\/\/www.ceramicbasin.com\/?post_type=product&#038;p=5944"},"modified":"2025-01-04T03:37:12","modified_gmt":"2025-01-04T03:37:12","slug":"customized-wash-basin","status":"publish","type":"product","link":"https:\/\/www.ceramicbasin.com\/de\/produkt\/customized-wash-basin\/","title":{"rendered":"Silber Farbe angepasst Waschbecken, Gro\u00dfhandel Badezimmer Waschbecken"},"content":{"rendered":"<div class=\"wp-block-columns is-layout-flex wp-container-core-columns-is-layout-9d6595d7 wp-block-columns-is-layout-flex\">\n<div class=\"wp-block-column is-layout-flow wp-block-column-is-layout-flow\">\n<h2 class=\"wp-block-heading\">Premium-Waschtisch nach Ma\u00df Merkmale:<\/h2>\n\n\n\n<ul class=\"wp-block-list\">\n<li><strong>Arbeitsplatteninstallation Design:\u00a0<\/strong>Dieses galvanisierte, silberfarbene, ma\u00dfgeschneiderte Waschbecken ist so konzipiert, dass es auf der Arbeitsplatte installiert werden kann, was Platz spart und den t\u00e4glichen Gebrauch, die Reinigung sowie die Zweckm\u00e4\u00dfigkeit und Sch\u00f6nheit des gesamten Badezimmers erleichtert.<\/li>\n\n\n\n<li><strong>Hochwertige Materialien:\u00a0<\/strong>Diese Silber Gro\u00dfhandel Badezimmer Waschbecken sind von h\u00f6chster Qualit\u00e4t keramischen Materialien, um sicherzustellen, das Becken ist solide und langlebig, w\u00e4hrend seine \u00e4u\u00dfere Schicht hat eine glatte und leicht zu reinigen Silber galvanisiert Oberfl\u00e4che auf einer t\u00e4glichen Basis.<\/li>\n\n\n\n<li><strong>Schnelle Versorgung:\u00a0<\/strong>Als Hersteller kundenspezifischer Waschbecken verf\u00fcgen wir \u00fcber ein leistungsf\u00e4higes Produktions- und Logistiknetzwerk f\u00fcr Gro\u00dfhandelswaschbecken, das schnell auf Bestellungen reagieren und eine schnelle Produktlieferung f\u00fcr dringende Projektanforderungen gew\u00e4hrleisten kann.<\/li>\n\n\n\n<li><strong>Kosteng\u00fcnstig:\u00a0<\/strong>Wir bieten g\u00fcnstigere Preise f\u00fcr Gro\u00dfbestellungen von Badezimmerwaschbecken an, d.h. hohe Qualit\u00e4t, aber immer noch zu einem vern\u00fcnftigen Preis, damit Sie bei gro\u00dfen Projekten Kosten sparen k\u00f6nnen.<\/li>\n<\/ul>\n<\/div>\n\n\n\n<div class=\"wp-block-column is-layout-flow wp-block-column-is-layout-flow\">\n<figure class=\"wp-block-image size-full is-resized\"><img fetchpriority=\"high\" decoding=\"async\" width=\"600\" height=\"893\" src=\"https:\/\/www.ceramicbasin.com\/wp-content\/uploads\/2025\/01\/Electroplated-silver-color-washbasin-sink-supplier-5.webp\" alt=\"Silber Farbe angepasst Waschbecken, Gro\u00dfhandel Badezimmer Waschbecken-1\" class=\"wp-image-5943\" style=\"width:343px;height:auto\" srcset=\"https:\/\/www.ceramicbasin.com\/wp-content\/uploads\/2025\/01\/Electroplated-silver-color-washbasin-sink-supplier-5.webp 600w, https:\/\/www.ceramicbasin.com\/wp-content\/uploads\/2025\/01\/Electroplated-silver-color-washbasin-sink-supplier-5-202x300.webp 202w, https:\/\/www.ceramicbasin.com\/wp-content\/uploads\/2025\/01\/Electroplated-silver-color-washbasin-sink-supplier-5-8x12.webp 8w, https:\/\/www.ceramicbasin.com\/wp-content\/uploads\/2025\/01\/Electroplated-silver-color-washbasin-sink-supplier-5-285x424.webp 285w, https:\/\/www.ceramicbasin.com\/wp-content\/uploads\/2025\/01\/Electroplated-silver-color-washbasin-sink-supplier-5-443x660.webp 443w, https:\/\/www.ceramicbasin.com\/wp-content\/uploads\/2025\/01\/Electroplated-silver-color-washbasin-sink-supplier-5-101x150.webp 101w\" sizes=\"(max-width: 600px) 100vw, 600px\" \/><\/figure>\n<\/div>\n<\/div>","protected":false},"excerpt":{"rendered":"<p>Willkommen im Gro\u00dfhandel Bad Waschbecken zu kaufen. Unsere Silber ma\u00dfgeschneiderte Waschbecken ist aus hochwertigen keramischen Materialien hergestellt, um sicherzustellen, dass das Becken ist solide und langlebig. Als Hersteller von ma\u00dfgeschneiderten Waschbecken f\u00fcr das Badezimmer verf\u00fcgen wir \u00fcber ein leistungsf\u00e4higes Produktions- und Logistiknetzwerk f\u00fcr Gro\u00dfhandelswaschbecken, das schnell auf Bestellungen reagieren und eine schnelle Produktlieferung f\u00fcr dringende Projektanforderungen gew\u00e4hrleisten kann.<\/p>\n<table style=\"border-collapse: collapse; width: 358.52pt;\" border=\"0\" width=\"478\" cellspacing=\"0\" cellpadding=\"0\">\n<tbody>\n<tr style=\"height: 17.25pt;\">\n<td class=\"et3\" style=\"height: 17.25pt; width: 125.00pt;\" width=\"166\" height=\"23\">Hersteller<\/td>\n<td class=\"et3\" style=\"width: 234.15pt;\" width=\"312\">HanYu<\/td>\n<\/tr>\n<tr style=\"height: 17.25pt;\">\n<td class=\"et3\" style=\"height: 17.25pt;\" height=\"23\">Modell Nr.<\/td>\n<td class=\"et4\">HY-8184SY<\/td>\n<\/tr>\n<tr style=\"height: 17.25pt;\">\n<td class=\"et3\" style=\"height: 17.25pt;\" height=\"23\">Typ<\/td>\n<td class=\"et5\" style=\"width: 234.15pt;\" width=\"312\">Galvanisierte Sp\u00fclbecken<\/td>\n<\/tr>\n<tr style=\"height: 18.00pt;\">\n<td class=\"et3\" style=\"height: 18.00pt;\" height=\"24\">Form<\/td>\n<td class=\"et3\">HexagonShape<\/td>\n<\/tr>\n<tr style=\"height: 34.50pt;\">\n<td class=\"et4\" style=\"height: 34.50pt;\" height=\"46\">Farbe<\/td>\n<td class=\"et5\" style=\"width: 234.15pt;\" width=\"312\">schwarz\/wei\u00df\/blau\/grau\/rosa\/gr\u00fcn\/braun\/khaki<\/td>\n<\/tr>\n<tr style=\"height: 18.00pt;\">\n<td class=\"et3\" style=\"height: 18.00pt;\" height=\"24\">Dimension<\/td>\n<td class=\"et5\" style=\"width: 234.15pt;\" width=\"312\">47.5*35.5*11.5<\/td>\n<\/tr>\n<tr style=\"height: 17.25pt;\">\n<td class=\"et3\" style=\"height: 17.25pt;\" height=\"23\">N.W \/SET<\/td>\n<td class=\"et3\">8KGS\/PCS<\/td>\n<\/tr>\n<tr style=\"height: 17.25pt;\">\n<td class=\"et3\" style=\"height: 17.25pt;\" height=\"23\">MOQ<\/td>\n<td class=\"et3\">20St\u00fcck<\/td>\n<\/tr>\n<tr style=\"height: 17.25pt;\">\n<td class=\"et3\" style=\"height: 17.25pt;\" height=\"23\">Benutzerdefinierte Option<\/td>\n<td class=\"et3\">Farbe\/Muster\/Gr\u00f6\u00dfe\/Logo\/Verpackung<\/td>\n<\/tr>\n<\/tbody>\n<\/table>","protected":false},"featured_media":5939,"comment_status":"closed","ping_status":"closed","template":"","meta":{"_acf_changed":false},"product_brand":[],"product_cat":[50,53],"product_tag":[],"class_list":{"0":"post-5944","1":"product","2":"type-product","3":"status-publish","4":"has-post-thumbnail","6":"product_cat-wholesale-countertop-sinks","7":"product_cat-electroplated-bathroom-sinks","9":"first","10":"instock","11":"shipping-taxable","12":"product-type-simple"},"acf":[],"_links":{"self":[{"href":"https:\/\/www.ceramicbasin.com\/de\/wp-json\/wp\/v2\/product\/5944","targetHints":{"allow":["GET"]}}],"collection":[{"href":"https:\/\/www.ceramicbasin.com\/de\/wp-json\/wp\/v2\/product"}],"about":[{"href":"https:\/\/www.ceramicbasin.com\/de\/wp-json\/wp\/v2\/types\/product"}],"replies":[{"embeddable":true,"href":"https:\/\/www.ceramicbasin.com\/de\/wp-json\/wp\/v2\/comments?post=5944"}],"wp:featuredmedia":[{"embeddable":true,"href":"https:\/\/www.ceramicbasin.com\/de\/wp-json\/wp\/v2\/media\/5939"}],"wp:attachment":[{"href":"https:\/\/www.ceramicbasin.com\/de\/wp-json\/wp\/v2\/media?parent=5944"}],"wp:term":[{"taxonomy":"product_brand","embeddable":true,"href":"https:\/\/www.ceramicbasin.com\/de\/wp-json\/wp\/v2\/product_brand?post=5944"},{"taxonomy":"product_cat","embeddable":true,"href":"https:\/\/www.ceramicbasin.com\/de\/wp-json\/wp\/v2\/product_cat?post=5944"},{"taxonomy":"product_tag","embeddable":true,"href":"https:\/\/www.ceramicbasin.com\/de\/wp-json\/wp\/v2\/product_tag?post=5944"}],"curies":[{"name":"wp","href":"https:\/\/api.w.org\/{rel}","templated":true}]}}