{"id":5945,"date":"2025-01-04T03:43:55","date_gmt":"2025-01-04T03:43:55","guid":{"rendered":"https:\/\/www.ceramicbasin.com\/?post_type=product&#038;p=5945"},"modified":"2025-01-04T03:43:57","modified_gmt":"2025-01-04T03:43:57","slug":"custom-made-vessel-sinks","status":"publish","type":"product","link":"https:\/\/www.ceramicbasin.com\/de\/produkt\/custom-made-vessel-sinks\/","title":{"rendered":"Ovale Gef\u00e4\u00dfsp\u00fclen nach Ma\u00df mit Goldmustern"},"content":{"rendered":"<div class=\"wp-block-columns is-layout-flex wp-container-core-columns-is-layout-9d6595d7 wp-block-columns-is-layout-flex\">\n<div class=\"wp-block-column is-layout-flow wp-block-column-is-layout-flow\">\n<h2 class=\"wp-block-heading\">Premium Custom Made Vessel Sinks Merkmale:<\/h2>\n\n\n\n<ul class=\"wp-block-list\">\n<li><strong>Modernes Design:\u00a0<\/strong>Diese ovalen, goldfarbenen, ma\u00dfgefertigten Waschbecken haben ein modernes Design, und die geschickte Kombination von Gold und Wei\u00df verbessert den Gesamtstil des Badezimmers.<\/li>\n\n\n\n<li><strong>Langlebig und zuverl\u00e4ssig:\u00a0<\/strong>Unsere Gro\u00dfhandelssp\u00fclen sind aus hochwertigen keramischen Materialien hergestellt, um sicherzustellen, dass die Sp\u00fcle robust und langlebig ist, resistent gegen Flecken und Kratzer, und kann seine urspr\u00fcngliche Sch\u00f6nheit nach langem Gebrauch zu erhalten.<\/li>\n\n\n\n<li><strong>Stabile Versorgung:\u00a0<\/strong>Als Hersteller von keramischen Waschbecken f\u00fcr Badezimmer bietet HanYu wettbewerbsf\u00e4hige Preise und schnelle Lieferungen f\u00fcr ma\u00dfgefertigte Gef\u00e4\u00dfwaschbecken, die sich f\u00fcr gro\u00dfe Projekte wie Hotels und Gesch\u00e4ftsgeb\u00e4ude eignen.<\/li>\n\n\n\n<li><strong>Kosteng\u00fcnstig:<\/strong>\u00a0Wir bieten g\u00fcnstigere Preise f\u00fcr Gro\u00dfbestellungen von Waschbecken an, d.h. hohe Qualit\u00e4t, aber dennoch zu einem angemessenen Preis, damit Sie bei gro\u00dfen Projekten Kosten sparen k\u00f6nnen.<\/li>\n<\/ul>\n<\/div>\n\n\n\n<div class=\"wp-block-column is-layout-flow wp-block-column-is-layout-flow\">\n<figure class=\"wp-block-image size-full is-resized\"><img fetchpriority=\"high\" decoding=\"async\" width=\"595\" height=\"761\" src=\"https:\/\/www.ceramicbasin.com\/wp-content\/uploads\/2025\/01\/Oval-shape-silver-color-wholesale-countertop-sinks-5.webp\" alt=\"Ovale Form, ma\u00dfgeschneiderte Gef\u00e4\u00dfsp\u00fclen mit Goldmustern-1\" class=\"wp-image-5938\" style=\"width:352px;height:auto\" srcset=\"https:\/\/www.ceramicbasin.com\/wp-content\/uploads\/2025\/01\/Oval-shape-silver-color-wholesale-countertop-sinks-5.webp 595w, https:\/\/www.ceramicbasin.com\/wp-content\/uploads\/2025\/01\/Oval-shape-silver-color-wholesale-countertop-sinks-5-235x300.webp 235w, https:\/\/www.ceramicbasin.com\/wp-content\/uploads\/2025\/01\/Oval-shape-silver-color-wholesale-countertop-sinks-5-9x12.webp 9w, https:\/\/www.ceramicbasin.com\/wp-content\/uploads\/2025\/01\/Oval-shape-silver-color-wholesale-countertop-sinks-5-285x365.webp 285w, https:\/\/www.ceramicbasin.com\/wp-content\/uploads\/2025\/01\/Oval-shape-silver-color-wholesale-countertop-sinks-5-516x660.webp 516w, https:\/\/www.ceramicbasin.com\/wp-content\/uploads\/2025\/01\/Oval-shape-silver-color-wholesale-countertop-sinks-5-117x150.webp 117w\" sizes=\"(max-width: 595px) 100vw, 595px\" \/><\/figure>\n<\/div>\n<\/div>","protected":false},"excerpt":{"rendered":"<p>Willkommen zum Kauf von ma\u00dfgeschneiderten Gef\u00e4\u00dfwaschbecken. Als Hersteller von keramischen Waschbecken bietet HanYu wettbewerbsf\u00e4hige Preise und eine schnelle Lieferung von Gro\u00dfhandel Waschbecken, die gro\u00dfe Projekte wie Hotels und Gewerbebauten passen. Wir bieten g\u00fcnstigere Preise f\u00fcr gro\u00dfe Bestellung Gro\u00dfhandel Eitelkeit Waschbecken.<\/p>\n<table style=\"border-collapse: collapse; width: 358.52pt;\" border=\"0\" width=\"478\" cellspacing=\"0\" cellpadding=\"0\">\n<tbody>\n<tr style=\"height: 17.25pt;\">\n<td class=\"et3\" style=\"height: 17.25pt; width: 125.00pt;\" width=\"166\" height=\"23\">Hersteller<\/td>\n<td class=\"et3\" style=\"width: 234.15pt;\" width=\"312\">HanYu<\/td>\n<\/tr>\n<tr style=\"height: 17.25pt;\">\n<td class=\"et3\" style=\"height: 17.25pt;\" height=\"23\">Modell Nr.<\/td>\n<td class=\"et4\">HY-5038J8<\/td>\n<\/tr>\n<tr style=\"height: 17.25pt;\">\n<td class=\"et3\" style=\"height: 17.25pt;\" height=\"23\">Typ<\/td>\n<td class=\"et5\" style=\"width: 234.15pt;\" width=\"312\">Galvanisierte Sp\u00fclbecken<\/td>\n<\/tr>\n<tr style=\"height: 18.00pt;\">\n<td class=\"et3\" style=\"height: 18.00pt;\" height=\"24\">Form<\/td>\n<td class=\"et3\">Ovale Form<\/td>\n<\/tr>\n<tr style=\"height: 34.50pt;\">\n<td class=\"et4\" style=\"height: 34.50pt;\" height=\"46\">Farbe<\/td>\n<td class=\"et5\" style=\"width: 234.15pt;\" width=\"312\">schwarz\/wei\u00df\/blau\/grau\/rosa\/gr\u00fcn\/braun\/khaki<\/td>\n<\/tr>\n<tr style=\"height: 18.00pt;\">\n<td class=\"et3\" style=\"height: 18.00pt;\" height=\"24\">Dimension<\/td>\n<td class=\"et5\" style=\"width: 234.15pt;\" width=\"312\">60*40.5*15.5<\/td>\n<\/tr>\n<tr style=\"height: 17.25pt;\">\n<td class=\"et3\" style=\"height: 17.25pt;\" height=\"23\">N.W \/SET9<\/td>\n<td class=\"et3\">9KGS\/PCS<\/td>\n<\/tr>\n<tr style=\"height: 17.25pt;\">\n<td class=\"et3\" style=\"height: 17.25pt;\" height=\"23\">MOQ<\/td>\n<td class=\"et3\">20St\u00fcck<\/td>\n<\/tr>\n<tr style=\"height: 17.25pt;\">\n<td class=\"et3\" style=\"height: 17.25pt;\" height=\"23\">Benutzerdefinierte Option<\/td>\n<td class=\"et3\">Farbe\/Muster\/Gr\u00f6\u00dfe\/Logo\/Verpackung<\/td>\n<\/tr>\n<\/tbody>\n<\/table>","protected":false},"featured_media":5937,"comment_status":"closed","ping_status":"closed","template":"","meta":{"_acf_changed":false},"product_brand":[],"product_cat":[50,53],"product_tag":[],"class_list":{"0":"post-5945","1":"product","2":"type-product","3":"status-publish","4":"has-post-thumbnail","6":"product_cat-wholesale-countertop-sinks","7":"product_cat-electroplated-bathroom-sinks","9":"first","10":"instock","11":"shipping-taxable","12":"product-type-simple"},"acf":[],"_links":{"self":[{"href":"https:\/\/www.ceramicbasin.com\/de\/wp-json\/wp\/v2\/product\/5945","targetHints":{"allow":["GET"]}}],"collection":[{"href":"https:\/\/www.ceramicbasin.com\/de\/wp-json\/wp\/v2\/product"}],"about":[{"href":"https:\/\/www.ceramicbasin.com\/de\/wp-json\/wp\/v2\/types\/product"}],"replies":[{"embeddable":true,"href":"https:\/\/www.ceramicbasin.com\/de\/wp-json\/wp\/v2\/comments?post=5945"}],"wp:featuredmedia":[{"embeddable":true,"href":"https:\/\/www.ceramicbasin.com\/de\/wp-json\/wp\/v2\/media\/5937"}],"wp:attachment":[{"href":"https:\/\/www.ceramicbasin.com\/de\/wp-json\/wp\/v2\/media?parent=5945"}],"wp:term":[{"taxonomy":"product_brand","embeddable":true,"href":"https:\/\/www.ceramicbasin.com\/de\/wp-json\/wp\/v2\/product_brand?post=5945"},{"taxonomy":"product_cat","embeddable":true,"href":"https:\/\/www.ceramicbasin.com\/de\/wp-json\/wp\/v2\/product_cat?post=5945"},{"taxonomy":"product_tag","embeddable":true,"href":"https:\/\/www.ceramicbasin.com\/de\/wp-json\/wp\/v2\/product_tag?post=5945"}],"curies":[{"name":"wp","href":"https:\/\/api.w.org\/{rel}","templated":true}]}}