{"id":5947,"date":"2025-01-04T03:58:13","date_gmt":"2025-01-04T03:58:13","guid":{"rendered":"https:\/\/www.ceramicbasin.com\/?post_type=product&#038;p=5947"},"modified":"2025-10-23T09:31:16","modified_gmt":"2025-10-23T09:31:16","slug":"manufactured-home-sinks","status":"publish","type":"product","link":"https:\/\/www.ceramicbasin.com\/de\/produkt\/manufactured-home-sinks\/","title":{"rendered":"Kundenspezifisch hergestellte Heimsp\u00fclen, Goldwaschbecken Gro\u00dfhandel"},"content":{"rendered":"<div class=\"wp-block-columns is-layout-flex wp-container-core-columns-is-layout-9d6595d7 wp-block-columns-is-layout-flex\">\n<div class=\"wp-block-column is-layout-flow wp-block-column-is-layout-flow\">\n<h2 class=\"wp-block-heading\">Premium Custom Manufactured Home Sinks Merkmale:<\/h2>\n\n\n\n<ul class=\"wp-block-list\">\n<li><strong>Luxuri\u00f6se Farbabstimmung:&nbsp;<\/strong>Diese keramischen Waschbecken sind in der klassischen Farbkombination von Gold und Wei\u00df gehalten, wobei der goldene Teil gl\u00e4nzt und der wei\u00dfe Teil rein und elegant ist und eine luxuri\u00f6se und elegante Atmosph\u00e4re schafft.<\/li>\n\n\n\n<li><strong>Hochwertige Materialien:&nbsp;<\/strong>Diese goldene Farbe Waschbecken Gro\u00dfhandel ist von h\u00f6chster Qualit\u00e4t keramischen Materialien, um sicherzustellen, das Becken ist solide und langlebig, w\u00e4hrend seine \u00e4u\u00dfere Schicht hat eine glatte und leicht zu reinigende Gold galvanisiert Oberfl\u00e4che auf einer t\u00e4glichen Basis gemacht.<\/li>\n\n\n\n<li><strong>Schnelle Lieferung:&nbsp;<\/strong>Als Lieferant von Keramiksp\u00fclen verf\u00fcgen wir \u00fcber eine reaktionsschnelle Lieferkette, die Bestellungen schnell bearbeiten und eine rechtzeitige Lieferung von goldfarbenen Keramiksp\u00fclen f\u00fcr Fertigh\u00e4user gew\u00e4hrleisten kann.<\/li>\n\n\n\n<li><strong>Kosteng\u00fcnstig:&nbsp;<\/strong>Wir bieten g\u00fcnstigere Preise f\u00fcr den Gro\u00dfhandel mit Waschbecken an, d.h. hohe Qualit\u00e4t zu einem angemessenen Preis, damit Sie bei gro\u00dfen Projekten Kosten sparen k\u00f6nnen.<\/li>\n<\/ul>\n<\/div>\n\n\n\n<div class=\"wp-block-column is-layout-flow wp-block-column-is-layout-flow\">\n<figure class=\"wp-block-image size-full\"><img fetchpriority=\"high\" decoding=\"async\" width=\"688\" height=\"852\" src=\"https:\/\/www.ceramicbasin.com\/wp-content\/uploads\/2025\/01\/Ceramic-wash-basin-manufacturergold-color-basin-sink-5.webp\" alt=\"Keramische Waschbecken f\u00fcr Fertigh\u00e4user, Goldwaschbecken Gro\u00dfhandel-1\" class=\"wp-image-5928\" srcset=\"https:\/\/www.ceramicbasin.com\/wp-content\/uploads\/2025\/01\/Ceramic-wash-basin-manufacturergold-color-basin-sink-5.webp 688w, https:\/\/www.ceramicbasin.com\/wp-content\/uploads\/2025\/01\/Ceramic-wash-basin-manufacturergold-color-basin-sink-5-242x300.webp 242w, https:\/\/www.ceramicbasin.com\/wp-content\/uploads\/2025\/01\/Ceramic-wash-basin-manufacturergold-color-basin-sink-5-10x12.webp 10w, https:\/\/www.ceramicbasin.com\/wp-content\/uploads\/2025\/01\/Ceramic-wash-basin-manufacturergold-color-basin-sink-5-285x353.webp 285w, https:\/\/www.ceramicbasin.com\/wp-content\/uploads\/2025\/01\/Ceramic-wash-basin-manufacturergold-color-basin-sink-5-533x660.webp 533w, https:\/\/www.ceramicbasin.com\/wp-content\/uploads\/2025\/01\/Ceramic-wash-basin-manufacturergold-color-basin-sink-5-121x150.webp 121w\" sizes=\"(max-width: 688px) 100vw, 688px\" \/><\/figure>\n<\/div>\n<\/div>","protected":false},"excerpt":{"rendered":"<p>Willkommen auf benutzerdefinierte hergestellt Hause Waschbecken bestellen. Unsere goldene Farbe Waschbecken Gro\u00dfhandel ist aus Premium-Keramik-Ton, um sicherzustellen, das Becken ist solide und langlebig, w\u00e4hrend seine \u00e4u\u00dfere Schicht hat eine glatte und leicht zu reinigende Gold galvanisierte Oberfl\u00e4che t\u00e4glich gemacht.<\/p>\n<table style=\"border-collapse: collapse; width: 358.52pt;\" border=\"0\" width=\"478\" cellspacing=\"0\" cellpadding=\"0\">\n<tbody>\n<tr style=\"height: 17.25pt;\">\n<td class=\"et3\" style=\"height: 17.25pt; width: 125.00pt;\" width=\"166\" height=\"23\">Hersteller<\/td>\n<td class=\"et3\" style=\"width: 234.15pt;\" width=\"312\">HanYu<\/td>\n<\/tr>\n<tr style=\"height: 17.25pt;\">\n<td class=\"et3\" style=\"height: 17.25pt;\" height=\"23\">Modell Nr.<\/td>\n<td class=\"et4\">HY-5006J4<\/td>\n<\/tr>\n<tr style=\"height: 17.25pt;\">\n<td class=\"et3\" style=\"height: 17.25pt;\" height=\"23\">Typ<\/td>\n<td class=\"et5\" style=\"width: 234.15pt;\" width=\"312\">Galvanisierte Sp\u00fclbecken<\/td>\n<\/tr>\n<tr style=\"height: 18.00pt;\">\n<td class=\"et3\" style=\"height: 18.00pt;\" height=\"24\">Form<\/td>\n<td class=\"et3\">Ovale Form<\/td>\n<\/tr>\n<tr style=\"height: 34.50pt;\">\n<td class=\"et4\" style=\"height: 34.50pt;\" height=\"46\">Farbe<\/td>\n<td class=\"et5\" style=\"width: 234.15pt;\" width=\"312\">schwarz\/wei\u00df\/blau\/grau\/rosa\/gr\u00fcn\/braun\/khaki<\/td>\n<\/tr>\n<tr style=\"height: 18.00pt;\">\n<td class=\"et3\" style=\"height: 18.00pt;\" height=\"24\">Dimension<\/td>\n<td class=\"et5\" style=\"width: 234.15pt;\" width=\"312\">59*42*14<\/td>\n<\/tr>\n<tr style=\"height: 17.25pt;\">\n<td class=\"et3\" style=\"height: 17.25pt;\" height=\"23\">N.W \/SET<\/td>\n<td class=\"et3\">10KGS\/PCS<\/td>\n<\/tr>\n<tr style=\"height: 17.25pt;\">\n<td class=\"et3\" style=\"height: 17.25pt;\" height=\"23\">MOQ<\/td>\n<td class=\"et3\">20St\u00fcck<\/td>\n<\/tr>\n<tr style=\"height: 17.25pt;\">\n<td class=\"et3\" style=\"height: 17.25pt;\" height=\"23\">Benutzerdefinierte Option<\/td>\n<td class=\"et3\">Farbe\/Muster\/Gr\u00f6\u00dfe\/Logo\/Verpackung<\/td>\n<\/tr>\n<\/tbody>\n<\/table>","protected":false},"featured_media":5924,"comment_status":"closed","ping_status":"closed","template":"","meta":{"_acf_changed":false},"product_brand":[],"product_cat":[50,53],"product_tag":[],"class_list":{"0":"post-5947","1":"product","2":"type-product","3":"status-publish","4":"has-post-thumbnail","6":"product_cat-wholesale-countertop-sinks","7":"product_cat-electroplated-bathroom-sinks","9":"first","10":"instock","11":"shipping-taxable","12":"product-type-simple"},"acf":[],"_links":{"self":[{"href":"https:\/\/www.ceramicbasin.com\/de\/wp-json\/wp\/v2\/product\/5947","targetHints":{"allow":["GET"]}}],"collection":[{"href":"https:\/\/www.ceramicbasin.com\/de\/wp-json\/wp\/v2\/product"}],"about":[{"href":"https:\/\/www.ceramicbasin.com\/de\/wp-json\/wp\/v2\/types\/product"}],"replies":[{"embeddable":true,"href":"https:\/\/www.ceramicbasin.com\/de\/wp-json\/wp\/v2\/comments?post=5947"}],"wp:featuredmedia":[{"embeddable":true,"href":"https:\/\/www.ceramicbasin.com\/de\/wp-json\/wp\/v2\/media\/5924"}],"wp:attachment":[{"href":"https:\/\/www.ceramicbasin.com\/de\/wp-json\/wp\/v2\/media?parent=5947"}],"wp:term":[{"taxonomy":"product_brand","embeddable":true,"href":"https:\/\/www.ceramicbasin.com\/de\/wp-json\/wp\/v2\/product_brand?post=5947"},{"taxonomy":"product_cat","embeddable":true,"href":"https:\/\/www.ceramicbasin.com\/de\/wp-json\/wp\/v2\/product_cat?post=5947"},{"taxonomy":"product_tag","embeddable":true,"href":"https:\/\/www.ceramicbasin.com\/de\/wp-json\/wp\/v2\/product_tag?post=5947"}],"curies":[{"name":"wp","href":"https:\/\/api.w.org\/{rel}","templated":true}]}}