{"id":5970,"date":"2025-01-10T01:54:47","date_gmt":"2025-01-10T01:54:47","guid":{"rendered":"https:\/\/www.ceramicbasin.com\/?post_type=product&#038;p=5970"},"modified":"2025-01-11T01:42:05","modified_gmt":"2025-01-11T01:42:05","slug":"custom-porcelain-sink","status":"publish","type":"product","link":"https:\/\/www.ceramicbasin.com\/de\/produkt\/custom-porcelain-sink\/","title":{"rendered":"Gl\u00e4nzendes wei\u00dfes benutzerdefiniertes Porzellan Waschbecken, Gro\u00dfhandel Countertop Basin"},"content":{"rendered":"<div class=\"wp-block-columns is-layout-flex wp-container-core-columns-is-layout-9d6595d7 wp-block-columns-is-layout-flex\">\n<div class=\"wp-block-column is-layout-flow wp-block-column-is-layout-flow\">\n<h2 class=\"wp-block-heading\">Premium Custom Porcelain Sp\u00fcle Merkmale:<\/h2>\n\n\n\n<ul class=\"wp-block-list\">\n<li><strong>Gl\u00e4nzend wei\u00dfes Aussehen: <\/strong>Dieses gl\u00e4nzend wei\u00dfe Waschbecken aus Porzellan wurde mit einer hochwertigen Glasur behandelt, um eine glatte und strahlend wei\u00dfe Textur zu pr\u00e4sentieren, die die allgemeine Sch\u00f6nheit des Badezimmers unterstreicht und sich f\u00fcr moderne und klassische Dekorationen eignet.<\/li>\n\n\n\n<li><strong>Hochwertiges keramisches Material: <\/strong>Dieses Gro\u00dfhandelsbecken ist aus langlebiger Keramik gefertigt, die bei hoher Temperatur gebrannt wird, um Festigkeit, Fleckenbest\u00e4ndigkeit und Haltbarkeit zu gew\u00e4hrleisten. Gleichzeitig ist die Oberfl\u00e4che leicht zu reinigen und erh\u00e4lt einen lang anhaltenden Glanzeffekt.<\/li>\n\n\n\n<li><strong>Vielseitige Anpassungsm\u00f6glichkeiten: <\/strong>Unsere ma\u00dfgeschneiderten Porzellanwaschbecken lassen sich in Gr\u00f6\u00dfe, Form und Design flexibel an unterschiedliche Badezimmerlayouts und Markenanforderungen anpassen, was jedes Produkt zu einem Unikat macht und den vielf\u00e4ltigen Marktanforderungen gerecht wird.<\/li>\n\n\n\n<li><strong>Gro\u00dfhandelsvorteile und effiziente Versorgung: <\/strong>HanYu Bad Waschbecken Fabrik konzentriert sich auf Gro\u00dfhandel Kan\u00e4le, bietet gro\u00dfe Mengen von Gro\u00dfhandel Aufsatzbecken, und produziert und liefert effizient und rechtzeitig, bietet kosteng\u00fcnstige L\u00f6sungen f\u00fcr Bauprojekte, Hotelprojekte und Markenh\u00e4ndler.<\/li>\n<\/ul>\n<\/div>\n\n\n\n<div class=\"wp-block-column is-layout-flow wp-block-column-is-layout-flow\">\n<figure class=\"wp-block-image size-full\"><img fetchpriority=\"high\" decoding=\"async\" width=\"673\" height=\"871\" src=\"https:\/\/www.ceramicbasin.com\/wp-content\/uploads\/2025\/01\/Counter-Top-Hand-Wash-Basin-6.webp\" alt=\"Gl\u00e4nzendes wei\u00dfes benutzerdefiniertes Porzellan Waschbecken, Arbeitsplatte Waschbecken Gro\u00dfhandel-1\" class=\"wp-image-5971\" srcset=\"https:\/\/www.ceramicbasin.com\/wp-content\/uploads\/2025\/01\/Counter-Top-Hand-Wash-Basin-6.webp 673w, https:\/\/www.ceramicbasin.com\/wp-content\/uploads\/2025\/01\/Counter-Top-Hand-Wash-Basin-6-232x300.webp 232w, https:\/\/www.ceramicbasin.com\/wp-content\/uploads\/2025\/01\/Counter-Top-Hand-Wash-Basin-6-9x12.webp 9w, https:\/\/www.ceramicbasin.com\/wp-content\/uploads\/2025\/01\/Counter-Top-Hand-Wash-Basin-6-285x369.webp 285w, https:\/\/www.ceramicbasin.com\/wp-content\/uploads\/2025\/01\/Counter-Top-Hand-Wash-Basin-6-510x660.webp 510w, https:\/\/www.ceramicbasin.com\/wp-content\/uploads\/2025\/01\/Counter-Top-Hand-Wash-Basin-6-116x150.webp 116w\" sizes=\"(max-width: 673px) 100vw, 673px\" \/><\/figure>\n<\/div>\n<\/div>","protected":false},"excerpt":{"rendered":"<p>Willkommen zum Kauf Gro\u00dfhandel Arbeitsplatte Waschbecken. Unsere gl\u00e4nzend wei\u00dfe benutzerdefinierte Porzellan Waschbecken ist aus gl\u00e4nzend wei\u00dfer Glasur und hochwertigen keramischen Materialien, die sowohl sch\u00f6n und praktisch ist gemacht. Es unterst\u00fctzt flexible Anpassung an unterschiedliche Bed\u00fcrfnisse und eignet sich f\u00fcr Heimdekoration und kommerzielle Projekte.<\/p>\n<table width=\"311\">\n<tbody>\n<tr>\n<td width=\"108\">Hersteller<\/td>\n<td width=\"202\">HanYu<\/td>\n<\/tr>\n<tr>\n<td>Modell Nr.<\/td>\n<td>HY-421<\/td>\n<\/tr>\n<tr>\n<td>Typ<\/td>\n<td>Aufsatzbecken<\/td>\n<\/tr>\n<tr>\n<td>Form<\/td>\n<td>Rechteckig<\/td>\n<\/tr>\n<tr>\n<td>Farbe<\/td>\n<td>Wei\u00df<\/td>\n<\/tr>\n<tr>\n<td>Dimension<\/td>\n<td width=\"202\">38*38*13<\/td>\n<\/tr>\n<tr>\n<td>N.W \/SET<\/td>\n<td>10KG\/PCS<\/td>\n<\/tr>\n<tr>\n<td>MOQ<\/td>\n<td>20St\u00fcck<\/td>\n<\/tr>\n<tr>\n<td>Benutzerdefinierte Option<\/td>\n<td>Farbe\/Muster\/Gr\u00f6\u00dfe\/Logo\/Verpackung<\/td>\n<\/tr>\n<\/tbody>\n<\/table>","protected":false},"featured_media":5972,"comment_status":"closed","ping_status":"closed","template":"","meta":{"_acf_changed":false},"product_brand":[],"product_cat":[50],"product_tag":[],"class_list":{"0":"post-5970","1":"product","2":"type-product","3":"status-publish","4":"has-post-thumbnail","6":"product_cat-wholesale-countertop-sinks","8":"first","9":"instock","10":"shipping-taxable","11":"product-type-simple"},"acf":[],"_links":{"self":[{"href":"https:\/\/www.ceramicbasin.com\/de\/wp-json\/wp\/v2\/product\/5970","targetHints":{"allow":["GET"]}}],"collection":[{"href":"https:\/\/www.ceramicbasin.com\/de\/wp-json\/wp\/v2\/product"}],"about":[{"href":"https:\/\/www.ceramicbasin.com\/de\/wp-json\/wp\/v2\/types\/product"}],"replies":[{"embeddable":true,"href":"https:\/\/www.ceramicbasin.com\/de\/wp-json\/wp\/v2\/comments?post=5970"}],"wp:featuredmedia":[{"embeddable":true,"href":"https:\/\/www.ceramicbasin.com\/de\/wp-json\/wp\/v2\/media\/5972"}],"wp:attachment":[{"href":"https:\/\/www.ceramicbasin.com\/de\/wp-json\/wp\/v2\/media?parent=5970"}],"wp:term":[{"taxonomy":"product_brand","embeddable":true,"href":"https:\/\/www.ceramicbasin.com\/de\/wp-json\/wp\/v2\/product_brand?post=5970"},{"taxonomy":"product_cat","embeddable":true,"href":"https:\/\/www.ceramicbasin.com\/de\/wp-json\/wp\/v2\/product_cat?post=5970"},{"taxonomy":"product_tag","embeddable":true,"href":"https:\/\/www.ceramicbasin.com\/de\/wp-json\/wp\/v2\/product_tag?post=5970"}],"curies":[{"name":"wp","href":"https:\/\/api.w.org\/{rel}","templated":true}]}}