{"id":5978,"date":"2025-01-10T02:45:55","date_gmt":"2025-01-10T02:45:55","guid":{"rendered":"https:\/\/www.ceramicbasin.com\/?post_type=product&#038;p=5978"},"modified":"2025-01-11T01:29:18","modified_gmt":"2025-01-11T01:29:18","slug":"customized-basin","status":"publish","type":"product","link":"https:\/\/www.ceramicbasin.com\/de\/produkt\/customized-basin\/","title":{"rendered":"Hochwertige kundenspezifische Becken, sauberes Design Keramik Waschbecken Gro\u00dfhandel"},"content":{"rendered":"<div class=\"wp-block-columns is-layout-flex wp-container-core-columns-is-layout-9d6595d7 wp-block-columns-is-layout-flex\">\n<div class=\"wp-block-column is-layout-flow wp-block-column-is-layout-flow\">\n<h2 class=\"wp-block-heading\">Premium Customized Basin Merkmale:<\/h2>\n\n\n\n<ul class=\"wp-block-list\">\n<li><strong>Stark und langlebig:<\/strong> Dank des hochwertigen keramischen Materials und der hohen Temperatur ist dieses ma\u00dfgeschneiderte Waschbecken robust und langlebig, schmutzabweisend und kratzfest. Die glatte Oberfl\u00e4che l\u00e4sst sich leicht reinigen und ist immer sch\u00f6n und gl\u00e4nzend.<\/li>\n\n\n\n<li><strong>Einfaches Design: <\/strong>Dieses Keramik-Waschbecken im Gro\u00dfhandel ist mit einem Wasserhahnloch ausgestattet, einfach zu installieren und funktioniert mit den meisten Standard-Wasserh\u00e4hnen. Es ist wirklich praktisch und h\u00fcbsch, weil das einfache Design, geeignet f\u00fcr viele Badezimmer Stile.<\/li>\n\n\n\n<li><strong>Exquisites Design: <\/strong>Exquisit gestaltet und mit einem modernen Sinn f\u00fcr Kunst ausgestattet, wird diese Arbeitsplatte ma\u00dfgeschneiderte Waschbecken Gro\u00dfhandel eine unvergleichliche \u00e4sthetische Wirkung auf das Bad Raum hinzuf\u00fcgen und die allgemeine Dekoration Ebene zu erh\u00f6hen.<\/li>\n\n\n\n<li><strong>Preisvorteil: <\/strong>Wir haben die Ware direkt von der Fabrik bezogen, um unseren Kunden ein qualitativ hochwertiges Keramik-Waschbecken im Gro\u00dfhandel zum besten Preis zu gew\u00e4hrleisten, was den Unternehmen hilft, Geld zu sparen und die Gewinnspanne beim Verkauf von Produkten zu erh\u00f6hen.<\/li>\n<\/ul>\n<\/div>\n\n\n\n<div class=\"wp-block-column is-layout-flow wp-block-column-is-layout-flow\">\n<figure class=\"wp-block-image size-full\"><img fetchpriority=\"high\" decoding=\"async\" width=\"641\" height=\"867\" src=\"https:\/\/www.ceramicbasin.com\/wp-content\/uploads\/2025\/01\/Ceramic-Sanitary-Ware-Basin-6.webp\" alt=\"Hochwertiges kundenspezifisches Becken, sauberes Design keramisches Waschbecken Gro\u00dfhandel-1\" class=\"wp-image-5979\" srcset=\"https:\/\/www.ceramicbasin.com\/wp-content\/uploads\/2025\/01\/Ceramic-Sanitary-Ware-Basin-6.webp 641w, https:\/\/www.ceramicbasin.com\/wp-content\/uploads\/2025\/01\/Ceramic-Sanitary-Ware-Basin-6-222x300.webp 222w, https:\/\/www.ceramicbasin.com\/wp-content\/uploads\/2025\/01\/Ceramic-Sanitary-Ware-Basin-6-9x12.webp 9w, https:\/\/www.ceramicbasin.com\/wp-content\/uploads\/2025\/01\/Ceramic-Sanitary-Ware-Basin-6-285x385.webp 285w, https:\/\/www.ceramicbasin.com\/wp-content\/uploads\/2025\/01\/Ceramic-Sanitary-Ware-Basin-6-488x660.webp 488w, https:\/\/www.ceramicbasin.com\/wp-content\/uploads\/2025\/01\/Ceramic-Sanitary-Ware-Basin-6-111x150.webp 111w\" sizes=\"(max-width: 641px) 100vw, 641px\" \/><\/figure>\n<\/div>\n<\/div>\n\n\n\n<p><\/p>","protected":false},"excerpt":{"rendered":"<p>Willkommen zum Kauf Keramik Waschbecken Gro\u00dfhandel. Unser hochwertiges kundenspezifisches Waschbecken kombiniert hochwertige keramische Materialien mit einem einfachen und modernen Design, das eine Vielzahl von Anpassungsm\u00f6glichkeiten unterst\u00fctzt, um die pers\u00f6nlichen Bed\u00fcrfnisse von Marken und Projekten zu erf\u00fcllen. Ob f\u00fcr Heimdekoration oder kommerzielle Orte verwendet, kann es die perfekte Kombination von Mode und Funktionalit\u00e4t zeigen.<\/p>\n<table style=\"border-collapse: collapse; width: 311.02pt;\" border=\"0\" width=\"311\" cellspacing=\"0\" cellpadding=\"0\">\n<tbody>\n<tr style=\"height: 17.60pt;\">\n<td class=\"et3\" style=\"height: 17.60pt; width: 108.35pt;\" width=\"108\" height=\"17\">Hersteller<\/td>\n<td class=\"et3\" style=\"width: 202.95pt;\" width=\"202\">HanYu<\/td>\n<\/tr>\n<tr style=\"height: 17.60pt;\">\n<td class=\"et3\" style=\"height: 17.60pt;\" height=\"17\">Modell Nr.<\/td>\n<td class=\"et4\">HY-8031<\/td>\n<\/tr>\n<tr style=\"height: 17.60pt;\">\n<td class=\"et3\" style=\"height: 17.60pt;\" height=\"17\">Typ<\/td>\n<td class=\"et3\">CounterTop-Becken<\/td>\n<\/tr>\n<tr style=\"height: 17.60pt;\">\n<td class=\"et3\" style=\"height: 17.60pt;\" height=\"17\">Form<\/td>\n<td class=\"et3\">Rechteckig<\/td>\n<\/tr>\n<tr style=\"height: 17.60pt;\">\n<td class=\"et4\" style=\"height: 17.60pt;\" height=\"17\">Farbe<\/td>\n<td class=\"et3\">Wei\u00df<\/td>\n<\/tr>\n<tr style=\"height: 18.00pt;\">\n<td class=\"et3\" style=\"height: 18.00pt;\" height=\"18\">Dimension<\/td>\n<td class=\"et5\" style=\"width: 202.95pt;\" width=\"202\">42.3*40.5*15.5<\/td>\n<\/tr>\n<tr style=\"height: 17.60pt;\">\n<td class=\"et3\" style=\"height: 17.60pt;\" height=\"17\">N.W \/SET<\/td>\n<td class=\"et3\">11KG\/PCS<\/td>\n<\/tr>\n<tr style=\"height: 17.60pt;\">\n<td class=\"et3\" style=\"height: 17.60pt;\" height=\"17\">MOQ<\/td>\n<td class=\"et3\">20St\u00fcck<\/td>\n<\/tr>\n<tr style=\"height: 17.60pt;\">\n<td class=\"et3\" style=\"height: 17.60pt;\" height=\"17\">Benutzerdefinierte Option<\/td>\n<td class=\"et3\">Farbe\/Muster\/Gr\u00f6\u00dfe\/Logo\/Verpackung<\/td>\n<\/tr>\n<\/tbody>\n<\/table>\n<p>&nbsp;<\/p>","protected":false},"featured_media":5981,"comment_status":"closed","ping_status":"closed","template":"","meta":{"_acf_changed":false},"product_brand":[],"product_cat":[50],"product_tag":[],"class_list":{"0":"post-5978","1":"product","2":"type-product","3":"status-publish","4":"has-post-thumbnail","6":"product_cat-wholesale-countertop-sinks","8":"first","9":"instock","10":"shipping-taxable","11":"product-type-simple"},"acf":[],"_links":{"self":[{"href":"https:\/\/www.ceramicbasin.com\/de\/wp-json\/wp\/v2\/product\/5978","targetHints":{"allow":["GET"]}}],"collection":[{"href":"https:\/\/www.ceramicbasin.com\/de\/wp-json\/wp\/v2\/product"}],"about":[{"href":"https:\/\/www.ceramicbasin.com\/de\/wp-json\/wp\/v2\/types\/product"}],"replies":[{"embeddable":true,"href":"https:\/\/www.ceramicbasin.com\/de\/wp-json\/wp\/v2\/comments?post=5978"}],"wp:featuredmedia":[{"embeddable":true,"href":"https:\/\/www.ceramicbasin.com\/de\/wp-json\/wp\/v2\/media\/5981"}],"wp:attachment":[{"href":"https:\/\/www.ceramicbasin.com\/de\/wp-json\/wp\/v2\/media?parent=5978"}],"wp:term":[{"taxonomy":"product_brand","embeddable":true,"href":"https:\/\/www.ceramicbasin.com\/de\/wp-json\/wp\/v2\/product_brand?post=5978"},{"taxonomy":"product_cat","embeddable":true,"href":"https:\/\/www.ceramicbasin.com\/de\/wp-json\/wp\/v2\/product_cat?post=5978"},{"taxonomy":"product_tag","embeddable":true,"href":"https:\/\/www.ceramicbasin.com\/de\/wp-json\/wp\/v2\/product_tag?post=5978"}],"curies":[{"name":"wp","href":"https:\/\/api.w.org\/{rel}","templated":true}]}}