{"id":6009,"date":"2025-01-14T08:15:29","date_gmt":"2025-01-14T08:15:29","guid":{"rendered":"https:\/\/www.ceramicbasin.com\/?post_type=product&#038;p=6009"},"modified":"2025-01-17T07:43:42","modified_gmt":"2025-01-17T07:43:42","slug":"custom-basin","status":"publish","type":"product","link":"https:\/\/www.ceramicbasin.com\/de\/produkt\/custom-basin\/","title":{"rendered":"Europ\u00e4ischer Stil keramische benutzerdefinierte Becken, Marmor-Muster Gro\u00dfhandel Waschbecken"},"content":{"rendered":"<div class=\"wp-block-columns is-layout-flex wp-container-core-columns-is-layout-9d6595d7 wp-block-columns-is-layout-flex\">\n<div class=\"wp-block-column is-layout-flow wp-block-column-is-layout-flow\">\n<h2 class=\"wp-block-heading\">Premium European Style Custom Basin Merkmale:<\/h2>\n\n\n\n<ul class=\"wp-block-list\">\n<li><strong>Klassischer europ\u00e4ischer Stil: <\/strong>Dieses ma\u00dfgeschneiderte Keramikwaschbecken zeichnet sich durch ein elegantes europ\u00e4isches Design aus, das Stil und Klassik miteinander verbindet und sich f\u00fcr eine Vielzahl moderner oder traditioneller Wohn- und Gesch\u00e4ftsr\u00e4ume eignet.<\/li>\n\n\n\n<li><strong>Marmor Textur Erscheinungsbild: <\/strong>Dieses Waschbecken f\u00fcr den Gro\u00dfhandel zeichnet sich durch ein raffiniertes Marmormuster und einen hochwertigen Look aus, der jedem Bad oder jeder K\u00fcche ein Gef\u00fchl von Luxus verleiht und gleichzeitig den Stil des Raumes aufwertet.<\/li>\n\n\n\n<li><strong>Hochwertiges keramisches Material: <\/strong>Unsere keramischen Waschbecken sind aus hochverdichteter Keramik gefertigt, was ihre Oberfl\u00e4che glatt und fleckenunempfindlich macht, sehr leicht zu reinigen ist und somit eine lange Lebensdauer und ein neuwertiges Aussehen verspricht.<\/li>\n\n\n\n<li><strong>Personalisierte Anpassungsoptionen: <\/strong>Wir bieten eine breite Palette von ma\u00dfgeschneiderten Dienstleistungen f\u00fcr Gro\u00dfhandel Badezimmer Waschbecken, k\u00f6nnen die Kunden die richtige Gr\u00f6\u00dfe, Farbe und Muster zu w\u00e4hlen, um perfekt auf verschiedene Dekoration Stile und Platzbedarf.<\/li>\n<\/ul>\n<\/div>\n\n\n\n<div class=\"wp-block-column is-layout-flow wp-block-column-is-layout-flow\">\n<figure class=\"wp-block-image size-full\"><img fetchpriority=\"high\" decoding=\"async\" width=\"800\" height=\"800\" src=\"https:\/\/www.ceramicbasin.com\/wp-content\/uploads\/2025\/01\/marble-sink-countertopbathroom-marble-sinkbathroom-marble-sink5.png\" alt=\"Europ\u00e4ische Stil benutzerdefinierte Becken, Marmor-Muster Gro\u00dfhandel Waschbecken-1\" class=\"wp-image-6014\" srcset=\"https:\/\/www.ceramicbasin.com\/wp-content\/uploads\/2025\/01\/marble-sink-countertopbathroom-marble-sinkbathroom-marble-sink5.png 800w, https:\/\/www.ceramicbasin.com\/wp-content\/uploads\/2025\/01\/marble-sink-countertopbathroom-marble-sinkbathroom-marble-sink5-300x300.png 300w, https:\/\/www.ceramicbasin.com\/wp-content\/uploads\/2025\/01\/marble-sink-countertopbathroom-marble-sinkbathroom-marble-sink5-150x150.png 150w, https:\/\/www.ceramicbasin.com\/wp-content\/uploads\/2025\/01\/marble-sink-countertopbathroom-marble-sinkbathroom-marble-sink5-768x768.png 768w, https:\/\/www.ceramicbasin.com\/wp-content\/uploads\/2025\/01\/marble-sink-countertopbathroom-marble-sinkbathroom-marble-sink5-12x12.png 12w, https:\/\/www.ceramicbasin.com\/wp-content\/uploads\/2025\/01\/marble-sink-countertopbathroom-marble-sinkbathroom-marble-sink5-285x285.png 285w, https:\/\/www.ceramicbasin.com\/wp-content\/uploads\/2025\/01\/marble-sink-countertopbathroom-marble-sinkbathroom-marble-sink5-270x270.png 270w, https:\/\/www.ceramicbasin.com\/wp-content\/uploads\/2025\/01\/marble-sink-countertopbathroom-marble-sinkbathroom-marble-sink5-540x540.png 540w, https:\/\/www.ceramicbasin.com\/wp-content\/uploads\/2025\/01\/marble-sink-countertopbathroom-marble-sinkbathroom-marble-sink5-660x660.png 660w\" sizes=\"(max-width: 800px) 100vw, 800px\" \/><\/figure>\n<\/div>\n<\/div>\n\n\n\n<p><\/p>","protected":false},"excerpt":{"rendered":"<p>Willkommen im Gro\u00dfhandel Waschbecken f\u00fcr B\u00e4der zu kaufen. Diese europ\u00e4ischen Stil Marmor Textur Keramik benutzerdefinierte Becken kombiniert klassisches Design mit moderner Handwerkskunst, ist aus hochwertigen keramischen Materialien hergestellt und bietet eine Vielzahl von Anpassungsm\u00f6glichkeiten, geeignet f\u00fcr die Verbesserung der Luxus und Funktionalit\u00e4t von jedem Bad oder K\u00fcche.<\/p>\n<table style=\"border-collapse: collapse; width: 311.02pt;\" border=\"0\" width=\"311\" cellspacing=\"0\" cellpadding=\"0\">\n<tbody>\n<tr style=\"height: 17.60pt;\">\n<td class=\"et3\" style=\"height: 17.60pt; width: 108.35pt;\" width=\"108\" height=\"17\">Hersteller<\/td>\n<td class=\"et3\" style=\"width: 202.95pt;\" width=\"202\">HanYu<\/td>\n<\/tr>\n<tr style=\"height: 17.60pt;\">\n<td class=\"et3\" style=\"height: 17.60pt;\" height=\"17\">Modell Nr.<\/td>\n<td class=\"et4\">HY-5038D65<\/td>\n<\/tr>\n<tr style=\"height: 36.00pt;\">\n<td class=\"et3\" style=\"height: 36.00pt;\" height=\"36\">Typ<\/td>\n<td class=\"et5\" style=\"width: 202.95pt;\" width=\"202\">Becken in Marmorfarbe, Aufsatzbecken<\/td>\n<\/tr>\n<tr style=\"height: 17.60pt;\">\n<td class=\"et3\" style=\"height: 17.60pt;\" height=\"17\">Form<\/td>\n<td class=\"et3\">Ovale Form<\/td>\n<\/tr>\n<tr style=\"height: 18.00pt;\">\n<td class=\"et4\" style=\"height: 18.00pt;\" height=\"18\">Farbe<\/td>\n<td class=\"et5\" style=\"width: 202.95pt;\" width=\"202\">Schwarz und wei\u00df<\/td>\n<\/tr>\n<tr style=\"height: 18.00pt;\">\n<td class=\"et3\" style=\"height: 18.00pt;\" height=\"18\">Dimension<\/td>\n<td class=\"et5\" style=\"width: 202.95pt;\" width=\"202\">60*41.5*16<\/td>\n<\/tr>\n<tr style=\"height: 17.60pt;\">\n<td class=\"et3\" style=\"height: 17.60pt;\" height=\"17\">N.W \/SET<\/td>\n<td class=\"et3\">15 KGS\/PCS<\/td>\n<\/tr>\n<tr style=\"height: 17.60pt;\">\n<td class=\"et3\" style=\"height: 17.60pt;\" height=\"17\">MOQ<\/td>\n<td class=\"et3\">20St\u00fcck<\/td>\n<\/tr>\n<tr style=\"height: 17.60pt;\">\n<td class=\"et3\" style=\"height: 17.60pt;\" height=\"17\">Benutzerdefinierte Option<\/td>\n<td class=\"et3\">Farbe\/Muster\/Gr\u00f6\u00dfe\/Logo\/Verpackung<\/td>\n<\/tr>\n<\/tbody>\n<\/table>","protected":false},"featured_media":6011,"comment_status":"closed","ping_status":"closed","template":"","meta":{"_acf_changed":false},"product_brand":[],"product_cat":[54,50],"product_tag":[],"class_list":{"0":"post-6009","1":"product","2":"type-product","3":"status-publish","4":"has-post-thumbnail","6":"product_cat-wholesale-marble-sinks","7":"product_cat-wholesale-countertop-sinks","9":"first","10":"instock","11":"shipping-taxable","12":"product-type-simple"},"acf":[],"_links":{"self":[{"href":"https:\/\/www.ceramicbasin.com\/de\/wp-json\/wp\/v2\/product\/6009","targetHints":{"allow":["GET"]}}],"collection":[{"href":"https:\/\/www.ceramicbasin.com\/de\/wp-json\/wp\/v2\/product"}],"about":[{"href":"https:\/\/www.ceramicbasin.com\/de\/wp-json\/wp\/v2\/types\/product"}],"replies":[{"embeddable":true,"href":"https:\/\/www.ceramicbasin.com\/de\/wp-json\/wp\/v2\/comments?post=6009"}],"wp:featuredmedia":[{"embeddable":true,"href":"https:\/\/www.ceramicbasin.com\/de\/wp-json\/wp\/v2\/media\/6011"}],"wp:attachment":[{"href":"https:\/\/www.ceramicbasin.com\/de\/wp-json\/wp\/v2\/media?parent=6009"}],"wp:term":[{"taxonomy":"product_brand","embeddable":true,"href":"https:\/\/www.ceramicbasin.com\/de\/wp-json\/wp\/v2\/product_brand?post=6009"},{"taxonomy":"product_cat","embeddable":true,"href":"https:\/\/www.ceramicbasin.com\/de\/wp-json\/wp\/v2\/product_cat?post=6009"},{"taxonomy":"product_tag","embeddable":true,"href":"https:\/\/www.ceramicbasin.com\/de\/wp-json\/wp\/v2\/product_tag?post=6009"}],"curies":[{"name":"wp","href":"https:\/\/api.w.org\/{rel}","templated":true}]}}