{"id":6016,"date":"2025-01-15T01:38:25","date_gmt":"2025-01-15T01:38:25","guid":{"rendered":"https:\/\/www.ceramicbasin.com\/?post_type=product&#038;p=6016"},"modified":"2025-01-17T07:26:46","modified_gmt":"2025-01-17T07:26:46","slug":"custom-made-sink","status":"publish","type":"product","link":"https:\/\/www.ceramicbasin.com\/de\/produkt\/custom-made-sink\/","title":{"rendered":"Hei\u00dfes Porzellan benutzerdefinierte gemacht Waschbecken, Marmor Waschbecken Gro\u00dfhandel"},"content":{"rendered":"<div class=\"wp-block-columns is-layout-flex wp-container-core-columns-is-layout-9d6595d7 wp-block-columns-is-layout-flex\">\n<div class=\"wp-block-column is-layout-flow wp-block-column-is-layout-flow\">\n<h2 class=\"wp-block-heading\">Premium Custom Made Sp\u00fcle Merkmale:<\/h2>\n\n\n\n<ul class=\"wp-block-list\">\n<li><strong>Luxuri\u00f6ser Marmor-Effekt: <\/strong>Dieses ma\u00dfgefertigte Waschbecken mit Marmorimitation sorgt f\u00fcr eine hochwertige und stimmungsvolle Optik und unterstreicht den Luxus des Badezimmers oder der Toilette.<\/li>\n\n\n\n<li><strong>Langlebiges Porzellanmaterial: <\/strong>Unser Waschbecken im Gro\u00dfhandel ist aus hochwertigem Porzellan gefertigt, das druck- und verschlei\u00dffest ist, eine starke Anti-Fouling-Wirkung und eine leicht zu reinigende Oberfl\u00e4che hat, was eine langfristige Nutzung gew\u00e4hrleistet.<\/li>\n\n\n\n<li><strong>Personalisierte Anpassung: <\/strong>Wir bieten eine Vielzahl von Anpassungsm\u00f6glichkeiten f\u00fcr ma\u00dfgefertigte Waschbecken, einschlie\u00dflich Farbe, Gr\u00f6\u00dfe, Form, usw., die je nach Kundenwunsch angepasst werden k\u00f6nnen und perfekt zu verschiedenen Dekorationsstilen passen.<\/li>\n\n\n\n<li><strong>Hohe Effizienz des Wasserdurchflusses:<\/strong> Das Design dieses Waschbeckens im Gro\u00dfhandel ber\u00fccksichtigt die angemessene Verteilung des Wasserflusses, hat eine gute Drainagefunktion und kann auch bei h\u00e4ufigem Gebrauch sauber und effizient bleiben.<\/li>\n<\/ul>\n<\/div>\n\n\n\n<div class=\"wp-block-column is-layout-flow wp-block-column-is-layout-flow\">\n<figure class=\"wp-block-image size-full\"><img fetchpriority=\"high\" decoding=\"async\" width=\"800\" height=\"800\" src=\"https:\/\/www.ceramicbasin.com\/wp-content\/uploads\/2025\/01\/bathroom-countertop-sinkssinks-for-bathroommarble-sink-vanity6.png\" alt=\"Hei\u00dfes Porzellan Custom Made Waschbecken, Marmor Waschbecken Gro\u00dfhandel-1\" class=\"wp-image-6022\" srcset=\"https:\/\/www.ceramicbasin.com\/wp-content\/uploads\/2025\/01\/bathroom-countertop-sinkssinks-for-bathroommarble-sink-vanity6.png 800w, https:\/\/www.ceramicbasin.com\/wp-content\/uploads\/2025\/01\/bathroom-countertop-sinkssinks-for-bathroommarble-sink-vanity6-300x300.png 300w, https:\/\/www.ceramicbasin.com\/wp-content\/uploads\/2025\/01\/bathroom-countertop-sinkssinks-for-bathroommarble-sink-vanity6-150x150.png 150w, https:\/\/www.ceramicbasin.com\/wp-content\/uploads\/2025\/01\/bathroom-countertop-sinkssinks-for-bathroommarble-sink-vanity6-768x768.png 768w, https:\/\/www.ceramicbasin.com\/wp-content\/uploads\/2025\/01\/bathroom-countertop-sinkssinks-for-bathroommarble-sink-vanity6-12x12.png 12w, https:\/\/www.ceramicbasin.com\/wp-content\/uploads\/2025\/01\/bathroom-countertop-sinkssinks-for-bathroommarble-sink-vanity6-285x285.png 285w, https:\/\/www.ceramicbasin.com\/wp-content\/uploads\/2025\/01\/bathroom-countertop-sinkssinks-for-bathroommarble-sink-vanity6-270x270.png 270w, https:\/\/www.ceramicbasin.com\/wp-content\/uploads\/2025\/01\/bathroom-countertop-sinkssinks-for-bathroommarble-sink-vanity6-540x540.png 540w, https:\/\/www.ceramicbasin.com\/wp-content\/uploads\/2025\/01\/bathroom-countertop-sinkssinks-for-bathroommarble-sink-vanity6-660x660.png 660w\" sizes=\"(max-width: 800px) 100vw, 800px\" \/><\/figure>\n<\/div>\n<\/div>\n\n\n\n<p><\/p>","protected":false},"excerpt":{"rendered":"<p>Willkommen zu kaufen ma\u00dfgeschneiderte Waschbecken. Diese beliebte Marmor Textur Keramik Waschbecken Gro\u00dfhandel kombiniert Luxus Marmor Aussehen mit festen Porzellan Material. Wir bieten personalisierte Anpassung Dienstleistungen f\u00fcr Gro\u00dfhandel Bad Waschbecken, die sowohl sch\u00f6n und funktional sind, und sind ideal f\u00fcr architektonische Projekte, um den Raum Stil und Nutzung Erfahrung zu verbessern.<\/p>\n<table style=\"border-collapse: collapse; width: 311.02pt;\" border=\"0\" width=\"311\" cellspacing=\"0\" cellpadding=\"0\">\n<tbody>\n<tr style=\"height: 17.60pt;\">\n<td class=\"et3\" style=\"height: 17.60pt; width: 108.35pt;\" width=\"108\" height=\"17\">Hersteller<\/td>\n<td class=\"et3\" style=\"width: 202.95pt;\" width=\"202\">HanYu<\/td>\n<\/tr>\n<tr style=\"height: 17.60pt;\">\n<td class=\"et3\" style=\"height: 17.60pt;\" height=\"17\">Modell Nr.<\/td>\n<td class=\"et4\">HY-8010D92<\/td>\n<\/tr>\n<tr style=\"height: 36.00pt;\">\n<td class=\"et3\" style=\"height: 36.00pt;\" height=\"36\">Typ<\/td>\n<td class=\"et5\" style=\"width: 202.95pt;\" width=\"202\">Becken in Marmorfarbe, Aufsatzbecken<\/td>\n<\/tr>\n<tr style=\"height: 17.60pt;\">\n<td class=\"et3\" style=\"height: 17.60pt;\" height=\"17\">Form<\/td>\n<td class=\"et3\">Ovale Form<\/td>\n<\/tr>\n<tr style=\"height: 18.00pt;\">\n<td class=\"et4\" style=\"height: 18.00pt;\" height=\"18\">Farbe<\/td>\n<td class=\"et5\" style=\"width: 202.95pt;\" width=\"202\">Schwarz und wei\u00df<\/td>\n<\/tr>\n<tr style=\"height: 18.00pt;\">\n<td class=\"et3\" style=\"height: 18.00pt;\" height=\"18\">Dimension<\/td>\n<td class=\"et5\" style=\"width: 202.95pt;\" width=\"202\">65*44*16<\/td>\n<\/tr>\n<tr style=\"height: 17.60pt;\">\n<td class=\"et3\" style=\"height: 17.60pt;\" height=\"17\">N.W \/SET<\/td>\n<td class=\"et3\">15 KGS\/PCS<\/td>\n<\/tr>\n<tr style=\"height: 17.60pt;\">\n<td class=\"et3\" style=\"height: 17.60pt;\" height=\"17\">MOQ<\/td>\n<td class=\"et3\">20St\u00fcck<\/td>\n<\/tr>\n<tr style=\"height: 17.60pt;\">\n<td class=\"et3\" style=\"height: 17.60pt;\" height=\"17\">Benutzerdefinierte Option<\/td>\n<td class=\"et3\">Farbe\/Muster\/Gr\u00f6\u00dfe\/Logo\/Verpackung<\/td>\n<\/tr>\n<\/tbody>\n<\/table>","protected":false},"featured_media":6017,"comment_status":"closed","ping_status":"closed","template":"","meta":{"_acf_changed":false},"product_brand":[],"product_cat":[54,50],"product_tag":[],"class_list":{"0":"post-6016","1":"product","2":"type-product","3":"status-publish","4":"has-post-thumbnail","6":"product_cat-wholesale-marble-sinks","7":"product_cat-wholesale-countertop-sinks","9":"first","10":"instock","11":"shipping-taxable","12":"product-type-simple"},"acf":[],"_links":{"self":[{"href":"https:\/\/www.ceramicbasin.com\/de\/wp-json\/wp\/v2\/product\/6016","targetHints":{"allow":["GET"]}}],"collection":[{"href":"https:\/\/www.ceramicbasin.com\/de\/wp-json\/wp\/v2\/product"}],"about":[{"href":"https:\/\/www.ceramicbasin.com\/de\/wp-json\/wp\/v2\/types\/product"}],"replies":[{"embeddable":true,"href":"https:\/\/www.ceramicbasin.com\/de\/wp-json\/wp\/v2\/comments?post=6016"}],"wp:featuredmedia":[{"embeddable":true,"href":"https:\/\/www.ceramicbasin.com\/de\/wp-json\/wp\/v2\/media\/6017"}],"wp:attachment":[{"href":"https:\/\/www.ceramicbasin.com\/de\/wp-json\/wp\/v2\/media?parent=6016"}],"wp:term":[{"taxonomy":"product_brand","embeddable":true,"href":"https:\/\/www.ceramicbasin.com\/de\/wp-json\/wp\/v2\/product_brand?post=6016"},{"taxonomy":"product_cat","embeddable":true,"href":"https:\/\/www.ceramicbasin.com\/de\/wp-json\/wp\/v2\/product_cat?post=6016"},{"taxonomy":"product_tag","embeddable":true,"href":"https:\/\/www.ceramicbasin.com\/de\/wp-json\/wp\/v2\/product_tag?post=6016"}],"curies":[{"name":"wp","href":"https:\/\/api.w.org\/{rel}","templated":true}]}}