{"id":6051,"date":"2025-01-21T08:12:37","date_gmt":"2025-01-21T08:12:37","guid":{"rendered":"https:\/\/www.ceramicbasin.com\/?post_type=product&#038;p=6051"},"modified":"2025-01-21T08:12:39","modified_gmt":"2025-01-21T08:12:39","slug":"custom-corner-sink","status":"publish","type":"product","link":"https:\/\/www.ceramicbasin.com\/de\/produkt\/custom-corner-sink\/","title":{"rendered":"Bad benutzerdefinierte Ecke Waschbecken, Factory Supply Wall Hung Basins"},"content":{"rendered":"<div class=\"wp-block-columns is-layout-flex wp-container-core-columns-is-layout-9d6595d7 wp-block-columns-is-layout-flex\">\n<div class=\"wp-block-column is-layout-flow wp-block-column-is-layout-flow\">\n<h2 class=\"wp-block-heading\">Premium Custom Corner Sp\u00fcle Merkmale:<\/h2>\n\n\n\n<ul class=\"wp-block-list\">\n<li><strong>Klassisches Design:\u00a0<\/strong>Unsere werksseitig gelieferten Eckwaschbecken zeichnen sich durch ein zeitloses, klassisches Design aus, das mit einer kleinen, an der Wand montierten Installation den begrenzten Platz optimal ausnutzt.<\/li>\n\n\n\n<li><strong>Wandmontierte Installation:<\/strong>\u00a0Das wandmontierte Design unseres Waschbeckens spart Platz und ist leicht zu reinigen. Diese ma\u00dfgefertigten, wandh\u00e4ngenden Keramikbecken eignen sich besonders f\u00fcr moderne, kompakte B\u00e4der und unterstreichen die Sauberkeit und Modernit\u00e4t des gesamten Raums.<\/li>\n\n\n\n<li><strong>Leicht zu reinigende Glasurbehandlung:<\/strong>\u00a0Die Oberfl\u00e4che dieser benutzerdefinierten Ecke Waschbecken Gro\u00dfhandel nimmt spezielle easy-to-clean Glasur-Technologie, die glatt und zart ist, sind Flecken nicht leicht zu haften und leicht zu reinigen.<\/li>\n\n\n\n<li><strong>Gro\u00dfe Produktionskapazit\u00e4t: <\/strong>Unser gro\u00dfes Lager enth\u00e4lt verschiedene Arten von Porzellan Bad Arbeitsplatte Waschbecken Gro\u00dfhandel. W\u00e4hlen Sie die Elemente, die in der Produktion sind, haben wir genug wei\u00dfe Becken, Marmor Farbe Becken zu machen, so dass die Versandzeit w\u00e4re viel k\u00fcrzer.<\/li>\n<\/ul>\n<\/div>\n\n\n\n<div class=\"wp-block-column is-layout-flow wp-block-column-is-layout-flow\">\n<figure class=\"wp-block-image size-full\"><img fetchpriority=\"high\" decoding=\"async\" width=\"1000\" height=\"1000\" src=\"https:\/\/www.ceramicbasin.com\/wp-content\/uploads\/2025\/01\/Factory-Supply-Ceramic-Vanity-Sinks-For-BathroomWall-Hung-Basin-6.webp\" alt=\"Bad benutzerdefinierte Ecke Waschbecken, Factory Supply Wall Hung Basins-1\" class=\"wp-image-6057\" srcset=\"https:\/\/www.ceramicbasin.com\/wp-content\/uploads\/2025\/01\/Factory-Supply-Ceramic-Vanity-Sinks-For-BathroomWall-Hung-Basin-6.webp 1000w, https:\/\/www.ceramicbasin.com\/wp-content\/uploads\/2025\/01\/Factory-Supply-Ceramic-Vanity-Sinks-For-BathroomWall-Hung-Basin-6-300x300.webp 300w, https:\/\/www.ceramicbasin.com\/wp-content\/uploads\/2025\/01\/Factory-Supply-Ceramic-Vanity-Sinks-For-BathroomWall-Hung-Basin-6-150x150.webp 150w, https:\/\/www.ceramicbasin.com\/wp-content\/uploads\/2025\/01\/Factory-Supply-Ceramic-Vanity-Sinks-For-BathroomWall-Hung-Basin-6-768x768.webp 768w, https:\/\/www.ceramicbasin.com\/wp-content\/uploads\/2025\/01\/Factory-Supply-Ceramic-Vanity-Sinks-For-BathroomWall-Hung-Basin-6-12x12.webp 12w, https:\/\/www.ceramicbasin.com\/wp-content\/uploads\/2025\/01\/Factory-Supply-Ceramic-Vanity-Sinks-For-BathroomWall-Hung-Basin-6-285x285.webp 285w, https:\/\/www.ceramicbasin.com\/wp-content\/uploads\/2025\/01\/Factory-Supply-Ceramic-Vanity-Sinks-For-BathroomWall-Hung-Basin-6-270x270.webp 270w, https:\/\/www.ceramicbasin.com\/wp-content\/uploads\/2025\/01\/Factory-Supply-Ceramic-Vanity-Sinks-For-BathroomWall-Hung-Basin-6-540x540.webp 540w, https:\/\/www.ceramicbasin.com\/wp-content\/uploads\/2025\/01\/Factory-Supply-Ceramic-Vanity-Sinks-For-BathroomWall-Hung-Basin-6-660x660.webp 660w\" sizes=\"(max-width: 1000px) 100vw, 1000px\" \/><\/figure>\n<\/div>\n<\/div>\n\n\n\n<p><\/p>","protected":false},"excerpt":{"rendered":"<p>Willkommen bei der Gro\u00dfbestellung kundenspezifischer Eckwaschbecken. Unsere wandh\u00e4ngenden Waschbecken Gro\u00dfhandel sind sorgf\u00e4ltig gefertigt, um ihre Sch\u00f6nheit und Haltbarkeit zu gew\u00e4hrleisten. Es gibt eine gro\u00dfe Menge von Bad Waschbecken Inventar Vorbereitung und schnellen Lieferservice, um dringende Projektanforderungen zu erf\u00fcllen. Wir bieten auch kundenspezifische Dienstleistungen, so dass Sie die Produkt-Details nach Projektanforderungen anpassen k\u00f6nnen, um eine perfekte \u00dcbereinstimmung im Design zu erreichen.<\/p>\n<table style=\"border-collapse: collapse; width: 311.02pt;\" border=\"0\" width=\"311\" cellspacing=\"0\" cellpadding=\"0\">\n<tbody>\n<tr style=\"height: 17.60pt;\">\n<td class=\"et3\" style=\"height: 17.60pt; width: 108.35pt;\" width=\"108\" height=\"17\">Hersteller<\/td>\n<td class=\"et3\" style=\"width: 202.95pt;\" width=\"202\">HanYu<\/td>\n<\/tr>\n<tr style=\"height: 17.60pt;\">\n<td class=\"et3\" style=\"height: 17.60pt;\" height=\"17\">Modell Nr.<\/td>\n<td class=\"et4\">HY3052L<\/td>\n<\/tr>\n<tr style=\"height: 17.60pt;\">\n<td class=\"et3\" style=\"height: 17.60pt;\" height=\"17\">Typ<\/td>\n<td class=\"et3\">Wandbefestigtes Becken<\/td>\n<\/tr>\n<tr style=\"height: 17.60pt;\">\n<td class=\"et3\" style=\"height: 17.60pt;\" height=\"17\">Form<\/td>\n<td class=\"et2\">Ovale Form<\/td>\n<\/tr>\n<tr style=\"height: 17.60pt;\">\n<td class=\"et4\" style=\"height: 17.60pt;\" height=\"17\">Farbe<\/td>\n<td class=\"et3\">Wei\u00df<\/td>\n<\/tr>\n<tr style=\"height: 18.00pt;\">\n<td class=\"et3\" style=\"height: 18.00pt;\" height=\"18\">Dimension<\/td>\n<td class=\"et5\" style=\"width: 202.95pt;\" width=\"202\">42*28*15<\/td>\n<\/tr>\n<tr style=\"height: 17.60pt;\">\n<td class=\"et3\" style=\"height: 17.60pt;\" height=\"17\">N.W \/SET<\/td>\n<td class=\"et3\">8KGS\/PCS<\/td>\n<\/tr>\n<tr style=\"height: 17.60pt;\">\n<td class=\"et3\" style=\"height: 17.60pt;\" height=\"17\">MOQ<\/td>\n<td class=\"et3\">20St\u00fcck<\/td>\n<\/tr>\n<tr style=\"height: 17.60pt;\">\n<td class=\"et3\" style=\"height: 17.60pt;\" height=\"17\">Benutzerdefinierte Option<\/td>\n<td class=\"et3\">Farbe\/Muster\/Gr\u00f6\u00dfe\/Logo\/Verpackung<\/td>\n<\/tr>\n<\/tbody>\n<\/table>","protected":false},"featured_media":6054,"comment_status":"closed","ping_status":"closed","template":"","meta":{"_acf_changed":false},"product_brand":[],"product_cat":[57],"product_tag":[],"class_list":{"0":"post-6051","1":"product","2":"type-product","3":"status-publish","4":"has-post-thumbnail","6":"product_cat-wholesale-wall-mounted-sinks","8":"first","9":"instock","10":"shipping-taxable","11":"product-type-simple"},"acf":[],"_links":{"self":[{"href":"https:\/\/www.ceramicbasin.com\/de\/wp-json\/wp\/v2\/product\/6051","targetHints":{"allow":["GET"]}}],"collection":[{"href":"https:\/\/www.ceramicbasin.com\/de\/wp-json\/wp\/v2\/product"}],"about":[{"href":"https:\/\/www.ceramicbasin.com\/de\/wp-json\/wp\/v2\/types\/product"}],"replies":[{"embeddable":true,"href":"https:\/\/www.ceramicbasin.com\/de\/wp-json\/wp\/v2\/comments?post=6051"}],"wp:featuredmedia":[{"embeddable":true,"href":"https:\/\/www.ceramicbasin.com\/de\/wp-json\/wp\/v2\/media\/6054"}],"wp:attachment":[{"href":"https:\/\/www.ceramicbasin.com\/de\/wp-json\/wp\/v2\/media?parent=6051"}],"wp:term":[{"taxonomy":"product_brand","embeddable":true,"href":"https:\/\/www.ceramicbasin.com\/de\/wp-json\/wp\/v2\/product_brand?post=6051"},{"taxonomy":"product_cat","embeddable":true,"href":"https:\/\/www.ceramicbasin.com\/de\/wp-json\/wp\/v2\/product_cat?post=6051"},{"taxonomy":"product_tag","embeddable":true,"href":"https:\/\/www.ceramicbasin.com\/de\/wp-json\/wp\/v2\/product_tag?post=6051"}],"curies":[{"name":"wp","href":"https:\/\/api.w.org\/{rel}","templated":true}]}}