{"id":6068,"date":"2025-01-21T08:22:50","date_gmt":"2025-01-21T08:22:50","guid":{"rendered":"https:\/\/www.ceramicbasin.com\/?post_type=product&#038;p=6068"},"modified":"2025-01-21T08:22:53","modified_gmt":"2025-01-21T08:22:53","slug":"small-bathroom-sink-wholesale","status":"publish","type":"product","link":"https:\/\/www.ceramicbasin.com\/de\/produkt\/small-bathroom-sink-wholesale\/","title":{"rendered":"Kleine Badezimmer Waschbecken Gro\u00dfhandel, Wandmontage Bespoke Basins"},"content":{"rendered":"<div class=\"wp-block-columns is-layout-flex wp-container-core-columns-is-layout-9d6595d7 wp-block-columns-is-layout-flex\">\n<div class=\"wp-block-column is-layout-flow wp-block-column-is-layout-flow\">\n<h2 class=\"wp-block-heading\">Premium Small Bathroom Sink Wholesale Sink Features:<\/h2>\n\n\n\n<ul class=\"wp-block-list\">\n<li><strong>Platzoptimiertes Design:<\/strong> Dieses kleine Waschbecken im Gro\u00dfhandel ist f\u00fcr kleine B\u00e4der konzipiert. Das wandmontierte Waschbecken im Miniformat spart effektiv Platz und ist eine ideale Wahl f\u00fcr kleine Wohnungen oder Hotelzimmer.<\/li>\n\n\n\n<li><strong>Hergestellt aus hochwertigem Porzellan: <\/strong>Unsere ma\u00dfgeschneiderten Waschbecken f\u00fcr die Wandmontage sind aus hochwertigem Porzellan und werden bei hohen Temperaturen gebrannt, um eine solide Textur, eine glatte Oberfl\u00e4che, eine leichte Reinigung und einen dauerhaften Glanz zu gew\u00e4hrleisten.<\/li>\n\n\n\n<li><strong>Wandmontierte Installation:<\/strong> Dieses kleine Waschbecken im Gro\u00dfhandel wird an der Wand befestigt, was nicht nur Platz spart, sondern auch die Reinigung des Fu\u00dfbodens erleichtert und so die Sauberkeit und Modernit\u00e4t des Badezimmers insgesamt verbessert.<\/li>\n\n\n\n<li><strong>Gro\u00dfer Vorteil:<\/strong> Als professioneller Hersteller von Keramikwaschbecken bietet HanYu Ihnen sehr wettbewerbsf\u00e4hige Preise f\u00fcr wandmontierte, ma\u00dfgeschneiderte Waschbecken, die f\u00fcr den gro\u00dfen Dekorationsbedarf von Hotels, Wohnungen und Wohnprojekten geeignet sind.<\/li>\n<\/ul>\n<\/div>\n\n\n\n<div class=\"wp-block-column is-layout-flow wp-block-column-is-layout-flow\">\n<figure class=\"wp-block-image size-full\"><img fetchpriority=\"high\" decoding=\"async\" width=\"1000\" height=\"1000\" src=\"https:\/\/www.ceramicbasin.com\/wp-content\/uploads\/2025\/01\/Small-Wholesale-Wall-Mount-Bathroom-Sink-Customize-OEM-ODM-Basin-8.webp\" alt=\"Kleine Badezimmer Waschbecken Gro\u00dfhandel, Wandmontage Bespoke Basins-1\" class=\"wp-image-6076\" srcset=\"https:\/\/www.ceramicbasin.com\/wp-content\/uploads\/2025\/01\/Small-Wholesale-Wall-Mount-Bathroom-Sink-Customize-OEM-ODM-Basin-8.webp 1000w, https:\/\/www.ceramicbasin.com\/wp-content\/uploads\/2025\/01\/Small-Wholesale-Wall-Mount-Bathroom-Sink-Customize-OEM-ODM-Basin-8-300x300.webp 300w, https:\/\/www.ceramicbasin.com\/wp-content\/uploads\/2025\/01\/Small-Wholesale-Wall-Mount-Bathroom-Sink-Customize-OEM-ODM-Basin-8-150x150.webp 150w, https:\/\/www.ceramicbasin.com\/wp-content\/uploads\/2025\/01\/Small-Wholesale-Wall-Mount-Bathroom-Sink-Customize-OEM-ODM-Basin-8-768x768.webp 768w, https:\/\/www.ceramicbasin.com\/wp-content\/uploads\/2025\/01\/Small-Wholesale-Wall-Mount-Bathroom-Sink-Customize-OEM-ODM-Basin-8-12x12.webp 12w, https:\/\/www.ceramicbasin.com\/wp-content\/uploads\/2025\/01\/Small-Wholesale-Wall-Mount-Bathroom-Sink-Customize-OEM-ODM-Basin-8-285x285.webp 285w, https:\/\/www.ceramicbasin.com\/wp-content\/uploads\/2025\/01\/Small-Wholesale-Wall-Mount-Bathroom-Sink-Customize-OEM-ODM-Basin-8-270x270.webp 270w, https:\/\/www.ceramicbasin.com\/wp-content\/uploads\/2025\/01\/Small-Wholesale-Wall-Mount-Bathroom-Sink-Customize-OEM-ODM-Basin-8-540x540.webp 540w, https:\/\/www.ceramicbasin.com\/wp-content\/uploads\/2025\/01\/Small-Wholesale-Wall-Mount-Bathroom-Sink-Customize-OEM-ODM-Basin-8-660x660.webp 660w\" sizes=\"(max-width: 1000px) 100vw, 1000px\" \/><\/figure>\n<\/div>\n<\/div>\n\n\n\n<p><\/p>","protected":false},"excerpt":{"rendered":"<p>Willkommen bei der Gro\u00dfbestellung kleiner Waschbecken im Gro\u00dfhandel. Unsere Wandmontage ma\u00dfgeschneiderte Becken sind f\u00fcr kleine Gr\u00f6\u00dfe B\u00e4der, die Praktikabilit\u00e4t und Sch\u00f6nheit zu verfolgen konzipiert. Die Auswahl der \u00fcberlegenen keramischen Materialien sorgt daf\u00fcr, dass unsere Wand h\u00e4ngen Becken hat ausgezeichnete Haltbarkeit und Sch\u00f6nheit.<\/p>\n<table style=\"border-collapse: collapse; width: 311.02pt;\" border=\"0\" width=\"311\" cellspacing=\"0\" cellpadding=\"0\">\n<tbody>\n<tr style=\"height: 17.60pt;\">\n<td class=\"et3\" style=\"height: 17.60pt; width: 108.35pt;\" width=\"108\" height=\"17\">Hersteller<\/td>\n<td class=\"et3\" style=\"width: 202.95pt;\" width=\"202\">HanYu<\/td>\n<\/tr>\n<tr style=\"height: 17.60pt;\">\n<td class=\"et3\" style=\"height: 17.60pt;\" height=\"17\">Modell Nr.<\/td>\n<td class=\"et4\">HY3056<\/td>\n<\/tr>\n<tr style=\"height: 17.60pt;\">\n<td class=\"et3\" style=\"height: 17.60pt;\" height=\"17\">Typ<\/td>\n<td class=\"et3\">Wandbefestigtes Becken<\/td>\n<\/tr>\n<tr style=\"height: 17.60pt;\">\n<td class=\"et3\" style=\"height: 17.60pt;\" height=\"17\">Form<\/td>\n<td class=\"et2\">Halbrunde Form<\/td>\n<\/tr>\n<tr style=\"height: 17.60pt;\">\n<td class=\"et4\" style=\"height: 17.60pt;\" height=\"17\">Farbe<\/td>\n<td class=\"et3\">Wei\u00df<\/td>\n<\/tr>\n<tr style=\"height: 18.00pt;\">\n<td class=\"et3\" style=\"height: 18.00pt;\" height=\"18\">Dimension<\/td>\n<td class=\"et5\" style=\"width: 202.95pt;\" width=\"202\">30*25*12<\/td>\n<\/tr>\n<tr style=\"height: 17.60pt;\">\n<td class=\"et3\" style=\"height: 17.60pt;\" height=\"17\">N.W \/SET<\/td>\n<td class=\"et3\">6KGS\/PCS<\/td>\n<\/tr>\n<tr style=\"height: 17.60pt;\">\n<td class=\"et3\" style=\"height: 17.60pt;\" height=\"17\">MOQ<\/td>\n<td class=\"et3\">20St\u00fcck<\/td>\n<\/tr>\n<tr style=\"height: 17.60pt;\">\n<td class=\"et3\" style=\"height: 17.60pt;\" height=\"17\">Benutzerdefinierte Option<\/td>\n<td class=\"et3\">Farbe\/Muster\/Gr\u00f6\u00dfe\/Logo\/Verpackung<\/td>\n<\/tr>\n<\/tbody>\n<\/table>","protected":false},"featured_media":6073,"comment_status":"closed","ping_status":"closed","template":"","meta":{"_acf_changed":false},"product_brand":[],"product_cat":[57,56],"product_tag":[],"class_list":{"0":"post-6068","1":"product","2":"type-product","3":"status-publish","4":"has-post-thumbnail","6":"product_cat-wholesale-wall-mounted-sinks","7":"product_cat-wholesale-small-bathroom-sinks","9":"first","10":"instock","11":"shipping-taxable","12":"product-type-simple"},"acf":[],"_links":{"self":[{"href":"https:\/\/www.ceramicbasin.com\/de\/wp-json\/wp\/v2\/product\/6068","targetHints":{"allow":["GET"]}}],"collection":[{"href":"https:\/\/www.ceramicbasin.com\/de\/wp-json\/wp\/v2\/product"}],"about":[{"href":"https:\/\/www.ceramicbasin.com\/de\/wp-json\/wp\/v2\/types\/product"}],"replies":[{"embeddable":true,"href":"https:\/\/www.ceramicbasin.com\/de\/wp-json\/wp\/v2\/comments?post=6068"}],"wp:featuredmedia":[{"embeddable":true,"href":"https:\/\/www.ceramicbasin.com\/de\/wp-json\/wp\/v2\/media\/6073"}],"wp:attachment":[{"href":"https:\/\/www.ceramicbasin.com\/de\/wp-json\/wp\/v2\/media?parent=6068"}],"wp:term":[{"taxonomy":"product_brand","embeddable":true,"href":"https:\/\/www.ceramicbasin.com\/de\/wp-json\/wp\/v2\/product_brand?post=6068"},{"taxonomy":"product_cat","embeddable":true,"href":"https:\/\/www.ceramicbasin.com\/de\/wp-json\/wp\/v2\/product_cat?post=6068"},{"taxonomy":"product_tag","embeddable":true,"href":"https:\/\/www.ceramicbasin.com\/de\/wp-json\/wp\/v2\/product_tag?post=6068"}],"curies":[{"name":"wp","href":"https:\/\/api.w.org\/{rel}","templated":true}]}}