{"id":6077,"date":"2025-02-07T06:54:58","date_gmt":"2025-02-07T06:54:58","guid":{"rendered":"https:\/\/www.ceramicbasin.com\/?post_type=product&#038;p=6077"},"modified":"2025-02-07T06:55:01","modified_gmt":"2025-02-07T06:55:01","slug":"wholesale-wall-mount-sinks","status":"publish","type":"product","link":"https:\/\/www.ceramicbasin.com\/de\/produkt\/wholesale-wall-mount-sinks\/","title":{"rendered":"Ovale Form Gro\u00dfhandel Wandmontage Waschbecken, Modern Wall Hung Basins"},"content":{"rendered":"<div class=\"wp-block-columns is-layout-flex wp-container-core-columns-is-layout-9d6595d7 wp-block-columns-is-layout-flex\">\n<div class=\"wp-block-column is-layout-flow wp-block-column-is-layout-flow\">\n<h2 class=\"wp-block-heading\">Premium Gro\u00dfhandel Wandmontage Waschbecken Merkmale:<\/h2>\n\n\n\n<ul class=\"wp-block-list\">\n<li><strong>Ovales Design, elegant und einfach: <\/strong>Unsere keramischen Gro\u00dfhandels-Wandwaschbecken haben eine glatte ovale Form mit einem einfachen, aber eleganten Design, das sich f\u00fcr verschiedene moderne Badezimmerstile eignet und dem Raum exquisite Sch\u00f6nheit verleiht.<\/li>\n\n\n\n<li><strong>Platzsparende Installation an der Wand: <\/strong>Unsere wandh\u00e4ngenden Waschbecken aus dem Gro\u00dfhandel sparen effektiv Bodenfl\u00e4che und eignen sich besonders f\u00fcr kleine Badezimmer, Hotels, Wohnungen oder moderne, minimalistische Badezimmer, die den Raum offener und aufger\u00e4umter gestalten.<\/li>\n\n\n\n<li><strong>Hochwertige Keramik, schmutzabweisend und leicht zu reinigen: <\/strong>Diese Gro\u00dfhandel Wandmontage Waschbecken sind aus hochwertigen keramischen Materialien, mit Hochtemperatur-Glasur-Behandlung auf der Oberfl\u00e4che, die ausgezeichnete Fleckenbest\u00e4ndigkeit und wasserdichte Leistung, Kratzfestigkeit, nicht leicht zu \u00e4ndern Farbe, einfache und bequeme Reinigung und Wartung hat.<\/li>\n\n\n\n<li><strong>Moderner, minimalistischer Stil, geeignet f\u00fcr eine Vielzahl von Umgebungen: <\/strong>Diese Gro\u00dfhandel Wand h\u00e4ngenden Waschbecken verabschieden modernen minimalistischen Design. Die weiche Linie ist glatt, um das exquisite Design sowohl der Haushaltsb\u00e4der und \u00f6ffentliche Nutzung Orte wie ein Hotel, Caf\u00e9s und Handel Orte, um einen luxuri\u00f6sen Geschmack im Inneren zu pr\u00e4sentieren gew\u00e4hrleisten.<\/li>\n<\/ul>\n<\/div>\n\n\n\n<div class=\"wp-block-column is-layout-flow wp-block-column-is-layout-flow\">\n<figure class=\"wp-block-image size-full\"><img fetchpriority=\"high\" decoding=\"async\" width=\"1000\" height=\"1000\" src=\"https:\/\/www.ceramicbasin.com\/wp-content\/uploads\/2025\/01\/Wholesale-Modern-Wall-Mount-Sinks-Oval-Shape-Basin-6.webp\" alt=\"Ovale Form Gro\u00dfhandel Wandmontage Waschbecken, Modern Wall Hung Basins-1\" class=\"wp-image-6083\" srcset=\"https:\/\/www.ceramicbasin.com\/wp-content\/uploads\/2025\/01\/Wholesale-Modern-Wall-Mount-Sinks-Oval-Shape-Basin-6.webp 1000w, https:\/\/www.ceramicbasin.com\/wp-content\/uploads\/2025\/01\/Wholesale-Modern-Wall-Mount-Sinks-Oval-Shape-Basin-6-300x300.webp 300w, https:\/\/www.ceramicbasin.com\/wp-content\/uploads\/2025\/01\/Wholesale-Modern-Wall-Mount-Sinks-Oval-Shape-Basin-6-150x150.webp 150w, https:\/\/www.ceramicbasin.com\/wp-content\/uploads\/2025\/01\/Wholesale-Modern-Wall-Mount-Sinks-Oval-Shape-Basin-6-768x768.webp 768w, https:\/\/www.ceramicbasin.com\/wp-content\/uploads\/2025\/01\/Wholesale-Modern-Wall-Mount-Sinks-Oval-Shape-Basin-6-12x12.webp 12w, https:\/\/www.ceramicbasin.com\/wp-content\/uploads\/2025\/01\/Wholesale-Modern-Wall-Mount-Sinks-Oval-Shape-Basin-6-285x285.webp 285w, https:\/\/www.ceramicbasin.com\/wp-content\/uploads\/2025\/01\/Wholesale-Modern-Wall-Mount-Sinks-Oval-Shape-Basin-6-270x270.webp 270w, https:\/\/www.ceramicbasin.com\/wp-content\/uploads\/2025\/01\/Wholesale-Modern-Wall-Mount-Sinks-Oval-Shape-Basin-6-540x540.webp 540w, https:\/\/www.ceramicbasin.com\/wp-content\/uploads\/2025\/01\/Wholesale-Modern-Wall-Mount-Sinks-Oval-Shape-Basin-6-660x660.webp 660w\" sizes=\"(max-width: 1000px) 100vw, 1000px\" \/><\/figure>\n<\/div>\n<\/div>\n\n\n\n<p><\/p>","protected":false},"excerpt":{"rendered":"<p>Willkommen zum Kauf Gro\u00dfhandel Wand geh\u00e4ngt Waschbecken. Unsere Keramik Gro\u00dfhandel Wandmontage Waschbecken nehmen eine elegante ovale Wandmontage Design, einfach und modern, perfekt f\u00fcr eine Vielzahl von Badstilen. Die Wandmontage spart Platz und das hochwertige keramische Material ist mit Hochtemperatur-Glasur-Behandlung abgestimmt, um Fleckenbest\u00e4ndigkeit und einfache Reinigung zu gew\u00e4hrleisten.<\/p>\n<table style=\"border-collapse: collapse; width: 311.02pt;\" border=\"0\" width=\"311\" cellspacing=\"0\" cellpadding=\"0\">\n<tbody>\n<tr style=\"height: 17.60pt;\">\n<td class=\"et3\" style=\"height: 17.60pt; width: 108.35pt;\" width=\"108\" height=\"17\">Hersteller<\/td>\n<td class=\"et3\" style=\"width: 202.95pt;\" width=\"202\">HanYu<\/td>\n<\/tr>\n<tr style=\"height: 17.60pt;\">\n<td class=\"et3\" style=\"height: 17.60pt;\" height=\"17\">Modell Nr.<\/td>\n<td class=\"et4\">HY3063<\/td>\n<\/tr>\n<tr style=\"height: 17.60pt;\">\n<td class=\"et3\" style=\"height: 17.60pt;\" height=\"17\">Typ<\/td>\n<td class=\"et3\">Wandbefestigtes Becken<\/td>\n<\/tr>\n<tr style=\"height: 17.60pt;\">\n<td class=\"et3\" style=\"height: 17.60pt;\" height=\"17\">Form<\/td>\n<td class=\"et2\">Ovale Form<\/td>\n<\/tr>\n<tr style=\"height: 17.60pt;\">\n<td class=\"et4\" style=\"height: 17.60pt;\" height=\"17\">Farbe<\/td>\n<td class=\"et3\">Wei\u00df<\/td>\n<\/tr>\n<tr style=\"height: 18.00pt;\">\n<td class=\"et3\" style=\"height: 18.00pt;\" height=\"18\">Dimension<\/td>\n<td class=\"et5\" style=\"width: 202.95pt;\" width=\"202\">56*39*13.5<\/td>\n<\/tr>\n<tr style=\"height: 17.60pt;\">\n<td class=\"et3\" style=\"height: 17.60pt;\" height=\"17\">N.W \/SET<\/td>\n<td class=\"et3\">11KGS\/PCS<\/td>\n<\/tr>\n<tr style=\"height: 17.60pt;\">\n<td class=\"et3\" style=\"height: 17.60pt;\" height=\"17\">MOQ<\/td>\n<td class=\"et3\">20St\u00fcck<\/td>\n<\/tr>\n<tr style=\"height: 17.60pt;\">\n<td class=\"et3\" style=\"height: 17.60pt;\" height=\"17\">Benutzerdefinierte Option<\/td>\n<td class=\"et3\">Farbe\/Muster\/Gr\u00f6\u00dfe\/Logo\/Verpackung<\/td>\n<\/tr>\n<\/tbody>\n<\/table>","protected":false},"featured_media":6081,"comment_status":"closed","ping_status":"closed","template":"","meta":{"_acf_changed":false},"product_brand":[],"product_cat":[57],"product_tag":[],"class_list":{"0":"post-6077","1":"product","2":"type-product","3":"status-publish","4":"has-post-thumbnail","6":"product_cat-wholesale-wall-mounted-sinks","8":"first","9":"instock","10":"shipping-taxable","11":"product-type-simple"},"acf":[],"_links":{"self":[{"href":"https:\/\/www.ceramicbasin.com\/de\/wp-json\/wp\/v2\/product\/6077","targetHints":{"allow":["GET"]}}],"collection":[{"href":"https:\/\/www.ceramicbasin.com\/de\/wp-json\/wp\/v2\/product"}],"about":[{"href":"https:\/\/www.ceramicbasin.com\/de\/wp-json\/wp\/v2\/types\/product"}],"replies":[{"embeddable":true,"href":"https:\/\/www.ceramicbasin.com\/de\/wp-json\/wp\/v2\/comments?post=6077"}],"wp:featuredmedia":[{"embeddable":true,"href":"https:\/\/www.ceramicbasin.com\/de\/wp-json\/wp\/v2\/media\/6081"}],"wp:attachment":[{"href":"https:\/\/www.ceramicbasin.com\/de\/wp-json\/wp\/v2\/media?parent=6077"}],"wp:term":[{"taxonomy":"product_brand","embeddable":true,"href":"https:\/\/www.ceramicbasin.com\/de\/wp-json\/wp\/v2\/product_brand?post=6077"},{"taxonomy":"product_cat","embeddable":true,"href":"https:\/\/www.ceramicbasin.com\/de\/wp-json\/wp\/v2\/product_cat?post=6077"},{"taxonomy":"product_tag","embeddable":true,"href":"https:\/\/www.ceramicbasin.com\/de\/wp-json\/wp\/v2\/product_tag?post=6077"}],"curies":[{"name":"wp","href":"https:\/\/api.w.org\/{rel}","templated":true}]}}