{"id":6086,"date":"2025-02-07T06:37:51","date_gmt":"2025-02-07T06:37:51","guid":{"rendered":"https:\/\/www.ceramicbasin.com\/?post_type=product&#038;p=6086"},"modified":"2025-02-07T06:37:53","modified_gmt":"2025-02-07T06:37:53","slug":"small-ceramic-sinks-wholesale","status":"publish","type":"product","link":"https:\/\/www.ceramicbasin.com\/de\/produkt\/small-ceramic-sinks-wholesale\/","title":{"rendered":"European Style Small Ceramic Sinks Gro\u00dfhandel mit guten Preis"},"content":{"rendered":"<div class=\"wp-block-columns is-layout-flex wp-container-core-columns-is-layout-9d6595d7 wp-block-columns-is-layout-flex\">\n<div class=\"wp-block-column is-layout-flow wp-block-column-is-layout-flow\">\n<h2 class=\"wp-block-heading\">Premium Small Ceramic Sinks Wholesale Eigenschaften:<\/h2>\n\n\n\n<ul class=\"wp-block-list\">\n<li><strong>Moderner Sinn: <\/strong>Diese kleinen keramischen Waschbecken Gro\u00dfhandel sind von der Gestaltung der rechteckigen Form mit einfachen und harten Linien, die mit modernen Haus \u00e4sthetischen Trends, und gilt auch f\u00fcr verschiedene Arten von modernen Bad Dekoration.<\/li>\n\n\n\n<li><strong>Hochwertiges keramisches Material: <\/strong>Unsere kleinen Waschbecken f\u00fcr den Gro\u00dfhandel werden aus hochwertigen keramischen Rohstoffen hergestellt und bei hohen Temperaturen gebrannt, um sicherzustellen, dass das Produkt langlebig, glatt, leicht zu reinigen und zu pflegen ist und eine lang anhaltende Sch\u00f6nheit bewahrt.<\/li>\n\n\n\n<li><strong>Wandmontierte Installation: <\/strong>Unsere kleinen keramischen Waschbecken im Gro\u00dfhandel werden an der Wand installiert, was nicht nur Platz spart, sondern auch die Reinigung des Fu\u00dfbodens erleichtert und die Sauberkeit und Modernit\u00e4t im Badezimmer verbessert.<\/li>\n\n\n\n<li><strong>G\u00fcnstiger Preis: <\/strong>HanYu bietet einen sehr wettbewerbsf\u00e4higen Gro\u00dfhandelspreis f\u00fcr kleine Becken an, so dass Sie hochwertige Keramikbecken genie\u00dfen und gleichzeitig die Kosten kontrollieren k\u00f6nnen.<\/li>\n<\/ul>\n<\/div>\n\n\n\n<div class=\"wp-block-column is-layout-flow wp-block-column-is-layout-flow\">\n<figure class=\"wp-block-image size-full\"><img fetchpriority=\"high\" decoding=\"async\" width=\"1000\" height=\"1000\" src=\"https:\/\/www.ceramicbasin.com\/wp-content\/uploads\/2025\/01\/European-Style-Ceramic-Vanity-Sinks-For-Bathroom-With-Competitive-Price-6.webp\" alt=\"Europ\u00e4ischen Stil kleine keramische Waschbecken Gro\u00dfhandel mit guten Preis-1\" class=\"wp-image-6092\" srcset=\"https:\/\/www.ceramicbasin.com\/wp-content\/uploads\/2025\/01\/European-Style-Ceramic-Vanity-Sinks-For-Bathroom-With-Competitive-Price-6.webp 1000w, https:\/\/www.ceramicbasin.com\/wp-content\/uploads\/2025\/01\/European-Style-Ceramic-Vanity-Sinks-For-Bathroom-With-Competitive-Price-6-300x300.webp 300w, https:\/\/www.ceramicbasin.com\/wp-content\/uploads\/2025\/01\/European-Style-Ceramic-Vanity-Sinks-For-Bathroom-With-Competitive-Price-6-150x150.webp 150w, https:\/\/www.ceramicbasin.com\/wp-content\/uploads\/2025\/01\/European-Style-Ceramic-Vanity-Sinks-For-Bathroom-With-Competitive-Price-6-768x768.webp 768w, https:\/\/www.ceramicbasin.com\/wp-content\/uploads\/2025\/01\/European-Style-Ceramic-Vanity-Sinks-For-Bathroom-With-Competitive-Price-6-12x12.webp 12w, https:\/\/www.ceramicbasin.com\/wp-content\/uploads\/2025\/01\/European-Style-Ceramic-Vanity-Sinks-For-Bathroom-With-Competitive-Price-6-285x285.webp 285w, https:\/\/www.ceramicbasin.com\/wp-content\/uploads\/2025\/01\/European-Style-Ceramic-Vanity-Sinks-For-Bathroom-With-Competitive-Price-6-270x270.webp 270w, https:\/\/www.ceramicbasin.com\/wp-content\/uploads\/2025\/01\/European-Style-Ceramic-Vanity-Sinks-For-Bathroom-With-Competitive-Price-6-540x540.webp 540w, https:\/\/www.ceramicbasin.com\/wp-content\/uploads\/2025\/01\/European-Style-Ceramic-Vanity-Sinks-For-Bathroom-With-Competitive-Price-6-660x660.webp 660w\" sizes=\"(max-width: 1000px) 100vw, 1000px\" \/><\/figure>\n<\/div>\n<\/div>\n\n\n\n<p><\/p>","protected":false},"excerpt":{"rendered":"<p>Willkommen zum Kauf von kleinen Keramikwaschbecken im Gro\u00dfhandel. Unsere kleinen Waschbecken im Gro\u00dfhandel zeichnen sich durch exquisites Design und hochwertige Keramikmaterialien aus, die sie zu einer idealen Wahl f\u00fcr die Badezimmerdekoration machen. Leicht zu reinigende Glasur Behandlung sorgt daf\u00fcr, dass die Produktoberfl\u00e4che ist glatt und leicht zu reinigen t\u00e4glich. Flexible Wasserhahn Installation Position Design macht die Installation bequemer.<\/p>\n<table style=\"border-collapse: collapse; width: 311.02pt;\" border=\"0\" width=\"311\" cellspacing=\"0\" cellpadding=\"0\">\n<tbody>\n<tr style=\"height: 17.60pt;\">\n<td class=\"et3\" style=\"height: 17.60pt; width: 108.35pt;\" width=\"108\" height=\"17\">Hersteller<\/td>\n<td class=\"et3\" style=\"width: 202.95pt;\" width=\"202\">HanYu<\/td>\n<\/tr>\n<tr style=\"height: 17.60pt;\">\n<td class=\"et3\" style=\"height: 17.60pt;\" height=\"17\">Modell Nr.<\/td>\n<td class=\"et4\">HY3083L<\/td>\n<\/tr>\n<tr style=\"height: 17.60pt;\">\n<td class=\"et3\" style=\"height: 17.60pt;\" height=\"17\">Typ<\/td>\n<td class=\"et3\">Wandbefestigtes Becken<\/td>\n<\/tr>\n<tr style=\"height: 17.60pt;\">\n<td class=\"et3\" style=\"height: 17.60pt;\" height=\"17\">Form<\/td>\n<td class=\"et2\">Rechteckige Form<\/td>\n<\/tr>\n<tr style=\"height: 17.60pt;\">\n<td class=\"et4\" style=\"height: 17.60pt;\" height=\"17\">Farbe<\/td>\n<td class=\"et3\">Wei\u00df<\/td>\n<\/tr>\n<tr style=\"height: 18.00pt;\">\n<td class=\"et3\" style=\"height: 18.00pt;\" height=\"18\">Dimension<\/td>\n<td class=\"et5\" style=\"width: 202.95pt;\" width=\"202\">40*28*14.5<\/td>\n<\/tr>\n<tr style=\"height: 17.60pt;\">\n<td class=\"et3\" style=\"height: 17.60pt;\" height=\"17\">N.W \/SET<\/td>\n<td class=\"et3\">9KGS\/PCS<\/td>\n<\/tr>\n<tr style=\"height: 17.60pt;\">\n<td class=\"et3\" style=\"height: 17.60pt;\" height=\"17\">MOQ<\/td>\n<td class=\"et3\">20St\u00fcck<\/td>\n<\/tr>\n<tr style=\"height: 17.60pt;\">\n<td class=\"et3\" style=\"height: 17.60pt;\" height=\"17\">Benutzerdefinierte Option<\/td>\n<td class=\"et3\">Farbe\/Muster\/Gr\u00f6\u00dfe\/Logo\/Verpackung<\/td>\n<\/tr>\n<\/tbody>\n<\/table>","protected":false},"featured_media":6090,"comment_status":"closed","ping_status":"closed","template":"","meta":{"_acf_changed":false},"product_brand":[],"product_cat":[57,56],"product_tag":[],"class_list":{"0":"post-6086","1":"product","2":"type-product","3":"status-publish","4":"has-post-thumbnail","6":"product_cat-wholesale-wall-mounted-sinks","7":"product_cat-wholesale-small-bathroom-sinks","9":"first","10":"instock","11":"shipping-taxable","12":"product-type-simple"},"acf":[],"_links":{"self":[{"href":"https:\/\/www.ceramicbasin.com\/de\/wp-json\/wp\/v2\/product\/6086","targetHints":{"allow":["GET"]}}],"collection":[{"href":"https:\/\/www.ceramicbasin.com\/de\/wp-json\/wp\/v2\/product"}],"about":[{"href":"https:\/\/www.ceramicbasin.com\/de\/wp-json\/wp\/v2\/types\/product"}],"replies":[{"embeddable":true,"href":"https:\/\/www.ceramicbasin.com\/de\/wp-json\/wp\/v2\/comments?post=6086"}],"wp:featuredmedia":[{"embeddable":true,"href":"https:\/\/www.ceramicbasin.com\/de\/wp-json\/wp\/v2\/media\/6090"}],"wp:attachment":[{"href":"https:\/\/www.ceramicbasin.com\/de\/wp-json\/wp\/v2\/media?parent=6086"}],"wp:term":[{"taxonomy":"product_brand","embeddable":true,"href":"https:\/\/www.ceramicbasin.com\/de\/wp-json\/wp\/v2\/product_brand?post=6086"},{"taxonomy":"product_cat","embeddable":true,"href":"https:\/\/www.ceramicbasin.com\/de\/wp-json\/wp\/v2\/product_cat?post=6086"},{"taxonomy":"product_tag","embeddable":true,"href":"https:\/\/www.ceramicbasin.com\/de\/wp-json\/wp\/v2\/product_tag?post=6086"}],"curies":[{"name":"wp","href":"https:\/\/api.w.org\/{rel}","templated":true}]}}