{"id":6095,"date":"2025-01-21T08:51:26","date_gmt":"2025-01-21T08:51:26","guid":{"rendered":"https:\/\/www.ceramicbasin.com\/?post_type=product&#038;p=6095"},"modified":"2025-01-21T08:51:27","modified_gmt":"2025-01-21T08:51:27","slug":"corner-sinks-wholesale","status":"publish","type":"product","link":"https:\/\/www.ceramicbasin.com\/de\/produkt\/corner-sinks-wholesale\/","title":{"rendered":"Neues Design Dreieck Ecke Waschbecken Gro\u00dfhandel, Wall Hung Basins"},"content":{"rendered":"<div class=\"wp-block-columns is-layout-flex wp-container-core-columns-is-layout-9d6595d7 wp-block-columns-is-layout-flex\">\n<div class=\"wp-block-column is-layout-flow wp-block-column-is-layout-flow\">\n<h2 class=\"wp-block-heading\">Premium Ecksp\u00fclen Gro\u00dfhandel Merkmale:<\/h2>\n\n\n\n<ul class=\"wp-block-list\">\n<li><strong>Platzsparend: <\/strong>Unsere keramischen Eckwaschbecken im Gro\u00dfhandel haben ein einzigartiges dreieckiges Design, das den Eckbereich des Badezimmers voll ausnutzt und eine effiziente L\u00f6sung f\u00fcr kleine B\u00e4der, Hotelb\u00e4der oder kompakte R\u00e4ume bietet, ohne die Benutzerfreundlichkeit zu beeintr\u00e4chtigen.<\/li>\n\n\n\n<li><strong>Modisch und modern: <\/strong>Unsere wandh\u00e4ngenden Waschbecken im Gro\u00dfhandel sind einfach, ordentlich in der Struktur mit einer glatten Oberfl\u00e4che aus Keramik, passend f\u00fcr verschiedene Dekorationsstile im Haus, und sind in der Lage, mehr Sch\u00f6nheit zum Badezimmer mit ihrem eleganten Aussehen hinzuzuf\u00fcgen, das modernen Design Sinn zeigt.<\/li>\n\n\n\n<li><strong>Hochwertig und langlebig: <\/strong>Unsere keramischen Ecksp\u00fclen im Gro\u00dfhandel sind aus hochwertigem keramischem Material hergestellt, und die Oberfl\u00e4che ist kratzfest und schmutzabweisend. Es sammelt sich nicht leicht Wasser oder Restflecken, es ist leicht zu reinigen, so dass es so hell wie neu nach langfristiger Nutzung bleiben kann.<\/li>\n\n\n\n<li><strong>Einfach zu installieren: <\/strong>Diese wandh\u00e4ngenden Waschbecken f\u00fcr den Gro\u00dfhandel sind komplett mit Zubeh\u00f6r und vereinfachten Installationsschritten. Sie sind f\u00fcr Wohn-, Hotel- und Gesch\u00e4ftsr\u00e4ume geeignet und erf\u00fcllen verschiedene Anforderungen an die Gestaltung und Dekoration von Badezimmern.<\/li>\n<\/ul>\n<\/div>\n\n\n\n<div class=\"wp-block-column is-layout-flow wp-block-column-is-layout-flow\">\n<figure class=\"wp-block-image size-full\"><img fetchpriority=\"high\" decoding=\"async\" width=\"1000\" height=\"1000\" src=\"https:\/\/www.ceramicbasin.com\/wp-content\/uploads\/2025\/01\/New-Design-Sanitary-Corner-Wall-Hung-Basin-Triangle-Shape-Basin-5.webp\" alt=\"Neues Design Dreieck Ecke Waschbecken Gro\u00dfhandel, Wall Hung Basins-1\" class=\"wp-image-6100\" srcset=\"https:\/\/www.ceramicbasin.com\/wp-content\/uploads\/2025\/01\/New-Design-Sanitary-Corner-Wall-Hung-Basin-Triangle-Shape-Basin-5.webp 1000w, https:\/\/www.ceramicbasin.com\/wp-content\/uploads\/2025\/01\/New-Design-Sanitary-Corner-Wall-Hung-Basin-Triangle-Shape-Basin-5-300x300.webp 300w, https:\/\/www.ceramicbasin.com\/wp-content\/uploads\/2025\/01\/New-Design-Sanitary-Corner-Wall-Hung-Basin-Triangle-Shape-Basin-5-150x150.webp 150w, https:\/\/www.ceramicbasin.com\/wp-content\/uploads\/2025\/01\/New-Design-Sanitary-Corner-Wall-Hung-Basin-Triangle-Shape-Basin-5-768x768.webp 768w, https:\/\/www.ceramicbasin.com\/wp-content\/uploads\/2025\/01\/New-Design-Sanitary-Corner-Wall-Hung-Basin-Triangle-Shape-Basin-5-12x12.webp 12w, https:\/\/www.ceramicbasin.com\/wp-content\/uploads\/2025\/01\/New-Design-Sanitary-Corner-Wall-Hung-Basin-Triangle-Shape-Basin-5-285x285.webp 285w, https:\/\/www.ceramicbasin.com\/wp-content\/uploads\/2025\/01\/New-Design-Sanitary-Corner-Wall-Hung-Basin-Triangle-Shape-Basin-5-270x270.webp 270w, https:\/\/www.ceramicbasin.com\/wp-content\/uploads\/2025\/01\/New-Design-Sanitary-Corner-Wall-Hung-Basin-Triangle-Shape-Basin-5-540x540.webp 540w, https:\/\/www.ceramicbasin.com\/wp-content\/uploads\/2025\/01\/New-Design-Sanitary-Corner-Wall-Hung-Basin-Triangle-Shape-Basin-5-660x660.webp 660w\" sizes=\"(max-width: 1000px) 100vw, 1000px\" \/><\/figure>\n<\/div>\n<\/div>\n\n\n\n<p><\/p>","protected":false},"excerpt":{"rendered":"<p>Willkommen zum Kauf von Keramik-Eckwaschbecken Gro\u00dfhandel. Unsere wandh\u00e4ngenden Waschbecken Gro\u00dfhandel optimiert Bad Layout mit einem platzsparenden dreieckigen Wandstruktur montiert. Der moderne und schlichte Designstil eignet sich f\u00fcr eine Vielzahl von dekorativen Stilen und ist eine ideale Wahl f\u00fcr kompakte R\u00e4ume.<\/p>\n<table style=\"border-collapse: collapse; width: 311.02pt;\" border=\"0\" width=\"311\" cellspacing=\"0\" cellpadding=\"0\">\n<tbody>\n<tr style=\"height: 17.60pt;\">\n<td class=\"et3\" style=\"height: 17.60pt; width: 108.35pt;\" width=\"108\" height=\"17\">Hersteller<\/td>\n<td class=\"et3\" style=\"width: 202.95pt;\" width=\"202\">HanYu<\/td>\n<\/tr>\n<tr style=\"height: 17.60pt;\">\n<td class=\"et3\" style=\"height: 17.60pt;\" height=\"17\">Modell Nr.<\/td>\n<td class=\"et4\">HY3098<\/td>\n<\/tr>\n<tr style=\"height: 17.60pt;\">\n<td class=\"et3\" style=\"height: 17.60pt;\" height=\"17\">Typ<\/td>\n<td class=\"et3\">Wandbefestigtes Becken<\/td>\n<\/tr>\n<tr style=\"height: 17.60pt;\">\n<td class=\"et3\" style=\"height: 17.60pt;\" height=\"17\">Form<\/td>\n<td class=\"et2\">Dreiecksform<\/td>\n<\/tr>\n<tr style=\"height: 17.60pt;\">\n<td class=\"et4\" style=\"height: 17.60pt;\" height=\"17\">Farbe<\/td>\n<td class=\"et3\">Wei\u00df<\/td>\n<\/tr>\n<tr style=\"height: 18.00pt;\">\n<td class=\"et3\" style=\"height: 18.00pt;\" height=\"18\">Dimension<\/td>\n<td class=\"et5\" style=\"width: 202.95pt;\" width=\"202\">42.5*42.5*13<\/td>\n<\/tr>\n<tr style=\"height: 17.60pt;\">\n<td class=\"et3\" style=\"height: 17.60pt;\" height=\"17\">N.W \/SET<\/td>\n<td class=\"et3\">10KGS\/PCS<\/td>\n<\/tr>\n<tr style=\"height: 17.60pt;\">\n<td class=\"et3\" style=\"height: 17.60pt;\" height=\"17\">MOQ<\/td>\n<td class=\"et3\">20St\u00fcck<\/td>\n<\/tr>\n<tr style=\"height: 17.60pt;\">\n<td class=\"et3\" style=\"height: 17.60pt;\" height=\"17\">Benutzerdefinierte Option<\/td>\n<td class=\"et3\">Farbe\/Muster\/Gr\u00f6\u00dfe\/Logo\/Verpackung<\/td>\n<\/tr>\n<\/tbody>\n<\/table>","protected":false},"featured_media":6099,"comment_status":"closed","ping_status":"closed","template":"","meta":{"_acf_changed":false},"product_brand":[],"product_cat":[57],"product_tag":[],"class_list":{"0":"post-6095","1":"product","2":"type-product","3":"status-publish","4":"has-post-thumbnail","6":"product_cat-wholesale-wall-mounted-sinks","8":"first","9":"instock","10":"shipping-taxable","11":"product-type-simple"},"acf":[],"_links":{"self":[{"href":"https:\/\/www.ceramicbasin.com\/de\/wp-json\/wp\/v2\/product\/6095","targetHints":{"allow":["GET"]}}],"collection":[{"href":"https:\/\/www.ceramicbasin.com\/de\/wp-json\/wp\/v2\/product"}],"about":[{"href":"https:\/\/www.ceramicbasin.com\/de\/wp-json\/wp\/v2\/types\/product"}],"replies":[{"embeddable":true,"href":"https:\/\/www.ceramicbasin.com\/de\/wp-json\/wp\/v2\/comments?post=6095"}],"wp:featuredmedia":[{"embeddable":true,"href":"https:\/\/www.ceramicbasin.com\/de\/wp-json\/wp\/v2\/media\/6099"}],"wp:attachment":[{"href":"https:\/\/www.ceramicbasin.com\/de\/wp-json\/wp\/v2\/media?parent=6095"}],"wp:term":[{"taxonomy":"product_brand","embeddable":true,"href":"https:\/\/www.ceramicbasin.com\/de\/wp-json\/wp\/v2\/product_brand?post=6095"},{"taxonomy":"product_cat","embeddable":true,"href":"https:\/\/www.ceramicbasin.com\/de\/wp-json\/wp\/v2\/product_cat?post=6095"},{"taxonomy":"product_tag","embeddable":true,"href":"https:\/\/www.ceramicbasin.com\/de\/wp-json\/wp\/v2\/product_tag?post=6095"}],"curies":[{"name":"wp","href":"https:\/\/api.w.org\/{rel}","templated":true}]}}