{"id":6110,"date":"2025-02-07T03:50:36","date_gmt":"2025-02-07T03:50:36","guid":{"rendered":"https:\/\/www.ceramicbasin.com\/?post_type=product&#038;p=6110"},"modified":"2025-02-07T03:50:39","modified_gmt":"2025-02-07T03:50:39","slug":"wholesale-glass-vessel-sinks","status":"publish","type":"product","link":"https:\/\/www.ceramicbasin.com\/de\/produkt\/wholesale-glass-vessel-sinks\/","title":{"rendered":"Gro\u00dfhandel Glasgef\u00e4\u00df Waschbecken mit verschiedenen Farben, runde Form Glasbecken"},"content":{"rendered":"<div class=\"wp-block-columns is-layout-flex wp-container-core-columns-is-layout-9d6595d7 wp-block-columns-is-layout-flex\">\n<div class=\"wp-block-column is-layout-flow wp-block-column-is-layout-flow\">\n<h2 class=\"wp-block-heading\">Premium-Gro\u00dfhandel Glas Gef\u00e4\u00df Waschbecken Eigenschaften:<\/h2>\n\n\n\n<ul class=\"wp-block-list\">\n<li><strong>Exquisite Textur Design, verbessern den k\u00fcnstlerischen Sinn des Badezimmers: <\/strong>Unsere Gro\u00dfhandel Glasgef\u00e4\u00df Waschbecken nehmen exquisite Textur-Technologie, pr\u00e4sentiert ein einzigartiges Licht und Schatten-Effekt, so dass das Bad Raum mehr k\u00fcnstlerisch, perfekt passend zu den modernen, High-End-oder personalisierte Badezimmer Dekoration Stil.<\/li>\n\n\n\n<li><strong>Eine Vielzahl von Farboptionen, geeignet f\u00fcr verschiedene Dekorationsbed\u00fcrfnisse:<\/strong> Diese Glasgef\u00e4\u00df Waschbecken Gro\u00dfhandel sind in einer Vielzahl von Farben, einschlie\u00dflich der transparenten, Farbverlauf, bunte und andere Stile, um die \u00e4sthetischen Vorlieben der verschiedenen Benutzer zu erf\u00fcllen, und leicht mit verschiedenen Bad-Designs.<\/li>\n\n\n\n<li><strong>Hochwertiges geh\u00e4rtetes Glas, langlebig und sicher: <\/strong>Das Glasmaterial dieser Gro\u00dfhandel Glasgef\u00e4\u00df Waschbecken wurde streng getestet, um sicherzustellen, Hitze und K\u00e4lte Widerstand, nicht leicht zu platzen, sicher und langlebig, und bieten zuverl\u00e4ssigen Schutz f\u00fcr private oder gewerbliche Badezimmer Raum.<\/li>\n\n\n\n<li><strong>Runde und glatte Form, modisch und leicht zu reinigen: <\/strong>Diese Glasgef\u00e4\u00dfsp\u00fclen Gro\u00dfhandel klassischen runden Design, glatte und nat\u00fcrliche Linien, nicht nur eine weiche Sch\u00f6nheit zu schaffen, sondern auch effektiv zu reduzieren Wasser und Schmutz Ansammlung, leicht zu reinigen und zu pflegen t\u00e4glich.<\/li>\n<\/ul>\n<\/div>\n\n\n\n<div class=\"wp-block-column is-layout-flow wp-block-column-is-layout-flow\">\n<figure class=\"wp-block-image size-full is-resized\"><img fetchpriority=\"high\" decoding=\"async\" width=\"497\" height=\"677\" src=\"https:\/\/www.ceramicbasin.com\/wp-content\/uploads\/2025\/01\/Glass-wash-basin-supplierround-shape-basin-sinks-with-various-colors-9.webp\" alt=\"Gro\u00dfhandel Glasgef\u00e4\u00df Waschbecken mit verschiedenen Farben, runde Form Glasbecken-1\" class=\"wp-image-6109\" style=\"width:341px;height:auto\" srcset=\"https:\/\/www.ceramicbasin.com\/wp-content\/uploads\/2025\/01\/Glass-wash-basin-supplierround-shape-basin-sinks-with-various-colors-9.webp 497w, https:\/\/www.ceramicbasin.com\/wp-content\/uploads\/2025\/01\/Glass-wash-basin-supplierround-shape-basin-sinks-with-various-colors-9-220x300.webp 220w, https:\/\/www.ceramicbasin.com\/wp-content\/uploads\/2025\/01\/Glass-wash-basin-supplierround-shape-basin-sinks-with-various-colors-9-9x12.webp 9w, https:\/\/www.ceramicbasin.com\/wp-content\/uploads\/2025\/01\/Glass-wash-basin-supplierround-shape-basin-sinks-with-various-colors-9-285x388.webp 285w, https:\/\/www.ceramicbasin.com\/wp-content\/uploads\/2025\/01\/Glass-wash-basin-supplierround-shape-basin-sinks-with-various-colors-9-485x660.webp 485w, https:\/\/www.ceramicbasin.com\/wp-content\/uploads\/2025\/01\/Glass-wash-basin-supplierround-shape-basin-sinks-with-various-colors-9-110x150.webp 110w\" sizes=\"(max-width: 497px) 100vw, 497px\" \/><\/figure>\n<\/div>\n<\/div>\n\n\n\n<p><\/p>","protected":false},"excerpt":{"rendered":"<p>Willkommen zum Kauf Glasgef\u00e4\u00df Waschbecken Gro\u00dfhandel. Unsere Gro\u00dfhandel Glasgef\u00e4\u00df Waschbecken sind aus hochwertigem geh\u00e4rtetem Glas, einzigartig in der Textur Design, und reich an Farboptionen, die verschiedene Stile f\u00fcr Bad Dekoration treffen k\u00f6nnen. Es ist praktisch, nicht nur in der Funktion, sondern auch in stilvoller Form, die die perfekte Wahl f\u00fcr fortgeschrittene Bad Raum sein sollte.<\/p>\n<table style=\"border-collapse: collapse; width: 358.52pt;\" border=\"0\" width=\"478\" cellspacing=\"0\" cellpadding=\"0\">\n<tbody>\n<tr style=\"height: 17.25pt;\">\n<td class=\"et3\" style=\"height: 17.25pt; width: 125.00pt;\" width=\"166\" height=\"23\">Hersteller<\/td>\n<td class=\"et3\" style=\"width: 234.15pt;\" width=\"312\">HanYu<\/td>\n<\/tr>\n<tr style=\"height: 17.25pt;\">\n<td class=\"et3\" style=\"height: 17.25pt;\" height=\"23\">Modell Nr.<\/td>\n<td class=\"et4\">HY-TY310B<\/td>\n<\/tr>\n<tr style=\"height: 17.25pt;\">\n<td class=\"et3\" style=\"height: 17.25pt;\" height=\"23\">Typ<\/td>\n<td class=\"et5\" style=\"width: 234.15pt;\" width=\"312\">Glas-Waschtisch<\/td>\n<\/tr>\n<tr style=\"height: 18.00pt;\">\n<td class=\"et3\" style=\"height: 18.00pt;\" height=\"24\">Form<\/td>\n<td class=\"et3\">Runde Form<\/td>\n<\/tr>\n<tr style=\"height: 34.50pt;\">\n<td class=\"et4\" style=\"height: 34.50pt;\" height=\"46\">Farbe<\/td>\n<td class=\"et5\" style=\"width: 234.15pt;\" width=\"312\">schwarz\/wei\u00df\/blau\/grau\/rosa\/gr\u00fcn\/braun\/khaki<\/td>\n<\/tr>\n<tr style=\"height: 18.00pt;\">\n<td class=\"et3\" style=\"height: 18.00pt;\" height=\"24\">Dimension<\/td>\n<td class=\"et5\" style=\"width: 234.15pt;\" width=\"312\">39.5*39.5*16<\/td>\n<\/tr>\n<tr style=\"height: 17.25pt;\">\n<td class=\"et3\" style=\"height: 17.25pt;\" height=\"23\">N.W \/SET<\/td>\n<td class=\"et3\">5KGS\/PCS<\/td>\n<\/tr>\n<tr style=\"height: 17.25pt;\">\n<td class=\"et3\" style=\"height: 17.25pt;\" height=\"23\">MOQ<\/td>\n<td class=\"et3\">20St\u00fcck<\/td>\n<\/tr>\n<tr style=\"height: 17.25pt;\">\n<td class=\"et3\" style=\"height: 17.25pt;\" height=\"23\">Benutzerdefinierte Option<\/td>\n<td class=\"et3\">Farbe\/Muster\/Gr\u00f6\u00dfe\/Logo\/Verpackung<\/td>\n<\/tr>\n<\/tbody>\n<\/table>","protected":false},"featured_media":6106,"comment_status":"closed","ping_status":"closed","template":"","meta":{"_acf_changed":false},"product_brand":[],"product_cat":[52],"product_tag":[],"class_list":{"0":"post-6110","1":"product","2":"type-product","3":"status-publish","4":"has-post-thumbnail","6":"product_cat-wholesale-glass-vessel-sinks","8":"first","9":"instock","10":"shipping-taxable","11":"product-type-simple"},"acf":[],"_links":{"self":[{"href":"https:\/\/www.ceramicbasin.com\/de\/wp-json\/wp\/v2\/product\/6110","targetHints":{"allow":["GET"]}}],"collection":[{"href":"https:\/\/www.ceramicbasin.com\/de\/wp-json\/wp\/v2\/product"}],"about":[{"href":"https:\/\/www.ceramicbasin.com\/de\/wp-json\/wp\/v2\/types\/product"}],"replies":[{"embeddable":true,"href":"https:\/\/www.ceramicbasin.com\/de\/wp-json\/wp\/v2\/comments?post=6110"}],"wp:featuredmedia":[{"embeddable":true,"href":"https:\/\/www.ceramicbasin.com\/de\/wp-json\/wp\/v2\/media\/6106"}],"wp:attachment":[{"href":"https:\/\/www.ceramicbasin.com\/de\/wp-json\/wp\/v2\/media?parent=6110"}],"wp:term":[{"taxonomy":"product_brand","embeddable":true,"href":"https:\/\/www.ceramicbasin.com\/de\/wp-json\/wp\/v2\/product_brand?post=6110"},{"taxonomy":"product_cat","embeddable":true,"href":"https:\/\/www.ceramicbasin.com\/de\/wp-json\/wp\/v2\/product_cat?post=6110"},{"taxonomy":"product_tag","embeddable":true,"href":"https:\/\/www.ceramicbasin.com\/de\/wp-json\/wp\/v2\/product_tag?post=6110"}],"curies":[{"name":"wp","href":"https:\/\/api.w.org\/{rel}","templated":true}]}}