{"id":6111,"date":"2025-02-07T04:02:35","date_gmt":"2025-02-07T04:02:35","guid":{"rendered":"https:\/\/www.ceramicbasin.com\/?post_type=product&#038;p=6111"},"modified":"2025-02-07T04:02:37","modified_gmt":"2025-02-07T04:02:37","slug":"glass-bowl-sinks-wholesale","status":"publish","type":"product","link":"https:\/\/www.ceramicbasin.com\/de\/produkt\/glass-bowl-sinks-wholesale\/","title":{"rendered":"Luxus Diamond-Cut Glas Sch\u00fcssel Waschbecken Gro\u00dfhandel mit mehreren Farben"},"content":{"rendered":"<div class=\"wp-block-columns is-layout-flex wp-container-core-columns-is-layout-9d6595d7 wp-block-columns-is-layout-flex\">\n<div class=\"wp-block-column is-layout-flow wp-block-column-is-layout-flow\">\n<h2 class=\"wp-block-heading\">Premium Glas Sch\u00fcssel Waschbecken Gro\u00dfhandel Features:<\/h2>\n\n\n\n<ul class=\"wp-block-list\">\n<li><strong>Diamantgeschliffene Textur, schillerndes Licht und Schatten:<\/strong> Unsere Glassch\u00fcssel Waschbecken Gro\u00dfhandel nimmt exquisite Diamant-Schliff Textur Design, das reflektiert brillanten Glanz unter der Beleuchtung von Licht, das ist sehr visuell beeindruckend und f\u00fcgt eine edle und elegante Atmosph\u00e4re, um das Bad.<\/li>\n\n\n\n<li><strong>Reiche Farbauswahl, geeignet f\u00fcr eine Vielzahl von dekorativen Stilen:<\/strong> Wir bieten verschiedene modische Farboptionen f\u00fcr Glaswaschbecken im Gro\u00dfhandel an, so dass das Waschbecken nicht nur ein praktisches Badezimmerprodukt ist, sondern auch ein Highlight, das den Geschmack der Badezimmerdekoration aufwertet.<\/li>\n\n\n\n<li><strong>Hochfestes geh\u00e4rtetes Glas, langlebig und sicher: <\/strong>Diese Serie von Gro\u00dfhandel Glas Sch\u00fcssel Waschbecken sind aus verdicktem hochwertigem geh\u00e4rtetem Glas hergestellt. Seine hervorragende Anti-Schlag-F\u00e4higkeit und Kratzfestigkeit kann sicherstellen, dass es nicht gebrochen werden, nachdem es f\u00fcr einige Zeit zu verwenden. Zur gleichen Zeit, gest\u00e4rkt mit hohen Temperaturen, genie\u00dft das Glasmaterial eine gute Hitzebest\u00e4ndigkeit.<\/li>\n\n\n\n<li><strong>Glatte und abgerundete Sch\u00fcsselform, praktisch und leicht zu reinigen: <\/strong>Die klassische Beckenform dieser Glaswaschbecken f\u00fcr den Gro\u00dfhandel ist ebenso glatt wie elegant und gro\u00dfz\u00fcgig. Die R\u00e4nder der Sp\u00fcle wurden sorgf\u00e4ltig geschliffen und f\u00fchlen sich glatt und zart an, was nicht nur den Komfort bei der Benutzung verbessert, sondern auch die Sicherheit erh\u00f6ht.<\/li>\n<\/ul>\n<\/div>\n\n\n\n<div class=\"wp-block-column is-layout-flow wp-block-column-is-layout-flow\">\n<figure class=\"wp-block-image size-full is-resized\"><img fetchpriority=\"high\" decoding=\"async\" width=\"484\" height=\"664\" src=\"https:\/\/www.ceramicbasin.com\/wp-content\/uploads\/2025\/01\/Wholesale-glass-wash-basincountertop-basin-with-various-colors-1.webp\" alt=\"Exquisite Glasschale Waschbecken Gro\u00dfhandel mit verschiedenen Farben-1\" class=\"wp-image-6112\" style=\"width:358px;height:auto\" srcset=\"https:\/\/www.ceramicbasin.com\/wp-content\/uploads\/2025\/01\/Wholesale-glass-wash-basincountertop-basin-with-various-colors-1.webp 484w, https:\/\/www.ceramicbasin.com\/wp-content\/uploads\/2025\/01\/Wholesale-glass-wash-basincountertop-basin-with-various-colors-1-219x300.webp 219w, https:\/\/www.ceramicbasin.com\/wp-content\/uploads\/2025\/01\/Wholesale-glass-wash-basincountertop-basin-with-various-colors-1-9x12.webp 9w, https:\/\/www.ceramicbasin.com\/wp-content\/uploads\/2025\/01\/Wholesale-glass-wash-basincountertop-basin-with-various-colors-1-285x391.webp 285w, https:\/\/www.ceramicbasin.com\/wp-content\/uploads\/2025\/01\/Wholesale-glass-wash-basincountertop-basin-with-various-colors-1-481x660.webp 481w, https:\/\/www.ceramicbasin.com\/wp-content\/uploads\/2025\/01\/Wholesale-glass-wash-basincountertop-basin-with-various-colors-1-109x150.webp 109w\" sizes=\"(max-width: 484px) 100vw, 484px\" \/><\/figure>\n<\/div>\n<\/div>\n\n\n\n<p><\/p>","protected":false},"excerpt":{"rendered":"<p>Willkommen im Gro\u00dfhandel Badezimmer Waschbecken zu kaufen. Die einzigartige diamantgeschliffene Textur unserer Glassch\u00fcssel Waschbecken Gro\u00dfhandel reflektiert das blendende Licht und Schatten unter dem Licht, zeigt eine High-End-Luxus. Eine Vielzahl von Farboptionen sind verf\u00fcgbar, um verschiedene Badezimmer Dekoration Stile passen.<\/p>\n<table style=\"border-collapse: collapse; width: 358.52pt;\" border=\"0\" width=\"478\" cellspacing=\"0\" cellpadding=\"0\">\n<tbody>\n<tr style=\"height: 17.25pt;\">\n<td class=\"et3\" style=\"height: 17.25pt; width: 125.00pt;\" width=\"166\" height=\"23\">Hersteller<\/td>\n<td class=\"et3\" style=\"width: 234.15pt;\" width=\"312\">HanYu<\/td>\n<\/tr>\n<tr style=\"height: 17.25pt;\">\n<td class=\"et3\" style=\"height: 17.25pt;\" height=\"23\">Modell Nr.<\/td>\n<td class=\"et4\">HY-TY310A<\/td>\n<\/tr>\n<tr style=\"height: 17.25pt;\">\n<td class=\"et3\" style=\"height: 17.25pt;\" height=\"23\">Typ<\/td>\n<td class=\"et5\" style=\"width: 234.15pt;\" width=\"312\">Glas-Waschtisch<\/td>\n<\/tr>\n<tr style=\"height: 18.00pt;\">\n<td class=\"et3\" style=\"height: 18.00pt;\" height=\"24\">Form<\/td>\n<td class=\"et3\">Runde Form<\/td>\n<\/tr>\n<tr style=\"height: 34.50pt;\">\n<td class=\"et4\" style=\"height: 34.50pt;\" height=\"46\">Farbe<\/td>\n<td class=\"et5\" style=\"width: 234.15pt;\" width=\"312\">schwarz\/wei\u00df\/blau\/grau\/rosa\/gr\u00fcn\/braun\/khaki<\/td>\n<\/tr>\n<tr style=\"height: 18.00pt;\">\n<td class=\"et3\" style=\"height: 18.00pt;\" height=\"24\">Dimension<\/td>\n<td class=\"et5\" style=\"width: 234.15pt;\" width=\"312\">34*34*17.5<\/td>\n<\/tr>\n<tr style=\"height: 17.25pt;\">\n<td class=\"et3\" style=\"height: 17.25pt;\" height=\"23\">N.W \/SET<\/td>\n<td class=\"et3\">4KGS\/PCS<\/td>\n<\/tr>\n<tr style=\"height: 17.25pt;\">\n<td class=\"et3\" style=\"height: 17.25pt;\" height=\"23\">MOQ<\/td>\n<td class=\"et3\">20St\u00fcck<\/td>\n<\/tr>\n<tr style=\"height: 17.25pt;\">\n<td class=\"et3\" style=\"height: 17.25pt;\" height=\"23\">Benutzerdefinierte Option<\/td>\n<td class=\"et3\">Farbe\/Muster\/Gr\u00f6\u00dfe\/Logo\/Verpackung<\/td>\n<\/tr>\n<\/tbody>\n<\/table>","protected":false},"featured_media":6116,"comment_status":"closed","ping_status":"closed","template":"","meta":{"_acf_changed":false},"product_brand":[],"product_cat":[52],"product_tag":[],"class_list":{"0":"post-6111","1":"product","2":"type-product","3":"status-publish","4":"has-post-thumbnail","6":"product_cat-wholesale-glass-vessel-sinks","8":"first","9":"instock","10":"shipping-taxable","11":"product-type-simple"},"acf":[],"_links":{"self":[{"href":"https:\/\/www.ceramicbasin.com\/de\/wp-json\/wp\/v2\/product\/6111","targetHints":{"allow":["GET"]}}],"collection":[{"href":"https:\/\/www.ceramicbasin.com\/de\/wp-json\/wp\/v2\/product"}],"about":[{"href":"https:\/\/www.ceramicbasin.com\/de\/wp-json\/wp\/v2\/types\/product"}],"replies":[{"embeddable":true,"href":"https:\/\/www.ceramicbasin.com\/de\/wp-json\/wp\/v2\/comments?post=6111"}],"wp:featuredmedia":[{"embeddable":true,"href":"https:\/\/www.ceramicbasin.com\/de\/wp-json\/wp\/v2\/media\/6116"}],"wp:attachment":[{"href":"https:\/\/www.ceramicbasin.com\/de\/wp-json\/wp\/v2\/media?parent=6111"}],"wp:term":[{"taxonomy":"product_brand","embeddable":true,"href":"https:\/\/www.ceramicbasin.com\/de\/wp-json\/wp\/v2\/product_brand?post=6111"},{"taxonomy":"product_cat","embeddable":true,"href":"https:\/\/www.ceramicbasin.com\/de\/wp-json\/wp\/v2\/product_cat?post=6111"},{"taxonomy":"product_tag","embeddable":true,"href":"https:\/\/www.ceramicbasin.com\/de\/wp-json\/wp\/v2\/product_tag?post=6111"}],"curies":[{"name":"wp","href":"https:\/\/api.w.org\/{rel}","templated":true}]}}