{"id":6149,"date":"2025-01-22T03:21:13","date_gmt":"2025-01-22T03:21:13","guid":{"rendered":"https:\/\/www.ceramicbasin.com\/?post_type=product&#038;p=6149"},"modified":"2025-02-05T09:53:53","modified_gmt":"2025-02-05T09:53:53","slug":"small-sink-wholesale","status":"publish","type":"product","link":"https:\/\/www.ceramicbasin.com\/de\/produkt\/small-sink-wholesale\/","title":{"rendered":"Modernes schmales kleines Waschbecken Gro\u00dfhandel, keramisches wandh\u00e4ngendes Waschbecken"},"content":{"rendered":"<div class=\"wp-block-columns is-layout-flex wp-container-core-columns-is-layout-9d6595d7 wp-block-columns-is-layout-flex\">\n<div class=\"wp-block-column is-layout-flow wp-block-column-is-layout-flow\">\n<div class=\"wp-block-columns is-layout-flex wp-container-core-columns-is-layout-9d6595d7 wp-block-columns-is-layout-flex\">\n<div class=\"wp-block-column is-layout-flow wp-block-column-is-layout-flow\" style=\"flex-basis:100%\">\n<div class=\"wp-block-columns is-layout-flex wp-container-core-columns-is-layout-9d6595d7 wp-block-columns-is-layout-flex\">\n<div class=\"wp-block-column is-layout-flow wp-block-column-is-layout-flow\">\n<h2 class=\"wp-block-heading\">Premium Small Sink Gro\u00dfhandel Merkmale:<\/h2>\n\n\n\n<ul class=\"wp-block-list\">\n<li><strong>Oben montierte Ausf\u00fchrung: <\/strong>Diese hochwertigen winzigen wandh\u00e4ngenden Waschbecken im Gro\u00dfhandel sind nicht nur platzsparend, sondern verleihen dem Badezimmer auch ein modernes Flair und passen zu verschiedenen Einrichtungsstilen.<\/li>\n\n\n\n<li><strong>Weich und zart:<\/strong> Unsere kleinen Keramiksp\u00fclen im Gro\u00dfhandel haben eine glatte und empfindliche Oberfl\u00e4che, die leicht zu reinigen ist und den Abnutzungserscheinungen und Flecken des t\u00e4glichen Gebrauchs standh\u00e4lt, so dass sie lange Zeit wie neu sind.<\/li>\n\n\n\n<li><strong>Preisvorteil im Gro\u00dfhandel:\u00a0<\/strong>Als Hersteller von keramischen Waschbecken bieten wir sehr wettbewerbsf\u00e4hige Preise f\u00fcr winzige wandh\u00e4ngende Waschbecken im Gro\u00dfhandel, Gro\u00dfeink\u00e4ufe genie\u00dfen mehr Rabatte, so dass hochwertige Bad-Accessoires Ihre ideale Wahl unter Kostenkontrolle.<\/li>\n\n\n\n<li><strong>Hei\u00dfer Verkauf:<\/strong> Diese kleine Sp\u00fcle Gro\u00dfhandel ist gut durch den Markt wegen seiner Haltbarkeit, einheitliche Farbe, einfache Reinigung und Wartung, und hohe Kosten Leistung aufgenommen.<\/li>\n<\/ul>\n<\/div>\n\n\n\n<div class=\"wp-block-column is-layout-flow wp-block-column-is-layout-flow\">\n<figure class=\"wp-block-image size-full\"><img fetchpriority=\"high\" decoding=\"async\" width=\"800\" height=\"800\" src=\"https:\/\/www.ceramicbasin.com\/wp-content\/uploads\/2025\/01\/wall-mount-sinkwall-hung-bathroom-vanitybathroom-sinks6.webp\" alt=\"Modernes schmales kleines Waschbecken Gro\u00dfhandel, Keramik-Wandh\u00e4ngendes Waschbecken-1\" class=\"wp-image-6155\" srcset=\"https:\/\/www.ceramicbasin.com\/wp-content\/uploads\/2025\/01\/wall-mount-sinkwall-hung-bathroom-vanitybathroom-sinks6.webp 800w, https:\/\/www.ceramicbasin.com\/wp-content\/uploads\/2025\/01\/wall-mount-sinkwall-hung-bathroom-vanitybathroom-sinks6-300x300.webp 300w, https:\/\/www.ceramicbasin.com\/wp-content\/uploads\/2025\/01\/wall-mount-sinkwall-hung-bathroom-vanitybathroom-sinks6-150x150.webp 150w, https:\/\/www.ceramicbasin.com\/wp-content\/uploads\/2025\/01\/wall-mount-sinkwall-hung-bathroom-vanitybathroom-sinks6-768x768.webp 768w, https:\/\/www.ceramicbasin.com\/wp-content\/uploads\/2025\/01\/wall-mount-sinkwall-hung-bathroom-vanitybathroom-sinks6-12x12.webp 12w, https:\/\/www.ceramicbasin.com\/wp-content\/uploads\/2025\/01\/wall-mount-sinkwall-hung-bathroom-vanitybathroom-sinks6-285x285.webp 285w, https:\/\/www.ceramicbasin.com\/wp-content\/uploads\/2025\/01\/wall-mount-sinkwall-hung-bathroom-vanitybathroom-sinks6-270x270.webp 270w, https:\/\/www.ceramicbasin.com\/wp-content\/uploads\/2025\/01\/wall-mount-sinkwall-hung-bathroom-vanitybathroom-sinks6-540x540.webp 540w, https:\/\/www.ceramicbasin.com\/wp-content\/uploads\/2025\/01\/wall-mount-sinkwall-hung-bathroom-vanitybathroom-sinks6-660x660.webp 660w\" sizes=\"(max-width: 800px) 100vw, 800px\" \/><\/figure>\n<\/div>\n<\/div>\n<\/div>\n<\/div>\n<\/div>\n<\/div>\n\n\n\n<p><\/p>","protected":false},"excerpt":{"rendered":"<p>Willkommen zum Kauf von Keramik Gro\u00dfhandel Wand geh\u00e4ngt Waschbecken. Unsere kleinen Waschbecken Gro\u00dfhandel hat eine glatte und empfindliche Oberfl\u00e4che, die leicht zu reinigen ist und kann die Abnutzung und Flecken des t\u00e4glichen Gebrauchs widerstehen, halten sie so gut wie neu f\u00fcr eine lange Zeit.<\/p>\n<table style=\"border-collapse: collapse; width: 311.02pt;\" border=\"0\" width=\"311\" cellspacing=\"0\" cellpadding=\"0\">\n<tbody>\n<tr style=\"height: 17.60pt;\">\n<td class=\"et3\" style=\"height: 17.60pt; width: 108.35pt;\" width=\"108\" height=\"17\">Hersteller<\/td>\n<td class=\"et3\" style=\"width: 202.95pt;\" width=\"202\">HanYu<\/td>\n<\/tr>\n<tr style=\"height: 17.60pt;\">\n<td class=\"et3\" style=\"height: 17.60pt;\" height=\"17\">Modell Nr.<\/td>\n<td class=\"et4\">HY3118L<\/td>\n<\/tr>\n<tr style=\"height: 17.60pt;\">\n<td class=\"et3\" style=\"height: 17.60pt;\" height=\"17\">Typ<\/td>\n<td class=\"et3\">Wandbefestigte Waschbecken\/kleine Waschbecken f\u00fcr das Bad<\/td>\n<\/tr>\n<tr style=\"height: 17.60pt;\">\n<td class=\"et3\" style=\"height: 17.60pt;\" height=\"17\">Form<\/td>\n<td class=\"et3\">Rechteckige Form<\/td>\n<\/tr>\n<tr style=\"height: 17.60pt;\">\n<td class=\"et4\" style=\"height: 17.60pt;\" height=\"17\">Farbe<\/td>\n<td class=\"et3\">Wei\u00df<\/td>\n<\/tr>\n<tr style=\"height: 18.00pt;\">\n<td class=\"et3\" style=\"height: 18.00pt;\" height=\"18\">Dimension<\/td>\n<td class=\"et6\" style=\"width: 202.95pt;\" width=\"202\">40*22*12.5<\/td>\n<\/tr>\n<tr style=\"height: 17.60pt;\">\n<td class=\"et3\" style=\"height: 17.60pt;\" height=\"17\">N.W \/SET<\/td>\n<td class=\"et3\">10KGS\/PCS<\/td>\n<\/tr>\n<tr style=\"height: 17.60pt;\">\n<td class=\"et3\" style=\"height: 17.60pt;\" height=\"17\">MOQ<\/td>\n<td class=\"et3\">20St\u00fcck<\/td>\n<\/tr>\n<tr style=\"height: 17.60pt;\">\n<td class=\"et3\" style=\"height: 17.60pt;\" height=\"17\">Benutzerdefinierte Option<\/td>\n<td class=\"et3\">Farbe\/Muster\/Gr\u00f6\u00dfe\/Logo\/Verpackung<\/td>\n<\/tr>\n<\/tbody>\n<\/table>","protected":false},"featured_media":6153,"comment_status":"closed","ping_status":"closed","template":"","meta":{"_acf_changed":false},"product_brand":[],"product_cat":[56,57],"product_tag":[],"class_list":{"0":"post-6149","1":"product","2":"type-product","3":"status-publish","4":"has-post-thumbnail","6":"product_cat-wholesale-small-bathroom-sinks","7":"product_cat-wholesale-wall-mounted-sinks","9":"first","10":"instock","11":"shipping-taxable","12":"product-type-simple"},"acf":[],"_links":{"self":[{"href":"https:\/\/www.ceramicbasin.com\/de\/wp-json\/wp\/v2\/product\/6149","targetHints":{"allow":["GET"]}}],"collection":[{"href":"https:\/\/www.ceramicbasin.com\/de\/wp-json\/wp\/v2\/product"}],"about":[{"href":"https:\/\/www.ceramicbasin.com\/de\/wp-json\/wp\/v2\/types\/product"}],"replies":[{"embeddable":true,"href":"https:\/\/www.ceramicbasin.com\/de\/wp-json\/wp\/v2\/comments?post=6149"}],"wp:featuredmedia":[{"embeddable":true,"href":"https:\/\/www.ceramicbasin.com\/de\/wp-json\/wp\/v2\/media\/6153"}],"wp:attachment":[{"href":"https:\/\/www.ceramicbasin.com\/de\/wp-json\/wp\/v2\/media?parent=6149"}],"wp:term":[{"taxonomy":"product_brand","embeddable":true,"href":"https:\/\/www.ceramicbasin.com\/de\/wp-json\/wp\/v2\/product_brand?post=6149"},{"taxonomy":"product_cat","embeddable":true,"href":"https:\/\/www.ceramicbasin.com\/de\/wp-json\/wp\/v2\/product_cat?post=6149"},{"taxonomy":"product_tag","embeddable":true,"href":"https:\/\/www.ceramicbasin.com\/de\/wp-json\/wp\/v2\/product_tag?post=6149"}],"curies":[{"name":"wp","href":"https:\/\/api.w.org\/{rel}","templated":true}]}}