{"id":6157,"date":"2025-01-22T05:31:54","date_gmt":"2025-01-22T05:31:54","guid":{"rendered":"https:\/\/www.ceramicbasin.com\/?post_type=product&#038;p=6157"},"modified":"2025-02-05T09:50:50","modified_gmt":"2025-02-05T09:50:50","slug":"custom-small-vanity-sink","status":"publish","type":"product","link":"https:\/\/www.ceramicbasin.com\/de\/produkt\/custom-small-vanity-sink\/","title":{"rendered":"Benutzerdefinierte kleine Eitelkeit Waschbecken, Badezimmer Wand hing Becken Gro\u00dfhandel"},"content":{"rendered":"<div class=\"wp-block-columns is-layout-flex wp-container-core-columns-is-layout-9d6595d7 wp-block-columns-is-layout-flex\">\n<div class=\"wp-block-column is-layout-flow wp-block-column-is-layout-flow\">\n<h2 class=\"wp-block-heading\">Premium Custom Small Vanity Sink Merkmale<\/h2>\n\n\n\n<ul class=\"wp-block-list\">\n<li><strong>Platzsparendes Design:<\/strong> Die kompakten Abmessungen und die Wandmontage machen das wandh\u00e4ngende Waschbecken ideal f\u00fcr kleine B\u00e4der oder Nasszellen in Bereichen, in denen viel freier Platz Mangelware ist.<\/li>\n\n\n\n<li><strong>Hochwertiges keramisches Material: <\/strong>Unser ma\u00dfgefertigtes kleines Waschbecken ist aus bei hoher Temperatur gebrannter Keramik gefertigt. Das Ergebnis ist eine glatte und leicht zu reinigende Oberfl\u00e4che, resistent gegen Flecken und langlebig, damit sie auch nach langem Gebrauch sch\u00f6n bleibt.<\/li>\n\n\n\n<li><strong>Moderne und schlichte \u00c4sthetik: <\/strong>Das stromlinienf\u00f6rmige Design und die stilvolle Erscheinung dieses wandh\u00e4ngenden Waschbeckens lassen sich leicht in eine Vielzahl von Badezimmerstilen integrieren, um den gesamten Raumstil zu verbessern.<\/li>\n\n\n\n<li><strong>Gro\u00dfhandel und Anpassungsdienste:<\/strong> Wir bieten Gro\u00dflieferungen und Anpassungsoptionen f\u00fcr kleine Waschbecken, die den Aufdruck von Markenlogos, die Gr\u00f6\u00dfen- und Farbauswahl f\u00fcr kommerzielle Projekte und den Bedarf des Einzelhandels unterst\u00fctzen.<\/li>\n<\/ul>\n<\/div>\n\n\n\n<div class=\"wp-block-column is-layout-flow wp-block-column-is-layout-flow\">\n<figure class=\"wp-block-image size-full\"><img fetchpriority=\"high\" decoding=\"async\" width=\"800\" height=\"800\" src=\"https:\/\/www.ceramicbasin.com\/wp-content\/uploads\/2025\/01\/small-bathroom-sinkswall-mount-bathroom-sinkmounted-bathroom-sink6.webp\" alt=\"Benutzerdefinierte kleine Eitelkeit Waschbecken, Badezimmer Wand hing Becken Gro\u00dfhandel-1\" class=\"wp-image-6163\" srcset=\"https:\/\/www.ceramicbasin.com\/wp-content\/uploads\/2025\/01\/small-bathroom-sinkswall-mount-bathroom-sinkmounted-bathroom-sink6.webp 800w, https:\/\/www.ceramicbasin.com\/wp-content\/uploads\/2025\/01\/small-bathroom-sinkswall-mount-bathroom-sinkmounted-bathroom-sink6-300x300.webp 300w, https:\/\/www.ceramicbasin.com\/wp-content\/uploads\/2025\/01\/small-bathroom-sinkswall-mount-bathroom-sinkmounted-bathroom-sink6-150x150.webp 150w, https:\/\/www.ceramicbasin.com\/wp-content\/uploads\/2025\/01\/small-bathroom-sinkswall-mount-bathroom-sinkmounted-bathroom-sink6-768x768.webp 768w, https:\/\/www.ceramicbasin.com\/wp-content\/uploads\/2025\/01\/small-bathroom-sinkswall-mount-bathroom-sinkmounted-bathroom-sink6-12x12.webp 12w, https:\/\/www.ceramicbasin.com\/wp-content\/uploads\/2025\/01\/small-bathroom-sinkswall-mount-bathroom-sinkmounted-bathroom-sink6-285x285.webp 285w, https:\/\/www.ceramicbasin.com\/wp-content\/uploads\/2025\/01\/small-bathroom-sinkswall-mount-bathroom-sinkmounted-bathroom-sink6-270x270.webp 270w, https:\/\/www.ceramicbasin.com\/wp-content\/uploads\/2025\/01\/small-bathroom-sinkswall-mount-bathroom-sinkmounted-bathroom-sink6-540x540.webp 540w, https:\/\/www.ceramicbasin.com\/wp-content\/uploads\/2025\/01\/small-bathroom-sinkswall-mount-bathroom-sinkmounted-bathroom-sink6-660x660.webp 660w\" sizes=\"(max-width: 800px) 100vw, 800px\" \/><\/figure>\n<\/div>\n<\/div>\n\n\n\n<p><\/p>","protected":false},"excerpt":{"rendered":"<p>Willkommen zu bestellen benutzerdefinierte kleine Eitelkeit Waschbecken. Unser Bad Wand h\u00e4ngenden Waschbecken Gro\u00dfhandel ist mit platzsparenden als Kern entworfen, aus hochwertiger Keramik, und hat eine moderne und einfache \u00c4sthetik. Seine Wandmontage Methode ist nicht nur geeignet f\u00fcr kleine B\u00e4der, sondern auch kommerzielle und pers\u00f6nliche Bed\u00fcrfnisse durch Gro\u00dfhandel und Anpassung Dienstleistungen erf\u00fcllen k\u00f6nnen.<\/p>\n<table style=\"border-collapse: collapse; width: 358.52pt;\" border=\"0\" width=\"478\" cellspacing=\"0\" cellpadding=\"0\">\n<tbody>\n<tr style=\"height: 17.25pt;\">\n<td class=\"et3\" style=\"height: 17.25pt; width: 125.00pt;\" width=\"166\" height=\"23\">Hersteller<\/td>\n<td class=\"et3\" style=\"width: 234.15pt;\" width=\"312\">HanYu<\/td>\n<\/tr>\n<tr style=\"height: 17.25pt;\">\n<td class=\"et3\" style=\"height: 17.25pt;\" height=\"23\">Modell Nr.<\/td>\n<td class=\"et4\">HY-3128R<\/td>\n<\/tr>\n<tr style=\"height: 17.25pt;\">\n<td class=\"et3\" style=\"height: 17.25pt;\" height=\"23\">Typ<\/td>\n<td class=\"et5\" style=\"width: 234.15pt;\" width=\"312\">Waschbecken f\u00fcr die Wandmontage\uff0cKleine Waschbecken f\u00fcr das Badezimmer<\/td>\n<\/tr>\n<tr style=\"height: 18.00pt;\">\n<td class=\"et3\" style=\"height: 18.00pt;\" height=\"24\">Form<\/td>\n<td class=\"et3\">Quadratische Form<\/td>\n<\/tr>\n<tr style=\"height: 34.50pt;\">\n<td class=\"et4\" style=\"height: 34.50pt;\" height=\"46\">Farbe<\/td>\n<td class=\"et5\" style=\"width: 234.15pt;\" width=\"312\">schwarz\/wei\u00df\/blau\/grau\/rosa\/gr\u00fcn\/braun\/khaki<\/td>\n<\/tr>\n<tr style=\"height: 18.00pt;\">\n<td class=\"et3\" style=\"height: 18.00pt;\" height=\"24\">Dimension<\/td>\n<td class=\"et5\" style=\"width: 234.15pt;\" width=\"312\">40*22*12<\/td>\n<\/tr>\n<tr style=\"height: 17.25pt;\">\n<td class=\"et3\" style=\"height: 17.25pt;\" height=\"23\">N.W \/SET<\/td>\n<td class=\"et3\">8KGS\/PCS<\/td>\n<\/tr>\n<tr style=\"height: 17.25pt;\">\n<td class=\"et3\" style=\"height: 17.25pt;\" height=\"23\">MOQ<\/td>\n<td class=\"et3\">20St\u00fcck<\/td>\n<\/tr>\n<tr style=\"height: 17.25pt;\">\n<td class=\"et3\" style=\"height: 17.25pt;\" height=\"23\">Benutzerdefinierte Option<\/td>\n<td class=\"et3\">Farbe\/Muster\/Gr\u00f6\u00dfe\/Logo\/Verpackung<\/td>\n<\/tr>\n<\/tbody>\n<\/table>","protected":false},"featured_media":6161,"comment_status":"closed","ping_status":"closed","template":"","meta":{"_acf_changed":false},"product_brand":[],"product_cat":[57,56],"product_tag":[],"class_list":{"0":"post-6157","1":"product","2":"type-product","3":"status-publish","4":"has-post-thumbnail","6":"product_cat-wholesale-wall-mounted-sinks","7":"product_cat-wholesale-small-bathroom-sinks","9":"first","10":"instock","11":"shipping-taxable","12":"product-type-simple"},"acf":[],"_links":{"self":[{"href":"https:\/\/www.ceramicbasin.com\/de\/wp-json\/wp\/v2\/product\/6157","targetHints":{"allow":["GET"]}}],"collection":[{"href":"https:\/\/www.ceramicbasin.com\/de\/wp-json\/wp\/v2\/product"}],"about":[{"href":"https:\/\/www.ceramicbasin.com\/de\/wp-json\/wp\/v2\/types\/product"}],"replies":[{"embeddable":true,"href":"https:\/\/www.ceramicbasin.com\/de\/wp-json\/wp\/v2\/comments?post=6157"}],"wp:featuredmedia":[{"embeddable":true,"href":"https:\/\/www.ceramicbasin.com\/de\/wp-json\/wp\/v2\/media\/6161"}],"wp:attachment":[{"href":"https:\/\/www.ceramicbasin.com\/de\/wp-json\/wp\/v2\/media?parent=6157"}],"wp:term":[{"taxonomy":"product_brand","embeddable":true,"href":"https:\/\/www.ceramicbasin.com\/de\/wp-json\/wp\/v2\/product_brand?post=6157"},{"taxonomy":"product_cat","embeddable":true,"href":"https:\/\/www.ceramicbasin.com\/de\/wp-json\/wp\/v2\/product_cat?post=6157"},{"taxonomy":"product_tag","embeddable":true,"href":"https:\/\/www.ceramicbasin.com\/de\/wp-json\/wp\/v2\/product_tag?post=6157"}],"curies":[{"name":"wp","href":"https:\/\/api.w.org\/{rel}","templated":true}]}}