{"id":6164,"date":"2025-01-22T05:36:18","date_gmt":"2025-01-22T05:36:18","guid":{"rendered":"https:\/\/www.ceramicbasin.com\/?post_type=product&#038;p=6164"},"modified":"2025-04-07T09:13:07","modified_gmt":"2025-04-07T09:13:07","slug":"wholesale-small-bathroom-sink","status":"publish","type":"product","link":"https:\/\/www.ceramicbasin.com\/de\/produkt\/wholesale-small-bathroom-sink\/","title":{"rendered":"Unregelm\u00e4\u00dfige Gro\u00dfhandel kleine Badezimmer Waschbecken, keramische Wandmontage-Becken"},"content":{"rendered":"<div class=\"wp-block-columns is-layout-flex wp-container-core-columns-is-layout-9d6595d7 wp-block-columns-is-layout-flex\">\n<div class=\"wp-block-column is-layout-flow wp-block-column-is-layout-flow\">\n<h2 class=\"wp-block-heading\">Premium-Gro\u00dfhandel kleine Bad Waschbecken Eigenschaften:<\/h2>\n\n\n\n<ul class=\"wp-block-list\">\n<li><strong>Direktverkauf ab Werk:<\/strong>\u00a0HanYu's Gro\u00dfhandel kleine Bad Waschbecken sind direkt von der Fabrik verkauft, die Beseitigung der Preisunterschied von Zwischenh\u00e4ndlern, und Gro\u00dfeinkauf Bad Waschbecken stellt sicher, dass Sie qualitativ hochwertige Bad Waschbecken in gro\u00dfen Mengen zu den niedrigsten Kosten zu kaufen.<\/li>\n\n\n\n<li><strong>Wandmontierte Installation:<\/strong>\u00a0Das Design dieser Keramik-Wandwaschbecken im Gro\u00dfhandel ist platzsparend und leicht zu reinigen. Dieses Mini-Badewaschbecken Gro\u00dfhandel ist besonders geeignet f\u00fcr moderne kompakte B\u00e4der, die Verbesserung der Sauberkeit und Modernit\u00e4t des gesamten Raumes.<\/li>\n\n\n\n<li><strong>Leicht zu reinigende Glasurbehandlung:\u00a0<\/strong>Die Oberfl\u00e4che dieser Gro\u00dfhandel kleine Bad Waschbecken Gro\u00dfhandel nimmt spezielle easy-to-clean Glasur Technologie, die glatt und zart ist, Flecken sind nicht leicht zu haften und leicht zu reinigen.<\/li>\n\n\n\n<li><strong>Gro\u00dfe Produktionskapazit\u00e4t: <\/strong>Unser gro\u00dfes Lager enth\u00e4lt verschiedene Keramik Wandmontage Becken Gro\u00dfhandel. W\u00e4hlen Sie die Artikel, die auf die Produktion sind, haben wir genug wei\u00dfe Becken, Marmor Farbe Becken zu machen, w\u00fcrde die Versandzeit viel k\u00fcrzer sein.<\/li>\n<\/ul>\n<\/div>\n\n\n\n<div class=\"wp-block-column is-layout-flow wp-block-column-is-layout-flow\">\n<figure class=\"wp-block-image size-full\"><img fetchpriority=\"high\" decoding=\"async\" width=\"800\" height=\"800\" src=\"https:\/\/www.ceramicbasin.com\/wp-content\/uploads\/2025\/01\/wall-mounted-vanity-basinsquare-wall-mounted-basinsink-bathroom6.webp\" alt=\"Unregelm\u00e4\u00dfige Gro\u00dfhandel kleine Badezimmer Waschbecken, keramische Wand Mount Basins-1\" class=\"wp-image-6170\" srcset=\"https:\/\/www.ceramicbasin.com\/wp-content\/uploads\/2025\/01\/wall-mounted-vanity-basinsquare-wall-mounted-basinsink-bathroom6.webp 800w, https:\/\/www.ceramicbasin.com\/wp-content\/uploads\/2025\/01\/wall-mounted-vanity-basinsquare-wall-mounted-basinsink-bathroom6-300x300.webp 300w, https:\/\/www.ceramicbasin.com\/wp-content\/uploads\/2025\/01\/wall-mounted-vanity-basinsquare-wall-mounted-basinsink-bathroom6-150x150.webp 150w, https:\/\/www.ceramicbasin.com\/wp-content\/uploads\/2025\/01\/wall-mounted-vanity-basinsquare-wall-mounted-basinsink-bathroom6-768x768.webp 768w, https:\/\/www.ceramicbasin.com\/wp-content\/uploads\/2025\/01\/wall-mounted-vanity-basinsquare-wall-mounted-basinsink-bathroom6-12x12.webp 12w, https:\/\/www.ceramicbasin.com\/wp-content\/uploads\/2025\/01\/wall-mounted-vanity-basinsquare-wall-mounted-basinsink-bathroom6-285x285.webp 285w, https:\/\/www.ceramicbasin.com\/wp-content\/uploads\/2025\/01\/wall-mounted-vanity-basinsquare-wall-mounted-basinsink-bathroom6-270x270.webp 270w, https:\/\/www.ceramicbasin.com\/wp-content\/uploads\/2025\/01\/wall-mounted-vanity-basinsquare-wall-mounted-basinsink-bathroom6-540x540.webp 540w, https:\/\/www.ceramicbasin.com\/wp-content\/uploads\/2025\/01\/wall-mounted-vanity-basinsquare-wall-mounted-basinsink-bathroom6-660x660.webp 660w\" sizes=\"(max-width: 800px) 100vw, 800px\" \/><\/figure>\n<\/div>\n<\/div>\n\n\n\n<p><\/p>","protected":false},"excerpt":{"rendered":"<p>Willkommen im Gro\u00dfhandel kleine Bad Waschbecken zu kaufen. Unsere kleinen Keramik Wandmontage Waschbecken Gro\u00dfhandel sind entworfen, um Platz zu sparen. Diese Gro\u00dfhandel kleine Bad Waschbecken sind langlebig und leicht zu reinigen, mit einer glatten und zarten Oberfl\u00e4che. Das kompakte Design ist nicht nur f\u00fcr kleine B\u00e4der geeignet, sondern verleiht jedem Raum einen modernen Touch. Ob f\u00fcr den Heimgebrauch oder kommerzielle Projekte, diese wandh\u00e4ngenden Waschbecken sind eine ideale Wahl.<\/p>\n<table style=\"border-collapse: collapse; width: 311.02pt;\" border=\"0\" width=\"311\" cellspacing=\"0\" cellpadding=\"0\">\n<tbody>\n<tr style=\"height: 17.60pt;\">\n<td class=\"et3\" style=\"height: 17.60pt; width: 108.35pt;\" width=\"108\" height=\"17\">Hersteller<\/td>\n<td class=\"et3\" style=\"width: 202.95pt;\" width=\"202\">HanYu<\/td>\n<\/tr>\n<tr style=\"height: 17.60pt;\">\n<td class=\"et3\" style=\"height: 17.60pt;\" height=\"17\">Modell Nr.<\/td>\n<td class=\"et4\">HY-3129R<\/td>\n<\/tr>\n<tr style=\"height: 17.60pt;\">\n<td class=\"et3\" style=\"height: 17.60pt;\" height=\"17\">Typ<\/td>\n<td class=\"et3\">Kleine Waschbecken f\u00fcr das Badezimmer\/Wandwaschbecken<\/td>\n<\/tr>\n<tr style=\"height: 17.60pt;\">\n<td class=\"et3\" style=\"height: 17.60pt;\" height=\"17\">Form<\/td>\n<td class=\"et3\">Unregelm\u00e4\u00dfig<\/td>\n<\/tr>\n<tr style=\"height: 17.60pt;\">\n<td class=\"et4\" style=\"height: 17.60pt;\" height=\"17\">Farbe<\/td>\n<td class=\"et3\">Wei\u00df<\/td>\n<\/tr>\n<tr style=\"height: 18.00pt;\">\n<td class=\"et3\" style=\"height: 18.00pt;\" height=\"18\">Dimension<\/td>\n<td class=\"et6\" style=\"width: 202.95pt;\" width=\"202\">50*30*25<\/td>\n<\/tr>\n<tr style=\"height: 17.60pt;\">\n<td class=\"et3\" style=\"height: 17.60pt;\" height=\"17\">N.W \/SET<\/td>\n<td class=\"et3\">12KGS\/PCS<\/td>\n<\/tr>\n<tr style=\"height: 17.60pt;\">\n<td class=\"et3\" style=\"height: 17.60pt;\" height=\"17\">MOQ<\/td>\n<td class=\"et3\">20St\u00fcck<\/td>\n<\/tr>\n<tr style=\"height: 17.60pt;\">\n<td class=\"et3\" style=\"height: 17.60pt;\" height=\"17\">Benutzerdefinierte Option<\/td>\n<td class=\"et3\">Farbe\/Muster\/Gr\u00f6\u00dfe\/Logo\/Verpackung<\/td>\n<\/tr>\n<\/tbody>\n<\/table>\n<p>&nbsp;<\/p>","protected":false},"featured_media":6165,"comment_status":"closed","ping_status":"closed","template":"","meta":{"_acf_changed":false},"product_brand":[],"product_cat":[57],"product_tag":[],"class_list":{"0":"post-6164","1":"product","2":"type-product","3":"status-publish","4":"has-post-thumbnail","6":"product_cat-wholesale-wall-mounted-sinks","8":"first","9":"instock","10":"shipping-taxable","11":"product-type-simple"},"acf":[],"_links":{"self":[{"href":"https:\/\/www.ceramicbasin.com\/de\/wp-json\/wp\/v2\/product\/6164","targetHints":{"allow":["GET"]}}],"collection":[{"href":"https:\/\/www.ceramicbasin.com\/de\/wp-json\/wp\/v2\/product"}],"about":[{"href":"https:\/\/www.ceramicbasin.com\/de\/wp-json\/wp\/v2\/types\/product"}],"replies":[{"embeddable":true,"href":"https:\/\/www.ceramicbasin.com\/de\/wp-json\/wp\/v2\/comments?post=6164"}],"wp:featuredmedia":[{"embeddable":true,"href":"https:\/\/www.ceramicbasin.com\/de\/wp-json\/wp\/v2\/media\/6165"}],"wp:attachment":[{"href":"https:\/\/www.ceramicbasin.com\/de\/wp-json\/wp\/v2\/media?parent=6164"}],"wp:term":[{"taxonomy":"product_brand","embeddable":true,"href":"https:\/\/www.ceramicbasin.com\/de\/wp-json\/wp\/v2\/product_brand?post=6164"},{"taxonomy":"product_cat","embeddable":true,"href":"https:\/\/www.ceramicbasin.com\/de\/wp-json\/wp\/v2\/product_cat?post=6164"},{"taxonomy":"product_tag","embeddable":true,"href":"https:\/\/www.ceramicbasin.com\/de\/wp-json\/wp\/v2\/product_tag?post=6164"}],"curies":[{"name":"wp","href":"https:\/\/api.w.org\/{rel}","templated":true}]}}