{"id":6171,"date":"2025-01-22T05:46:41","date_gmt":"2025-01-22T05:46:41","guid":{"rendered":"https:\/\/www.ceramicbasin.com\/?post_type=product&#038;p=6171"},"modified":"2025-02-07T07:20:34","modified_gmt":"2025-02-07T07:20:34","slug":"above-counter-vessel-sinks-wholesale","status":"publish","type":"product","link":"https:\/\/www.ceramicbasin.com\/de\/produkt\/above-counter-vessel-sinks-wholesale\/","title":{"rendered":"Matte braune keramische \u00fcber Z\u00e4hler Gef\u00e4\u00df Waschbecken Gro\u00dfhandel f\u00fcr Badezimmer"},"content":{"rendered":"<div class=\"wp-block-columns is-layout-flex wp-container-core-columns-is-layout-9d6595d7 wp-block-columns-is-layout-flex\">\n<div class=\"wp-block-column is-layout-flow wp-block-column-is-layout-flow\">\n<h2 class=\"wp-block-heading\">Premium \u00fcber Z\u00e4hler Vessel Waschbecken Gro\u00dfhandel Features:<\/h2>\n\n\n\n<ul class=\"wp-block-list\">\n<li><strong>Matte braune Textur, zur\u00fcckhaltender Luxus: <\/strong>Unsere \u00fcber der Theke Gef\u00e4\u00df Waschbecken Gro\u00dfhandel nehmen eine einzigartige matte braune Glasur mit zarten Textur und nicht reflektierend, pr\u00e4sentiert eine Low-Key-und luxuri\u00f6se visuelle Wirkung, die perfekt geeignet f\u00fcr moderne, industrielle oder Retro-Stil Bad-Design ist.<\/li>\n\n\n\n<li><strong>Einfaches und elegantes Design f\u00fcr die Installation \u00fcber der Theke:<\/strong> Unsere Gro\u00dfhandel Keramik Waschbecken sind aus hochwertigen keramischen Materialien, die von Hochtemperatur-Brennen und haben eine ausgezeichnete Best\u00e4ndigkeit gegen Flecken und Kratzer gemacht. Wasserflecken und Flecken treten kaum auf. Die t\u00e4gliche Reinigung ist leicht und einfach. Nach einer langen Zeit der Nutzung, kann es hell und sauber bleiben.<\/li>\n\n\n\n<li><strong>Hochwertiges Keramikmaterial, flecken- und kratzfest: <\/strong>Diese Gef\u00e4\u00dfsp\u00fclen im Gro\u00dfhandel sind aus hochwertigem keramischem, flecken- und kratzfestem Material hergestellt, das bei hoher Temperatur gebrannt wird. Die Flecken oder Kratzer sind ziemlich widerstandsf\u00e4hig, und Wasser oder andere Arten von Flecken k\u00f6nnen kaum hinterlassen werden. Die Reinigung im t\u00e4glichen Leben ist einfach und leicht, und es kann hell und sauber nach einer langen Zeit des Dienstes bleiben.<\/li>\n\n\n\n<li><strong>Gro\u00dfes Fassungsverm\u00f6gen des Beckens, praktisch und bequem: <\/strong>Diese keramischen Waschbecken f\u00fcr den Gro\u00dfhandel sind mit einer moderaten Beckentiefe konzipiert, um gen\u00fcgend Platz zum Waschen zu bieten, ohne Spritzer zu verursachen, und um den Komfort bei der t\u00e4glichen Nutzung zu gew\u00e4hrleisten.<\/li>\n<\/ul>\n<\/div>\n\n\n\n<div class=\"wp-block-column is-layout-flow wp-block-column-is-layout-flow\">\n<figure class=\"wp-block-image size-full\"><img fetchpriority=\"high\" decoding=\"async\" width=\"827\" height=\"1225\" src=\"https:\/\/www.ceramicbasin.com\/wp-content\/uploads\/2025\/01\/Matte-Vanity-basin-6.jpg\" alt=\"Matte braune keramische \u00fcber Z\u00e4hler Gef\u00e4\u00df Waschbecken Gro\u00dfhandel f\u00fcr Bad-1\" class=\"wp-image-6179\" srcset=\"https:\/\/www.ceramicbasin.com\/wp-content\/uploads\/2025\/01\/Matte-Vanity-basin-6.jpg 827w, https:\/\/www.ceramicbasin.com\/wp-content\/uploads\/2025\/01\/Matte-Vanity-basin-6-203x300.jpg 203w, https:\/\/www.ceramicbasin.com\/wp-content\/uploads\/2025\/01\/Matte-Vanity-basin-6-768x1138.jpg 768w, https:\/\/www.ceramicbasin.com\/wp-content\/uploads\/2025\/01\/Matte-Vanity-basin-6-8x12.jpg 8w, https:\/\/www.ceramicbasin.com\/wp-content\/uploads\/2025\/01\/Matte-Vanity-basin-6-285x422.jpg 285w, https:\/\/www.ceramicbasin.com\/wp-content\/uploads\/2025\/01\/Matte-Vanity-basin-6-446x660.jpg 446w, https:\/\/www.ceramicbasin.com\/wp-content\/uploads\/2025\/01\/Matte-Vanity-basin-6-101x150.jpg 101w\" sizes=\"(max-width: 827px) 100vw, 827px\" \/><\/figure>\n<\/div>\n<\/div>","protected":false},"excerpt":{"rendered":"<p>Willkommen zum Kauf winzigen Bad Waschbecken Gro\u00dfhandel. Unsere \u00fcber der Theke Gef\u00e4\u00df Waschbecken Gro\u00dfhandel sind entworfen, um die Herausforderungen der kleinen Raum B\u00e4der zu l\u00f6sen. Die hochwertigen keramischen Materialien ausgew\u00e4hlt, um die Haltbarkeit und einfache Reinigung des Produkts. Der Vorzugspreis des Gro\u00dfeinkaufs hilft Ihnen, die Kosten zu kontrollieren.<\/p>\n<table style=\"border-collapse: collapse; width: 311.02pt;\" border=\"0\" width=\"311\" cellspacing=\"0\" cellpadding=\"0\">\n<tbody>\n<tr style=\"height: 17.60pt;\">\n<td class=\"et3\" style=\"height: 17.60pt; width: 108.35pt;\" width=\"108\" height=\"17\">Hersteller<\/td>\n<td class=\"et3\" style=\"width: 202.95pt;\" width=\"202\">HanYu<\/td>\n<\/tr>\n<tr style=\"height: 17.60pt;\">\n<td class=\"et3\" style=\"height: 17.60pt;\" height=\"17\">Modell Nr.<\/td>\n<td class=\"et4\">HY-8069PK<\/td>\n<\/tr>\n<tr style=\"height: 17.60pt;\">\n<td class=\"et3\" style=\"height: 17.60pt;\" height=\"17\">Typ<\/td>\n<td class=\"et3\">Matte Waschbecken<\/td>\n<\/tr>\n<tr style=\"height: 17.60pt;\">\n<td class=\"et3\" style=\"height: 17.60pt;\" height=\"17\">Form<\/td>\n<td class=\"et3\">Runde Form<\/td>\n<\/tr>\n<tr style=\"height: 17.60pt;\">\n<td class=\"et4\" style=\"height: 17.60pt;\" height=\"17\">Farbe<\/td>\n<td class=\"et3\">Khaki<\/td>\n<\/tr>\n<tr style=\"height: 18.00pt;\">\n<td class=\"et3\" style=\"height: 18.00pt;\" height=\"18\">Dimension<\/td>\n<td class=\"et6\" style=\"width: 202.95pt;\" width=\"202\">41.5*41.5*13.5<\/td>\n<\/tr>\n<tr style=\"height: 17.60pt;\">\n<td class=\"et3\" style=\"height: 17.60pt;\" height=\"17\">N.W \/SET<\/td>\n<td class=\"et3\">8KGS\/PCS<\/td>\n<\/tr>\n<tr style=\"height: 17.60pt;\">\n<td class=\"et3\" style=\"height: 17.60pt;\" height=\"17\">MOQ<\/td>\n<td class=\"et3\">10St\u00fcck<\/td>\n<\/tr>\n<tr style=\"height: 17.60pt;\">\n<td class=\"et3\" style=\"height: 17.60pt;\" height=\"17\">Benutzerdefinierte Option<\/td>\n<td class=\"et3\">Farbe\/Muster\/Gr\u00f6\u00dfe\/Logo\/Verpackung<\/td>\n<\/tr>\n<\/tbody>\n<\/table>","protected":false},"featured_media":6180,"comment_status":"closed","ping_status":"closed","template":"","meta":{"_acf_changed":false},"product_brand":[],"product_cat":[55,50],"product_tag":[],"class_list":{"0":"post-6171","1":"product","2":"type-product","3":"status-publish","4":"has-post-thumbnail","6":"product_cat-wholesale-matte-sinks","7":"product_cat-wholesale-countertop-sinks","9":"first","10":"instock","11":"shipping-taxable","12":"product-type-simple"},"acf":[],"_links":{"self":[{"href":"https:\/\/www.ceramicbasin.com\/de\/wp-json\/wp\/v2\/product\/6171","targetHints":{"allow":["GET"]}}],"collection":[{"href":"https:\/\/www.ceramicbasin.com\/de\/wp-json\/wp\/v2\/product"}],"about":[{"href":"https:\/\/www.ceramicbasin.com\/de\/wp-json\/wp\/v2\/types\/product"}],"replies":[{"embeddable":true,"href":"https:\/\/www.ceramicbasin.com\/de\/wp-json\/wp\/v2\/comments?post=6171"}],"wp:featuredmedia":[{"embeddable":true,"href":"https:\/\/www.ceramicbasin.com\/de\/wp-json\/wp\/v2\/media\/6180"}],"wp:attachment":[{"href":"https:\/\/www.ceramicbasin.com\/de\/wp-json\/wp\/v2\/media?parent=6171"}],"wp:term":[{"taxonomy":"product_brand","embeddable":true,"href":"https:\/\/www.ceramicbasin.com\/de\/wp-json\/wp\/v2\/product_brand?post=6171"},{"taxonomy":"product_cat","embeddable":true,"href":"https:\/\/www.ceramicbasin.com\/de\/wp-json\/wp\/v2\/product_cat?post=6171"},{"taxonomy":"product_tag","embeddable":true,"href":"https:\/\/www.ceramicbasin.com\/de\/wp-json\/wp\/v2\/product_tag?post=6171"}],"curies":[{"name":"wp","href":"https:\/\/api.w.org\/{rel}","templated":true}]}}