{"id":6172,"date":"2025-01-22T05:47:54","date_gmt":"2025-01-22T05:47:54","guid":{"rendered":"https:\/\/www.ceramicbasin.com\/?post_type=product&#038;p=6172"},"modified":"2025-02-05T09:53:26","modified_gmt":"2025-02-05T09:53:26","slug":"ceramic-tiny-basin-wholesale","status":"publish","type":"product","link":"https:\/\/www.ceramicbasin.com\/de\/produkt\/ceramic-tiny-basin-wholesale\/","title":{"rendered":"Keramik Tiny Basin Gro\u00dfhandel, kleine Badezimmer Waschbecken L\u00f6sungen"},"content":{"rendered":"<div class=\"wp-block-columns is-layout-flex wp-container-core-columns-is-layout-9d6595d7 wp-block-columns-is-layout-flex\">\n<div class=\"wp-block-column is-layout-flow wp-block-column-is-layout-flow\">\n<h2 class=\"wp-block-heading\">Premium Tiny Basin Gro\u00dfhandel Merkmale:<\/h2>\n\n\n\n<ul class=\"wp-block-list\">\n<li><strong>Breiter Anwendungsbereich:<\/strong> Die Sehnsucht der Menschen nach immer h\u00f6herer Lebensqualit\u00e4t, ebenso wie nach immer besserem Service, wenn sie sich an einem \u00f6ffentlichen Ort aufhalten. Kleine Bad Waschbecken Gro\u00dfhandel sind nicht mehr nur geeignet f\u00fcr Kunden eigene Badezimmer. Gro\u00dfhandel Marmor Waschbecken fit f\u00fcr Hochgeschwindigkeits-Bahnhof, U-Bahn, Einkaufszentrum, Restaurant Toiletten, Krankenh\u00e4user.<\/li>\n\n\n\n<li><strong>Wandmontierte Installation:\u00a0<\/strong>Das wandmontierte Design dieses winzigen Waschbeckens spart Platz und ist leicht zu reinigen. Dieses Mini-Badewaschbecken Gro\u00dfhandel ist besonders geeignet f\u00fcr moderne kompakte B\u00e4der, die die Sauberkeit und Modernit\u00e4t des gesamten Raumes zu verbessern.<\/li>\n\n\n\n<li><strong>Leicht zu reinigende Glasurbehandlung:\u00a0<\/strong>Die Oberfl\u00e4che dieser Wand h\u00e4ngenden kleinen Bad Waschbecken Gro\u00dfhandel verwendet spezielle easy-to-clean Glasur-Technologie, die glatt und zart ist, nicht leicht Flecken, und ist leicht zu reinigen.<\/li>\n\n\n\n<li><strong>Anpassbare Optionen: <\/strong>Erh\u00e4ltlich in verschiedenen Farben, Oberfl\u00e4chenveredelungen und individuell gestaltbaren Verpackungen, so dass Sie dieses winzige Waschbecken im Gro\u00dfhandel an Ihre spezifischen Marken- und Marktanforderungen anpassen k\u00f6nnen.<\/li>\n<\/ul>\n<\/div>\n\n\n\n<div class=\"wp-block-column is-layout-flow wp-block-column-is-layout-flow\">\n<figure class=\"wp-block-image size-full\"><img fetchpriority=\"high\" decoding=\"async\" width=\"800\" height=\"800\" src=\"https:\/\/www.ceramicbasin.com\/wp-content\/uploads\/2025\/01\/bathroom-porcelain-sinkwall-hung-bathroom-vanitysquare-wall-mounted-basin3.webp\" alt=\"Keramische Tiny Basin Gro\u00dfhandel, kleine Badezimmer Waschbecken L\u00f6sungen-1\" class=\"wp-image-6175\" srcset=\"https:\/\/www.ceramicbasin.com\/wp-content\/uploads\/2025\/01\/bathroom-porcelain-sinkwall-hung-bathroom-vanitysquare-wall-mounted-basin3.webp 800w, https:\/\/www.ceramicbasin.com\/wp-content\/uploads\/2025\/01\/bathroom-porcelain-sinkwall-hung-bathroom-vanitysquare-wall-mounted-basin3-300x300.webp 300w, https:\/\/www.ceramicbasin.com\/wp-content\/uploads\/2025\/01\/bathroom-porcelain-sinkwall-hung-bathroom-vanitysquare-wall-mounted-basin3-150x150.webp 150w, https:\/\/www.ceramicbasin.com\/wp-content\/uploads\/2025\/01\/bathroom-porcelain-sinkwall-hung-bathroom-vanitysquare-wall-mounted-basin3-768x768.webp 768w, https:\/\/www.ceramicbasin.com\/wp-content\/uploads\/2025\/01\/bathroom-porcelain-sinkwall-hung-bathroom-vanitysquare-wall-mounted-basin3-12x12.webp 12w, https:\/\/www.ceramicbasin.com\/wp-content\/uploads\/2025\/01\/bathroom-porcelain-sinkwall-hung-bathroom-vanitysquare-wall-mounted-basin3-285x285.webp 285w, https:\/\/www.ceramicbasin.com\/wp-content\/uploads\/2025\/01\/bathroom-porcelain-sinkwall-hung-bathroom-vanitysquare-wall-mounted-basin3-270x270.webp 270w, https:\/\/www.ceramicbasin.com\/wp-content\/uploads\/2025\/01\/bathroom-porcelain-sinkwall-hung-bathroom-vanitysquare-wall-mounted-basin3-540x540.webp 540w, https:\/\/www.ceramicbasin.com\/wp-content\/uploads\/2025\/01\/bathroom-porcelain-sinkwall-hung-bathroom-vanitysquare-wall-mounted-basin3-660x660.webp 660w\" sizes=\"(max-width: 800px) 100vw, 800px\" \/><\/figure>\n<\/div>\n<\/div>\n\n\n\n<p><\/p>","protected":false},"excerpt":{"rendered":"<p>Willkommen zum Kauf winzigen Waschbecken Gro\u00dfhandel. Unser kleines Bad Waschbecken Gro\u00dfhandel verf\u00fcgt \u00fcber kompaktes Design und hochwertige Keramik. Geeignet f\u00fcr mehrere Szenarien, Unterst\u00fctzung Gro\u00dfhandel und Anpassung, ist es eine ideale Wahl f\u00fcr die Einsparung von Platz und Verbesserung der Geschmack.<\/p>\n<table style=\"border-collapse: collapse; width: 311.02pt;\" border=\"0\" width=\"311\" cellspacing=\"0\" cellpadding=\"0\">\n<tbody>\n<tr style=\"height: 17.60pt;\">\n<td class=\"et3\" style=\"height: 17.60pt; width: 108.35pt;\" width=\"108\" height=\"17\">Hersteller<\/td>\n<td class=\"et3\" style=\"width: 202.95pt;\" width=\"202\">HanYu<\/td>\n<\/tr>\n<tr style=\"height: 17.60pt;\">\n<td class=\"et3\" style=\"height: 17.60pt;\" height=\"17\">Modell Nr.<\/td>\n<td class=\"et4\">HY-3130<\/td>\n<\/tr>\n<tr style=\"height: 17.60pt;\">\n<td class=\"et3\" style=\"height: 17.60pt;\" height=\"17\">Typ<\/td>\n<td class=\"et3\">wandmontierte Waschbecken<\/td>\n<\/tr>\n<tr style=\"height: 17.60pt;\">\n<td class=\"et3\" style=\"height: 17.60pt;\" height=\"17\">Form<\/td>\n<td class=\"et3\">\u00a0Quadratische Form<\/td>\n<\/tr>\n<tr style=\"height: 17.60pt;\">\n<td class=\"et4\" style=\"height: 17.60pt;\" height=\"17\">Farbe<\/td>\n<td class=\"et3\">Wei\u00df<\/td>\n<\/tr>\n<tr style=\"height: 18.00pt;\">\n<td class=\"et3\" style=\"height: 18.00pt;\" height=\"18\">Dimension<\/td>\n<td class=\"et6\" style=\"width: 202.95pt;\" width=\"202\">50*30*13<\/td>\n<\/tr>\n<tr style=\"height: 17.60pt;\">\n<td class=\"et3\" style=\"height: 17.60pt;\" height=\"17\">N.W \/SET<\/td>\n<td class=\"et3\">12KGS\/PCS<\/td>\n<\/tr>\n<tr style=\"height: 17.60pt;\">\n<td class=\"et3\" style=\"height: 17.60pt;\" height=\"17\">MOQ<\/td>\n<td class=\"et3\">20St\u00fcck<\/td>\n<\/tr>\n<tr style=\"height: 17.60pt;\">\n<td class=\"et3\" style=\"height: 17.60pt;\" height=\"17\">Benutzerdefinierte Option<\/td>\n<td class=\"et3\">Farbe\/Muster\/Gr\u00f6\u00dfe\/Logo\/Verpackung<\/td>\n<\/tr>\n<\/tbody>\n<\/table>\n<p>&nbsp;<\/p>","protected":false},"featured_media":6177,"comment_status":"closed","ping_status":"closed","template":"","meta":{"_acf_changed":false},"product_brand":[],"product_cat":[57],"product_tag":[],"class_list":{"0":"post-6172","1":"product","2":"type-product","3":"status-publish","4":"has-post-thumbnail","6":"product_cat-wholesale-wall-mounted-sinks","8":"first","9":"instock","10":"shipping-taxable","11":"product-type-simple"},"acf":[],"_links":{"self":[{"href":"https:\/\/www.ceramicbasin.com\/de\/wp-json\/wp\/v2\/product\/6172","targetHints":{"allow":["GET"]}}],"collection":[{"href":"https:\/\/www.ceramicbasin.com\/de\/wp-json\/wp\/v2\/product"}],"about":[{"href":"https:\/\/www.ceramicbasin.com\/de\/wp-json\/wp\/v2\/types\/product"}],"replies":[{"embeddable":true,"href":"https:\/\/www.ceramicbasin.com\/de\/wp-json\/wp\/v2\/comments?post=6172"}],"wp:featuredmedia":[{"embeddable":true,"href":"https:\/\/www.ceramicbasin.com\/de\/wp-json\/wp\/v2\/media\/6177"}],"wp:attachment":[{"href":"https:\/\/www.ceramicbasin.com\/de\/wp-json\/wp\/v2\/media?parent=6172"}],"wp:term":[{"taxonomy":"product_brand","embeddable":true,"href":"https:\/\/www.ceramicbasin.com\/de\/wp-json\/wp\/v2\/product_brand?post=6172"},{"taxonomy":"product_cat","embeddable":true,"href":"https:\/\/www.ceramicbasin.com\/de\/wp-json\/wp\/v2\/product_cat?post=6172"},{"taxonomy":"product_tag","embeddable":true,"href":"https:\/\/www.ceramicbasin.com\/de\/wp-json\/wp\/v2\/product_tag?post=6172"}],"curies":[{"name":"wp","href":"https:\/\/api.w.org\/{rel}","templated":true}]}}