{"id":6186,"date":"2025-01-22T06:10:46","date_gmt":"2025-01-22T06:10:46","guid":{"rendered":"https:\/\/www.ceramicbasin.com\/?post_type=product&#038;p=6186"},"modified":"2025-02-07T08:03:41","modified_gmt":"2025-02-07T08:03:41","slug":"bespoke-basin","status":"publish","type":"product","link":"https:\/\/www.ceramicbasin.com\/de\/produkt\/bespoke-basin\/","title":{"rendered":"Solid Surface Bespoke Basin, Pink Matte Vessel Sink Gro\u00dfhandel"},"content":{"rendered":"<div class=\"wp-block-columns is-layout-flex wp-container-core-columns-is-layout-9d6595d7 wp-block-columns-is-layout-flex\">\n<div class=\"wp-block-column is-layout-flow wp-block-column-is-layout-flow\">\n<h2 class=\"wp-block-heading\">Premium Bespoke Basin Merkmale:<\/h2>\n\n\n\n<ul class=\"wp-block-list\">\n<li><strong>Mattes rosa Design, weich und elegant: <\/strong>Dieses ma\u00dfgeschneiderte Waschbecken ist in einem warmen und weichen, matten Rosa gehalten, das Mode und Raffinesse ausstrahlt. Es passt zu modernen, nordischen, minimalistischen und individuellen Badezimmern und verleiht dem Badezimmer mehr W\u00e4rme und Einzigartigkeit.<\/li>\n\n\n\n<li><strong>Hochwertiges, solides Material, robust und langlebig:<\/strong> Unsere rosa matte Gef\u00e4\u00df Waschbecken Gro\u00dfhandel verwendet hochwertige feste Oberfl\u00e4che Material mit nicht-por\u00f6se Struktur, die ausgezeichnete Fleckenbest\u00e4ndigkeit, wasserdicht und Kratzfestigkeit hat, um sicherzustellen, dass es Sch\u00f6nheit und Haltbarkeit nach langfristigen Gebrauch zu erhalten.<\/li>\n\n\n\n<li><strong>Arbeitsplatte Design, einfach und elegant: <\/strong>Dieses rosa, matte, ma\u00dfgeschneiderte Waschbecken ist als Aufsatzbecken konzipiert, mit glatten Linien und einfacher Installation. Es passt perfekt zu verschiedenen Badezimmer-Arbeitsplatten und unterstreicht nicht nur die Sch\u00f6nheit des Raumes, sondern bietet auch ein gro\u00dfz\u00fcgiges Wascherlebnis.<\/li>\n\n\n\n<li><strong>Unterst\u00fctzt die Anpassung an eine Vielzahl von gesch\u00e4ftlichen und privaten Anforderungen: <\/strong>Unsere rosa matte Gef\u00e4\u00df Waschbecken Gro\u00dfhandel bietet ma\u00dfgeschneiderte Optionen von Gr\u00f6\u00dfe, Farbe und Form, die die verschiedenen Bed\u00fcrfnisse der High-End-Hotels, Boutique-Wohnungen, kommerzielle R\u00e4ume und individuelle Bad-Projekte, die Schaffung einer einzigartigen und fortschrittlichen Bad Erfahrung.<\/li>\n<\/ul>\n<\/div>\n\n\n\n<div class=\"wp-block-column is-layout-flow wp-block-column-is-layout-flow\">\n<figure class=\"wp-block-image size-full\"><img fetchpriority=\"high\" decoding=\"async\" width=\"827\" height=\"1197\" src=\"https:\/\/www.ceramicbasin.com\/wp-content\/uploads\/2025\/01\/Matt-Pink-Color-Bathroom-Sink-6.jpg\" alt=\"Solid Surface Bespoke Basin, Pink Matte Vessel Sink Wholesale-1\" class=\"wp-image-6188\" srcset=\"https:\/\/www.ceramicbasin.com\/wp-content\/uploads\/2025\/01\/Matt-Pink-Color-Bathroom-Sink-6.jpg 827w, https:\/\/www.ceramicbasin.com\/wp-content\/uploads\/2025\/01\/Matt-Pink-Color-Bathroom-Sink-6-207x300.jpg 207w, https:\/\/www.ceramicbasin.com\/wp-content\/uploads\/2025\/01\/Matt-Pink-Color-Bathroom-Sink-6-768x1112.jpg 768w, https:\/\/www.ceramicbasin.com\/wp-content\/uploads\/2025\/01\/Matt-Pink-Color-Bathroom-Sink-6-8x12.jpg 8w, https:\/\/www.ceramicbasin.com\/wp-content\/uploads\/2025\/01\/Matt-Pink-Color-Bathroom-Sink-6-285x413.jpg 285w, https:\/\/www.ceramicbasin.com\/wp-content\/uploads\/2025\/01\/Matt-Pink-Color-Bathroom-Sink-6-456x660.jpg 456w, https:\/\/www.ceramicbasin.com\/wp-content\/uploads\/2025\/01\/Matt-Pink-Color-Bathroom-Sink-6-104x150.jpg 104w\" sizes=\"(max-width: 827px) 100vw, 827px\" \/><figcaption class=\"wp-element-caption\">Solid Surface Bespoke Basin, Pink Matte Vessel Sink Wholesale-1<\/figcaption><\/figure>\n<\/div>\n<\/div>","protected":false},"excerpt":{"rendered":"<p>Willkommen zu kaufen ma\u00dfgeschneiderte Becken in loser Sch\u00fcttung. Unsere rosa matte Gef\u00e4\u00df Waschbecken Gro\u00dfhandel ist elegant und stilvoll. Der hochwertige Mineralwerkstoff ist robust und langlebig, schmutzabweisend und kratzfest. Die Arbeitsplatte Installation ist einfach und elegant, und unterst\u00fctzt die Anpassung, perfekt auf High-End-kommerzielle und personalisierte private Badezimmer R\u00e4ume anzupassen.<\/p>\n<table style=\"border-collapse: collapse; width: 311.02pt;\" border=\"0\" width=\"311\" cellspacing=\"0\" cellpadding=\"0\">\n<tbody>\n<tr style=\"height: 17.60pt;\">\n<td class=\"et3\" style=\"height: 17.60pt; width: 108.35pt;\" width=\"108\" height=\"17\">Hersteller<\/td>\n<td class=\"et3\" style=\"width: 202.95pt;\" width=\"202\">HanYu<\/td>\n<\/tr>\n<tr style=\"height: 17.60pt;\">\n<td class=\"et3\" style=\"height: 17.60pt;\" height=\"17\">Modell Nr.<\/td>\n<td class=\"et4\">HY-8069PF<\/td>\n<\/tr>\n<tr style=\"height: 17.60pt;\">\n<td class=\"et3\" style=\"height: 17.60pt;\" height=\"17\">Typ<\/td>\n<td class=\"et3\">CounterTop-Becken<\/td>\n<\/tr>\n<tr style=\"height: 17.60pt;\">\n<td class=\"et3\" style=\"height: 17.60pt;\" height=\"17\">Form<\/td>\n<td class=\"et3\">Runde Form<\/td>\n<\/tr>\n<tr style=\"height: 17.60pt;\">\n<td class=\"et4\" style=\"height: 17.60pt;\" height=\"17\">Farbe<\/td>\n<td class=\"et3\">Rosa<\/td>\n<\/tr>\n<tr style=\"height: 18.00pt;\">\n<td class=\"et3\" style=\"height: 18.00pt;\" height=\"18\">Dimension<\/td>\n<td class=\"et5\" style=\"width: 202.95pt;\" width=\"202\">41.5*41.5*13.5<\/td>\n<\/tr>\n<tr style=\"height: 17.60pt;\">\n<td class=\"et3\" style=\"height: 17.60pt;\" height=\"17\">N.W \/SET<\/td>\n<td class=\"et3\">8KGS\/PCS<\/td>\n<\/tr>\n<tr style=\"height: 17.60pt;\">\n<td class=\"et3\" style=\"height: 17.60pt;\" height=\"17\">MOQ<\/td>\n<td class=\"et3\">20St\u00fcck<\/td>\n<\/tr>\n<tr style=\"height: 17.60pt;\">\n<td class=\"et3\" style=\"height: 17.60pt;\" height=\"17\">Benutzerdefinierte Option<\/td>\n<td class=\"et3\">Farbe\/Muster\/Gr\u00f6\u00dfe\/Logo\/Verpackung<\/td>\n<\/tr>\n<\/tbody>\n<\/table>","protected":false},"featured_media":6189,"comment_status":"closed","ping_status":"closed","template":"","meta":{"_acf_changed":false},"product_brand":[],"product_cat":[55,50],"product_tag":[],"class_list":{"0":"post-6186","1":"product","2":"type-product","3":"status-publish","4":"has-post-thumbnail","6":"product_cat-wholesale-matte-sinks","7":"product_cat-wholesale-countertop-sinks","9":"first","10":"instock","11":"shipping-taxable","12":"product-type-simple"},"acf":[],"_links":{"self":[{"href":"https:\/\/www.ceramicbasin.com\/de\/wp-json\/wp\/v2\/product\/6186","targetHints":{"allow":["GET"]}}],"collection":[{"href":"https:\/\/www.ceramicbasin.com\/de\/wp-json\/wp\/v2\/product"}],"about":[{"href":"https:\/\/www.ceramicbasin.com\/de\/wp-json\/wp\/v2\/types\/product"}],"replies":[{"embeddable":true,"href":"https:\/\/www.ceramicbasin.com\/de\/wp-json\/wp\/v2\/comments?post=6186"}],"wp:featuredmedia":[{"embeddable":true,"href":"https:\/\/www.ceramicbasin.com\/de\/wp-json\/wp\/v2\/media\/6189"}],"wp:attachment":[{"href":"https:\/\/www.ceramicbasin.com\/de\/wp-json\/wp\/v2\/media?parent=6186"}],"wp:term":[{"taxonomy":"product_brand","embeddable":true,"href":"https:\/\/www.ceramicbasin.com\/de\/wp-json\/wp\/v2\/product_brand?post=6186"},{"taxonomy":"product_cat","embeddable":true,"href":"https:\/\/www.ceramicbasin.com\/de\/wp-json\/wp\/v2\/product_cat?post=6186"},{"taxonomy":"product_tag","embeddable":true,"href":"https:\/\/www.ceramicbasin.com\/de\/wp-json\/wp\/v2\/product_tag?post=6186"}],"curies":[{"name":"wp","href":"https:\/\/api.w.org\/{rel}","templated":true}]}}