{"id":6248,"date":"2025-02-22T02:34:10","date_gmt":"2025-02-22T02:34:10","guid":{"rendered":"https:\/\/www.ceramicbasin.com\/?post_type=product&#038;p=6248"},"modified":"2025-02-22T02:34:12","modified_gmt":"2025-02-22T02:34:12","slug":"custom-countertop-sink","status":"publish","type":"product","link":"https:\/\/www.ceramicbasin.com\/de\/produkt\/custom-countertop-sink\/","title":{"rendered":"Benutzerdefinierte Arbeitsplatte Waschbecken, moderne Badezimmer Waschbecken Gro\u00dfhandel"},"content":{"rendered":"<div class=\"wp-block-columns is-layout-flex wp-container-core-columns-is-layout-9d6595d7 wp-block-columns-is-layout-flex\">\n<div class=\"wp-block-column is-layout-flow wp-block-column-is-layout-flow\">\n<h2 class=\"wp-block-heading\">Premium Custom Countertop Sink Features:<\/h2>\n\n\n\n<ul class=\"wp-block-list\">\n<li><strong>Modedesign: <\/strong>Unsere ma\u00dfgefertigten Porzellanwaschbecken haben ein modernes und stilvolles Aussehen mit abgerundeten Kanten, passen zu verschiedenen Badezimmereinrichtungen und tragen zum Gesamtbild und zur Qualit\u00e4t des Raumes bei.<\/li>\n\n\n\n<li><strong>Einfache Installation: <\/strong>Die Installation \u00fcber der Theke ist mit diesen Gro\u00dfhandelswaschbecken einfach und bietet eine problemlose L\u00f6sung f\u00fcr neue Konstruktionen und Badrenovierungen.<\/li>\n\n\n\n<li><strong>Farbenfroh: <\/strong>Die Farbe dieser benutzerdefinierten Arbeitsplatte Waschbecken ist durch Wasser-Transferdruck grundlegend auf normalen Keramik-Becken gemacht. Gut aussehend und elegant. Wir haben mehr als 100 Farben zur Auswahl. Es k\u00f6nnte auf alle Modelle, die wir haben.<\/li>\n\n\n\n<li><strong>Gro\u00dfe Produktionskapazit\u00e4t: <\/strong>Unser gro\u00dfes Lager enth\u00e4lt verschiedene Arten von Porzellan Gro\u00dfhandel Badezimmer Waschbecken. W\u00e4hlen Sie die Artikel, die in der Produktion sind, haben wir genug wei\u00dfe Becken, um Marmor Farbe Becken zu machen, so dass die Versandzeit viel k\u00fcrzer sein w\u00fcrde.<\/li>\n<\/ul>\n<\/div>\n\n\n\n<div class=\"wp-block-column is-layout-flow wp-block-column-is-layout-flow\">\n<figure class=\"wp-block-image size-full\"><img fetchpriority=\"high\" decoding=\"async\" width=\"1000\" height=\"1000\" src=\"https:\/\/www.ceramicbasin.com\/wp-content\/uploads\/2025\/02\/Modern-Bathroom-Bowl-Sinks-Cement-Lavatory-Sink-Marble-Pattern-Wholesale-Sink-5.webp\" alt=\"Benutzerdefinierte Arbeitsplatte Waschbecken, moderne Badezimmer Waschbecken Gro\u00dfhandel-1\" class=\"wp-image-6253\" srcset=\"https:\/\/www.ceramicbasin.com\/wp-content\/uploads\/2025\/02\/Modern-Bathroom-Bowl-Sinks-Cement-Lavatory-Sink-Marble-Pattern-Wholesale-Sink-5.webp 1000w, https:\/\/www.ceramicbasin.com\/wp-content\/uploads\/2025\/02\/Modern-Bathroom-Bowl-Sinks-Cement-Lavatory-Sink-Marble-Pattern-Wholesale-Sink-5-300x300.webp 300w, https:\/\/www.ceramicbasin.com\/wp-content\/uploads\/2025\/02\/Modern-Bathroom-Bowl-Sinks-Cement-Lavatory-Sink-Marble-Pattern-Wholesale-Sink-5-150x150.webp 150w, https:\/\/www.ceramicbasin.com\/wp-content\/uploads\/2025\/02\/Modern-Bathroom-Bowl-Sinks-Cement-Lavatory-Sink-Marble-Pattern-Wholesale-Sink-5-768x768.webp 768w, https:\/\/www.ceramicbasin.com\/wp-content\/uploads\/2025\/02\/Modern-Bathroom-Bowl-Sinks-Cement-Lavatory-Sink-Marble-Pattern-Wholesale-Sink-5-12x12.webp 12w, https:\/\/www.ceramicbasin.com\/wp-content\/uploads\/2025\/02\/Modern-Bathroom-Bowl-Sinks-Cement-Lavatory-Sink-Marble-Pattern-Wholesale-Sink-5-285x285.webp 285w, https:\/\/www.ceramicbasin.com\/wp-content\/uploads\/2025\/02\/Modern-Bathroom-Bowl-Sinks-Cement-Lavatory-Sink-Marble-Pattern-Wholesale-Sink-5-270x270.webp 270w, https:\/\/www.ceramicbasin.com\/wp-content\/uploads\/2025\/02\/Modern-Bathroom-Bowl-Sinks-Cement-Lavatory-Sink-Marble-Pattern-Wholesale-Sink-5-540x540.webp 540w, https:\/\/www.ceramicbasin.com\/wp-content\/uploads\/2025\/02\/Modern-Bathroom-Bowl-Sinks-Cement-Lavatory-Sink-Marble-Pattern-Wholesale-Sink-5-660x660.webp 660w\" sizes=\"(max-width: 1000px) 100vw, 1000px\" \/><\/figure>\n<\/div>\n<\/div>\n\n\n\n<p><\/p>","protected":false},"excerpt":{"rendered":"<p>Willkommen in Gro\u00dfauftrag benutzerdefinierte Arbeitsplatte Waschbecken. Diese Gro\u00dfhandel Bad Waschbecken sind direkt von unserer Fabrik geliefert, stark reduziert Ihre Einkaufskosten. Die stromlinienf\u00f6rmige Erscheinung Design und abgerundeten Rand Behandlung zeigen au\u00dfergew\u00f6hnliche k\u00fcnstlerische beautys.<\/p>\n<table style=\"border-collapse: collapse; width: 311.02pt;\" border=\"0\" width=\"311\" cellspacing=\"0\" cellpadding=\"0\">\n<tbody>\n<tr style=\"height: 17.60pt;\">\n<td class=\"et3\" style=\"height: 17.60pt; width: 108.35pt;\" width=\"108\" height=\"17\">Hersteller<\/td>\n<td class=\"et3\" style=\"width: 202.95pt;\" width=\"202\">HanYu<\/td>\n<\/tr>\n<tr style=\"height: 17.60pt;\">\n<td class=\"et3\" style=\"height: 17.60pt;\" height=\"17\">Modell Nr.<\/td>\n<td class=\"et4\">HY8069D108<\/td>\n<\/tr>\n<tr style=\"height: 17.60pt;\">\n<td class=\"et3\" style=\"height: 17.60pt;\" height=\"17\">Typ<\/td>\n<td class=\"et3\">Aufsatzbecken<\/td>\n<\/tr>\n<tr style=\"height: 17.60pt;\">\n<td class=\"et3\" style=\"height: 17.60pt;\" height=\"17\">Form<\/td>\n<td class=\"et2\">Runde Form<\/td>\n<\/tr>\n<tr style=\"height: 17.60pt;\">\n<td class=\"et4\" style=\"height: 17.60pt;\" height=\"17\">Farbe<\/td>\n<td class=\"et3\">\u00a0Farbe Marmor<\/td>\n<\/tr>\n<tr style=\"height: 18.00pt;\">\n<td class=\"et3\" style=\"height: 18.00pt;\" height=\"18\">Dimension<\/td>\n<td class=\"et5\" style=\"width: 202.95pt;\" width=\"202\">41.5*41.5*13.5<\/td>\n<\/tr>\n<tr style=\"height: 17.60pt;\">\n<td class=\"et3\" style=\"height: 17.60pt;\" height=\"17\">N.W \/SET<\/td>\n<td class=\"et3\">8.7KGS\/PCS<\/td>\n<\/tr>\n<tr style=\"height: 17.60pt;\">\n<td class=\"et3\" style=\"height: 17.60pt;\" height=\"17\">MOQ<\/td>\n<td class=\"et3\">20St\u00fcck<\/td>\n<\/tr>\n<tr style=\"height: 17.60pt;\">\n<td class=\"et3\" style=\"height: 17.60pt;\" height=\"17\">Benutzerdefinierte Option<\/td>\n<td class=\"et3\">Farbe\/Muster\/Gr\u00f6\u00dfe\/Logo\/Verpackung<\/td>\n<\/tr>\n<\/tbody>\n<\/table>","protected":false},"featured_media":6252,"comment_status":"closed","ping_status":"closed","template":"","meta":{"_acf_changed":false},"product_brand":[],"product_cat":[50,54],"product_tag":[],"class_list":{"0":"post-6248","1":"product","2":"type-product","3":"status-publish","4":"has-post-thumbnail","6":"product_cat-wholesale-countertop-sinks","7":"product_cat-wholesale-marble-sinks","9":"first","10":"instock","11":"shipping-taxable","12":"product-type-simple"},"acf":[],"_links":{"self":[{"href":"https:\/\/www.ceramicbasin.com\/de\/wp-json\/wp\/v2\/product\/6248","targetHints":{"allow":["GET"]}}],"collection":[{"href":"https:\/\/www.ceramicbasin.com\/de\/wp-json\/wp\/v2\/product"}],"about":[{"href":"https:\/\/www.ceramicbasin.com\/de\/wp-json\/wp\/v2\/types\/product"}],"replies":[{"embeddable":true,"href":"https:\/\/www.ceramicbasin.com\/de\/wp-json\/wp\/v2\/comments?post=6248"}],"wp:featuredmedia":[{"embeddable":true,"href":"https:\/\/www.ceramicbasin.com\/de\/wp-json\/wp\/v2\/media\/6252"}],"wp:attachment":[{"href":"https:\/\/www.ceramicbasin.com\/de\/wp-json\/wp\/v2\/media?parent=6248"}],"wp:term":[{"taxonomy":"product_brand","embeddable":true,"href":"https:\/\/www.ceramicbasin.com\/de\/wp-json\/wp\/v2\/product_brand?post=6248"},{"taxonomy":"product_cat","embeddable":true,"href":"https:\/\/www.ceramicbasin.com\/de\/wp-json\/wp\/v2\/product_cat?post=6248"},{"taxonomy":"product_tag","embeddable":true,"href":"https:\/\/www.ceramicbasin.com\/de\/wp-json\/wp\/v2\/product_tag?post=6248"}],"curies":[{"name":"wp","href":"https:\/\/api.w.org\/{rel}","templated":true}]}}