{"id":6322,"date":"2025-02-28T09:15:22","date_gmt":"2025-02-28T09:15:22","guid":{"rendered":"https:\/\/www.ceramicbasin.com\/?post_type=product&#038;p=6322"},"modified":"2025-02-28T09:15:24","modified_gmt":"2025-02-28T09:15:24","slug":"half-pedestal-sinks-wholesale","status":"publish","type":"product","link":"https:\/\/www.ceramicbasin.com\/de\/produkt\/half-pedestal-sinks-wholesale\/","title":{"rendered":"Luxus halb Sockel Waschbecken Gro\u00dfhandel, benutzerdefinierte Wand montierte Becken"},"content":{"rendered":"<div class=\"wp-block-columns is-layout-flex wp-container-core-columns-is-layout-9d6595d7 wp-block-columns-is-layout-flex\">\n<div class=\"wp-block-column is-layout-flow wp-block-column-is-layout-flow\">\n<h2 class=\"wp-block-heading\">Premium Half Pedestal Sinks Gro\u00dfhandel Features:<\/h2>\n\n\n\n<ul class=\"wp-block-list\">\n<li><strong>Neues Design: <\/strong>Diese halben Sockel Waschbecken Gro\u00dfhandel von gro\u00dfer Gr\u00f6\u00dfe haben einen trendigen Look, der sch\u00f6n mit dem modernen Bad Stil erg\u00e4nzt wird.<\/li>\n\n\n\n<li><strong>\u00dcberlegenes Porzellanmaterial:<\/strong> Unsere wandh\u00e4ngenden Keramikbecken im Gro\u00dfhandel werden aus hochwertigem Porzellan hergestellt und bei hoher Temperatur gebrannt, um sicherzustellen, dass die Becken fest in der Textur, seidig in der Oberfl\u00e4che, einfach zu reinigen und langlebig hell sind.<\/li>\n\n\n\n<li><strong>Wandmontierte Installation: <\/strong>Unsere Halbs\u00e4ulen-Waschbecken im Gro\u00dfhandel sind nicht nur platzsparend, sondern erleichtern auch die Reinigung des Bodens darunter, sorgen f\u00fcr Ordnung im Bad und bieten eine k\u00fchlende Nutzungsumgebung.<\/li>\n\n\n\n<li><strong>Anpassbare Optionen:<\/strong>\u00a0Unsere wandh\u00e4ngenden Keramikbecken im Gro\u00dfhandel sind in verschiedenen Farben, Oberfl\u00e4chenausf\u00fchrungen und anpassbaren Verpackungen erh\u00e4ltlich, so dass Sie dieses winzige Becken im Gro\u00dfhandel an Ihre spezifischen Marken- und Marktanforderungen anpassen k\u00f6nnen.<\/li>\n<\/ul>\n<\/div>\n\n\n\n<div class=\"wp-block-column is-layout-flow wp-block-column-is-layout-flow\">\n<figure class=\"wp-block-image size-full is-resized\"><img fetchpriority=\"high\" decoding=\"async\" width=\"980\" height=\"1432\" src=\"https:\/\/www.ceramicbasin.com\/wp-content\/uploads\/2025\/02\/Bathroom-ceramic-basin-supplier-wall-mounted-basin-6.webp\" alt=\"Luxus halb Sockel Waschbecken Gro\u00dfhandel, benutzerdefinierte Wand montiert Basin-1\" class=\"wp-image-6320\" style=\"width:341px;height:auto\" srcset=\"https:\/\/www.ceramicbasin.com\/wp-content\/uploads\/2025\/02\/Bathroom-ceramic-basin-supplier-wall-mounted-basin-6.webp 980w, https:\/\/www.ceramicbasin.com\/wp-content\/uploads\/2025\/02\/Bathroom-ceramic-basin-supplier-wall-mounted-basin-6-205x300.webp 205w, https:\/\/www.ceramicbasin.com\/wp-content\/uploads\/2025\/02\/Bathroom-ceramic-basin-supplier-wall-mounted-basin-6-768x1122.webp 768w, https:\/\/www.ceramicbasin.com\/wp-content\/uploads\/2025\/02\/Bathroom-ceramic-basin-supplier-wall-mounted-basin-6-8x12.webp 8w, https:\/\/www.ceramicbasin.com\/wp-content\/uploads\/2025\/02\/Bathroom-ceramic-basin-supplier-wall-mounted-basin-6-285x416.webp 285w, https:\/\/www.ceramicbasin.com\/wp-content\/uploads\/2025\/02\/Bathroom-ceramic-basin-supplier-wall-mounted-basin-6-452x660.webp 452w, https:\/\/www.ceramicbasin.com\/wp-content\/uploads\/2025\/02\/Bathroom-ceramic-basin-supplier-wall-mounted-basin-6-103x150.webp 103w\" sizes=\"(max-width: 980px) 100vw, 980px\" \/><\/figure>\n<\/div>\n<\/div>","protected":false},"excerpt":{"rendered":"<p>Willkommen im Gro\u00dfhandel Keramik Waschbecken zu kaufen. Das wandmontierte Design unserer Halbs\u00e4ule Waschbecken Gro\u00dfhandel ist platzsparend und erleichtert die Reinigung des Bodens darunter, halten das Bad ordentlich und schaffen eine erfrischende Nutzung Umwelt. Erh\u00e4ltlich in verschiedenen Farben, Oberfl\u00e4chenausf\u00fchrungen und anpassbaren Verpackungen.<\/p>\n<table style=\"border-collapse: collapse; width: 358.52pt;\" border=\"0\" width=\"478\" cellspacing=\"0\" cellpadding=\"0\">\n<tbody>\n<tr style=\"height: 17.25pt;\">\n<td class=\"et3\" style=\"height: 17.25pt; width: 125.00pt;\" width=\"166\" height=\"23\">Hersteller<\/td>\n<td class=\"et3\" style=\"width: 234.15pt;\" width=\"312\">HanYu<\/td>\n<\/tr>\n<tr style=\"height: 17.25pt;\">\n<td class=\"et3\" style=\"height: 17.25pt;\" height=\"23\">Modell Nr.<\/td>\n<td class=\"et4\">HY-3120<\/td>\n<\/tr>\n<tr style=\"height: 17.25pt;\">\n<td class=\"et3\" style=\"height: 17.25pt;\" height=\"23\">Typ<\/td>\n<td class=\"et5\" style=\"width: 234.15pt;\" width=\"312\">Wandbefestigtes Waschbecken<\/td>\n<\/tr>\n<tr style=\"height: 18.00pt;\">\n<td class=\"et3\" style=\"height: 18.00pt;\" height=\"24\">Form<\/td>\n<td class=\"et3\">Runde Form<\/td>\n<\/tr>\n<tr style=\"height: 34.50pt;\">\n<td class=\"et4\" style=\"height: 34.50pt;\" height=\"46\">Farbe<\/td>\n<td class=\"et5\" style=\"width: 234.15pt;\" width=\"312\">schwarz\/wei\u00df\/blau\/grau\/rosa\/gr\u00fcn\/braun\/khaki<\/td>\n<\/tr>\n<tr style=\"height: 18.00pt;\">\n<td class=\"et3\" style=\"height: 18.00pt;\" height=\"24\">Dimension<\/td>\n<td class=\"et5\" style=\"width: 234.15pt;\" width=\"312\">45*45*38<\/td>\n<\/tr>\n<tr style=\"height: 17.25pt;\">\n<td class=\"et3\" style=\"height: 17.25pt;\" height=\"23\">N.W \/SET<\/td>\n<td class=\"et3\">20KGS\/PCS<\/td>\n<\/tr>\n<tr style=\"height: 17.25pt;\">\n<td class=\"et3\" style=\"height: 17.25pt;\" height=\"23\">MOQ<\/td>\n<td class=\"et3\">20St\u00fcck<\/td>\n<\/tr>\n<tr style=\"height: 17.25pt;\">\n<td class=\"et3\" style=\"height: 17.25pt;\" height=\"23\">Benutzerdefinierte Option<\/td>\n<td class=\"et3\">Farbe\/Muster\/Gr\u00f6\u00dfe\/Logo\/Verpackung<\/td>\n<\/tr>\n<\/tbody>\n<\/table>","protected":false},"featured_media":6319,"comment_status":"closed","ping_status":"closed","template":"","meta":{"_acf_changed":false},"product_brand":[],"product_cat":[57],"product_tag":[],"class_list":{"0":"post-6322","1":"product","2":"type-product","3":"status-publish","4":"has-post-thumbnail","6":"product_cat-wholesale-wall-mounted-sinks","8":"first","9":"instock","10":"shipping-taxable","11":"product-type-simple"},"acf":[],"_links":{"self":[{"href":"https:\/\/www.ceramicbasin.com\/de\/wp-json\/wp\/v2\/product\/6322","targetHints":{"allow":["GET"]}}],"collection":[{"href":"https:\/\/www.ceramicbasin.com\/de\/wp-json\/wp\/v2\/product"}],"about":[{"href":"https:\/\/www.ceramicbasin.com\/de\/wp-json\/wp\/v2\/types\/product"}],"replies":[{"embeddable":true,"href":"https:\/\/www.ceramicbasin.com\/de\/wp-json\/wp\/v2\/comments?post=6322"}],"wp:featuredmedia":[{"embeddable":true,"href":"https:\/\/www.ceramicbasin.com\/de\/wp-json\/wp\/v2\/media\/6319"}],"wp:attachment":[{"href":"https:\/\/www.ceramicbasin.com\/de\/wp-json\/wp\/v2\/media?parent=6322"}],"wp:term":[{"taxonomy":"product_brand","embeddable":true,"href":"https:\/\/www.ceramicbasin.com\/de\/wp-json\/wp\/v2\/product_brand?post=6322"},{"taxonomy":"product_cat","embeddable":true,"href":"https:\/\/www.ceramicbasin.com\/de\/wp-json\/wp\/v2\/product_cat?post=6322"},{"taxonomy":"product_tag","embeddable":true,"href":"https:\/\/www.ceramicbasin.com\/de\/wp-json\/wp\/v2\/product_tag?post=6322"}],"curies":[{"name":"wp","href":"https:\/\/api.w.org\/{rel}","templated":true}]}}