{"id":6323,"date":"2025-02-28T09:01:17","date_gmt":"2025-02-28T09:01:17","guid":{"rendered":"https:\/\/www.ceramicbasin.com\/?post_type=product&#038;p=6323"},"modified":"2025-02-28T09:01:19","modified_gmt":"2025-02-28T09:01:19","slug":"wholesale-ceramic-sinks","status":"publish","type":"product","link":"https:\/\/www.ceramicbasin.com\/de\/produkt\/wholesale-ceramic-sinks\/","title":{"rendered":"Fabrik Gro\u00dfhandel keramische Waschbecken, quadratische wandmontierte Waschbecken"},"content":{"rendered":"<div class=\"wp-block-columns is-layout-flex wp-container-core-columns-is-layout-9d6595d7 wp-block-columns-is-layout-flex\">\n<div class=\"wp-block-column is-layout-flow wp-block-column-is-layout-flow\">\n<h2 class=\"wp-block-heading\">Premium-Gro\u00dfhandel Keramik-Sp\u00fclen Merkmale:<\/h2>\n\n\n\n<ul class=\"wp-block-list\">\n<li><strong>Einfachheit und Eleganz: <\/strong>Diese wei\u00dfen, quadratischen, wandmontierten Keramiksp\u00fclen f\u00fcr den Gro\u00dfhandel sind einfach im Design. Dar\u00fcber hinaus ist das wei\u00dfe Keramikmaterial glatt und zart und leicht zu reinigen.<\/li>\n\n\n\n<li><strong>Wandmontierte Installation:<\/strong>\u00a0Das wandmontierte Design dieses wandh\u00e4ngenden Waschbeckens spart Bodenfl\u00e4che und verbessert die optische Ger\u00e4umigkeit des Badezimmers. Es ist klassisch und minimalistisch, m\u00fchelos zu montieren, und einstellbar auf verschiedene Bed\u00fcrfnisse H\u00f6he, so dass der Bereich der Handw\u00e4sche mehr funktional und modisch.<\/li>\n\n\n\n<li><strong>Rabatt bei Gro\u00dfeinkauf:<\/strong>\u00a0Als professioneller Hersteller von Keramikwaschbecken in China bietet HanYu sehr wettbewerbsf\u00e4hige Gro\u00dfhandelspreise f\u00fcr Keramikwaschbecken, die ideal f\u00fcr den Gro\u00dfeinkauf von Hotels, Schulen, Krankenh\u00e4usern und \u00f6ffentlichen Einrichtungen sind.<\/li>\n\n\n\n<li><strong>Vielf\u00e4ltige Auswahl:\u00a0<\/strong>Wir bieten verschiedene halbe Sockel Badezimmer Waschbecken Gro\u00dfhandel Stile, Gr\u00f6\u00dfen und Farben f\u00fcr die Kunden zur Auswahl, die zu verschiedenen Bad Dekoration Stile gerecht zu werden und kann in verschiedenen Dekoration Designs leicht aufgenommen werden.<\/li>\n<\/ul>\n<\/div>\n\n\n\n<div class=\"wp-block-column is-layout-flow wp-block-column-is-layout-flow\">\n<figure class=\"wp-block-image size-full is-resized\"><img fetchpriority=\"high\" decoding=\"async\" width=\"980\" height=\"1432\" src=\"https:\/\/www.ceramicbasin.com\/wp-content\/uploads\/2025\/02\/Porcelain-basin-manufacturer-wall-hung-basin-sinks-6.webp\" alt=\"Fabrik Gro\u00dfhandel keramische Waschbecken, quadratische Wand montiert Waschbecken-1\" class=\"wp-image-6314\" style=\"width:377px;height:auto\" srcset=\"https:\/\/www.ceramicbasin.com\/wp-content\/uploads\/2025\/02\/Porcelain-basin-manufacturer-wall-hung-basin-sinks-6.webp 980w, https:\/\/www.ceramicbasin.com\/wp-content\/uploads\/2025\/02\/Porcelain-basin-manufacturer-wall-hung-basin-sinks-6-205x300.webp 205w, https:\/\/www.ceramicbasin.com\/wp-content\/uploads\/2025\/02\/Porcelain-basin-manufacturer-wall-hung-basin-sinks-6-768x1122.webp 768w, https:\/\/www.ceramicbasin.com\/wp-content\/uploads\/2025\/02\/Porcelain-basin-manufacturer-wall-hung-basin-sinks-6-8x12.webp 8w, https:\/\/www.ceramicbasin.com\/wp-content\/uploads\/2025\/02\/Porcelain-basin-manufacturer-wall-hung-basin-sinks-6-285x416.webp 285w, https:\/\/www.ceramicbasin.com\/wp-content\/uploads\/2025\/02\/Porcelain-basin-manufacturer-wall-hung-basin-sinks-6-452x660.webp 452w, https:\/\/www.ceramicbasin.com\/wp-content\/uploads\/2025\/02\/Porcelain-basin-manufacturer-wall-hung-basin-sinks-6-103x150.webp 103w\" sizes=\"(max-width: 980px) 100vw, 980px\" \/><\/figure>\n<\/div>\n<\/div>","protected":false},"excerpt":{"rendered":"<p>Willkommen im Gro\u00dfhandel Keramik Waschbecken zu kaufen. Diese quadratische Form Wand montiert Bad Waschbecken Gro\u00dfhandel ist schlicht im Stil. Die wei\u00dfe Keramikoberfl\u00e4che ist zart und glatt, und leicht zu reinigen. Wir bieten sehr g\u00fcnstige Gro\u00dfhandelspreise f\u00fcr Wand h\u00e4ngende Waschbecken Gro\u00dfhandel, die f\u00fcr gro\u00dfe Kauf Nachfrage von Hotels, Schulen, Krankenh\u00e4usern und \u00f6ffentlichen Bereichen fit sind.<\/p>\n<table style=\"border-collapse: collapse; width: 358.52pt;\" border=\"0\" width=\"478\" cellspacing=\"0\" cellpadding=\"0\">\n<tbody>\n<tr style=\"height: 17.25pt;\">\n<td class=\"et3\" style=\"height: 17.25pt; width: 125.00pt;\" width=\"166\" height=\"23\">Hersteller<\/td>\n<td class=\"et3\" style=\"width: 234.15pt;\" width=\"312\">HanYu<\/td>\n<\/tr>\n<tr style=\"height: 17.25pt;\">\n<td class=\"et3\" style=\"height: 17.25pt;\" height=\"23\">Modell Nr.<\/td>\n<td class=\"et4\">HY-3121<\/td>\n<\/tr>\n<tr style=\"height: 17.25pt;\">\n<td class=\"et3\" style=\"height: 17.25pt;\" height=\"23\">Typ<\/td>\n<td class=\"et5\" style=\"width: 234.15pt;\" width=\"312\">Sp\u00fclen f\u00fcr die Wandmontage<\/td>\n<\/tr>\n<tr style=\"height: 18.00pt;\">\n<td class=\"et3\" style=\"height: 18.00pt;\" height=\"24\">Form<\/td>\n<td class=\"et3\">Quadratische Form<\/td>\n<\/tr>\n<tr style=\"height: 34.50pt;\">\n<td class=\"et4\" style=\"height: 34.50pt;\" height=\"46\">Farbe<\/td>\n<td class=\"et5\" style=\"width: 234.15pt;\" width=\"312\">schwarz\/wei\u00df\/blau\/grau\/rosa\/gr\u00fcn\/braun\/khaki<\/td>\n<\/tr>\n<tr style=\"height: 18.00pt;\">\n<td class=\"et3\" style=\"height: 18.00pt;\" height=\"24\">Dimension<\/td>\n<td class=\"et5\" style=\"width: 234.15pt;\" width=\"312\">42.5*42.5*40<\/td>\n<\/tr>\n<tr style=\"height: 17.25pt;\">\n<td class=\"et3\" style=\"height: 17.25pt;\" height=\"23\">N.W \/SET<\/td>\n<td class=\"et3\">22KGS\/PCS<\/td>\n<\/tr>\n<tr style=\"height: 17.25pt;\">\n<td class=\"et3\" style=\"height: 17.25pt;\" height=\"23\">MOQ<\/td>\n<td class=\"et3\">20St\u00fcck<\/td>\n<\/tr>\n<tr style=\"height: 17.25pt;\">\n<td class=\"et3\" style=\"height: 17.25pt;\" height=\"23\">Benutzerdefinierte Option<\/td>\n<td class=\"et3\">Farbe\/Muster\/Gr\u00f6\u00dfe\/Logo\/Verpackung<\/td>\n<\/tr>\n<\/tbody>\n<\/table>","protected":false},"featured_media":6313,"comment_status":"closed","ping_status":"closed","template":"","meta":{"_acf_changed":false},"product_brand":[],"product_cat":[57],"product_tag":[],"class_list":{"0":"post-6323","1":"product","2":"type-product","3":"status-publish","4":"has-post-thumbnail","6":"product_cat-wholesale-wall-mounted-sinks","8":"first","9":"instock","10":"shipping-taxable","11":"product-type-simple"},"acf":[],"_links":{"self":[{"href":"https:\/\/www.ceramicbasin.com\/de\/wp-json\/wp\/v2\/product\/6323","targetHints":{"allow":["GET"]}}],"collection":[{"href":"https:\/\/www.ceramicbasin.com\/de\/wp-json\/wp\/v2\/product"}],"about":[{"href":"https:\/\/www.ceramicbasin.com\/de\/wp-json\/wp\/v2\/types\/product"}],"replies":[{"embeddable":true,"href":"https:\/\/www.ceramicbasin.com\/de\/wp-json\/wp\/v2\/comments?post=6323"}],"wp:featuredmedia":[{"embeddable":true,"href":"https:\/\/www.ceramicbasin.com\/de\/wp-json\/wp\/v2\/media\/6313"}],"wp:attachment":[{"href":"https:\/\/www.ceramicbasin.com\/de\/wp-json\/wp\/v2\/media?parent=6323"}],"wp:term":[{"taxonomy":"product_brand","embeddable":true,"href":"https:\/\/www.ceramicbasin.com\/de\/wp-json\/wp\/v2\/product_brand?post=6323"},{"taxonomy":"product_cat","embeddable":true,"href":"https:\/\/www.ceramicbasin.com\/de\/wp-json\/wp\/v2\/product_cat?post=6323"},{"taxonomy":"product_tag","embeddable":true,"href":"https:\/\/www.ceramicbasin.com\/de\/wp-json\/wp\/v2\/product_tag?post=6323"}],"curies":[{"name":"wp","href":"https:\/\/api.w.org\/{rel}","templated":true}]}}