{"id":6338,"date":"2025-03-07T08:45:36","date_gmt":"2025-03-07T08:45:36","guid":{"rendered":"https:\/\/www.ceramicbasin.com\/?post_type=product&#038;p=6338"},"modified":"2025-03-08T08:48:10","modified_gmt":"2025-03-08T08:48:10","slug":"wholesale-above-counter-vessel-sink","status":"publish","type":"product","link":"https:\/\/www.ceramicbasin.com\/de\/produkt\/wholesale-above-counter-vessel-sink\/","title":{"rendered":"Gro\u00dfhandel \u00fcber Z\u00e4hler Gef\u00e4\u00df Waschbecken, Creme wei\u00df Kunst Becken"},"content":{"rendered":"<div class=\"wp-block-columns is-layout-flex wp-container-core-columns-is-layout-9d6595d7 wp-block-columns-is-layout-flex\">\n<div class=\"wp-block-column is-layout-flow wp-block-column-is-layout-flow\">\n<h2 class=\"wp-block-heading\">Premium-Gro\u00dfhandel \u00fcber Z\u00e4hler Vessel Waschbecken Eigenschaften:<\/h2>\n\n\n\n<ul class=\"wp-block-list\">\n<li><strong>Mattes cremewei\u00dfes Design, weich und elegant: <\/strong>Diese matte Gro\u00dfhandel \u00fcber Z\u00e4hler Gef\u00e4\u00df Waschbecken nimmt warme und weiche matte gelb, zeigt Mode und Raffinesse, geeignet f\u00fcr moderne, nordische, minimalistische und personalisierte Bad Stile, so dass das Bad Raum mehr warm und einzigartig.<\/li>\n\n\n\n<li><strong>Hochwertiges, solides Material, robust und langlebig: <\/strong>Unsere cremewei\u00dfen Gro\u00dfhandelsbecken verwenden hochwertiges Mineralwerkstoffmaterial mit porenfreier Struktur, das eine ausgezeichnete Fleckenbest\u00e4ndigkeit, Wasserdichtigkeit und Kratzfestigkeit aufweist, wodurch sichergestellt wird, dass es auch nach langfristigem Gebrauch sch\u00f6n und haltbar bleibt.<\/li>\n\n\n\n<li><strong>Arbeitsplatte Design, einfach und elegant: <\/strong>Diese matte Gro\u00dfhandel \u00fcber Z\u00e4hler Gef\u00e4\u00df Waschbecken nimmt Arbeitsplatte Becken Design, mit glatten Linien und einfache Installation. Es kann perfekt mit verschiedenen Badezimmer-Arbeitsplatten mischen, nicht nur die Sch\u00f6nheit des Raumes zu verbessern, sondern auch eine ger\u00e4umige Wascherfahrung bieten.<\/li>\n\n\n\n<li><strong>Unterst\u00fctzt die Anpassung an eine Vielzahl von gesch\u00e4ftlichen und privaten Anforderungen:<\/strong> Unsere cremewei\u00dfen, matten Gro\u00dfhandelsbecken sind in Gr\u00f6\u00dfe, Farbe und Form individuell gestaltbar und erf\u00fcllen die unterschiedlichen Anforderungen von High-End-Hotels, Boutique-Wohnungen, gewerblichen R\u00e4umen und individuellen Badprojekten, die ein einzigartiges und fortschrittliches Badeerlebnis schaffen.<\/li>\n<\/ul>\n<\/div>\n\n\n\n<div class=\"wp-block-column is-layout-flow wp-block-column-is-layout-flow\">\n<figure class=\"wp-block-image size-full\"><img fetchpriority=\"high\" decoding=\"async\" width=\"827\" height=\"1205\" src=\"https:\/\/www.ceramicbasin.com\/wp-content\/uploads\/2025\/03\/Countertop-Matt-Color-sink-6.webp\" alt=\"Gro\u00dfhandel \u00fcber Z\u00e4hler Gef\u00e4\u00df Waschbecken, Creme wei\u00df Art Basin-1\" class=\"wp-image-6339\" srcset=\"https:\/\/www.ceramicbasin.com\/wp-content\/uploads\/2025\/03\/Countertop-Matt-Color-sink-6.webp 827w, https:\/\/www.ceramicbasin.com\/wp-content\/uploads\/2025\/03\/Countertop-Matt-Color-sink-6-206x300.webp 206w, https:\/\/www.ceramicbasin.com\/wp-content\/uploads\/2025\/03\/Countertop-Matt-Color-sink-6-768x1119.webp 768w, https:\/\/www.ceramicbasin.com\/wp-content\/uploads\/2025\/03\/Countertop-Matt-Color-sink-6-8x12.webp 8w, https:\/\/www.ceramicbasin.com\/wp-content\/uploads\/2025\/03\/Countertop-Matt-Color-sink-6-285x415.webp 285w, https:\/\/www.ceramicbasin.com\/wp-content\/uploads\/2025\/03\/Countertop-Matt-Color-sink-6-453x660.webp 453w, https:\/\/www.ceramicbasin.com\/wp-content\/uploads\/2025\/03\/Countertop-Matt-Color-sink-6-103x150.webp 103w\" sizes=\"(max-width: 827px) 100vw, 827px\" \/><figcaption class=\"wp-element-caption\">Gro\u00dfhandel \u00fcber Z\u00e4hler Gef\u00e4\u00df Waschbecken, Creme wei\u00df Art Basin-1<\/figcaption><\/figure>\n<\/div>\n<\/div>","protected":false},"excerpt":{"rendered":"<p>Willkommen im Gro\u00dfhandel Z\u00e4hler oben Becken zu kaufen. Unsere Creme wei\u00df matt Gro\u00dfhandel \u00fcber Z\u00e4hler Gef\u00e4\u00df Waschbecken ist modern und elegant. Das Material ist solide und fest, resistent gegen Kratzer und Flecken. Die Installation auf der Arbeitsplatte ist einfach und elegant, und unterst\u00fctzt die Anpassung, passend auch High-End-kommerzielle und private Badezimmer R\u00e4ume.<\/p>\n<table style=\"border-collapse: collapse; width: 311.02pt;\" border=\"0\" width=\"311\" cellspacing=\"0\" cellpadding=\"0\">\n<tbody>\n<tr style=\"height: 17.60pt;\">\n<td class=\"et3\" style=\"height: 17.60pt; width: 108.35pt;\" width=\"108\" height=\"17\">Hersteller<\/td>\n<td class=\"et3\" style=\"width: 202.95pt;\" width=\"202\">HanYu<\/td>\n<\/tr>\n<tr style=\"height: 17.60pt;\">\n<td class=\"et3\" style=\"height: 17.60pt;\" height=\"17\">Modell Nr.<\/td>\n<td class=\"et4\">HY-8069PY<\/td>\n<\/tr>\n<tr style=\"height: 17.60pt;\">\n<td class=\"et3\" style=\"height: 17.60pt;\" height=\"17\">Typ<\/td>\n<td class=\"et3\">CounterTop-Becken<\/td>\n<\/tr>\n<tr style=\"height: 17.60pt;\">\n<td class=\"et3\" style=\"height: 17.60pt;\" height=\"17\">Form<\/td>\n<td class=\"et3\">Runde Form<\/td>\n<\/tr>\n<tr style=\"height: 17.60pt;\">\n<td class=\"et4\" style=\"height: 17.60pt;\" height=\"17\">Farbe<\/td>\n<td class=\"et3\">Gelb<\/td>\n<\/tr>\n<tr style=\"height: 18.00pt;\">\n<td class=\"et3\" style=\"height: 18.00pt;\" height=\"18\">Dimension<\/td>\n<td class=\"et5\" style=\"width: 202.95pt;\" width=\"202\">41.5*41.5*13.5<\/td>\n<\/tr>\n<tr style=\"height: 17.60pt;\">\n<td class=\"et3\" style=\"height: 17.60pt;\" height=\"17\">N.W \/SET<\/td>\n<td class=\"et3\">8KGS\/PCS<\/td>\n<\/tr>\n<tr style=\"height: 17.60pt;\">\n<td class=\"et3\" style=\"height: 17.60pt;\" height=\"17\">MOQ<\/td>\n<td class=\"et3\">20St\u00fcck<\/td>\n<\/tr>\n<tr style=\"height: 17.60pt;\">\n<td class=\"et3\" style=\"height: 17.60pt;\" height=\"17\">Benutzerdefinierte Option<\/td>\n<td class=\"et3\">Farbe\/Muster\/Gr\u00f6\u00dfe\/Logo\/Verpackung<\/td>\n<\/tr>\n<\/tbody>\n<\/table>","protected":false},"featured_media":6340,"comment_status":"closed","ping_status":"closed","template":"","meta":{"_acf_changed":false},"product_brand":[],"product_cat":[55,50],"product_tag":[],"class_list":{"0":"post-6338","1":"product","2":"type-product","3":"status-publish","4":"has-post-thumbnail","6":"product_cat-wholesale-matte-sinks","7":"product_cat-wholesale-countertop-sinks","9":"first","10":"instock","11":"shipping-taxable","12":"product-type-simple"},"acf":[],"_links":{"self":[{"href":"https:\/\/www.ceramicbasin.com\/de\/wp-json\/wp\/v2\/product\/6338","targetHints":{"allow":["GET"]}}],"collection":[{"href":"https:\/\/www.ceramicbasin.com\/de\/wp-json\/wp\/v2\/product"}],"about":[{"href":"https:\/\/www.ceramicbasin.com\/de\/wp-json\/wp\/v2\/types\/product"}],"replies":[{"embeddable":true,"href":"https:\/\/www.ceramicbasin.com\/de\/wp-json\/wp\/v2\/comments?post=6338"}],"wp:featuredmedia":[{"embeddable":true,"href":"https:\/\/www.ceramicbasin.com\/de\/wp-json\/wp\/v2\/media\/6340"}],"wp:attachment":[{"href":"https:\/\/www.ceramicbasin.com\/de\/wp-json\/wp\/v2\/media?parent=6338"}],"wp:term":[{"taxonomy":"product_brand","embeddable":true,"href":"https:\/\/www.ceramicbasin.com\/de\/wp-json\/wp\/v2\/product_brand?post=6338"},{"taxonomy":"product_cat","embeddable":true,"href":"https:\/\/www.ceramicbasin.com\/de\/wp-json\/wp\/v2\/product_cat?post=6338"},{"taxonomy":"product_tag","embeddable":true,"href":"https:\/\/www.ceramicbasin.com\/de\/wp-json\/wp\/v2\/product_tag?post=6338"}],"curies":[{"name":"wp","href":"https:\/\/api.w.org\/{rel}","templated":true}]}}