{"id":6345,"date":"2025-03-07T08:51:51","date_gmt":"2025-03-07T08:51:51","guid":{"rendered":"https:\/\/www.ceramicbasin.com\/?post_type=product&#038;p=6345"},"modified":"2025-03-08T08:31:43","modified_gmt":"2025-03-08T08:31:43","slug":"above-counter-vessel-sink-wholesale","status":"publish","type":"product","link":"https:\/\/www.ceramicbasin.com\/de\/produkt\/above-counter-vessel-sink-wholesale\/","title":{"rendered":"Matt \u00fcber Z\u00e4hler Vessel Waschbecken Gro\u00dfhandel, Lavendel lila Waschbecken"},"content":{"rendered":"<div class=\"wp-block-columns is-layout-flex wp-container-core-columns-is-layout-9d6595d7 wp-block-columns-is-layout-flex\">\n<div class=\"wp-block-column is-layout-flow wp-block-column-is-layout-flow\">\n<h2 class=\"wp-block-heading\">Premium \u00fcber Z\u00e4hler Vessel Waschbecken Gro\u00dfhandel Features:<\/h2>\n\n\n\n<ul class=\"wp-block-list\">\n<li><strong>Frisches Lavendelviolett, das eine angenehme Atmosph\u00e4re schafft: <\/strong>Dieses Aufsatzwaschbecken im Gro\u00dfhandel ist mit einer zarten lavendelfarbenen, matten Glasur versehen, die einen frischen und nat\u00fcrlichen visuellen Effekt hat und dem kommerziellen Badezimmer einen Hauch von Eleganz verleiht. Es schafft eine entspannte und komfortable Atmosph\u00e4re und eignet sich f\u00fcr moderne, nordische und minimalistische Inneneinrichtungen.<\/li>\n\n\n\n<li><strong>Matte Textur, zur\u00fcckhaltend und hochwertig: <\/strong>Dieses ma\u00dfgefertigte Waschbecken wird mit einer einzigartigen matten Glasur behandelt, die sich zart und warm anf\u00fchlt, kein Licht reflektiert, Fingerabdr\u00fccke und Wasserflecken wirksam reduziert, Sauberkeit und Sch\u00f6nheit lange Zeit bewahrt und eine dezente und luxuri\u00f6se Textur aufweist.<\/li>\n\n\n\n<li><strong>Hochfeste Keramik, schmutzabweisend und langlebig: <\/strong>Diese \u00fcber der Theke Gef\u00e4\u00df Waschbecken Gro\u00dfhandel ist aus hochwertigem keramischen Material und Hochtemperatur gebrannt gebaut. Es hat eine hohe Fleckenbest\u00e4ndigkeit und Kratzfestigkeit. Es kann in kommerziellen Orten mit hoher Frequenz der Nutzung, wie Hotels, Restaurants, B\u00fcrogeb\u00e4uden, Einkaufszentren und anderen \u00f6ffentlichen Toiletten verwendet werden, so dass es hell und sauber nach langem Gebrauch bleiben kann.<\/li>\n\n\n\n<li><strong>Individuelles Design, anpassbar an eine Vielzahl von kommerziellen Anforderungen: <\/strong>Unser lila mattes Waschbecken nach Ma\u00df unterst\u00fctzt kundenspezifische L\u00f6sungen wie Gr\u00f6\u00dfe, Form, Farbe usw. und kann individuelle Badezimmerl\u00f6sungen entsprechend den Bed\u00fcrfnissen verschiedener kommerzieller Standorte schaffen, wobei Personalisierung und Funktionalit\u00e4t kombiniert werden, um die Bed\u00fcrfnisse von High-End-Anwendern zu erf\u00fcllen.<\/li>\n<\/ul>\n<\/div>\n\n\n\n<div class=\"wp-block-column is-layout-flow wp-block-column-is-layout-flow\">\n<figure class=\"wp-block-image size-full\"><img fetchpriority=\"high\" decoding=\"async\" width=\"827\" height=\"1225\" src=\"https:\/\/www.ceramicbasin.com\/wp-content\/uploads\/2025\/03\/Hot-sales-Matt-purple-round-sink-6.webp\" alt=\"Matt \u00fcber Z\u00e4hler Vessel Waschbecken Gro\u00dfhandel, Lavendel lila Waschbecken-1\" class=\"wp-image-6353\" srcset=\"https:\/\/www.ceramicbasin.com\/wp-content\/uploads\/2025\/03\/Hot-sales-Matt-purple-round-sink-6.webp 827w, https:\/\/www.ceramicbasin.com\/wp-content\/uploads\/2025\/03\/Hot-sales-Matt-purple-round-sink-6-203x300.webp 203w, https:\/\/www.ceramicbasin.com\/wp-content\/uploads\/2025\/03\/Hot-sales-Matt-purple-round-sink-6-768x1138.webp 768w, https:\/\/www.ceramicbasin.com\/wp-content\/uploads\/2025\/03\/Hot-sales-Matt-purple-round-sink-6-8x12.webp 8w, https:\/\/www.ceramicbasin.com\/wp-content\/uploads\/2025\/03\/Hot-sales-Matt-purple-round-sink-6-285x422.webp 285w, https:\/\/www.ceramicbasin.com\/wp-content\/uploads\/2025\/03\/Hot-sales-Matt-purple-round-sink-6-446x660.webp 446w, https:\/\/www.ceramicbasin.com\/wp-content\/uploads\/2025\/03\/Hot-sales-Matt-purple-round-sink-6-101x150.webp 101w\" sizes=\"(max-width: 827px) 100vw, 827px\" \/><\/figure>\n<\/div>\n<\/div>","protected":false},"excerpt":{"rendered":"<p>Willkommen zu kaufen ma\u00dfgeschneiderte Waschbecken. Unsere lila matte \u00fcber Z\u00e4hler Gef\u00e4\u00df Waschbecken Gro\u00dfhandel ist frisch und elegant, geeignet f\u00fcr moderne kommerzielle R\u00e4ume. Hochwertige Keramik sind schmutzabweisend und langlebig, matte Glasur ist Low-Key und erweiterte, unterst\u00fctzt kundenspezifisches Design, und passt perfekt alle Arten von B\u00e4dern.<\/p>\n<table style=\"border-collapse: collapse; width: 311.02pt;\" border=\"0\" width=\"311\" cellspacing=\"0\" cellpadding=\"0\">\n<tbody>\n<tr style=\"height: 17.60pt;\">\n<td class=\"et3\" style=\"height: 17.60pt; width: 108.35pt;\" width=\"108\" height=\"17\">Hersteller<\/td>\n<td class=\"et3\" style=\"width: 202.95pt;\" width=\"202\">HanYu<\/td>\n<\/tr>\n<tr style=\"height: 17.60pt;\">\n<td class=\"et3\" style=\"height: 17.60pt;\" height=\"17\">Modell Nr.<\/td>\n<td class=\"et4\">HY-8069PP<\/td>\n<\/tr>\n<tr style=\"height: 17.60pt;\">\n<td class=\"et3\" style=\"height: 17.60pt;\" height=\"17\">Typ<\/td>\n<td class=\"et3\">CounterTop-Becken<\/td>\n<\/tr>\n<tr style=\"height: 17.60pt;\">\n<td class=\"et3\" style=\"height: 17.60pt;\" height=\"17\">Form<\/td>\n<td class=\"et3\">Runde Form<\/td>\n<\/tr>\n<tr style=\"height: 17.60pt;\">\n<td class=\"et4\" style=\"height: 17.60pt;\" height=\"17\">Farbe<\/td>\n<td class=\"et3\">Lila<\/td>\n<\/tr>\n<tr style=\"height: 18.00pt;\">\n<td class=\"et3\" style=\"height: 18.00pt;\" height=\"18\">Dimension\u00a0<\/td>\n<td class=\"et5\" style=\"width: 202.95pt;\" width=\"202\">41.5*41.5*13.5<\/td>\n<\/tr>\n<tr style=\"height: 17.60pt;\">\n<td class=\"et3\" style=\"height: 17.60pt;\" height=\"17\">N.W \/SET<\/td>\n<td class=\"et3\">8KGS\/PCS<\/td>\n<\/tr>\n<tr style=\"height: 17.60pt;\">\n<td class=\"et3\" style=\"height: 17.60pt;\" height=\"17\">MOQ<\/td>\n<td class=\"et3\">20St\u00fcck<\/td>\n<\/tr>\n<tr style=\"height: 17.60pt;\">\n<td class=\"et3\" style=\"height: 17.60pt;\" height=\"17\">Benutzerdefinierte Option<\/td>\n<td class=\"et3\">Farbe\/Muster\/Gr\u00f6\u00dfe\/Logo\/Verpackung-<\/td>\n<\/tr>\n<\/tbody>\n<\/table>","protected":false},"featured_media":6355,"comment_status":"closed","ping_status":"closed","template":"","meta":{"_acf_changed":false},"product_brand":[],"product_cat":[50,55],"product_tag":[],"class_list":{"0":"post-6345","1":"product","2":"type-product","3":"status-publish","4":"has-post-thumbnail","6":"product_cat-wholesale-countertop-sinks","7":"product_cat-wholesale-matte-sinks","9":"first","10":"instock","11":"shipping-taxable","12":"product-type-simple"},"acf":[],"_links":{"self":[{"href":"https:\/\/www.ceramicbasin.com\/de\/wp-json\/wp\/v2\/product\/6345","targetHints":{"allow":["GET"]}}],"collection":[{"href":"https:\/\/www.ceramicbasin.com\/de\/wp-json\/wp\/v2\/product"}],"about":[{"href":"https:\/\/www.ceramicbasin.com\/de\/wp-json\/wp\/v2\/types\/product"}],"replies":[{"embeddable":true,"href":"https:\/\/www.ceramicbasin.com\/de\/wp-json\/wp\/v2\/comments?post=6345"}],"wp:featuredmedia":[{"embeddable":true,"href":"https:\/\/www.ceramicbasin.com\/de\/wp-json\/wp\/v2\/media\/6355"}],"wp:attachment":[{"href":"https:\/\/www.ceramicbasin.com\/de\/wp-json\/wp\/v2\/media?parent=6345"}],"wp:term":[{"taxonomy":"product_brand","embeddable":true,"href":"https:\/\/www.ceramicbasin.com\/de\/wp-json\/wp\/v2\/product_brand?post=6345"},{"taxonomy":"product_cat","embeddable":true,"href":"https:\/\/www.ceramicbasin.com\/de\/wp-json\/wp\/v2\/product_cat?post=6345"},{"taxonomy":"product_tag","embeddable":true,"href":"https:\/\/www.ceramicbasin.com\/de\/wp-json\/wp\/v2\/product_tag?post=6345"}],"curies":[{"name":"wp","href":"https:\/\/api.w.org\/{rel}","templated":true}]}}