{"id":6346,"date":"2025-03-07T08:51:53","date_gmt":"2025-03-07T08:51:53","guid":{"rendered":"https:\/\/www.ceramicbasin.com\/?post_type=product&#038;p=6346"},"modified":"2025-03-08T08:18:04","modified_gmt":"2025-03-08T08:18:04","slug":"counter-top-bathroom-sink-wholesale","status":"publish","type":"product","link":"https:\/\/www.ceramicbasin.com\/de\/produkt\/counter-top-bathroom-sink-wholesale\/","title":{"rendered":"Matt Orange Counter Top Bad Waschbecken Gro\u00dfhandel Versorgung"},"content":{"rendered":"<div class=\"wp-block-columns is-layout-flex wp-container-core-columns-is-layout-9d6595d7 wp-block-columns-is-layout-flex\">\n<div class=\"wp-block-column is-layout-flow wp-block-column-is-layout-flow\">\n<h2 class=\"wp-block-heading\">Premium Counter Top Bad Waschbecken Gro\u00dfhandel Features:<\/h2>\n\n\n\n<ul class=\"wp-block-list\">\n<li><strong>Frische Minze Orange, die eine angenehme Atmosph\u00e4re schafft:<\/strong> Dieses Aufsatzwaschbecken im Gro\u00dfhandel ist mit einer mint-orangefarbenen, matten Glasur versehen, die einen frischen und nat\u00fcrlichen visuellen Effekt hat und dem kommerziellen Badezimmer einen Hauch von Eleganz verleiht. Es schafft eine entspannte und komfortable Atmosph\u00e4re und eignet sich f\u00fcr moderne, nordische und minimalistische Inneneinrichtungen.<\/li>\n\n\n\n<li><strong>Matte Textur, zur\u00fcckhaltend und hochwertig: <\/strong>Dieses kundenspezifische Waschbecken f\u00fcr gewerbliche Toiletten wird mit einer einzigartigen matten Glasur behandelt, die sich zart und warm anf\u00fchlt, kein Licht reflektiert, Fingerabdr\u00fccke und Wasserflecken wirksam reduziert und Sauberkeit und Sch\u00f6nheit f\u00fcr lange Zeit bewahrt und eine dezente und luxuri\u00f6se Textur aufweist.<\/li>\n\n\n\n<li><strong>Hochfeste Keramik, schmutzabweisend und langlebig: <\/strong>Dieser Z\u00e4hler oben Bad Waschbecken Gro\u00dfhandel verwendet hochfesten keramischen Material und Hochtemperatur gebrannt. Es besitzt eine gute Kratzfestigkeit und gute Fleckenbest\u00e4ndigkeit. Es ist anwendbar auf starke Nutzung Standorten, wie Hotels, Restaurants, B\u00fcrogeb\u00e4uden, Einkaufszentren und anderen \u00f6ffentlichen Toiletten, um sicherzustellen, dass es gl\u00e4nzend und sauber auch nach einer langfristigen Nutzung von Jahren bleiben kann.<\/li>\n\n\n\n<li><strong>Individuelles Design, anpassbar an eine Vielzahl von kommerziellen Anforderungen: <\/strong>Unsere matten orangefarbenen Waschbecken im Gro\u00dfhandel sind flexibel, um kundenspezifische L\u00f6sungen wie Gr\u00f6\u00dfe, Form, Farbe usw. zu unterst\u00fctzen, und k\u00f6nnen kundenspezifische Badezimmerl\u00f6sungen entsprechend den Bed\u00fcrfnissen verschiedener kommerzieller Geb\u00e4ude schaffen, indem sie Individualit\u00e4t mit Funktionalit\u00e4t verbinden, um gehobene Anpassungsanforderungen zu unterst\u00fctzen.<\/li>\n<\/ul>\n<\/div>\n\n\n\n<div class=\"wp-block-column is-layout-flow wp-block-column-is-layout-flow\">\n<figure class=\"wp-block-image size-full\"><img fetchpriority=\"high\" decoding=\"async\" width=\"827\" height=\"1217\" src=\"https:\/\/www.ceramicbasin.com\/wp-content\/uploads\/2025\/03\/Matt-orange-colorful-sink-6.webp\" alt=\"Matt Orange Counter Top Badezimmer Waschbecken Gro\u00dfhandel Supply-1\" class=\"wp-image-6347\" srcset=\"https:\/\/www.ceramicbasin.com\/wp-content\/uploads\/2025\/03\/Matt-orange-colorful-sink-6.webp 827w, https:\/\/www.ceramicbasin.com\/wp-content\/uploads\/2025\/03\/Matt-orange-colorful-sink-6-204x300.webp 204w, https:\/\/www.ceramicbasin.com\/wp-content\/uploads\/2025\/03\/Matt-orange-colorful-sink-6-768x1130.webp 768w, https:\/\/www.ceramicbasin.com\/wp-content\/uploads\/2025\/03\/Matt-orange-colorful-sink-6-8x12.webp 8w, https:\/\/www.ceramicbasin.com\/wp-content\/uploads\/2025\/03\/Matt-orange-colorful-sink-6-285x419.webp 285w, https:\/\/www.ceramicbasin.com\/wp-content\/uploads\/2025\/03\/Matt-orange-colorful-sink-6-448x660.webp 448w, https:\/\/www.ceramicbasin.com\/wp-content\/uploads\/2025\/03\/Matt-orange-colorful-sink-6-102x150.webp 102w\" sizes=\"(max-width: 827px) 100vw, 827px\" \/><\/figure>\n<\/div>\n<\/div>","protected":false},"excerpt":{"rendered":"<p>Willkommen auf benutzerdefinierte kommerzielle Toilette Waschbecken. Unsere matte orange Z\u00e4hler oben Bad Waschbecken Gro\u00dfhandel ist frisch und elegant, geeignet f\u00fcr moderne kommerzielle R\u00e4ume. Hochwertige Keramik sind schmutzabweisend und langlebig, matte Glasur ist Low-Key und erweiterte, unterst\u00fctzt kundenspezifisches Design, und passt perfekt alle Arten von B\u00e4dern.<\/p>\n<table style=\"border-collapse: collapse; width: 311.02pt;\" border=\"0\" width=\"311\" cellspacing=\"0\" cellpadding=\"0\">\n<tbody>\n<tr style=\"height: 17.60pt;\">\n<td class=\"et3\" style=\"height: 17.60pt; width: 108.35pt;\" width=\"108\" height=\"17\">Hersteller<\/td>\n<td class=\"et3\" style=\"width: 202.95pt;\" width=\"202\">HanYu<\/td>\n<\/tr>\n<tr style=\"height: 17.60pt;\">\n<td class=\"et3\" style=\"height: 17.60pt;\" height=\"17\">Modell Nr.<\/td>\n<td class=\"et4\">HY-8069PO<\/td>\n<\/tr>\n<tr style=\"height: 17.60pt;\">\n<td class=\"et3\" style=\"height: 17.60pt;\" height=\"17\">Typ<\/td>\n<td class=\"et3\">CounterTop-Becken<\/td>\n<\/tr>\n<tr style=\"height: 17.60pt;\">\n<td class=\"et3\" style=\"height: 17.60pt;\" height=\"17\">Form<\/td>\n<td class=\"et3\">Runde Form<\/td>\n<\/tr>\n<tr style=\"height: 17.60pt;\">\n<td class=\"et4\" style=\"height: 17.60pt;\" height=\"17\">Farbe<\/td>\n<td class=\"et3\">Orange<\/td>\n<\/tr>\n<tr style=\"height: 18.00pt;\">\n<td class=\"et3\" style=\"height: 18.00pt;\" height=\"18\">Dimension\u00a0<\/td>\n<td class=\"et5\" style=\"width: 202.95pt;\" width=\"202\">41.5*41.5*13.5<\/td>\n<\/tr>\n<tr style=\"height: 17.60pt;\">\n<td class=\"et3\" style=\"height: 17.60pt;\" height=\"17\">N.W \/SET<\/td>\n<td class=\"et3\">8KGS\/PCS<\/td>\n<\/tr>\n<tr style=\"height: 17.60pt;\">\n<td class=\"et3\" style=\"height: 17.60pt;\" height=\"17\">MOQ<\/td>\n<td class=\"et3\">20St\u00fcck<\/td>\n<\/tr>\n<tr style=\"height: 17.60pt;\">\n<td class=\"et3\" style=\"height: 17.60pt;\" height=\"17\">Benutzerdefinierte Option<\/td>\n<td class=\"et3\">Farbe\/Muster\/Gr\u00f6\u00dfe\/Logo\/Verpackung-<\/td>\n<\/tr>\n<\/tbody>\n<\/table>","protected":false},"featured_media":6348,"comment_status":"closed","ping_status":"closed","template":"","meta":{"_acf_changed":false},"product_brand":[],"product_cat":[50,55],"product_tag":[],"class_list":{"0":"post-6346","1":"product","2":"type-product","3":"status-publish","4":"has-post-thumbnail","6":"product_cat-wholesale-countertop-sinks","7":"product_cat-wholesale-matte-sinks","9":"first","10":"instock","11":"shipping-taxable","12":"product-type-simple"},"acf":[],"_links":{"self":[{"href":"https:\/\/www.ceramicbasin.com\/de\/wp-json\/wp\/v2\/product\/6346","targetHints":{"allow":["GET"]}}],"collection":[{"href":"https:\/\/www.ceramicbasin.com\/de\/wp-json\/wp\/v2\/product"}],"about":[{"href":"https:\/\/www.ceramicbasin.com\/de\/wp-json\/wp\/v2\/types\/product"}],"replies":[{"embeddable":true,"href":"https:\/\/www.ceramicbasin.com\/de\/wp-json\/wp\/v2\/comments?post=6346"}],"wp:featuredmedia":[{"embeddable":true,"href":"https:\/\/www.ceramicbasin.com\/de\/wp-json\/wp\/v2\/media\/6348"}],"wp:attachment":[{"href":"https:\/\/www.ceramicbasin.com\/de\/wp-json\/wp\/v2\/media?parent=6346"}],"wp:term":[{"taxonomy":"product_brand","embeddable":true,"href":"https:\/\/www.ceramicbasin.com\/de\/wp-json\/wp\/v2\/product_brand?post=6346"},{"taxonomy":"product_cat","embeddable":true,"href":"https:\/\/www.ceramicbasin.com\/de\/wp-json\/wp\/v2\/product_cat?post=6346"},{"taxonomy":"product_tag","embeddable":true,"href":"https:\/\/www.ceramicbasin.com\/de\/wp-json\/wp\/v2\/product_tag?post=6346"}],"curies":[{"name":"wp","href":"https:\/\/api.w.org\/{rel}","templated":true}]}}