{"id":6388,"date":"2025-03-12T01:47:47","date_gmt":"2025-03-12T01:47:47","guid":{"rendered":"https:\/\/www.ceramicbasin.com\/?post_type=product&#038;p=6388"},"modified":"2025-03-14T04:33:28","modified_gmt":"2025-03-14T04:33:28","slug":"wholesale-semi-recessed-basin","status":"publish","type":"product","link":"https:\/\/www.ceramicbasin.com\/de\/produkt\/wholesale-semi-recessed-basin\/","title":{"rendered":"Gro\u00dfhandel Semi-Eingelassenes Waschbecken, Schickes Quadratisches Keramik Waschbecken"},"content":{"rendered":"<div class=\"wp-block-columns is-layout-flex wp-container-core-columns-is-layout-9d6595d7 wp-block-columns-is-layout-flex\">\n<div class=\"wp-block-column is-layout-flow wp-block-column-is-layout-flow\">\n<h2 class=\"wp-block-heading\">Premium-Gro\u00dfhandel Semi-recessed Basin Features:<\/h2>\n\n\n\n<ul class=\"wp-block-list\">\n<li><strong>Verschiedene Arten der Auswahl:<\/strong> Wir bieten verschiedene Stile, Gr\u00f6\u00dfen und Farben von halb versenkten Waschbecken im Gro\u00dfhandel an, die zu verschiedenen Badezimmerdesigns passen und sich leicht in verschiedene Dekorationsschemata einf\u00fcgen lassen.<\/li>\n\n\n\n<li><strong>Hochwertige Materialien: <\/strong>Unsere Keramikwaschbecken f\u00fcr den Gro\u00dfhandel sind aus hochwertigem Keramikmaterial gefertigt, das sehr haltbar und schmutzabweisend ist. Durch die Verwendung dieses Materials erhalten wir nicht nur langfristige Stabilit\u00e4t, sondern auch einfache Wartung und Reinigung, perfekt f\u00fcr gesch\u00e4ftige kommerzielle Umgebungen.<\/li>\n\n\n\n<li><strong>Anpassbare Optionen: <\/strong>Diese halbversenkten Becken sind in verschiedenen Farben, Oberfl\u00e4chenbehandlungen und Verpackungsanpassungen je nach Marke und Marktanforderungen erh\u00e4ltlich.<\/li>\n\n\n\n<li><strong>Bequem zu installieren:<\/strong> Dieses Gro\u00dfhandels-Keramikwaschbecken verwendet ein einfaches Installationsdesign, das f\u00fcr verschiedene Arbeitsplatten geeignet ist und den H\u00e4ndlern Zeit und Kosten f\u00fcr die Installation sparen kann. Eine solche Anordnung beschleunigt nicht nur die Konstruktion, sondern gew\u00e4hrleistet auch Stabilit\u00e4t und Sicherheit bei der Verwendung.<\/li>\n<\/ul>\n<\/div>\n\n\n\n<div class=\"wp-block-column is-layout-flow wp-block-column-is-layout-flow\">\n<figure class=\"wp-block-image size-full\"><img fetchpriority=\"high\" decoding=\"async\" width=\"800\" height=\"800\" src=\"https:\/\/www.ceramicbasin.com\/wp-content\/uploads\/2025\/03\/Wholesale-semiRecessed-Hand-BasinsFactory-Supply-Wash-BasinCeramic-Sinks6.webp\" alt=\"Gro\u00dfhandel Semi-recessed Basin, Chic Square Keramik Waschbecken-1\" class=\"wp-image-6394\" srcset=\"https:\/\/www.ceramicbasin.com\/wp-content\/uploads\/2025\/03\/Wholesale-semiRecessed-Hand-BasinsFactory-Supply-Wash-BasinCeramic-Sinks6.webp 800w, https:\/\/www.ceramicbasin.com\/wp-content\/uploads\/2025\/03\/Wholesale-semiRecessed-Hand-BasinsFactory-Supply-Wash-BasinCeramic-Sinks6-300x300.webp 300w, https:\/\/www.ceramicbasin.com\/wp-content\/uploads\/2025\/03\/Wholesale-semiRecessed-Hand-BasinsFactory-Supply-Wash-BasinCeramic-Sinks6-150x150.webp 150w, https:\/\/www.ceramicbasin.com\/wp-content\/uploads\/2025\/03\/Wholesale-semiRecessed-Hand-BasinsFactory-Supply-Wash-BasinCeramic-Sinks6-768x768.webp 768w, https:\/\/www.ceramicbasin.com\/wp-content\/uploads\/2025\/03\/Wholesale-semiRecessed-Hand-BasinsFactory-Supply-Wash-BasinCeramic-Sinks6-12x12.webp 12w, https:\/\/www.ceramicbasin.com\/wp-content\/uploads\/2025\/03\/Wholesale-semiRecessed-Hand-BasinsFactory-Supply-Wash-BasinCeramic-Sinks6-285x285.webp 285w, https:\/\/www.ceramicbasin.com\/wp-content\/uploads\/2025\/03\/Wholesale-semiRecessed-Hand-BasinsFactory-Supply-Wash-BasinCeramic-Sinks6-270x270.webp 270w, https:\/\/www.ceramicbasin.com\/wp-content\/uploads\/2025\/03\/Wholesale-semiRecessed-Hand-BasinsFactory-Supply-Wash-BasinCeramic-Sinks6-540x540.webp 540w, https:\/\/www.ceramicbasin.com\/wp-content\/uploads\/2025\/03\/Wholesale-semiRecessed-Hand-BasinsFactory-Supply-Wash-BasinCeramic-Sinks6-660x660.webp 660w\" sizes=\"(max-width: 800px) 100vw, 800px\" \/><\/figure>\n<\/div>\n<\/div>\n\n\n\n<p><\/p>","protected":false},"excerpt":{"rendered":"<p>Willkommen zu kaufen Keramik Waschbecken aus der Fabrik. Unsere Gro\u00dfhandel halbversenkten Waschbecken ist mit hochwertigen keramischen Material, das Verschlei\u00dffestigkeit, Kratzfestigkeit, solide und langlebig ist, garantiert langfristige Sch\u00f6nheit und Vertrauensw\u00fcrdigkeit hergestellt.<\/p>\n<table style=\"border-collapse: collapse; width: 358.52pt;\" border=\"0\" width=\"478\" cellspacing=\"0\" cellpadding=\"0\">\n<tbody>\n<tr style=\"height: 17.25pt;\">\n<td class=\"et3\" style=\"height: 17.25pt; width: 125.00pt;\" width=\"166\" height=\"23\">Hersteller<\/td>\n<td class=\"et3\" style=\"width: 234.15pt;\" width=\"312\">HanYu<\/td>\n<\/tr>\n<tr style=\"height: 17.25pt;\">\n<td class=\"et3\" style=\"height: 17.25pt;\" height=\"23\">Modell Nr.<\/td>\n<td class=\"et4\">HY-401F<\/td>\n<\/tr>\n<tr style=\"height: 17.25pt;\">\n<td class=\"et3\" style=\"height: 17.25pt;\" height=\"23\">Typ<\/td>\n<td class=\"et5\" style=\"width: 234.15pt;\" width=\"312\">Halbversenkte Sp\u00fclen<\/td>\n<\/tr>\n<tr style=\"height: 18.00pt;\">\n<td class=\"et3\" style=\"height: 18.00pt;\" height=\"24\">Form<\/td>\n<td class=\"et3\">Rectanglue Form<\/td>\n<\/tr>\n<tr style=\"height: 34.50pt;\">\n<td class=\"et4\" style=\"height: 34.50pt;\" height=\"46\">Farbe<\/td>\n<td class=\"et5\" style=\"width: 234.15pt;\" width=\"312\">schwarz\/wei\u00df\/blau\/grau\/rosa\/gr\u00fcn\/braun\/khaki<\/td>\n<\/tr>\n<tr style=\"height: 18.00pt;\">\n<td class=\"et3\" style=\"height: 18.00pt;\" height=\"24\">Dimension<\/td>\n<td class=\"et5\" style=\"width: 234.15pt;\" width=\"312\">59*38*13<\/td>\n<\/tr>\n<tr style=\"height: 17.25pt;\">\n<td class=\"et3\" style=\"height: 17.25pt;\" height=\"23\">N.W \/SET<\/td>\n<td class=\"et3\">15KGS\/PCS<\/td>\n<\/tr>\n<tr style=\"height: 17.25pt;\">\n<td class=\"et3\" style=\"height: 17.25pt;\" height=\"23\">MOQ<\/td>\n<td class=\"et3\">20St\u00fcck<\/td>\n<\/tr>\n<tr style=\"height: 17.25pt;\">\n<td class=\"et3\" style=\"height: 17.25pt;\" height=\"23\">Benutzerdefinierte Option<\/td>\n<td class=\"et3\">Farbe\/Muster\/Gr\u00f6\u00dfe\/Logo\/Verpackung<\/td>\n<\/tr>\n<\/tbody>\n<\/table>","protected":false},"featured_media":6393,"comment_status":"closed","ping_status":"closed","template":"","meta":{"_acf_changed":false},"product_brand":[],"product_cat":[58],"product_tag":[],"class_list":{"0":"post-6388","1":"product","2":"type-product","3":"status-publish","4":"has-post-thumbnail","6":"product_cat-wholesale-semi-recessed-sinks","8":"first","9":"instock","10":"shipping-taxable","11":"product-type-simple"},"acf":[],"_links":{"self":[{"href":"https:\/\/www.ceramicbasin.com\/de\/wp-json\/wp\/v2\/product\/6388","targetHints":{"allow":["GET"]}}],"collection":[{"href":"https:\/\/www.ceramicbasin.com\/de\/wp-json\/wp\/v2\/product"}],"about":[{"href":"https:\/\/www.ceramicbasin.com\/de\/wp-json\/wp\/v2\/types\/product"}],"replies":[{"embeddable":true,"href":"https:\/\/www.ceramicbasin.com\/de\/wp-json\/wp\/v2\/comments?post=6388"}],"wp:featuredmedia":[{"embeddable":true,"href":"https:\/\/www.ceramicbasin.com\/de\/wp-json\/wp\/v2\/media\/6393"}],"wp:attachment":[{"href":"https:\/\/www.ceramicbasin.com\/de\/wp-json\/wp\/v2\/media?parent=6388"}],"wp:term":[{"taxonomy":"product_brand","embeddable":true,"href":"https:\/\/www.ceramicbasin.com\/de\/wp-json\/wp\/v2\/product_brand?post=6388"},{"taxonomy":"product_cat","embeddable":true,"href":"https:\/\/www.ceramicbasin.com\/de\/wp-json\/wp\/v2\/product_cat?post=6388"},{"taxonomy":"product_tag","embeddable":true,"href":"https:\/\/www.ceramicbasin.com\/de\/wp-json\/wp\/v2\/product_tag?post=6388"}],"curies":[{"name":"wp","href":"https:\/\/api.w.org\/{rel}","templated":true}]}}