{"id":6395,"date":"2025-03-12T06:25:41","date_gmt":"2025-03-12T06:25:41","guid":{"rendered":"https:\/\/www.ceramicbasin.com\/?post_type=product&#038;p=6395"},"modified":"2025-03-14T04:09:56","modified_gmt":"2025-03-14T04:09:56","slug":"wholesale-semi-recessed-basins","status":"publish","type":"product","link":"https:\/\/www.ceramicbasin.com\/de\/produkt\/wholesale-semi-recessed-basins\/","title":{"rendered":"Moderner Gro\u00dfhandel f\u00fcr halb eingelassene Waschbecken, gl\u00e4nzend wei\u00dfe Gef\u00e4\u00dfsp\u00fclen"},"content":{"rendered":"<div class=\"wp-block-columns is-layout-flex wp-container-core-columns-is-layout-9d6595d7 wp-block-columns-is-layout-flex\">\n<div class=\"wp-block-column is-layout-flow wp-block-column-is-layout-flow\">\n<h2 class=\"wp-block-heading\">Premium Gro\u00dfhandel Semi-Recessed Basins Merkmale:<\/h2>\n\n\n\n<ul class=\"wp-block-list\">\n<li><strong>Preisvorteil: <\/strong>Unsere halbversenkten Waschbecken sind nicht nur erschwinglich, sondern auch schnell lieferbar und eignen sich f\u00fcr kommerzielle Projekte und gro\u00df angelegte Wohndekorationen, die den Anforderungen an hohe Effizienz und niedrige Kosten gerecht werden.<\/li>\n\n\n\n<li><strong>Hei\u00dfer Verkauf: <\/strong>Dieses keramische Gef\u00e4\u00df Waschbecken Gro\u00dfhandel hat eine gute Marktakzeptanz wegen seiner Haltbarkeit, homogene Farbe, einfache Wartung und Reinigung, und ausgezeichnete Kosten Leistung.<\/li>\n\n\n\n<li><strong>Anpassbare Optionen: <\/strong>Diese im Gro\u00dfhandel erh\u00e4ltlichen Halbeinbaubecken k\u00f6nnen in verschiedenen Farben, Oberfl\u00e4chenausf\u00fchrungen und kundenspezifischen Verpackungen geliefert werden, damit Sie das Produkt so herstellen k\u00f6nnen, wie Sie es f\u00fcr Ihre Marke und Ihren Zielmarkt ben\u00f6tigen.<\/li>\n\n\n\n<li><strong>Gro\u00dfe Produktionskapazit\u00e4t: <\/strong>Unser gro\u00dfes Lager enth\u00e4lt verschiedene Arten von Gro\u00dfhandel Keramik Gef\u00e4\u00df Waschbecken. W\u00e4hlen Sie die Artikel, die auf die Produktion sind, haben wir genug wei\u00dfe Becken, Marmor Farbe Becken zu machen, w\u00fcrde die Versandzeit viel k\u00fcrzer sein.<\/li>\n<\/ul>\n<\/div>\n\n\n\n<div class=\"wp-block-column is-layout-flow wp-block-column-is-layout-flow\">\n<figure class=\"wp-block-image size-full\"><img fetchpriority=\"high\" decoding=\"async\" width=\"800\" height=\"800\" src=\"https:\/\/www.ceramicbasin.com\/wp-content\/uploads\/2025\/03\/Ceramic-SinksSemi-RecessedSinks-WholesaleCommercial-Custom-Sinks6.webp\" alt=\"Moderne Gro\u00dfhandel halb eingelassenen Becken, gl\u00e4nzend wei\u00df Gef\u00e4\u00df Sinks-1\" class=\"wp-image-6401\" srcset=\"https:\/\/www.ceramicbasin.com\/wp-content\/uploads\/2025\/03\/Ceramic-SinksSemi-RecessedSinks-WholesaleCommercial-Custom-Sinks6.webp 800w, https:\/\/www.ceramicbasin.com\/wp-content\/uploads\/2025\/03\/Ceramic-SinksSemi-RecessedSinks-WholesaleCommercial-Custom-Sinks6-300x300.webp 300w, https:\/\/www.ceramicbasin.com\/wp-content\/uploads\/2025\/03\/Ceramic-SinksSemi-RecessedSinks-WholesaleCommercial-Custom-Sinks6-150x150.webp 150w, https:\/\/www.ceramicbasin.com\/wp-content\/uploads\/2025\/03\/Ceramic-SinksSemi-RecessedSinks-WholesaleCommercial-Custom-Sinks6-768x768.webp 768w, https:\/\/www.ceramicbasin.com\/wp-content\/uploads\/2025\/03\/Ceramic-SinksSemi-RecessedSinks-WholesaleCommercial-Custom-Sinks6-12x12.webp 12w, https:\/\/www.ceramicbasin.com\/wp-content\/uploads\/2025\/03\/Ceramic-SinksSemi-RecessedSinks-WholesaleCommercial-Custom-Sinks6-285x285.webp 285w, https:\/\/www.ceramicbasin.com\/wp-content\/uploads\/2025\/03\/Ceramic-SinksSemi-RecessedSinks-WholesaleCommercial-Custom-Sinks6-270x270.webp 270w, https:\/\/www.ceramicbasin.com\/wp-content\/uploads\/2025\/03\/Ceramic-SinksSemi-RecessedSinks-WholesaleCommercial-Custom-Sinks6-540x540.webp 540w, https:\/\/www.ceramicbasin.com\/wp-content\/uploads\/2025\/03\/Ceramic-SinksSemi-RecessedSinks-WholesaleCommercial-Custom-Sinks6-660x660.webp 660w\" sizes=\"(max-width: 800px) 100vw, 800px\" \/><\/figure>\n<\/div>\n<\/div>\n\n\n\n<p><\/p>","protected":false},"excerpt":{"rendered":"<p>Willkommen im Gro\u00dfhandel halb versenkten Becken zu kaufen. Diese wei\u00dfe Keramik Gef\u00e4\u00df Waschbecken Gro\u00dfhandel ist gut durch den Markt wegen seiner Haltbarkeit, einheitliche Farbe, einfache Reinigung und Wartung, und hohe Kosten Leistung erhalten. Unsere Gro\u00dfhandel Keramikbecken aus hochwertigem keramischen Material hergestellt ist robust und langlebig, kratzfest, verschlei\u00dffest, die Gew\u00e4hrleistung der langfristigen Sch\u00f6nheit und Zuverl\u00e4ssigkeit.<\/p>\n<table style=\"border-collapse: collapse; width: 358.52pt;\" border=\"0\" width=\"478\" cellspacing=\"0\" cellpadding=\"0\">\n<tbody>\n<tr style=\"height: 17.25pt;\">\n<td class=\"et3\" style=\"height: 17.25pt; width: 125.00pt;\" width=\"166\" height=\"23\">Hersteller<\/td>\n<td class=\"et3\" style=\"width: 234.15pt;\" width=\"312\">HanYu<\/td>\n<\/tr>\n<tr style=\"height: 17.25pt;\">\n<td class=\"et3\" style=\"height: 17.25pt;\" height=\"23\">Modell Nr.<\/td>\n<td class=\"et4\">HY-401G<\/td>\n<\/tr>\n<tr style=\"height: 17.25pt;\">\n<td class=\"et3\" style=\"height: 17.25pt;\" height=\"23\">Typ<\/td>\n<td class=\"et5\" style=\"width: 234.15pt;\" width=\"312\">Halbversenkte Sp\u00fclen<\/td>\n<\/tr>\n<tr style=\"height: 18.00pt;\">\n<td class=\"et3\" style=\"height: 18.00pt;\" height=\"24\">Form<\/td>\n<td class=\"et3\">Rectanglue Form<\/td>\n<\/tr>\n<tr style=\"height: 34.50pt;\">\n<td class=\"et4\" style=\"height: 34.50pt;\" height=\"46\">Farbe<\/td>\n<td class=\"et5\" style=\"width: 234.15pt;\" width=\"312\">schwarz\/wei\u00df\/blau\/grau\/rosa\/gr\u00fcn\/braun\/khaki<\/td>\n<\/tr>\n<tr style=\"height: 18.00pt;\">\n<td class=\"et3\" style=\"height: 18.00pt;\" height=\"24\">Dimension<\/td>\n<td class=\"et5\" style=\"width: 234.15pt;\" width=\"312\">61*37.5*15<\/td>\n<\/tr>\n<tr style=\"height: 17.25pt;\">\n<td class=\"et3\" style=\"height: 17.25pt;\" height=\"23\">N.W \/SET<\/td>\n<td class=\"et3\">18KGS\/PCS<\/td>\n<\/tr>\n<tr style=\"height: 17.25pt;\">\n<td class=\"et3\" style=\"height: 17.25pt;\" height=\"23\">MOQ<\/td>\n<td class=\"et3\">20St\u00fcck<\/td>\n<\/tr>\n<tr style=\"height: 17.25pt;\">\n<td class=\"et3\" style=\"height: 17.25pt;\" height=\"23\">Benutzerdefinierte Option<\/td>\n<td class=\"et3\">Farbe\/Muster\/Gr\u00f6\u00dfe\/Logo\/Verpackung<\/td>\n<\/tr>\n<\/tbody>\n<\/table>","protected":false},"featured_media":6397,"comment_status":"closed","ping_status":"closed","template":"","meta":{"_acf_changed":false},"product_brand":[],"product_cat":[58],"product_tag":[],"class_list":{"0":"post-6395","1":"product","2":"type-product","3":"status-publish","4":"has-post-thumbnail","6":"product_cat-wholesale-semi-recessed-sinks","8":"first","9":"instock","10":"shipping-taxable","11":"product-type-simple"},"acf":[],"_links":{"self":[{"href":"https:\/\/www.ceramicbasin.com\/de\/wp-json\/wp\/v2\/product\/6395","targetHints":{"allow":["GET"]}}],"collection":[{"href":"https:\/\/www.ceramicbasin.com\/de\/wp-json\/wp\/v2\/product"}],"about":[{"href":"https:\/\/www.ceramicbasin.com\/de\/wp-json\/wp\/v2\/types\/product"}],"replies":[{"embeddable":true,"href":"https:\/\/www.ceramicbasin.com\/de\/wp-json\/wp\/v2\/comments?post=6395"}],"wp:featuredmedia":[{"embeddable":true,"href":"https:\/\/www.ceramicbasin.com\/de\/wp-json\/wp\/v2\/media\/6397"}],"wp:attachment":[{"href":"https:\/\/www.ceramicbasin.com\/de\/wp-json\/wp\/v2\/media?parent=6395"}],"wp:term":[{"taxonomy":"product_brand","embeddable":true,"href":"https:\/\/www.ceramicbasin.com\/de\/wp-json\/wp\/v2\/product_brand?post=6395"},{"taxonomy":"product_cat","embeddable":true,"href":"https:\/\/www.ceramicbasin.com\/de\/wp-json\/wp\/v2\/product_cat?post=6395"},{"taxonomy":"product_tag","embeddable":true,"href":"https:\/\/www.ceramicbasin.com\/de\/wp-json\/wp\/v2\/product_tag?post=6395"}],"curies":[{"name":"wp","href":"https:\/\/api.w.org\/{rel}","templated":true}]}}