{"id":6418,"date":"2025-03-20T02:59:20","date_gmt":"2025-03-20T02:59:20","guid":{"rendered":"https:\/\/www.ceramicbasin.com\/?post_type=product&#038;p=6418"},"modified":"2025-03-20T02:59:23","modified_gmt":"2025-03-20T02:59:23","slug":"square-semi-recessed-basin-wholesale","status":"publish","type":"product","link":"https:\/\/www.ceramicbasin.com\/de\/produkt\/square-semi-recessed-basin-wholesale\/","title":{"rendered":"Quadratisches Halbeinbaubecken Gro\u00dfhandel, Gl\u00e4nzendes Porzellanwaschbecken"},"content":{"rendered":"<div class=\"wp-block-columns is-layout-flex wp-container-core-columns-is-layout-9d6595d7 wp-block-columns-is-layout-flex\">\n<div class=\"wp-block-column is-layout-flow wp-block-column-is-layout-flow\">\n<h2 class=\"wp-block-heading\">Premium Square Semi Recessed Basin Gro\u00dfhandel Merkmale:<\/h2>\n\n\n\n<ul class=\"wp-block-list\">\n<li><strong>Langlebig und leicht zu reinigen: <\/strong>Unser quadratisches, halbversenktes Waschbecken im Gro\u00dfhandel ist aus haltbarem keramischem Material hergestellt, damit es l\u00e4nger h\u00e4lt und leicht zu reinigen ist, damit es immer wie neu aussieht.<\/li>\n\n\n\n<li><strong>Gro\u00dfeinkaufsvorteil: <\/strong>Als Hersteller von Waschbecken f\u00fcr Badezimmer bietet Hanyu Porzellanwaschbecken im Gro\u00dfhandel zu erschwinglichen Preisen an, damit Sie von den Vorteilen eines Gro\u00dfeinkaufs profitieren k\u00f6nnen.<\/li>\n\n\n\n<li><strong>Modisches Design:\u00a0<\/strong>Dieses quadratische, halb versenkte Waschbecken im Gro\u00dfhandel nimmt eine neue, trendige Mode an, die modernen Stil mit realistischer Zweckm\u00e4\u00dfigkeit kombiniert, um einen frischen visuellen Effekt f\u00fcr das Badezimmer zu schaffen.<\/li>\n\n\n\n<li><strong>Schnelle Versorgung: <\/strong>Als erfahrener Hersteller von Keramikbecken verf\u00fcgt HanYu \u00fcber eine starke Produktionskapazit\u00e4t und kann gro\u00dfe Mengen an Porzellanwaschbecken im Gro\u00dfhandel zu einem ausgezeichneten Preis-Leistungs-Verh\u00e4ltnis anbieten, um sicherzustellen, dass der Fortschritt Ihres Projekts nicht beeintr\u00e4chtigt wird.<\/li>\n<\/ul>\n<\/div>\n\n\n\n<div class=\"wp-block-column is-layout-flow wp-block-column-is-layout-flow\">\n<figure class=\"wp-block-image size-full\"><img fetchpriority=\"high\" decoding=\"async\" width=\"1372\" height=\"1372\" src=\"https:\/\/www.ceramicbasin.com\/wp-content\/uploads\/2025\/03\/Semi-Recessed-SinksGlossy-White-Custom-Porcelain-Sink-5.webp\" alt=\"Quadratisches Halbeinbaubecken Gro\u00dfhandel, Gl\u00e4nzendes Porzellan Waschbecken-1\" class=\"wp-image-6423\" srcset=\"https:\/\/www.ceramicbasin.com\/wp-content\/uploads\/2025\/03\/Semi-Recessed-SinksGlossy-White-Custom-Porcelain-Sink-5.webp 1372w, https:\/\/www.ceramicbasin.com\/wp-content\/uploads\/2025\/03\/Semi-Recessed-SinksGlossy-White-Custom-Porcelain-Sink-5-300x300.webp 300w, https:\/\/www.ceramicbasin.com\/wp-content\/uploads\/2025\/03\/Semi-Recessed-SinksGlossy-White-Custom-Porcelain-Sink-5-150x150.webp 150w, https:\/\/www.ceramicbasin.com\/wp-content\/uploads\/2025\/03\/Semi-Recessed-SinksGlossy-White-Custom-Porcelain-Sink-5-768x768.webp 768w, https:\/\/www.ceramicbasin.com\/wp-content\/uploads\/2025\/03\/Semi-Recessed-SinksGlossy-White-Custom-Porcelain-Sink-5-12x12.webp 12w, https:\/\/www.ceramicbasin.com\/wp-content\/uploads\/2025\/03\/Semi-Recessed-SinksGlossy-White-Custom-Porcelain-Sink-5-285x285.webp 285w, https:\/\/www.ceramicbasin.com\/wp-content\/uploads\/2025\/03\/Semi-Recessed-SinksGlossy-White-Custom-Porcelain-Sink-5-270x270.webp 270w, https:\/\/www.ceramicbasin.com\/wp-content\/uploads\/2025\/03\/Semi-Recessed-SinksGlossy-White-Custom-Porcelain-Sink-5-540x540.webp 540w, https:\/\/www.ceramicbasin.com\/wp-content\/uploads\/2025\/03\/Semi-Recessed-SinksGlossy-White-Custom-Porcelain-Sink-5-660x660.webp 660w\" sizes=\"(max-width: 1372px) 100vw, 1372px\" \/><\/figure>\n<\/div>\n<\/div>\n\n\n\n<p><\/p>","protected":false},"excerpt":{"rendered":"<p>Willkommen im Gro\u00dfhandel Porzellanwaschbecken zu kaufen. Dieses exquisite quadratische halb versenkte Waschbecken Gro\u00dfhandel ist aus hochwertigen keramischen Materialien, so dass es eine ideale Wahl f\u00fcr Bad Dekoration. Das stromlinienf\u00f6rmige Aussehen Design und abgerundeten Rand Behandlung zeigen au\u00dfergew\u00f6hnliche k\u00fcnstlerische Sch\u00f6nheit.<\/p>\n<table style=\"border-collapse: collapse; width: 358.52pt;\" border=\"0\" width=\"478\" cellspacing=\"0\" cellpadding=\"0\">\n<tbody>\n<tr style=\"height: 17.25pt;\">\n<td class=\"et3\" style=\"height: 17.25pt; width: 125.00pt;\" width=\"166\" height=\"23\">Hersteller<\/td>\n<td class=\"et3\" style=\"width: 234.15pt;\" width=\"312\">HanYu<\/td>\n<\/tr>\n<tr style=\"height: 17.25pt;\">\n<td class=\"et3\" style=\"height: 17.25pt;\" height=\"23\">Modell Nr.<\/td>\n<td class=\"et4\">HY-5501<\/td>\n<\/tr>\n<tr style=\"height: 17.25pt;\">\n<td class=\"et3\" style=\"height: 17.25pt;\" height=\"23\">Typ<\/td>\n<td class=\"et5\" style=\"width: 234.15pt;\" width=\"312\">Halbversenkte Sp\u00fclen<\/td>\n<\/tr>\n<tr style=\"height: 18.00pt;\">\n<td class=\"et3\" style=\"height: 18.00pt;\" height=\"24\">Form<\/td>\n<td class=\"et3\">Rectanglue Form<\/td>\n<\/tr>\n<tr style=\"height: 34.50pt;\">\n<td class=\"et4\" style=\"height: 34.50pt;\" height=\"46\">Farbe<\/td>\n<td class=\"et5\" style=\"width: 234.15pt;\" width=\"312\">schwarz\/wei\u00df\/blau\/grau\/rosa\/gr\u00fcn\/braun\/khaki<\/td>\n<\/tr>\n<tr style=\"height: 18.00pt;\">\n<td class=\"et3\" style=\"height: 18.00pt;\" height=\"24\">Dimension<\/td>\n<td class=\"et5\" style=\"width: 234.15pt;\" width=\"312\">51*46*16<\/td>\n<\/tr>\n<tr style=\"height: 17.25pt;\">\n<td class=\"et3\" style=\"height: 17.25pt;\" height=\"23\">N.W \/SET<\/td>\n<td class=\"et3\">18KGS\/PCS<\/td>\n<\/tr>\n<tr style=\"height: 17.25pt;\">\n<td class=\"et3\" style=\"height: 17.25pt;\" height=\"23\">MOQ<\/td>\n<td class=\"et3\">20St\u00fcck<\/td>\n<\/tr>\n<tr style=\"height: 17.25pt;\">\n<td class=\"et3\" style=\"height: 17.25pt;\" height=\"23\">Benutzerdefinierte Option<\/td>\n<td class=\"et3\">Farbe\/Muster\/Gr\u00f6\u00dfe\/Logo\/Verpackung<\/td>\n<\/tr>\n<\/tbody>\n<\/table>","protected":false},"featured_media":6422,"comment_status":"closed","ping_status":"closed","template":"","meta":{"_acf_changed":false},"product_brand":[],"product_cat":[58],"product_tag":[],"class_list":{"0":"post-6418","1":"product","2":"type-product","3":"status-publish","4":"has-post-thumbnail","6":"product_cat-wholesale-semi-recessed-sinks","8":"first","9":"instock","10":"shipping-taxable","11":"product-type-simple"},"acf":[],"_links":{"self":[{"href":"https:\/\/www.ceramicbasin.com\/de\/wp-json\/wp\/v2\/product\/6418","targetHints":{"allow":["GET"]}}],"collection":[{"href":"https:\/\/www.ceramicbasin.com\/de\/wp-json\/wp\/v2\/product"}],"about":[{"href":"https:\/\/www.ceramicbasin.com\/de\/wp-json\/wp\/v2\/types\/product"}],"replies":[{"embeddable":true,"href":"https:\/\/www.ceramicbasin.com\/de\/wp-json\/wp\/v2\/comments?post=6418"}],"wp:featuredmedia":[{"embeddable":true,"href":"https:\/\/www.ceramicbasin.com\/de\/wp-json\/wp\/v2\/media\/6422"}],"wp:attachment":[{"href":"https:\/\/www.ceramicbasin.com\/de\/wp-json\/wp\/v2\/media?parent=6418"}],"wp:term":[{"taxonomy":"product_brand","embeddable":true,"href":"https:\/\/www.ceramicbasin.com\/de\/wp-json\/wp\/v2\/product_brand?post=6418"},{"taxonomy":"product_cat","embeddable":true,"href":"https:\/\/www.ceramicbasin.com\/de\/wp-json\/wp\/v2\/product_cat?post=6418"},{"taxonomy":"product_tag","embeddable":true,"href":"https:\/\/www.ceramicbasin.com\/de\/wp-json\/wp\/v2\/product_tag?post=6418"}],"curies":[{"name":"wp","href":"https:\/\/api.w.org\/{rel}","templated":true}]}}