{"id":6425,"date":"2025-03-20T03:14:11","date_gmt":"2025-03-20T03:14:11","guid":{"rendered":"https:\/\/www.ceramicbasin.com\/?post_type=product&#038;p=6425"},"modified":"2025-10-23T09:50:46","modified_gmt":"2025-10-23T09:50:46","slug":"small-semi-recessed-basin-wholesale","status":"publish","type":"product","link":"https:\/\/www.ceramicbasin.com\/de\/produkt\/small-semi-recessed-basin-wholesale\/","title":{"rendered":"Kleines halbversenktes Waschbecken Gro\u00dfhandel, Gl\u00e4nzend Wei\u00df Kleines Waschbecken"},"content":{"rendered":"<div class=\"wp-block-columns is-layout-flex wp-container-core-columns-is-layout-9d6595d7 wp-block-columns-is-layout-flex\">\n<div class=\"wp-block-column is-layout-flow wp-block-column-is-layout-flow\">\n<h2 class=\"wp-block-heading\">Premium Small Semi Recessed Basin Wholesale Merkmale:<\/h2>\n\n\n\n<ul class=\"wp-block-list\">\n<li><strong>Hochgl\u00e4nzende Glasur, lang anhaltende Helligkeit:<\/strong> Unsere Gro\u00dfhandel Keramik Eitelkeit Waschbecken verwenden fortschrittliche Hochtemperatur-Glasur-Technologie, die Oberfl\u00e4che ist glatt und zerbrechlich, Anti-Flecken, und leicht zu reinigen, auch nach Jahren der Nutzung bleibt es hell wie neu.<\/li>\n\n\n\n<li><strong>Sparen Sie Platz und passen Sie sich an eine Vielzahl von Arbeitsplatten an: <\/strong>Neben der Platzersparnis auf der Arbeitsplatte bietet unser kleines, halb versenktes Waschbecken im Gro\u00dfhandel auch reichlich Platz zum Waschen und eignet sich f\u00fcr kleine Badezimmer und kleine B\u00e4der.<\/li>\n\n\n\n<li><strong>Einfaches Design, geeignet f\u00fcr eine Vielzahl von Stilen: <\/strong>Dieses kleine, halb versenkte Waschbecken gibt es im Gro\u00dfhandel in schlichten und trendigen Designs, die sich harmonisch mit verschiedenen Arten von Badarbeitsplatten und Designs kombinieren lassen, um die Gesamttextur des Raumes zu verbessern.<\/li>\n\n\n\n<li><strong>Langlebige Keramik, stark und rissfest: <\/strong>Diese keramischen Waschbecken f\u00fcr den Gro\u00dfhandel bestehen aus hochwertigen keramischen Materialien, die eine solide Struktur, Verschlei\u00dffestigkeit und Z\u00e4higkeit sowie eine gute Schlag- und Wasserbest\u00e4ndigkeit aufweisen und \u00fcber einen l\u00e4ngeren Zeitraum in einem stabilen Zustand verwendet werden k\u00f6nnen.<\/li>\n<\/ul>\n<\/div>\n\n\n\n<div class=\"wp-block-column is-layout-flow wp-block-column-is-layout-flow\">\n<figure class=\"wp-block-image size-full\"><img fetchpriority=\"high\" decoding=\"async\" width=\"1800\" height=\"1800\" src=\"https:\/\/www.ceramicbasin.com\/wp-content\/uploads\/2025\/03\/Wholesale-Semi-recessed-Basin-Glossy-White-Vessel-Sinks-5.webp\" alt=\"Kleine halb versenkte Becken Gro\u00dfhandel, gl\u00e4nzende Eitelkeit Waschbecken-1\" class=\"wp-image-6430\" srcset=\"https:\/\/www.ceramicbasin.com\/wp-content\/uploads\/2025\/03\/Wholesale-Semi-recessed-Basin-Glossy-White-Vessel-Sinks-5.webp 1800w, https:\/\/www.ceramicbasin.com\/wp-content\/uploads\/2025\/03\/Wholesale-Semi-recessed-Basin-Glossy-White-Vessel-Sinks-5-300x300.webp 300w, https:\/\/www.ceramicbasin.com\/wp-content\/uploads\/2025\/03\/Wholesale-Semi-recessed-Basin-Glossy-White-Vessel-Sinks-5-150x150.webp 150w, https:\/\/www.ceramicbasin.com\/wp-content\/uploads\/2025\/03\/Wholesale-Semi-recessed-Basin-Glossy-White-Vessel-Sinks-5-768x768.webp 768w, https:\/\/www.ceramicbasin.com\/wp-content\/uploads\/2025\/03\/Wholesale-Semi-recessed-Basin-Glossy-White-Vessel-Sinks-5-12x12.webp 12w, https:\/\/www.ceramicbasin.com\/wp-content\/uploads\/2025\/03\/Wholesale-Semi-recessed-Basin-Glossy-White-Vessel-Sinks-5-285x285.webp 285w, https:\/\/www.ceramicbasin.com\/wp-content\/uploads\/2025\/03\/Wholesale-Semi-recessed-Basin-Glossy-White-Vessel-Sinks-5-1600x1600.webp 1600w, https:\/\/www.ceramicbasin.com\/wp-content\/uploads\/2025\/03\/Wholesale-Semi-recessed-Basin-Glossy-White-Vessel-Sinks-5-270x270.webp 270w, https:\/\/www.ceramicbasin.com\/wp-content\/uploads\/2025\/03\/Wholesale-Semi-recessed-Basin-Glossy-White-Vessel-Sinks-5-540x540.webp 540w, https:\/\/www.ceramicbasin.com\/wp-content\/uploads\/2025\/03\/Wholesale-Semi-recessed-Basin-Glossy-White-Vessel-Sinks-5-660x660.webp 660w\" sizes=\"(max-width: 1800px) 100vw, 1800px\" \/><\/figure>\n<\/div>\n<\/div>","protected":false},"excerpt":{"rendered":"<p>Willkommen im Gro\u00dfhandel kleine Bad Waschbecken zu kaufen. Unsere kleinen halb versenkten Waschbecken Gro\u00dfhandel nimmt eine hochgl\u00e4nzende Glasur Design, das Platz spart und verbessert die Sch\u00f6nheit des Badezimmers. Seine glatte Form und praktische halb versenkte Installationsmethode machen es zu einer idealen Wahl f\u00fcr moderne B\u00e4der, geeignet f\u00fcr Haus, Hotel und Gewerbefl\u00e4chen.<\/p>\n<table style=\"border-collapse: collapse; width: 358.52pt;\" border=\"0\" width=\"478\" cellspacing=\"0\" cellpadding=\"0\">\n<tbody>\n<tr style=\"height: 17.25pt;\">\n<td class=\"et3\" style=\"height: 17.25pt; width: 125.00pt;\" width=\"166\" height=\"23\">Hersteller<\/td>\n<td class=\"et3\" style=\"width: 234.15pt;\" width=\"312\">HanYu<\/td>\n<\/tr>\n<tr style=\"height: 17.25pt;\">\n<td class=\"et3\" style=\"height: 17.25pt;\" height=\"23\">Modell Nr.<\/td>\n<td class=\"et4\">HY-8228A<\/td>\n<\/tr>\n<tr style=\"height: 17.25pt;\">\n<td class=\"et3\" style=\"height: 17.25pt;\" height=\"23\">Typ<\/td>\n<td class=\"et5\" style=\"width: 234.15pt;\" width=\"312\">Halbversenkte Sp\u00fclen<\/td>\n<\/tr>\n<tr style=\"height: 18.00pt;\">\n<td class=\"et3\" style=\"height: 18.00pt;\" height=\"24\">Form<\/td>\n<td class=\"et3\">Quadratische Form<\/td>\n<\/tr>\n<tr style=\"height: 34.50pt;\">\n<td class=\"et4\" style=\"height: 34.50pt;\" height=\"46\">Farbe<\/td>\n<td class=\"et5\" style=\"width: 234.15pt;\" width=\"312\">schwarz\/wei\u00df\/blau\/grau\/rosa\/gr\u00fcn\/braun\/khaki<\/td>\n<\/tr>\n<tr style=\"height: 18.00pt;\">\n<td class=\"et3\" style=\"height: 18.00pt;\" height=\"24\">Dimension<\/td>\n<td class=\"et5\" style=\"width: 234.15pt;\" width=\"312\">42.5*42.5*13<\/td>\n<\/tr>\n<tr style=\"height: 17.25pt;\">\n<td class=\"et3\" style=\"height: 17.25pt;\" height=\"23\">N.W \/SET<\/td>\n<td class=\"et3\">12KGS\/PCS<\/td>\n<\/tr>\n<tr style=\"height: 17.25pt;\">\n<td class=\"et3\" style=\"height: 17.25pt;\" height=\"23\">MOQ<\/td>\n<td class=\"et3\">20St\u00fcck<\/td>\n<\/tr>\n<tr style=\"height: 17.25pt;\">\n<td class=\"et3\" style=\"height: 17.25pt;\" height=\"23\">Benutzerdefinierte Option<\/td>\n<td class=\"et3\">Farbe\/Muster\/Gr\u00f6\u00dfe\/Logo\/Verpackung<\/td>\n<\/tr>\n<\/tbody>\n<\/table>","protected":false},"featured_media":6426,"comment_status":"closed","ping_status":"closed","template":"","meta":{"_acf_changed":false},"product_brand":[],"product_cat":[58],"product_tag":[],"class_list":{"0":"post-6425","1":"product","2":"type-product","3":"status-publish","4":"has-post-thumbnail","6":"product_cat-wholesale-semi-recessed-sinks","8":"first","9":"instock","10":"shipping-taxable","11":"product-type-simple"},"acf":[],"_links":{"self":[{"href":"https:\/\/www.ceramicbasin.com\/de\/wp-json\/wp\/v2\/product\/6425","targetHints":{"allow":["GET"]}}],"collection":[{"href":"https:\/\/www.ceramicbasin.com\/de\/wp-json\/wp\/v2\/product"}],"about":[{"href":"https:\/\/www.ceramicbasin.com\/de\/wp-json\/wp\/v2\/types\/product"}],"replies":[{"embeddable":true,"href":"https:\/\/www.ceramicbasin.com\/de\/wp-json\/wp\/v2\/comments?post=6425"}],"wp:featuredmedia":[{"embeddable":true,"href":"https:\/\/www.ceramicbasin.com\/de\/wp-json\/wp\/v2\/media\/6426"}],"wp:attachment":[{"href":"https:\/\/www.ceramicbasin.com\/de\/wp-json\/wp\/v2\/media?parent=6425"}],"wp:term":[{"taxonomy":"product_brand","embeddable":true,"href":"https:\/\/www.ceramicbasin.com\/de\/wp-json\/wp\/v2\/product_brand?post=6425"},{"taxonomy":"product_cat","embeddable":true,"href":"https:\/\/www.ceramicbasin.com\/de\/wp-json\/wp\/v2\/product_cat?post=6425"},{"taxonomy":"product_tag","embeddable":true,"href":"https:\/\/www.ceramicbasin.com\/de\/wp-json\/wp\/v2\/product_tag?post=6425"}],"curies":[{"name":"wp","href":"https:\/\/api.w.org\/{rel}","templated":true}]}}